{"id":99994,"date":"2026-03-20T10:53:06","date_gmt":"2026-03-20T10:53:06","guid":{"rendered":"https:\/\/soydeaqui.ddns.net\/pachuca\/index.php\/producto\/dual-light-kit-turbohd-3k-5-megapixel-dvr-4-canales-4-camaras-bala-para-exterior-y-metal-microfono-integrado-accesorios-de-interconexion-fuente-de-poder\/"},"modified":"2026-03-20T10:53:06","modified_gmt":"2026-03-20T10:53:06","slug":"dual-light-kit-turbohd-3k-5-megapixel-dvr-4-canales-4-camaras-bala-para-exterior-y-metal-microfono-integrado-accesorios-de-interconexion-fuente-de-poder","status":"publish","type":"product","link":"https:\/\/soydeaqui.ddns.net\/pachuca\/index.php\/producto\/dual-light-kit-turbohd-3k-5-megapixel-dvr-4-canales-4-camaras-bala-para-exterior-y-metal-microfono-integrado-accesorios-de-interconexion-fuente-de-poder\/","title":{"rendered":"[Dual Light] Kit TurboHD 3K (5 Megapixel) \/ DVR 4 Canales \/ 4 C\u00e1maras Bala para Exterior y Metal \/ Micr\u00f3fono Integrado \/ Accesorios de Interconexi\u00f3n \/ Fuente de Poder"},"content":{"rendered":"<div style='width: 100%; max-width: 1200px; margin: 0 auto; font-family: sans-serif; line-height: 1.6; color: inherit; background-color: transparent;'> <!-- Logos y app --> <\/p>\n<div style='text-align: center; padding: 20px;'> <img style='width: 100%; max-width: 500px; height: auto; border: 1px solid rgba(150&comma;150&comma;150&comma;0.3); border-radius: 8px;' src='https:\/\/ftp3.syscom.mx\/cdn-cgi\/image\/format=avif&comma;width=800&comma;quality=80\/usuarios\/fotos\/logotipos\/hikvision.png' alt='Logo Hikvision'> <\/p>\n<h1 style='font-size: 28px; margin: 20px 0 10px; color: inherit;'>Controla y monitorea tus dispositivos de seguridad<\/h1>\n<p style='font-size: 16px; color: inherit;'>Descarga la app oficial Hik-Connect y aprovecha al m\u00e1ximo tu producto inteligente<\/p>\n<div style='display: flex; justify-content: center; gap: 20px; margin-top: 20px;'> <img style='height: 60px; border: 1px solid rgba(150&comma;150&comma;150&comma;0.3); border-radius: 8px;' src='https:\/\/ftp3.syscom.mx\/usuarios\/ftp\/single_page\/hikvision\/hikconnectlogo.png' alt='Logo Hik-Connect'> <img style='height: 60px; border: 1px solid rgba(150&comma;150&comma;150&comma;0.3); border-radius: 8px;' src='https:\/\/ftp3.syscom.mx\/usuarios\/ftp\/single_page\/hikvision\/appstoreygoogleplay.png' alt='Logo App Store y Google Play'> <\/div>\n<\/p><\/div>\n<p> <!-- Beneficios principales --> <\/p>\n<div style='margin: 40px 0;'>\n<h2 style='text-align: center; font-size: 24px; margin-bottom: 30px; color: inherit;'>Beneficios principales<\/h2>\n<div style='display: flex; flex-wrap: wrap; gap: 20px; justify-content: center;'>\n<div style='flex: 1 1 200px; min-width: 180px; background: #f8f9fa; border: 1px solid rgba(150&comma;150&comma;150&comma;0.3); border-radius: 8px; padding: 20px; text-align: center;'>\n<div style='width: 60px; height: 60px; margin: 0 auto 20px; background-color: #dc3545; border-radius: 50%; display: flex; align-items: center; justify-content: center;'> <\/div>\n<h5 style='margin: 0 0 10px; font-size: 18px; color: inherit;'>Control remoto<\/h5>\n<p style='font-size: 14px; color: inherit;'>Controla tus dispositivos desde cualquier lugar<\/p>\n<\/p><\/div>\n<div style='flex: 1 1 200px; min-width: 180px; background: #f8f9fa; border: 1px solid rgba(150&comma;150&comma;150&comma;0.3); border-radius: 8px; padding: 20px; text-align: center;'>\n<div style='width: 60px; height: 60px; margin: 0 auto 20px; background-color: #dc4697; border-radius: 50%; display: flex; align-items: center; justify-content: center;'> <\/div>\n<h5 style='margin: 0 0 10px; font-size: 18px; color: inherit;'>Monitoreo en tiempo real<\/h5>\n<p style='font-size: 14px; color: inherit;'>Visualiza tus dispositivos al instante<\/p>\n<\/p><\/div>\n<div style='flex: 1 1 200px; min-width: 180px; background: #f8f9fa; border: 1px solid rgba(150&comma;150&comma;150&comma;0.3); border-radius: 8px; padding: 20px; text-align: center;'>\n<div style='width: 60px; height: 60px; margin: 0 auto 20px; background-color: #a153cd; border-radius: 50%; display: flex; align-items: center; justify-content: center;'> <\/div>\n<h5 style='margin: 0 0 10px; font-size: 18px; color: inherit;'>Notificaciones<\/h5>\n<p style='font-size: 14px; color: inherit;'>Recibe notificaciones y alertas de los eventos que registra tu dispositivo.<\/p>\n<\/p><\/div>\n<div style='flex: 1 1 200px; min-width: 180px; background: #f8f9fa; border: 1px solid rgba(150&comma;150&comma;150&comma;0.3); border-radius: 8px; padding: 20px; text-align: center;'>\n<div style='width: 60px; height: 60px; margin: 0 auto 20px; background-color: #6468f2; border-radius: 50%; display: flex; align-items: center; justify-content: center;'> <\/div>\n<h5 style='margin: 0 0 10px; font-size: 18px; color: inherit;'>Interfaz de usuario sencilla<\/h5>\n<p style='font-size: 14px; color: inherit;'>Amigable para usuarios finales<\/p>\n<\/p><\/div>\n<\/p><\/div>\n<\/p><\/div>\n<p> <!-- Galer\u00eda de im\u00e1genes --> <\/p>\n<div style='margin: 40px 0;'>\n<div style='display: grid; grid-template-columns: repeat(auto-fit&comma; minmax(250px&comma; 1fr)); gap: 20px;'> <img style='width: 100%; height: auto; border: 1px solid rgba(150&comma;150&comma;150&comma;0.3); border-radius: 8px;' src='https:\/\/ftp3.syscom.mx\/usuarios\/ftp\/single_page\/hikvision\/interfazHC.jpg' alt='Interfaz Hik-Connect'> <img style='width: 100%; height: auto; border: 1px solid rgba(150&comma;150&comma;150&comma;0.3); border-radius: 8px;' src='https:\/\/ftp3.syscom.mx\/usuarios\/ftp\/single_page\/hikvision\/grabacionesHC.jpg' alt='Grabaciones Hik-Connect'> <img style='width: 100%; height: auto; border: 1px solid rgba(150&comma;150&comma;150&comma;0.3); border-radius: 8px;' src='https:\/\/ftp3.syscom.mx\/usuarios\/ftp\/single_page\/hikvision\/directoHC.jpg' alt='Vista directa Hik-Connect'> <img style='width: 100%; height: auto; border: 1px solid rgba(150&comma;150&comma;150&comma;0.3); border-radius: 8px;' src='https:\/\/ftp3.syscom.mx\/usuarios\/ftp\/single_page\/hikvision\/notificaciones2HC.jpg' alt='Notificaciones Hik-Connect'> <\/div>\n<\/p><\/div>\n<p> <!-- Caracter\u00edsticas t\u00e9cnicas cards --> <\/p>\n<div style='margin: 40px 0;'>\n<div style='display: grid; grid-template-columns: repeat(auto-fit&comma; minmax(250px&comma; 1fr)); gap: 20px;'> <!-- Card 1 --> <\/p>\n<div style='background: #f8f9fa; border: 1px solid rgba(150&comma;150&comma;150&comma;0.3); border-radius: 10px; padding: 24px 20px; text-align: center;'>\n<div style='width: 56px; height: 56px; margin: 0 auto 16px; background: #f2f6ff; border-radius: 50%; display: flex; align-items: center; justify-content: center;'> <img style='width: 60px; height: 60px;' src='https:\/\/cdn-icons-gif.flaticon.com\/19036\/19036565.gif' alt='Resoluci\u00f3n 3K'> <\/div>\n<div style='font-size: 16px; font-weight: 600; color: inherit; margin-bottom: 8px;'>Resoluci\u00f3n 3K<\/div>\n<div style='font-size: 14px; line-height: 1.6; color: inherit;'>Imagen ultra n\u00edtida con mayor nivel de detalle para una identificaci\u00f3n m\u00e1s precisa.<\/div>\n<\/p><\/div>\n<p> <!-- Card 2 --> <\/p>\n<div style='background: #f8f9fa; border: 1px solid rgba(150&comma;150&comma;150&comma;0.3); border-radius: 10px; padding: 24px 20px; text-align: center;'>\n<div style='width: 56px; height: 56px; margin: 0 auto 16px; background: #f2f6ff; border-radius: 50%; display: flex; align-items: center; justify-content: center;'> <img style='width: 60px; height: 60px;' src='https:\/\/cdn-icons-gif.flaticon.com\/10971\/10971749.gif' alt='Inteligencia Artificial'> <\/div>\n<div style='font-size: 16px; font-weight: 600; color: inherit; margin-bottom: 8px;'>Inteligencia Artificial<\/div>\n<div style='font-size: 14px; line-height: 1.6; color: inherit;'>Distingue personas y veh\u00edculos&comma; reduciendo falsas alarmas y mejorando la eficiencia en detecci\u00f3n de movimiento<\/div>\n<\/p><\/div>\n<p> <!-- Card 3 --> <\/p>\n<div style='background: #f8f9fa; border: 1px solid rgba(150&comma;150&comma;150&comma;0.3); border-radius: 10px; padding: 24px 20px; text-align: center;'>\n<div style='width: 56px; height: 56px; margin: 0 auto 16px; background: #f2f6ff; border-radius: 50%; display: flex; align-items: center; justify-content: center;'> <img style='width: 60px; height: 60px;' src='https:\/\/cdn-icons-gif.flaticon.com\/13896\/13896687.gif' alt='Visualizaci\u00f3n Remota'> <\/div>\n<div style='font-size: 16px; font-weight: 600; color: inherit; margin-bottom: 8px;'>Visualizaci\u00f3n Remota<\/div>\n<div style='font-size: 14px; line-height: 1.6; color: inherit;'>Accede a tus c\u00e1maras en tiempo real desde cualquier lugar.<\/div>\n<\/p><\/div>\n<p> <!-- Card 4 --> <\/p>\n<div style='background: #f8f9fa; border: 1px solid rgba(150&comma;150&comma;150&comma;0.3); border-radius: 10px; padding: 24px 20px; text-align: center;'>\n<div style='width: 56px; height: 56px; margin: 0 auto 16px; background: #f2f6ff; border-radius: 50%; display: flex; align-items: center; justify-content: center;'> <img style='width: 60px; height: 60px;' src='https:\/\/cdn-icons-gif.flaticon.com\/8121\/8121297.gif' alt='Grabaci\u00f3n de Audio'> <\/div>\n<div style='font-size: 16px; font-weight: 600; color: inherit; margin-bottom: 8px;'>Grabaci\u00f3n Audio<\/div>\n<div style='font-size: 14px; line-height: 1.6; color: inherit;'>Las c\u00e1maras cuentan con microfono de alta fidelidad para grabar el audio en un area de 5 a 8m2.<\/div>\n<\/p><\/div>\n<p> <!-- Card 5 --> <\/p>\n<div style='background: #f8f9fa; border: 1px solid rgba(150&comma;150&comma;150&comma;0.3); border-radius: 10px; padding: 24px 20px; text-align: center;'>\n<div style='width: 56px; height: 56px; margin: 0 auto 16px; background: #f2f6ff; border-radius: 50%; display: flex; align-items: center; justify-content: center;'> <img style='width: 60px; height: 60px;' src='https:\/\/cdn-icons-gif.flaticon.com\/19009\/19009707.gif' alt='Iluminaci\u00f3n Dual'> <\/div>\n<div style='font-size: 16px; font-weight: 600; color: inherit; margin-bottom: 8px;'>Iluminaci\u00f3n Dual<\/div>\n<div style='font-size: 14px; line-height: 1.6; color: inherit;'>C\u00e1maras con luz blanca e IR para grabar a color al detectar movimiento durante la noche<\/div>\n<\/p><\/div>\n<p> <!-- Card 6 --> <\/p>\n<div style='background: #f8f9fa; border: 1px solid rgba(150&comma;150&comma;150&comma;0.3); border-radius: 10px; padding: 24px 20px; text-align: center;'>\n<div style='width: 56px; height: 56px; margin: 0 auto 16px; background: #f2f6ff; border-radius: 50%; display: flex; align-items: center; justify-content: center;'> <img style='width: 60px; height: 60px;' src='https:\/\/cdn-icons-gif.flaticon.com\/6455\/6455054.gif' alt='Protecci\u00f3n IP67'> <\/div>\n<div style='font-size: 16px; font-weight: 600; color: inherit; margin-bottom: 8px;'>Protecci\u00f3n IP67<\/div>\n<div style='font-size: 14px; line-height: 1.6; color: inherit;'>Protecci\u00f3n total contra polvo y chorros de agua&comma; ideal para uso en exteriores.<\/div>\n<\/p><\/div>\n<\/p><\/div>\n<\/p><\/div>\n<p> <!-- Videos --> <\/p>\n<div style='margin: 40px 0;'>\n<h2 style='text-align: center; font-size: 24px; margin-bottom: 30px; color: inherit;'>Videos explicativos<\/h2>\n<div style='display: grid; grid-template-columns: repeat(auto-fit&comma; minmax(280px&comma; 1fr)); gap: 20px;'>\n<div style='position: relative; padding-bottom: 56.25%; height: 0; overflow: hidden; border-radius: 8px;'>   <\/div>\n<div style='position: relative; padding-bottom: 56.25%; height: 0; overflow: hidden; border-radius: 8px;'>   <\/div>\n<div style='position: relative; padding-bottom: 56.25%; height: 0; overflow: hidden; border-radius: 8px;'>   <\/div>\n<div style='position: relative; padding-bottom: 56.25%; height: 0; overflow: hidden; border-radius: 8px;'>   <\/div>\n<\/p><\/div>\n<\/p><\/div>\n<p> <!-- Contenido del kit --> <\/p>\n<div style='margin: 40px 0;'>\n<h2 style='text-align: center; font-size: 24px; margin-bottom: 30px; color: inherit;'>Contenido del Kit<\/h2>\n<div style='display: flex; flex-direction: column; align-items: center;'>\n<div style='display: flex; flex-wrap: wrap; gap: 30px; justify-content: center;'>\n<div style='flex: 1 1 300px; min-width: 250px; max-width: 400px;'>\n<div style='margin-bottom: 30px;'> <img style='width: 100%; height: auto; border: 1px solid rgba(150&comma;150&comma;150&comma;0.3); border-radius: 8px;' src='https:\/\/ftp3.syscom.mx\/cdn-cgi\/image\/format=avif&comma;width=800&comma;quality=80\/usuarios\/fotos\/BancoFotografiasSyscom\/HIKVISION\/IDS7204HQHIM1_S(C)\/IDS7204HQHIM1_S(C)-AD-1-l.PNG' alt='Grabador iDS-7204HQHI-M1\/XT'> <\/p>\n<div style='border-top: 5px solid #0091ff; padding: 15px; margin-top: 15px;'>\n<h3 style='font-size: 20px; margin: 0 0 15px; color: inherit;'>iDS-7204HQHI-M1\/XT<\/h3>\n<div style='background: #df001e; padding: 10px; margin-bottom: 15px;'> <strong style='color: #ffffff;'>Caracter\u00edsticas Principales:<\/strong> <\/div>\n<ul style='padding-left: 20px; font-size: 14px; color: inherit;'>\n<li style='margin-bottom: 5px;'><strong>Cantidad de canales:<\/strong> 4 Canales TurboHD + 2 Canales IP<\/li>\n<li style='margin-bottom: 5px;'><strong>Resoluci\u00f3n m\u00e1xima soportada en TurboHD:<\/strong> 3K (5 Megapixel)<\/li>\n<li style='margin-bottom: 5px;'><strong>Compresi\u00f3n de video:<\/strong> H.265+ \/ H.265 \/ H.264<\/li>\n<li style='margin-bottom: 5px;'><strong>Capacidad de almacenamiento:<\/strong> 1 HDD de hasta 10 TB (no incluido)<\/li>\n<li style='margin-bottom: 5px;'><strong>Entradas y salidas de video:<\/strong> Simultaneas HDMI\/VGA 1920 X 1080\/60Hz<\/li>\n<li style='margin-bottom: 5px;'><strong>Acceso remoto P2P:<\/strong> HikConnect \/ HikConnect Teams<\/li>\n<li style='margin-bottom: 5px;'><strong>Entradas y salidas de audio y de alarmas:<\/strong><\/li>\n<ul style='padding-left: 30px; margin: 5px 0;'>\n<li style='margin-bottom: 5px;'><strong>Alarmas:<\/strong> No soportado<\/li>\n<li style='margin-bottom: 5px;'><strong>Audio:<\/strong> Audio por Coaxitron \/ 1 Canal fisico<\/li>\n<\/ul>\n<li style='margin-bottom: 5px;'><strong>Inteligencia Artificial AcuSense Lite:<\/strong> Detecci\u00f3n de cruce de linea&comma; entrada de area y detecci\u00f3n de movimiento con filtro de humanos y vehiculos<\/li>\n<li style='margin-bottom: 5px;'><span style='color: #000000;'><strong>Nota Importante:<\/strong> Este grabador soporta audio bidireccional. Las c\u00e1maras incluidas en el kit no incorporan esta funci\u00f3n&comma; pero es posible integrar c\u00e1maras TurboHD con audio bidireccional que se adquieren de manera independiente.<\/span><\/li>\n<\/ul><\/div>\n<\/p><\/div>\n<\/p><\/div>\n<div style='flex: 1 1 300px; min-width: 250px; max-width: 400px;'>\n<div style='margin-bottom: 30px;'> <img style='width: 100%; height: auto; border: 1px solid rgba(150&comma;150&comma;150&comma;0.3); border-radius: 8px;' src='https:\/\/ftp3.syscom.mx\/cdn-cgi\/image\/format=avif&comma;width=280&comma;height=280\/usuarios\/fotos\/BancoFotografiasSyscom\/HIKVISION\/DS2CE16K0TLFS\/DS2CE16K0TLFS-p.PNG' alt='C\u00e1maras DS-2CE16K0T-LFS'> <\/p>\n<div style='border-top: 5px solid #0091ff; padding: 15px; margin-top: 15px;'>\n<h3 style='font-size: 20px; margin: 0 0 15px; color: inherit;'>DS-2CE16K0T-LFS<\/h3>\n<div style='background: #df001e; padding: 10px; margin-bottom: 15px;'> <strong style='color: #ffffff;'>Caracter\u00edsticas Principales:<\/strong> <\/div>\n<ul style='padding-left: 20px; font-size: 14px; color: inherit;'>\n<li style='margin-bottom: 5px;'><strong>Resoluci\u00f3n:<\/strong> 3K (2960 x 1665)<\/li>\n<li style='margin-bottom: 5px;'><strong>Lente:<\/strong> Fijo 2.8mm \/ Angulo de visi\u00f3n: 104.9\u00b0<\/li>\n<li style='margin-bottom: 5px;'><strong>Iluminaci\u00f3n:<\/strong> 30 metros IR + 20 metros luz blanca<\/li>\n<li style='margin-bottom: 5px;'><strong>Protecci\u00f3n:<\/strong> Exterior IP67<\/li>\n<li style='margin-bottom: 5px;'><strong>Material de fabricaci\u00f3n:<\/strong> Met\u00e1licas<\/li>\n<li style='margin-bottom: 5px;'><strong>Microfono Interconstruido:<\/strong> Si&comma; cuenta con microfono interconstruido capturar audio de 5-8 metros cuadrados<\/li>\n<li style='margin-bottom: 5px;'><strong>Tecnolog\u00edas Soportadas:<\/strong><\/li>\n<ul style='padding-left: 30px; margin: 5px 0;'>\n<li style='margin-bottom: 5px;'>TurboHD \/ TVI<\/li>\n<li style='margin-bottom: 5px;'>AHD<\/li>\n<li style='margin-bottom: 5px;'>CVI<\/li>\n<li style='margin-bottom: 5px;'>CVBS<\/li>\n<\/ul>\n<\/ul><\/div>\n<\/p><\/div>\n<\/p><\/div>\n<\/p><\/div>\n<\/p><\/div>\n<\/p><\/div>\n<p> <!-- Accesorios incluidos --> <\/p>\n<div style='margin: 40px 0;'>\n<h2 style='text-align: center; font-size: 24px; margin-bottom: 30px; color: inherit;'>Accesorios incluidos<\/h2>\n<div style='display: flex; flex-wrap: wrap; gap: 30px; justify-content: center;'>\n<div style='flex: 1 1 300px; min-width: 250px; background: #f8f9fa; border: 1px solid rgba(150&comma;150&comma;150&comma;0.3); border-radius: 10px; padding: 20px;'> <img style='width: 100%; height: auto; border: 1px solid rgba(150&comma;150&comma;150&comma;0.3); border-radius: 8px;' src='https:\/\/ftp3.syscom.mx\/usuarios\/fotos\/BancoFotografiasSyscom\/HIKVISION\/DS1LH1S2C10\/DS1LH1S2C10-h.PNG' alt='Cables de video y energ\u00eda'> <\/p>\n<div style='margin-top: 15px;'>\n<h3 style='text-align: center; font-size: 18px; margin: 0; color: inherit;'>4 x Cables de video y energ\u00eda de 18.3 metros<\/h3>\n<\/p><\/div>\n<\/p><\/div>\n<div style='flex: 1 1 300px; min-width: 250px; background: #f8f9fa; border: 1px solid rgba(150&comma;150&comma;150&comma;0.3); border-radius: 10px; padding: 20px;'> <img style='width: 100%; height: auto; border: 1px solid rgba(150&comma;150&comma;150&comma;0.3); border-radius: 8px;' src='https:\/\/ftp3.syscom.mx\/usuarios\/fotos\/BancoFotografiasSyscom\/EPCOMPOWERLINE\/PLK12DC4CH\/PLK12DC4CH-h.PNG' alt='Fuente de poder'> <\/p>\n<div style='margin-top: 15px;'>\n<h3 style='text-align: center; font-size: 18px; margin: 0; color: inherit;'>1 x Fuente de poder para grabador y c\u00e1maras<\/h3>\n<\/p><\/div>\n<\/p><\/div>\n<\/p><\/div>\n<\/p><\/div>\n<\/p><\/div>\n","protected":false},"excerpt":{"rendered":"<p>[Dual Light] Kit TurboHD 3K (5 Megapixel) \/ DVR 4 Canales \/ 4 C\u00e1maras Bala para Exterior y Metal \/ Micr\u00f3fono Integrado \/ Accesorios de Interconexi\u00f3n \/ Fuente de Poder<\/p>\n","protected":false},"featured_media":99993,"comment_status":"open","ping_status":"closed","template":"","meta":[],"product_brand":[],"product_cat":[2287],"product_tag":[54,2232,2288],"class_list":{"0":"post-99994","1":"product","2":"type-product","3":"status-publish","4":"has-post-thumbnail","6":"product_cat-turbohd-de-4-canales","7":"product_tag-hikvision","8":"product_tag-kits-sistemas-completos","9":"product_tag-turbohd-de-4-canales","11":"first","12":"instock","13":"sale","14":"shipping-taxable","15":"purchasable","16":"product-type-simple"},"_links":{"self":[{"href":"https:\/\/soydeaqui.ddns.net\/pachuca\/index.php\/wp-json\/wp\/v2\/product\/99994","targetHints":{"allow":["GET"]}}],"collection":[{"href":"https:\/\/soydeaqui.ddns.net\/pachuca\/index.php\/wp-json\/wp\/v2\/product"}],"about":[{"href":"https:\/\/soydeaqui.ddns.net\/pachuca\/index.php\/wp-json\/wp\/v2\/types\/product"}],"replies":[{"embeddable":true,"href":"https:\/\/soydeaqui.ddns.net\/pachuca\/index.php\/wp-json\/wp\/v2\/comments?post=99994"}],"wp:featuredmedia":[{"embeddable":true,"href":"https:\/\/soydeaqui.ddns.net\/pachuca\/index.php\/wp-json\/wp\/v2\/media\/99993"}],"wp:attachment":[{"href":"https:\/\/soydeaqui.ddns.net\/pachuca\/index.php\/wp-json\/wp\/v2\/media?parent=99994"}],"wp:term":[{"taxonomy":"product_brand","embeddable":true,"href":"https:\/\/soydeaqui.ddns.net\/pachuca\/index.php\/wp-json\/wp\/v2\/product_brand?post=99994"},{"taxonomy":"product_cat","embeddable":true,"href":"https:\/\/soydeaqui.ddns.net\/pachuca\/index.php\/wp-json\/wp\/v2\/product_cat?post=99994"},{"taxonomy":"product_tag","embeddable":true,"href":"https:\/\/soydeaqui.ddns.net\/pachuca\/index.php\/wp-json\/wp\/v2\/product_tag?post=99994"}],"curies":[{"name":"wp","href":"https:\/\/api.w.org\/{rel}","templated":true}]}}