{"id":99989,"date":"2026-03-20T10:52:53","date_gmt":"2026-03-20T10:52:53","guid":{"rendered":"https:\/\/soydeaqui.ddns.net\/pachuca\/index.php\/producto\/dvr-movil-1080p-hibrido-8-canales-ip-8-canales-turbohd-gps-y-glonass-adas-dsm-ssd-y-hdd-h-265\/"},"modified":"2026-03-20T10:52:54","modified_gmt":"2026-03-20T10:52:54","slug":"dvr-movil-1080p-hibrido-8-canales-ip-8-canales-turbohd-gps-y-glonass-adas-dsm-ssd-y-hdd-h-265","status":"publish","type":"product","link":"https:\/\/soydeaqui.ddns.net\/pachuca\/index.php\/producto\/dvr-movil-1080p-hibrido-8-canales-ip-8-canales-turbohd-gps-y-glonass-adas-dsm-ssd-y-hdd-h-265\/","title":{"rendered":"DVR M\u00f3vil 1080p Hibrido \/ 8 Canales IP + 8 Canales TURBOHD \/ GPS y GLONASS \/ ADAS \/ DSM \/ SSD y HDD \/ H.265"},"content":{"rendered":"<div style='width: 100%; max-width: 1200px; margin: 0 auto; font-family: sans-serif; line-height: 1.6; color: inherit; background-color: transparent;'> <!-- Logo --> <\/p>\n<p style='text-align: center; margin: 0 0 20px 0; padding: 0;'> <img style='width: 45%; height: auto; border: 1px solid rgba(150&comma;150&comma;150&comma;0.3); border-radius: 8px;' src='https:\/\/ftp3.syscom.mx\/usuarios\/jsosa\/HIKVISION\/imagenes\/logo\/hikvision%20see%20far.png' alt='Logo Hikvision'> <\/p>\n<p> <!-- Video --> <\/p>\n<div style='position: relative; padding-bottom: 56.25%; height: 0; overflow: hidden; margin-bottom: 30px;'>   <\/div>\n<p> <!-- Caracter\u00edsticas y Especificaciones --> <\/p>\n<div style='display: flex; flex-wrap: wrap; gap: 30px; margin-bottom: 30px;'> <!-- Caracter\u00edsticas principales --> <\/p>\n<div style='flex: 1 1 300px; min-width: 280px;'>\n<h3 style='font-size: 22px; border-bottom: 2px solid currentColor; padding-bottom: 5px; margin-top: 0; color: inherit; opacity: 0.8;'>Caracter\u00edsticas principales<\/h3>\n<ul style='padding-left: 20px; font-size: 15px; color: inherit;'>\n<li style='margin-bottom: 5px;'>Soporte para 8 c\u00e1maras anal\u00f3gicas HD y 8 c\u00e1maras IP por v\u00eda switch externo.<\/li>\n<li style='margin-bottom: 5px;'>Resoluci\u00f3n de hasta 2MP con compresi\u00f3n H.264\/H.265.<\/li>\n<li style='margin-bottom: 5px;'>Almacenamiento en 2 HDD\/SSD de 2.5&#8242; (SSD hasta 4 TB&comma; HDD hasta 2 TB).<\/li>\n<li style='margin-bottom: 5px;'> <strong>Soporta conexi\u00f3n 4G \/ WiFi<\/strong> (modelo se vende por separado). Cotizar el modelo <a href='https:\/\/www.syscom.mx\/principal\/searchcont?route=AE-MP1460\/GLF\/WI58\/S-HIKVISION-210165&#038;autodetect=AEMP1460' style='color: inherit; text-decoration: none; font-weight: bold;'> AE-MP1460\/GLF\/WI58\/Q <\/a> <\/li>\n<li style='margin-bottom: 5px;'>Posicionamiento preciso con GPS y GLONASS.<\/li>\n<li style='margin-bottom: 5px;'>Interfaces de recopilaci\u00f3n de informaci\u00f3n de conducci\u00f3n (giros&comma; frenado&comma; reversa).<\/li>\n<li style='margin-bottom: 5px;'>Dise\u00f1o sin ventilador y chasis de aluminio para entornos exigentes.<\/li>\n<li style='margin-bottom: 5px;'>Funciones avanzadas: ADAS&comma; DSM&comma; BSD y DI.<\/li>\n<\/ul><\/div>\n<p> <!-- Especificaciones t\u00e9cnicas --> <\/p>\n<div style='flex: 1 1 300px; min-width: 280px;'>\n<h3 style='font-size: 22px; border-bottom: 2px solid currentColor; padding-bottom: 5px; margin-top: 0; color: inherit; opacity: 0.8;'>Especificaciones t\u00e9cnicas<\/h3>\n<ul style='padding-left: 20px; font-size: 15px; color: inherit;'>\n<li style='margin-bottom: 5px;'><strong>Compresi\u00f3n de video:<\/strong> H.265&comma; H.264.<\/li>\n<li style='margin-bottom: 5px;'><strong>Compresi\u00f3n de audio:<\/strong> G.711a\/G.711u\/G.722.1\/G.726.<\/li>\n<li style='margin-bottom: 5px;'><strong>Resoluciones:<\/strong> 1080P \/ 720P \/ WD1 \/ 4CIF.<\/li>\n<li style='margin-bottom: 5px;'><strong>FPS:<\/strong> PAL 1\u201325 \/ NTSC 1\u201330.<\/li>\n<li style='margin-bottom: 5px;'><strong>Almacenamiento:<\/strong> 1 tarjeta SD (hasta 512 GB) + 2 HDD\/SSD.<\/li>\n<li style='margin-bottom: 5px;'><strong>Rango de temperatura:<\/strong> -25 \u00b0C a +70 \u00b0C.<\/li>\n<li style='margin-bottom: 5px;'><strong>Humedad:<\/strong> 10% \u2013 95% (sin condensaci\u00f3n).<\/li>\n<li style='margin-bottom: 5px;'><strong>Interfaces de red:<\/strong> 1 RJ45 (frontal 10\/100M)&comma; 1 RJ45 (trasero 10\/100\/1000M).<\/li>\n<li style='margin-bottom: 5px;'><strong>USB:<\/strong> 1 frontal 3.0&comma; 1 trasero 2.0.<\/li>\n<li style='margin-bottom: 5px;'><strong>Puertos serie:<\/strong> 3 RS-232&comma; 2 RS-485.<\/li>\n<li style='margin-bottom: 5px;'><strong>Alarmas:<\/strong> 4 entradas&comma; 2 salidas.<\/li>\n<li style='margin-bottom: 5px;'><strong>Interfaz CAN:<\/strong> 2.<\/li>\n<\/ul><\/div>\n<\/p><\/div>\n<p> <!-- Separador --> <\/p>\n<hr style='border: 0; border-top: 1px solid rgba(150&comma; 150&comma; 150&comma; 0.3); margin: 30px 0;'> <!-- Aplicaciones --> <\/p>\n<div style='margin-bottom: 30px;'>\n<h3 style='font-size: 22px; border-bottom: 2px solid currentColor; padding-bottom: 5px; margin-top: 0; color: inherit; opacity: 0.8;'>Aplicaciones y casos de uso<\/h3>\n<ul style='padding-left: 20px; font-size: 15px; color: inherit;'>\n<li style='margin-bottom: 5px;'>Transporte p\u00fablico: Monitoreo en autobuses y taxis.<\/li>\n<li style='margin-bottom: 5px;'>Autobuses escolares: Supervisi\u00f3n de conductores y pasajeros.<\/li>\n<li style='margin-bottom: 5px;'>Veh\u00edculos de aprendizaje: Registro de datos de conducci\u00f3n y asistencia en la formaci\u00f3n de conductores.<\/li>\n<\/ul><\/div>\n<\/p><\/div>\n","protected":false},"excerpt":{"rendered":"<p>DVR M\u00f3vil 1080p Hibrido \/ 8 Canales IP + 8 Canales TURBOHD \/ GPS y GLONASS \/ ADAS \/ DSM \/ SSD y HDD \/ H.265<\/p>\n","protected":false},"featured_media":99988,"comment_status":"open","ping_status":"closed","template":"","meta":[],"product_brand":[],"product_cat":[1343],"product_tag":[54,1345,1344],"class_list":{"0":"post-99989","1":"product","2":"type-product","3":"status-publish","4":"has-post-thumbnail","6":"product_cat-videograbadoras-moviles","7":"product_tag-hikvision","8":"product_tag-videograbadoras-moviles","9":"product_tag-videograbadoras-moviles-y-portatiles","11":"first","12":"outofstock","13":"sale","14":"shipping-taxable","15":"purchasable","16":"product-type-simple"},"_links":{"self":[{"href":"https:\/\/soydeaqui.ddns.net\/pachuca\/index.php\/wp-json\/wp\/v2\/product\/99989","targetHints":{"allow":["GET"]}}],"collection":[{"href":"https:\/\/soydeaqui.ddns.net\/pachuca\/index.php\/wp-json\/wp\/v2\/product"}],"about":[{"href":"https:\/\/soydeaqui.ddns.net\/pachuca\/index.php\/wp-json\/wp\/v2\/types\/product"}],"replies":[{"embeddable":true,"href":"https:\/\/soydeaqui.ddns.net\/pachuca\/index.php\/wp-json\/wp\/v2\/comments?post=99989"}],"wp:featuredmedia":[{"embeddable":true,"href":"https:\/\/soydeaqui.ddns.net\/pachuca\/index.php\/wp-json\/wp\/v2\/media\/99988"}],"wp:attachment":[{"href":"https:\/\/soydeaqui.ddns.net\/pachuca\/index.php\/wp-json\/wp\/v2\/media?parent=99989"}],"wp:term":[{"taxonomy":"product_brand","embeddable":true,"href":"https:\/\/soydeaqui.ddns.net\/pachuca\/index.php\/wp-json\/wp\/v2\/product_brand?post=99989"},{"taxonomy":"product_cat","embeddable":true,"href":"https:\/\/soydeaqui.ddns.net\/pachuca\/index.php\/wp-json\/wp\/v2\/product_cat?post=99989"},{"taxonomy":"product_tag","embeddable":true,"href":"https:\/\/soydeaqui.ddns.net\/pachuca\/index.php\/wp-json\/wp\/v2\/product_tag?post=99989"}],"curies":[{"name":"wp","href":"https:\/\/api.w.org\/{rel}","templated":true}]}}