{"id":99978,"date":"2026-03-20T10:52:24","date_gmt":"2026-03-20T10:52:24","guid":{"rendered":"https:\/\/soydeaqui.ddns.net\/pachuca\/index.php\/producto\/luz-al1-sportlight-para-drone-serie-matrice4-incluye-calibracion\/"},"modified":"2026-03-20T10:52:31","modified_gmt":"2026-03-20T10:52:31","slug":"luz-al1-sportlight-para-drone-serie-matrice4-incluye-calibracion","status":"publish","type":"product","link":"https:\/\/soydeaqui.ddns.net\/pachuca\/index.php\/producto\/luz-al1-sportlight-para-drone-serie-matrice4-incluye-calibracion\/","title":{"rendered":"Luz AL1 SPORTLIGHT para Drone Serie Matrice4 \/ Incluye calibraci\u00f3n"},"content":{"rendered":"<div style='width: 100%; max-width: 1200px; margin: 0 auto; font-family: sans-serif; line-height: 1.6; color: inherit; background-color: transparent;'>\n<div style='margin-bottom: 30px;'>\n<p style='margin-top: 0; margin-bottom: 15px; font-size: 15px; color: inherit;'>El reflector DJI AL1 SpotLight&comma; ofreciendo flexibilidad para diferentes aplicaciones. La instalaci\u00f3n debe realizarse con el dron apagado y requiere una calibraci\u00f3n de la br\u00fajula para asegurar un funcionamiento \u00f3ptimo.<\/p>\n<p style='margin-top: 0; margin-bottom: 0; font-size: 15px; color: inherit;'>Es adecuado para vuelos de gran altura&comma; se recomienda activar la funci\u00f3n de desempa\u00f1amiento electr\u00f3nico para obtener una mayor calidad de imagen.<\/p>\n<\/p><\/div>\n<h2 style='font-size: 22px; font-weight: 600; margin-top: 0; margin-bottom: 20px; color: inherit; border-bottom: 2px solid currentColor; padding-bottom: 5px; width: 100%; max-width: 400px;'>Especificaciones T\u00e9cnicas<\/h2>\n<div style='display: flex; flex-wrap: wrap; gap: 20px; margin-bottom: 30px;'>\n<div style='flex: 1 1 300px; min-width: 280px; border: 1px solid rgba(150&comma; 150&comma; 150&comma; 0.4); border-radius: 8px; overflow: hidden; display: flex; flex-direction: column;'>\n<div style='padding: 15px; border-bottom: 1px solid rgba(150&comma; 150&comma; 150&comma; 0.2); font-weight: bold; font-size: 18px; color: inherit;'>Caracter\u00edsticas Principales<\/div>\n<div style='padding: 15px; color: inherit;'>\n<ul style='padding-left: 20px; margin: 0; font-size: 14px; list-style-type: disc;'>\n<li style='margin-bottom: 5px;'>Compatible con drones DJI Matrice4T\/4E<\/li>\n<\/ul><\/div>\n<\/p><\/div>\n<div style='flex: 1 1 300px; min-width: 280px; border: 1px solid rgba(150&comma; 150&comma; 150&comma; 0.4); border-radius: 8px; overflow: hidden; display: flex; flex-direction: column;'>\n<div style='padding: 15px; border-bottom: 1px solid rgba(150&comma; 150&comma; 150&comma; 0.2); font-weight: bold; font-size: 18px; color: inherit;'>Especificaciones Avanzadas<\/div>\n<div style='padding: 15px; color: inherit;'>\n<ul style='padding-left: 20px; margin: 0; font-size: 14px; list-style-type: disc;'>\n<li style='margin-bottom: 5px;'>No hay especificaciones adicionales disponibles<\/li>\n<\/ul><\/div>\n<\/p><\/div>\n<\/p><\/div>\n<div style='display: flex; flex-wrap: wrap; gap: 20px; margin-bottom: 30px;'>\n<div style='flex: 1 1 300px; min-width: 280px; border: 1px solid rgba(150&comma; 150&comma; 150&comma; 0.4); border-radius: 8px; overflow: hidden; display: flex; flex-direction: column;'>\n<div style='padding: 15px; border-bottom: 1px solid rgba(150&comma; 150&comma; 150&comma; 0.2); font-weight: bold; font-size: 18px; color: inherit;'>Interfaces y Conectividad<\/div>\n<div style='padding: 15px; color: inherit;'>\n<ul style='padding-left: 20px; margin: 0; font-size: 14px; list-style-type: disc;'>\n<li style='margin-bottom: 5px;'>Compatibilidad con App DJI Pilot 2 para gesti\u00f3n y actualizaci\u00f3n de firmware<\/li>\n<li style='margin-bottom: 5px;'>Se requiere conexi\u00f3n para activaci\u00f3n y uso<\/li>\n<\/ul><\/div>\n<\/p><\/div>\n<div style='flex: 1 1 300px; min-width: 280px; border: 1px solid rgba(150&comma; 150&comma; 150&comma; 0.4); border-radius: 8px; overflow: hidden; display: flex; flex-direction: column;'>\n<div style='padding: 15px; border-bottom: 1px solid rgba(150&comma; 150&comma; 150&comma; 0.2); font-weight: bold; font-size: 18px; color: inherit;'>Requisitos y Compatibilidad<\/div>\n<div style='padding: 15px; color: inherit;'>\n<ul style='padding-left: 20px; margin: 0; font-size: 14px; list-style-type: disc;'>\n<li style='margin-bottom: 5px;'>Calibraci\u00f3n de br\u00fajula necesaria para instalaci\u00f3n inicial<\/li>\n<li style='margin-bottom: 5px;'>Firmware actualizado para integraci\u00f3n \u00f3ptima<\/li>\n<\/ul><\/div>\n<\/p><\/div>\n<\/p><\/div>\n<h2 style='font-size: 22px; font-weight: 600; margin-top: 0; margin-bottom: 20px; color: inherit; border-bottom: 2px solid currentColor; padding-bottom: 5px; width: 100%; max-width: 400px;'>Aplicaciones y Casos de Uso<\/h2>\n<div style='display: flex; flex-wrap: wrap; gap: 20px;'>\n<div style='flex: 1 1 300px; min-width: 280px; border: 1px solid rgba(150&comma; 150&comma; 150&comma; 0.4); border-radius: 8px; overflow: hidden; padding: 15px; background-color: rgba(200&comma;200&comma;200&comma;0.05);'>\n<h3 style='font-size: 18px; font-weight: 500; margin-top: 0; margin-bottom: 10px; color: inherit;'>Iluminaci\u00f3n en Vuelo<\/h3>\n<p style='font-size: 14px; margin-top: 0; margin-bottom: 0; color: inherit;'>Mejor claridad de imagenes en vuelos de poca iluminac\u00edon<\/p>\n<\/p><\/div>\n<div style='flex: 1 1 300px; min-width: 280px; border: 1px solid rgba(150&comma; 150&comma; 150&comma; 0.4); border-radius: 8px; overflow: hidden; padding: 15px; background-color: rgba(200&comma;200&comma;200&comma;0.05);'>\n<h3 style='font-size: 18px; font-weight: 500; margin-top: 0; margin-bottom: 10px; color: inherit;'>Operaciones Nocturnas<\/h3>\n<p style='font-size: 14px; margin-top: 0; margin-bottom: 0; color: inherit;'>Sitios de dif\u00edcil acceso.<\/p>\n<\/p><\/div>\n<\/p><\/div>\n<\/p><\/div>\n","protected":false},"excerpt":{"rendered":"<p>Luz AL1 SPORTLIGHT para Drone Serie Matrice4 \/ Incluye calibraci\u00f3n<\/p>\n","protected":false},"featured_media":99977,"comment_status":"open","ping_status":"closed","template":"","meta":[],"product_brand":[],"product_cat":[2223,2225],"product_tag":[2228,2226,2227],"class_list":{"0":"post-99978","1":"product","2":"type-product","3":"status-publish","4":"has-post-thumbnail","6":"product_cat-drones","7":"product_cat-drones-robots-e-industrial","8":"product_tag-dji","9":"product_tag-drones","10":"product_tag-robots-e-industrial","12":"first","13":"instock","14":"sale","15":"shipping-taxable","16":"purchasable","17":"product-type-simple"},"_links":{"self":[{"href":"https:\/\/soydeaqui.ddns.net\/pachuca\/index.php\/wp-json\/wp\/v2\/product\/99978","targetHints":{"allow":["GET"]}}],"collection":[{"href":"https:\/\/soydeaqui.ddns.net\/pachuca\/index.php\/wp-json\/wp\/v2\/product"}],"about":[{"href":"https:\/\/soydeaqui.ddns.net\/pachuca\/index.php\/wp-json\/wp\/v2\/types\/product"}],"replies":[{"embeddable":true,"href":"https:\/\/soydeaqui.ddns.net\/pachuca\/index.php\/wp-json\/wp\/v2\/comments?post=99978"}],"wp:featuredmedia":[{"embeddable":true,"href":"https:\/\/soydeaqui.ddns.net\/pachuca\/index.php\/wp-json\/wp\/v2\/media\/99977"}],"wp:attachment":[{"href":"https:\/\/soydeaqui.ddns.net\/pachuca\/index.php\/wp-json\/wp\/v2\/media?parent=99978"}],"wp:term":[{"taxonomy":"product_brand","embeddable":true,"href":"https:\/\/soydeaqui.ddns.net\/pachuca\/index.php\/wp-json\/wp\/v2\/product_brand?post=99978"},{"taxonomy":"product_cat","embeddable":true,"href":"https:\/\/soydeaqui.ddns.net\/pachuca\/index.php\/wp-json\/wp\/v2\/product_cat?post=99978"},{"taxonomy":"product_tag","embeddable":true,"href":"https:\/\/soydeaqui.ddns.net\/pachuca\/index.php\/wp-json\/wp\/v2\/product_tag?post=99978"}],"curies":[{"name":"wp","href":"https:\/\/api.w.org\/{rel}","templated":true}]}}