{"id":99972,"date":"2026-03-20T10:52:11","date_gmt":"2026-03-20T10:52:11","guid":{"rendered":"https:\/\/soydeaqui.ddns.net\/pachuca\/index.php\/producto\/e01-camara-termografica-portatil-eco-series-superir-240-x-240-rango-de-20c-a-400c-pantalla-lcd-2-4-modos-superscene-fugas-aislamiento-memoria-4gb-bateria-11h\/"},"modified":"2026-03-20T10:52:13","modified_gmt":"2026-03-20T10:52:13","slug":"e01-camara-termografica-portatil-eco-series-superir-240-x-240-rango-de-20c-a-400c-pantalla-lcd-2-4-modos-superscene-fugas-aislamiento-memoria-4gb-bateria-11h","status":"publish","type":"product","link":"https:\/\/soydeaqui.ddns.net\/pachuca\/index.php\/producto\/e01-camara-termografica-portatil-eco-series-superir-240-x-240-rango-de-20c-a-400c-pantalla-lcd-2-4-modos-superscene-fugas-aislamiento-memoria-4gb-bateria-11h\/","title":{"rendered":"E01 &#8211; C\u00e1mara Termogr\u00e1fica Port\u00e1til Eco Series \/ SuperIR 240 x 240 \/ Rango de -20\u00b0C a 400\u00b0C \/ Pantalla LCD 2.4&#8243; \/ Modos SuperScene (Fugas, Aislamiento) \/ Memoria 4GB \/ Bater\u00eda 11h"},"content":{"rendered":"<div style='width: 100%; max-width: 1200px; margin: 0 auto; font-family: sans-serif; line-height: 1.6; color: inherit; background-color: transparent;'> <!-- Logo --> <\/p>\n<div style='text-align: center; margin: 20px 0;'> <img style='width: 45%; max-width: 300px; height: auto; border: 1px solid rgba(150&comma;150&comma;150&comma;0.3); border-radius: 8px;' src='https:\/\/ftp3.syscom.mx\/usuarios\/fotos\/HMTP2310VF\/WM30\/200759-logo-hikmicro.png' alt='Logo Hikmicro'> <\/div>\n<p> <!-- Video --> <\/p>\n<div style='position: relative; padding-bottom: 56.25%; height: 0; overflow: hidden; margin: 30px 0;'> <video style='position: absolute; top: 0; left: 0; width: 100%; height: 100%; border: 1px solid rgba(150&comma;150&comma;150&comma;0.3); border-radius: 8px;' controls><source src='https:\/\/ftp3.syscom.mx\/usuarios\/smendoza\/smendozaro\/Hikmicro\/E01.mp4' type='video\/mp4'>Tu navegador no soporta el elemento de video.<\/video> <\/div>\n<p> <!-- Im\u00e1genes --> <\/p>\n<div style='display: flex; flex-wrap: wrap; justify-content: center; gap: 20px; margin: 30px 0;'>\n<div style='flex: 1 1 300px; max-width: 800px;'> <img style='width: 100%; height: auto; border: 1px solid rgba(150&comma;150&comma;150&comma;0.3); border-radius: 8px;' src='https:\/\/ftp3.syscom.mx\/usuarios\/smendoza\/smendozaro\/Hikmicro\/7.jpg' alt='Imagen 1'> <\/div>\n<div style='flex: 1 1 300px; max-width: 800px;'> <img style='width: 100%; height: auto; border: 1px solid rgba(150&comma;150&comma;150&comma;0.3); border-radius: 8px;' src='https:\/\/ftp3.syscom.mx\/usuarios\/smendoza\/smendozaro\/Hikmicro\/6.jpg' alt='Imagen 2'> <\/div>\n<div style='flex: 1 1 300px; max-width: 800px;'> <img style='width: 100%; height: auto; border: 1px solid rgba(150&comma;150&comma;150&comma;0.3); border-radius: 8px;' src='https:\/\/ftp3.syscom.mx\/usuarios\/smendoza\/smendozaro\/Hikmicro\/3%20%281%29.jpg' alt='Imagen 3'> <\/div>\n<div style='flex: 1 1 300px; max-width: 800px;'> <img style='width: 100%; height: auto; border: 1px solid rgba(150&comma;150&comma;150&comma;0.3); border-radius: 8px;' src='https:\/\/ftp3.syscom.mx\/usuarios\/smendoza\/smendozaro\/Hikmicro\/1%20%281%29.jpg' alt='Imagen 4'> <\/div>\n<div style='flex: 1 1 300px; max-width: 800px;'> <img style='width: 100%; height: auto; border: 1px solid rgba(150&comma;150&comma;150&comma;0.3); border-radius: 8px;' src='https:\/\/ftp3.syscom.mx\/usuarios\/smendoza\/smendozaro\/Hikmicro\/2%20%281%29.jpg' alt='Imagen 5'> <\/div>\n<\/p><\/div>\n<p> <!-- Secci\u00f3n de caracter\u00edsticas --> <\/p>\n<div style='display: flex; flex-wrap: wrap; gap: 30px; margin: 40px 0;'>\n<div style='flex: 1 1 400px; min-width: 280px;'>\n<h3 style='font-size: 22px; border-bottom: 2px solid currentColor; padding-bottom: 5px; margin-top: 0; color: inherit; opacity: 0.8;'>Caracter\u00edsticas Principales<\/h3>\n<ul style='padding-left: 20px; font-size: 15px; color: inherit;'>\n<li style='margin-bottom: 5px;'><strong>Resoluci\u00f3n t\u00e9rmica:<\/strong> 96 x 96 (9&comma;216 p\u00edxeles)<\/li>\n<li style='margin-bottom: 5px;'><strong>SuperIR:<\/strong> 240 x 240 (57&comma;600 p\u00edxeles)<\/li>\n<li style='margin-bottom: 5px;'><strong>Rango de temperatura:<\/strong> -20\u00b0C a 400\u00b0C (-4\u00b0F a 752\u00b0F)<\/li>\n<li style='margin-bottom: 5px;'><strong>Memoria interna:<\/strong> 4 GB (almacena hasta 30&comma;000 im\u00e1genes)<\/li>\n<li style='margin-bottom: 5px;'><strong>Bater\u00eda recargable:<\/strong> Hasta 11 horas de funcionamiento continuo<\/li>\n<li style='margin-bottom: 5px;'><strong>Protecci\u00f3n IP54<\/strong> contra polvo y agua<\/li>\n<li style='margin-bottom: 5px;'><strong>Puntero l\u00e1ser<\/strong> integrado<\/li>\n<li style='margin-bottom: 5px;'><strong>Frecuencia de imagen:<\/strong> 20 Hz<\/li>\n<\/ul><\/div>\n<div style='flex: 1 1 400px; min-width: 280px;'>\n<h3 style='font-size: 22px; border-bottom: 2px solid currentColor; padding-bottom: 5px; margin-top: 0; color: inherit; opacity: 0.8;'>Detalles T\u00e9cnicos<\/h3>\n<ul style='padding-left: 20px; font-size: 15px; color: inherit;'>\n<li style='margin-bottom: 5px;'><strong>Resoluci\u00f3n IR:<\/strong> 96 x 96 (9&comma;216 p\u00edxeles)<\/li>\n<li style='margin-bottom: 5px;'><strong>SuperIR:<\/strong> 240 x 240 (57&comma;600 p\u00edxeles)<\/li>\n<li style='margin-bottom: 5px;'><strong>Relaci\u00f3n distancia a punto (D:S):<\/strong> 112:1<\/li>\n<li style='margin-bottom: 5px;'><strong>NETD:<\/strong> < 50 mK (@ 25\u00b0C&comma; F#=1.0)<\/li>\n<li style='margin-bottom: 5px;'><strong>Frecuencia de imagen:<\/strong> 20 Hz<\/li>\n<li style='margin-bottom: 5px;'><strong>Rango espectral:<\/strong> 7.5 a 14 \u03bcm<\/li>\n<li style='margin-bottom: 5px;'><strong>Distancia m\u00ednima de enfoque:<\/strong> 0.1 m (0.33 ft)<\/li>\n<li style='margin-bottom: 5px;'><strong>Modo de enfoque:<\/strong> Focus Free<\/li>\n<\/ul><\/div>\n<\/p><\/div>\n<p> <!-- Secci\u00f3n de interfaces y conectividad --> <\/p>\n<div style='margin: 40px 0;'>\n<h3 style='font-size: 22px; border-bottom: 2px solid currentColor; padding-bottom: 5px; margin-top: 0; color: inherit; opacity: 0.8;'>Interfaces y Conectividad<\/h3>\n<ul style='padding-left: 20px; font-size: 15px; color: inherit;'>\n<li style='margin-bottom: 5px;'><strong>USB:<\/strong> Tipo-C<\/li>\n<li style='margin-bottom: 5px;'><strong>Memoria interna:<\/strong> 4 GB eMMC<\/li>\n<li style='margin-bottom: 5px;'><strong>Capacidad de almacenamiento:<\/strong> 30&comma;000 im\u00e1genes \/ 14 horas de video<\/li>\n<li style='margin-bottom: 5px;'><strong>Bater\u00eda:<\/strong> Li-ion recargable<\/li>\n<li style='margin-bottom: 5px;'><strong>Tiempo de carga:<\/strong> 3 horas (5V 2A)<\/li>\n<\/ul><\/div>\n<p> <!-- Footer --> <\/p>\n<div style='text-align: center; margin: 40px 0;'> <img style='width: 100%; max-width: 800px; height: auto; border: 1px solid rgba(150&comma;150&comma;150&comma;0.3); border-radius: 8px;' src='https:\/\/ftp3.syscom.mx\/usuarios\/emendoza\/elesbanmch\/HikMicro\/HIKMICRO.png' alt='Hikmicro'> <\/div>\n<\/p><\/div>\n","protected":false},"excerpt":{"rendered":"<p>E01 &#8211; C\u00e1mara Termogr\u00e1fica Port\u00e1til Eco Series \/ SuperIR 240 x 240 \/ Rango de -20\u00b0C a 400\u00b0C \/ Pantalla LCD 2.4&#8243; \/ Modos SuperScene (Fugas, Aislamiento) \/ Memoria 4GB \/ Bater\u00eda 11h<\/p>\n","protected":false},"featured_media":99971,"comment_status":"open","ping_status":"closed","template":"","meta":[],"product_brand":[],"product_cat":[1049],"product_tag":[122,158,1050],"class_list":{"0":"post-99972","1":"product","2":"type-product","3":"status-publish","4":"has-post-thumbnail","6":"product_cat-termicas","7":"product_tag-camaras-ip-y-nvrs","8":"product_tag-hikmicro","9":"product_tag-termicas","11":"first","12":"outofstock","13":"sale","14":"shipping-taxable","15":"purchasable","16":"product-type-simple"},"yoast_head":"<!-- This site is optimized with the Yoast SEO plugin v27.4 - https:\/\/yoast.com\/product\/yoast-seo-wordpress\/ -->\r\n<title>E01 - C\u00e1mara Termogr\u00e1fica Port\u00e1til Eco Series \/ SuperIR 240 x 240 \/ Rango de -20\u00b0C a 400\u00b0C \/ Pantalla LCD 2.4&quot; \/ Modos SuperScene (Fugas, Aislamiento) \/ Memoria 4GB \/ Bater\u00eda 11h - Instalaci\u00f3n de C\u00e1maras de Seguridad en Pachuca<\/title>\r\n<meta name=\"robots\" content=\"index, follow, max-snippet:-1, max-image-preview:large, max-video-preview:-1\" \/>\r\n<link rel=\"canonical\" href=\"https:\/\/soydeaqui.ddns.net\/pachuca\/index.php\/producto\/e01-camara-termografica-portatil-eco-series-superir-240-x-240-rango-de-20c-a-400c-pantalla-lcd-2-4-modos-superscene-fugas-aislamiento-memoria-4gb-bateria-11h\/\" \/>\r\n<meta property=\"og:locale\" content=\"es_MX\" \/>\r\n<meta property=\"og:type\" content=\"article\" \/>\r\n<meta property=\"og:title\" content=\"E01 - C\u00e1mara Termogr\u00e1fica Port\u00e1til Eco Series \/ SuperIR 240 x 240 \/ Rango de -20\u00b0C a 400\u00b0C \/ Pantalla LCD 2.4&quot; \/ Modos SuperScene (Fugas, Aislamiento) \/ Memoria 4GB \/ Bater\u00eda 11h - Instalaci\u00f3n de C\u00e1maras de Seguridad en Pachuca\" \/>\r\n<meta property=\"og:description\" content=\"E01 - C\u00e1mara Termogr\u00e1fica Port\u00e1til Eco Series \/ SuperIR 240 x 240 \/ Rango de -20\u00b0C a 400\u00b0C \/ Pantalla LCD 2.4&quot; \/ Modos SuperScene (Fugas, Aislamiento) \/ Memoria 4GB \/ Bater\u00eda 11h\" \/>\r\n<meta property=\"og:url\" content=\"https:\/\/soydeaqui.ddns.net\/pachuca\/index.php\/producto\/e01-camara-termografica-portatil-eco-series-superir-240-x-240-rango-de-20c-a-400c-pantalla-lcd-2-4-modos-superscene-fugas-aislamiento-memoria-4gb-bateria-11h\/\" \/>\r\n<meta property=\"og:site_name\" content=\"Instalaci\u00f3n de C\u00e1maras de Seguridad en Pachuca\" \/>\r\n<meta property=\"article:modified_time\" content=\"2026-03-20T10:52:13+00:00\" \/>\r\n<meta property=\"og:image\" content=\"https:\/\/soydeaqui.ddns.net\/pachuca\/wp-content\/uploads\/2026\/03\/portada_0S1000-4026.png\" \/>\r\n\t<meta property=\"og:image:width\" content=\"1024\" \/>\r\n\t<meta property=\"og:image:height\" content=\"1024\" \/>\r\n\t<meta property=\"og:image:type\" content=\"image\/png\" \/>\r\n<meta name=\"twitter:card\" content=\"summary_large_image\" \/>\r\n<meta name=\"twitter:label1\" content=\"Tiempo de lectura\" \/>\n\t<meta name=\"twitter:data1\" content=\"1 minuto\" \/>\r\n<script type=\"application\/ld+json\" class=\"yoast-schema-graph\">{\"@context\":\"https:\\\/\\\/schema.org\",\"@graph\":[{\"@type\":\"WebPage\",\"@id\":\"https:\\\/\\\/soydeaqui.ddns.net\\\/pachuca\\\/index.php\\\/producto\\\/e01-camara-termografica-portatil-eco-series-superir-240-x-240-rango-de-20c-a-400c-pantalla-lcd-2-4-modos-superscene-fugas-aislamiento-memoria-4gb-bateria-11h\\\/\",\"url\":\"https:\\\/\\\/soydeaqui.ddns.net\\\/pachuca\\\/index.php\\\/producto\\\/e01-camara-termografica-portatil-eco-series-superir-240-x-240-rango-de-20c-a-400c-pantalla-lcd-2-4-modos-superscene-fugas-aislamiento-memoria-4gb-bateria-11h\\\/\",\"name\":\"E01 - C\u00e1mara Termogr\u00e1fica Port\u00e1til Eco Series \\\/ SuperIR 240 x 240 \\\/ Rango de -20\u00b0C a 400\u00b0C \\\/ Pantalla LCD 2.4\\\" \\\/ Modos SuperScene (Fugas, Aislamiento) \\\/ Memoria 4GB \\\/ Bater\u00eda 11h - Instalaci\u00f3n de C\u00e1maras de Seguridad en Pachuca\",\"isPartOf\":{\"@id\":\"https:\\\/\\\/soydeaqui.ddns.net\\\/pachuca\\\/#website\"},\"primaryImageOfPage\":{\"@id\":\"https:\\\/\\\/soydeaqui.ddns.net\\\/pachuca\\\/index.php\\\/producto\\\/e01-camara-termografica-portatil-eco-series-superir-240-x-240-rango-de-20c-a-400c-pantalla-lcd-2-4-modos-superscene-fugas-aislamiento-memoria-4gb-bateria-11h\\\/#primaryimage\"},\"image\":{\"@id\":\"https:\\\/\\\/soydeaqui.ddns.net\\\/pachuca\\\/index.php\\\/producto\\\/e01-camara-termografica-portatil-eco-series-superir-240-x-240-rango-de-20c-a-400c-pantalla-lcd-2-4-modos-superscene-fugas-aislamiento-memoria-4gb-bateria-11h\\\/#primaryimage\"},\"thumbnailUrl\":\"https:\\\/\\\/soydeaqui.ddns.net\\\/pachuca\\\/wp-content\\\/uploads\\\/2026\\\/03\\\/portada_0S1000-4026.png\",\"datePublished\":\"2026-03-20T10:52:11+00:00\",\"dateModified\":\"2026-03-20T10:52:13+00:00\",\"breadcrumb\":{\"@id\":\"https:\\\/\\\/soydeaqui.ddns.net\\\/pachuca\\\/index.php\\\/producto\\\/e01-camara-termografica-portatil-eco-series-superir-240-x-240-rango-de-20c-a-400c-pantalla-lcd-2-4-modos-superscene-fugas-aislamiento-memoria-4gb-bateria-11h\\\/#breadcrumb\"},\"inLanguage\":\"es\",\"potentialAction\":[{\"@type\":\"ReadAction\",\"target\":[\"https:\\\/\\\/soydeaqui.ddns.net\\\/pachuca\\\/index.php\\\/producto\\\/e01-camara-termografica-portatil-eco-series-superir-240-x-240-rango-de-20c-a-400c-pantalla-lcd-2-4-modos-superscene-fugas-aislamiento-memoria-4gb-bateria-11h\\\/\"]}]},{\"@type\":\"ImageObject\",\"inLanguage\":\"es\",\"@id\":\"https:\\\/\\\/soydeaqui.ddns.net\\\/pachuca\\\/index.php\\\/producto\\\/e01-camara-termografica-portatil-eco-series-superir-240-x-240-rango-de-20c-a-400c-pantalla-lcd-2-4-modos-superscene-fugas-aislamiento-memoria-4gb-bateria-11h\\\/#primaryimage\",\"url\":\"https:\\\/\\\/soydeaqui.ddns.net\\\/pachuca\\\/wp-content\\\/uploads\\\/2026\\\/03\\\/portada_0S1000-4026.png\",\"contentUrl\":\"https:\\\/\\\/soydeaqui.ddns.net\\\/pachuca\\\/wp-content\\\/uploads\\\/2026\\\/03\\\/portada_0S1000-4026.png\",\"width\":1024,\"height\":1024},{\"@type\":\"BreadcrumbList\",\"@id\":\"https:\\\/\\\/soydeaqui.ddns.net\\\/pachuca\\\/index.php\\\/producto\\\/e01-camara-termografica-portatil-eco-series-superir-240-x-240-rango-de-20c-a-400c-pantalla-lcd-2-4-modos-superscene-fugas-aislamiento-memoria-4gb-bateria-11h\\\/#breadcrumb\",\"itemListElement\":[{\"@type\":\"ListItem\",\"position\":1,\"name\":\"Inicio\",\"item\":\"https:\\\/\\\/soydeaqui.ddns.net\\\/pachuca\\\/\"},{\"@type\":\"ListItem\",\"position\":2,\"name\":\"Shop\",\"item\":\"https:\\\/\\\/soydeaqui.ddns.net\\\/pachuca\\\/index.php\\\/shop\\\/\"},{\"@type\":\"ListItem\",\"position\":3,\"name\":\"E01 &#8211; C\u00e1mara Termogr\u00e1fica Port\u00e1til Eco Series \\\/ SuperIR 240 x 240 \\\/ Rango de -20\u00b0C a 400\u00b0C \\\/ Pantalla LCD 2.4&#8243; \\\/ Modos SuperScene (Fugas, Aislamiento) \\\/ Memoria 4GB \\\/ Bater\u00eda 11h\"}]},{\"@type\":\"WebSite\",\"@id\":\"https:\\\/\\\/soydeaqui.ddns.net\\\/pachuca\\\/#website\",\"url\":\"https:\\\/\\\/soydeaqui.ddns.net\\\/pachuca\\\/\",\"name\":\"Instalaci\u00f3n de C\u00e1maras de Seguridad en Pachuca\",\"description\":\"Instalaci\u00f3n de CCTV en Pachuca\",\"potentialAction\":[{\"@type\":\"SearchAction\",\"target\":{\"@type\":\"EntryPoint\",\"urlTemplate\":\"https:\\\/\\\/soydeaqui.ddns.net\\\/pachuca\\\/?s={search_term_string}\"},\"query-input\":{\"@type\":\"PropertyValueSpecification\",\"valueRequired\":true,\"valueName\":\"search_term_string\"}}],\"inLanguage\":\"es\"}]}<\/script>\r\n<!-- \/ Yoast SEO plugin. -->","yoast_head_json":{"title":"E01 - C\u00e1mara Termogr\u00e1fica Port\u00e1til Eco Series \/ SuperIR 240 x 240 \/ Rango de -20\u00b0C a 400\u00b0C \/ Pantalla LCD 2.4\" \/ Modos SuperScene (Fugas, Aislamiento) \/ Memoria 4GB \/ Bater\u00eda 11h - Instalaci\u00f3n de C\u00e1maras de Seguridad en Pachuca","robots":{"index":"index","follow":"follow","max-snippet":"max-snippet:-1","max-image-preview":"max-image-preview:large","max-video-preview":"max-video-preview:-1"},"canonical":"https:\/\/soydeaqui.ddns.net\/pachuca\/index.php\/producto\/e01-camara-termografica-portatil-eco-series-superir-240-x-240-rango-de-20c-a-400c-pantalla-lcd-2-4-modos-superscene-fugas-aislamiento-memoria-4gb-bateria-11h\/","og_locale":"es_MX","og_type":"article","og_title":"E01 - C\u00e1mara Termogr\u00e1fica Port\u00e1til Eco Series \/ SuperIR 240 x 240 \/ Rango de -20\u00b0C a 400\u00b0C \/ Pantalla LCD 2.4\" \/ Modos SuperScene (Fugas, Aislamiento) \/ Memoria 4GB \/ Bater\u00eda 11h - Instalaci\u00f3n de C\u00e1maras de Seguridad en Pachuca","og_description":"E01 - C\u00e1mara Termogr\u00e1fica Port\u00e1til Eco Series \/ SuperIR 240 x 240 \/ Rango de -20\u00b0C a 400\u00b0C \/ Pantalla LCD 2.4\" \/ Modos SuperScene (Fugas, Aislamiento) \/ Memoria 4GB \/ Bater\u00eda 11h","og_url":"https:\/\/soydeaqui.ddns.net\/pachuca\/index.php\/producto\/e01-camara-termografica-portatil-eco-series-superir-240-x-240-rango-de-20c-a-400c-pantalla-lcd-2-4-modos-superscene-fugas-aislamiento-memoria-4gb-bateria-11h\/","og_site_name":"Instalaci\u00f3n de C\u00e1maras de Seguridad en Pachuca","article_modified_time":"2026-03-20T10:52:13+00:00","og_image":[{"width":1024,"height":1024,"url":"https:\/\/soydeaqui.ddns.net\/pachuca\/wp-content\/uploads\/2026\/03\/portada_0S1000-4026.png","type":"image\/png"}],"twitter_card":"summary_large_image","twitter_misc":{"Tiempo de lectura":"1 minuto"},"schema":{"@context":"https:\/\/schema.org","@graph":[{"@type":"WebPage","@id":"https:\/\/soydeaqui.ddns.net\/pachuca\/index.php\/producto\/e01-camara-termografica-portatil-eco-series-superir-240-x-240-rango-de-20c-a-400c-pantalla-lcd-2-4-modos-superscene-fugas-aislamiento-memoria-4gb-bateria-11h\/","url":"https:\/\/soydeaqui.ddns.net\/pachuca\/index.php\/producto\/e01-camara-termografica-portatil-eco-series-superir-240-x-240-rango-de-20c-a-400c-pantalla-lcd-2-4-modos-superscene-fugas-aislamiento-memoria-4gb-bateria-11h\/","name":"E01 - C\u00e1mara Termogr\u00e1fica Port\u00e1til Eco Series \/ SuperIR 240 x 240 \/ Rango de -20\u00b0C a 400\u00b0C \/ Pantalla LCD 2.4\" \/ Modos SuperScene (Fugas, Aislamiento) \/ Memoria 4GB \/ Bater\u00eda 11h - Instalaci\u00f3n de C\u00e1maras de Seguridad en Pachuca","isPartOf":{"@id":"https:\/\/soydeaqui.ddns.net\/pachuca\/#website"},"primaryImageOfPage":{"@id":"https:\/\/soydeaqui.ddns.net\/pachuca\/index.php\/producto\/e01-camara-termografica-portatil-eco-series-superir-240-x-240-rango-de-20c-a-400c-pantalla-lcd-2-4-modos-superscene-fugas-aislamiento-memoria-4gb-bateria-11h\/#primaryimage"},"image":{"@id":"https:\/\/soydeaqui.ddns.net\/pachuca\/index.php\/producto\/e01-camara-termografica-portatil-eco-series-superir-240-x-240-rango-de-20c-a-400c-pantalla-lcd-2-4-modos-superscene-fugas-aislamiento-memoria-4gb-bateria-11h\/#primaryimage"},"thumbnailUrl":"https:\/\/soydeaqui.ddns.net\/pachuca\/wp-content\/uploads\/2026\/03\/portada_0S1000-4026.png","datePublished":"2026-03-20T10:52:11+00:00","dateModified":"2026-03-20T10:52:13+00:00","breadcrumb":{"@id":"https:\/\/soydeaqui.ddns.net\/pachuca\/index.php\/producto\/e01-camara-termografica-portatil-eco-series-superir-240-x-240-rango-de-20c-a-400c-pantalla-lcd-2-4-modos-superscene-fugas-aislamiento-memoria-4gb-bateria-11h\/#breadcrumb"},"inLanguage":"es","potentialAction":[{"@type":"ReadAction","target":["https:\/\/soydeaqui.ddns.net\/pachuca\/index.php\/producto\/e01-camara-termografica-portatil-eco-series-superir-240-x-240-rango-de-20c-a-400c-pantalla-lcd-2-4-modos-superscene-fugas-aislamiento-memoria-4gb-bateria-11h\/"]}]},{"@type":"ImageObject","inLanguage":"es","@id":"https:\/\/soydeaqui.ddns.net\/pachuca\/index.php\/producto\/e01-camara-termografica-portatil-eco-series-superir-240-x-240-rango-de-20c-a-400c-pantalla-lcd-2-4-modos-superscene-fugas-aislamiento-memoria-4gb-bateria-11h\/#primaryimage","url":"https:\/\/soydeaqui.ddns.net\/pachuca\/wp-content\/uploads\/2026\/03\/portada_0S1000-4026.png","contentUrl":"https:\/\/soydeaqui.ddns.net\/pachuca\/wp-content\/uploads\/2026\/03\/portada_0S1000-4026.png","width":1024,"height":1024},{"@type":"BreadcrumbList","@id":"https:\/\/soydeaqui.ddns.net\/pachuca\/index.php\/producto\/e01-camara-termografica-portatil-eco-series-superir-240-x-240-rango-de-20c-a-400c-pantalla-lcd-2-4-modos-superscene-fugas-aislamiento-memoria-4gb-bateria-11h\/#breadcrumb","itemListElement":[{"@type":"ListItem","position":1,"name":"Inicio","item":"https:\/\/soydeaqui.ddns.net\/pachuca\/"},{"@type":"ListItem","position":2,"name":"Shop","item":"https:\/\/soydeaqui.ddns.net\/pachuca\/index.php\/shop\/"},{"@type":"ListItem","position":3,"name":"E01 &#8211; C\u00e1mara Termogr\u00e1fica Port\u00e1til Eco Series \/ SuperIR 240 x 240 \/ Rango de -20\u00b0C a 400\u00b0C \/ Pantalla LCD 2.4&#8243; \/ Modos SuperScene (Fugas, Aislamiento) \/ Memoria 4GB \/ Bater\u00eda 11h"}]},{"@type":"WebSite","@id":"https:\/\/soydeaqui.ddns.net\/pachuca\/#website","url":"https:\/\/soydeaqui.ddns.net\/pachuca\/","name":"Instalaci\u00f3n de C\u00e1maras de Seguridad en Pachuca","description":"Instalaci\u00f3n de CCTV en Pachuca","potentialAction":[{"@type":"SearchAction","target":{"@type":"EntryPoint","urlTemplate":"https:\/\/soydeaqui.ddns.net\/pachuca\/?s={search_term_string}"},"query-input":{"@type":"PropertyValueSpecification","valueRequired":true,"valueName":"search_term_string"}}],"inLanguage":"es"}]}},"_links":{"self":[{"href":"https:\/\/soydeaqui.ddns.net\/pachuca\/index.php\/wp-json\/wp\/v2\/product\/99972","targetHints":{"allow":["GET"]}}],"collection":[{"href":"https:\/\/soydeaqui.ddns.net\/pachuca\/index.php\/wp-json\/wp\/v2\/product"}],"about":[{"href":"https:\/\/soydeaqui.ddns.net\/pachuca\/index.php\/wp-json\/wp\/v2\/types\/product"}],"replies":[{"embeddable":true,"href":"https:\/\/soydeaqui.ddns.net\/pachuca\/index.php\/wp-json\/wp\/v2\/comments?post=99972"}],"wp:featuredmedia":[{"embeddable":true,"href":"https:\/\/soydeaqui.ddns.net\/pachuca\/index.php\/wp-json\/wp\/v2\/media\/99971"}],"wp:attachment":[{"href":"https:\/\/soydeaqui.ddns.net\/pachuca\/index.php\/wp-json\/wp\/v2\/media?parent=99972"}],"wp:term":[{"taxonomy":"product_brand","embeddable":true,"href":"https:\/\/soydeaqui.ddns.net\/pachuca\/index.php\/wp-json\/wp\/v2\/product_brand?post=99972"},{"taxonomy":"product_cat","embeddable":true,"href":"https:\/\/soydeaqui.ddns.net\/pachuca\/index.php\/wp-json\/wp\/v2\/product_cat?post=99972"},{"taxonomy":"product_tag","embeddable":true,"href":"https:\/\/soydeaqui.ddns.net\/pachuca\/index.php\/wp-json\/wp\/v2\/product_tag?post=99972"}],"curies":[{"name":"wp","href":"https:\/\/api.w.org\/{rel}","templated":true}]}}