{"id":99969,"date":"2026-03-20T10:52:00","date_gmt":"2026-03-20T10:52:00","guid":{"rendered":"https:\/\/soydeaqui.ddns.net\/pachuca\/index.php\/producto\/cerradura-con-lector-de-proximidad-para-gabinetes\/"},"modified":"2026-03-20T10:52:04","modified_gmt":"2026-03-20T10:52:04","slug":"cerradura-con-lector-de-proximidad-para-gabinetes","status":"publish","type":"product","link":"https:\/\/soydeaqui.ddns.net\/pachuca\/index.php\/producto\/cerradura-con-lector-de-proximidad-para-gabinetes\/","title":{"rendered":"Cerradura con Lector de Proximidad para Gabinetes"},"content":{"rendered":"<div style='width: 100%; max-width: 1200px; margin: 0 auto; font-family: sans-serif; line-height: 1.6; color: inherit; background-color: transparent;'> <!-- Logo --> <\/p>\n<div style='text-align: center; margin: 20px 0;'> <img style='width: 200px; height: auto; border: 1px solid rgba(150&comma;150&comma;150&comma;0.3); border-radius: 8px;' src='http:\/\/ftp3.syscom.mx\/usuarios\/ftp\/2017\/03\/02\/f97ed\/RCI_logo-plus-DOKAEndorsement_4C.jpg' alt='Logo RCI - DORMAKABA'> <\/div>\n<p> <!-- Secci\u00f3n de caracter\u00edsticas --> <\/p>\n<div style='display: flex; flex-wrap: wrap; gap: 30px; margin-bottom: 30px;'>\n<div style='flex: 1 1 300px; min-width: 280px;'>\n<h3 style='font-size: 22px; border-bottom: 2px solid currentColor; padding-bottom: 5px; margin-top: 0; color: inherit; opacity: 0.8;'>Caracter\u00edsticas<\/h3>\n<ul style='padding-left: 20px; font-size: 15px; color: inherit;'>\n<li style='margin-bottom: 5px;'>F\u00e1cil de instalar y usar<\/li>\n<li style='margin-bottom: 5px;'>Monitoreo local con indicador LED multicolor<\/li>\n<li style='margin-bottom: 5px;'>Control remoto de bloqueo y desbloqueo<\/li>\n<li style='margin-bottom: 5px;'>Bloqueo de uno o varios puntos<\/li>\n<li style='margin-bottom: 5px;'>Mecanismo accionado por motor de engranajes de baja corriente<\/li>\n<li style='margin-bottom: 5px;'>Accionamiento de bloqueo moment\u00e1neo o continuo<\/li>\n<li style='margin-bottom: 5px;'>Cerradura DIN de alta seguridad para anulaci\u00f3n de llave mec\u00e1nica<\/li>\n<li style='margin-bottom: 5px;'>Sin manos<\/li>\n<li style='margin-bottom: 5px;'>Kit de hardware y arn\u00e9s de cables incluidos<\/li>\n<li style='margin-bottom: 5px;'>Incluye tres llaves (con llaves iguales)<\/li>\n<li style='margin-bottom: 5px;'>Activado a trav\u00e9s de cualquier sistema de control de terceros (Control de acceso)<\/li>\n<li style='margin-bottom: 5px;'>PoE adaptable<\/li>\n<li style='margin-bottom: 5px;'>La carcasa&comma; la manija y el soporte de montaje est\u00e1n hechos de nailon negro con relleno de vidrio<\/li>\n<li style='margin-bottom: 5px;'>El eje y el limitador de rotaci\u00f3n est\u00e1n hechos de zinc fundido a presi\u00f3n con un acabado sellador brillante<\/li>\n<li style='margin-bottom: 5px;'>200 mA 12-24 V CC seleccionable en campo (t\u00edpico: menos de 200 mA a 12 V CC&comma; m\u00e1x. \/ Parada: 1 A&comma; en espera: 50 mA m\u00e1x.&comma; Se\u00f1al de salida: carga m\u00e1xima de 100 mA&comma; m\u00f3dulo lector de tarjetas: 60 mA m\u00e1x.)<\/li>\n<li style='margin-bottom: 5px;'>Estado de bloqueo y manija<\/li>\n<li style='margin-bottom: 5px;'>Modelo de lector de proximidad HID\u00ae de 125 kHz opcional disponible<\/li>\n<li style='margin-bottom: 5px;'>Garant\u00eda limitada de 1 a\u00f1o<\/li>\n<li style='margin-bottom: 5px;'>Dimensiones: 1-1 \/ 2 &#8216;de ancho x 8-1 \/ 4&#8217; de alto x 1 &#8216;de profundidad (37 mm x 210 mm x 24&comma;5 mm)<\/li>\n<\/ul><\/div>\n<\/p><\/div>\n<p> <!-- Separador --> <\/p>\n<hr style='border: 0; border-top: 1px solid rgba(150&comma; 150&comma; 150&comma; 0.3); margin: 30px 0;'> <\/div>\n","protected":false},"excerpt":{"rendered":"<p>Cerradura con Lector de Proximidad para Gabinetes<\/p>\n","protected":false},"featured_media":99968,"comment_status":"open","ping_status":"closed","template":"","meta":[],"product_brand":[],"product_cat":[772],"product_tag":[87,773,453],"class_list":{"0":"post-99969","1":"product","2":"type-product","3":"status-publish","4":"has-post-thumbnail","6":"product_cat-contrachapas","7":"product_tag-cerraduras","8":"product_tag-contrachapas","9":"product_tag-rci-dormakaba","11":"first","12":"outofstock","13":"sale","14":"shipping-taxable","15":"purchasable","16":"product-type-simple"},"_links":{"self":[{"href":"https:\/\/soydeaqui.ddns.net\/pachuca\/index.php\/wp-json\/wp\/v2\/product\/99969","targetHints":{"allow":["GET"]}}],"collection":[{"href":"https:\/\/soydeaqui.ddns.net\/pachuca\/index.php\/wp-json\/wp\/v2\/product"}],"about":[{"href":"https:\/\/soydeaqui.ddns.net\/pachuca\/index.php\/wp-json\/wp\/v2\/types\/product"}],"replies":[{"embeddable":true,"href":"https:\/\/soydeaqui.ddns.net\/pachuca\/index.php\/wp-json\/wp\/v2\/comments?post=99969"}],"wp:featuredmedia":[{"embeddable":true,"href":"https:\/\/soydeaqui.ddns.net\/pachuca\/index.php\/wp-json\/wp\/v2\/media\/99968"}],"wp:attachment":[{"href":"https:\/\/soydeaqui.ddns.net\/pachuca\/index.php\/wp-json\/wp\/v2\/media?parent=99969"}],"wp:term":[{"taxonomy":"product_brand","embeddable":true,"href":"https:\/\/soydeaqui.ddns.net\/pachuca\/index.php\/wp-json\/wp\/v2\/product_brand?post=99969"},{"taxonomy":"product_cat","embeddable":true,"href":"https:\/\/soydeaqui.ddns.net\/pachuca\/index.php\/wp-json\/wp\/v2\/product_cat?post=99969"},{"taxonomy":"product_tag","embeddable":true,"href":"https:\/\/soydeaqui.ddns.net\/pachuca\/index.php\/wp-json\/wp\/v2\/product_tag?post=99969"}],"curies":[{"name":"wp","href":"https:\/\/api.w.org\/{rel}","templated":true}]}}