{"id":99961,"date":"2026-03-20T10:51:39","date_gmt":"2026-03-20T10:51:39","guid":{"rendered":"https:\/\/soydeaqui.ddns.net\/pachuca\/index.php\/producto\/detector-de-presencia-termica-radar-deteccion-de-caidas-deteccion-de-personas-compatible-con-hikcentral-professional\/"},"modified":"2026-03-20T10:51:40","modified_gmt":"2026-03-20T10:51:40","slug":"detector-de-presencia-termica-radar-deteccion-de-caidas-deteccion-de-personas-compatible-con-hikcentral-professional","status":"publish","type":"product","link":"https:\/\/soydeaqui.ddns.net\/pachuca\/index.php\/producto\/detector-de-presencia-termica-radar-deteccion-de-caidas-deteccion-de-personas-compatible-con-hikcentral-professional\/","title":{"rendered":"Detector de Presencia Termica \/ Radar Detecci\u00f3n de Ca\u00eddas \/ Detecci\u00f3n de Personas  \/ Compatible con HikCentral Professional"},"content":{"rendered":"<div style='width: 100%; max-width: 1200px; margin: 0 auto; font-family: sans-serif; line-height: 1.6; color: inherit; background-color: transparent;'>\n<p style='text-align: center;'><img style='width: 100%; height: auto; border: 1px solid rgba(150&comma;150&comma;150&comma;0.3); border-radius: 8px;' src='https:\/\/ftp3.syscom.mx\/usuarios\/jsosa\/HIKVISION\/imagenes\/logo\/hikvision%20see%20far.png' alt='Logo Hikvision' \/><\/p>\n<div style='display: flex; flex-wrap: wrap; gap: 30px; margin-bottom: 30px;'>\n<div style='flex: 1 1 300px; min-width: 280px;'>\n<h3 style='font-size: 22px; border-bottom: 2px solid currentColor; padding-bottom: 5px; margin-top: 0; color: inherit; opacity: 0.8;'>Caracter\u00edsticas Principales:<\/h3>\n<ul style='padding-left: 20px; font-size: 15px; color: inherit;'>\n<li style='margin-bottom: 5px;'>Radar integrados para admitir la deteccion de personas.<\/li>\n<li style='margin-bottom: 5px;'>Admite deteccion fuera de la habitac\u00f3n&comma; detecci\u00f3n fuera de la camara&comma; salida sin retorno y detecci\u00f3n de que permanecen en el lugar.<\/li>\n<li style='margin-bottom: 5px;'>Alarma de excepci\u00f3n de audio para alertar cuando los ancianos o pacientes gritan.<\/li>\n<li style='margin-bottom: 5px;'>Admite microfono y altavoz integrados.<\/li>\n<\/ul><\/div>\n<div style='flex: 1 1 300px; min-width: 280px;'>\n<h3 style='font-size: 22px; border-bottom: 2px solid currentColor; padding-bottom: 5px; margin-top: 0; color: inherit; opacity: 0.8;'>Caraterisitcas Fisicas y Electricas:<\/h3>\n<ul style='padding-left: 20px; font-size: 15px; color: inherit;'>\n<li style='margin-bottom: 5px;'>Resoluci\u00f3n 160 x 120.<\/li>\n<li style='margin-bottom: 5px;'>Apertura F1.0.<\/li>\n<li style='margin-bottom: 5px;'>1 salida de alarma.<\/li>\n<li style='margin-bottom: 5px;'>Alimentaci\u00f3n: 12 VCD&comma; POE 802.3af.<\/li>\n<li style='margin-bottom: 5px;'>Consumo: 6 W.<\/li>\n<li style='margin-bottom: 5px;'>Dimensiones: 130mm x 102mm x 75mm.<\/li>\n<li style='margin-bottom: 5px;'>Peso: 38g.<\/li>\n<\/ul><\/div>\n<\/p><\/div>\n<div style='margin-bottom: 30px;'>\n<h3 style='font-size: 22px; border-bottom: 2px solid currentColor; padding-bottom: 5px; margin-top: 0; color: inherit; opacity: 0.8;'>Caracter\u00edsticas Destacadas:<\/h3>\n<p style='text-align: justify; font-size: 15px; color: inherit;'>Puede haber varias razones por las que un paciente puede estar inestable al estar de pie&comma; como la edad y la desorientaci\u00f3n. Mediante el uso de tecnolog\u00eda de sensores e inteligencia artifical&comma; la soluci\u00f3n puede detectar si una persona se cae&comma; por la forma en que se mueve. Esto se puede avisar de inmediato al personal de atenci\u00f3n&comma; para que puede tomar medidas de inmediato.<\/p>\n<\/p><\/div>\n<hr style='border: 0; border-top: 1px solid rgba(150&comma; 150&comma; 150&comma; 0.3); margin: 30px 0;'>\n<div style='margin-bottom: 30px;'> <img style='width: 100%; height: auto; border: 1px solid rgba(150&comma;150&comma;150&comma;0.3); border-radius: 8px;' src='https:\/\/ftp3.syscom.mx\/usuarios\/yalvarado\/hikvision\/HEALTHCARE\/HEALTHCARE.png' alt='Solutions Healthcare' \/> <\/div>\n<div style='margin-bottom: 30px;'>\n<h2 style='font-size: 24px; color: inherit; margin-top: 0;'><strong>SOLUCIONES INTELIGENTES QUE ASEGURAN LA SALUD Y OPTIMIZAN LA ATENCI\u00d3N<\/strong><\/h2>\n<p style='font-size: 15px; color: inherit;'>Las soluciones de Hikvision para el cuidado de la salud est\u00e1n dise\u00f1adas para crear un entorno sanitario m\u00e1s seguro y eficiente para todos. Siempre tenemos en cuenta las siguientes ideas al adaptar productos y sistemas para centros sanitarios.<\/p>\n<\/p><\/div>\n<div style='display: flex; flex-wrap: wrap; gap: 30px; margin-bottom: 30px;'>\n<div style='flex: 1 1 300px; min-width: 280px;'>\n<h3 style='font-size: 18px; margin-top: 0; color: inherit;'><strong>Permitiendo una protecci\u00f3n integral<\/strong><\/h3>\n<ul style='padding-left: 20px; font-size: 15px; color: inherit;'>\n<li style='text-align: justify; margin-bottom: 5px;'>Los centros sanitarios necesitan una seguridad integral en cada rinc\u00f3n. Restringir el acceso a determinadas zonas y detectar riesgos e incidentes lo antes posible son fundamentales para garantizar la seguridad de las instalaciones sanitarias en todo momento.<\/li>\n<\/ul><\/div>\n<div style='flex: 1 1 300px; min-width: 280px;'> <img style='width: 100%; height: auto; border: 1px solid rgba(150&comma;150&comma;150&comma;0.3); border-radius: 8px;' src='https:\/\/ftp3.syscom.mx\/usuarios\/yalvarado\/hikvision\/HEALTHCARE\/Healthcare-solutions-media1.jpg' alt='Protecci\u00f3n Integral' \/> <\/div>\n<\/p><\/div>\n<div style='display: flex; flex-wrap: wrap; gap: 30px; margin-bottom: 30px;'>\n<div style='flex: 1 1 300px; min-width: 280px;'> <img style='width: 100%; height: auto; border: 1px solid rgba(150&comma;150&comma;150&comma;0.3); border-radius: 8px;' src='https:\/\/ftp3.syscom.mx\/usuarios\/yalvarado\/hikvision\/HEALTHCARE\/Healthcare-solutions-media2.jpg' alt='Seguridad Mejorada' \/> <\/div>\n<div style='flex: 1 1 300px; min-width: 280px;'>\n<h3 style='font-size: 18px; margin-top: 0; color: inherit;'><strong>Mejora la sensaci\u00f3n de seguridad<\/strong><\/h3>\n<ul style='padding-left: 20px; font-size: 15px; color: inherit;'>\n<li style='text-align: justify; margin-bottom: 5px;'>Todos deben sentirse seguros&comma; protegidos y respetados mientras se encuentran en un centro de atenci\u00f3n medica. Esto no solo beneficiar\u00e1 a quienes reciben atenci\u00f3n&comma; sino que tambi\u00e9n ayudar\u00e1 a crear un entorno de trabajo positivo para los ciudadores que se dedican a brindar atenci\u00f3n de calidad.<\/li>\n<\/ul><\/div>\n<\/p><\/div>\n<div style='display: flex; flex-wrap: wrap; gap: 30px; margin-bottom: 30px;'>\n<div style='flex: 1 1 300px; min-width: 280px;'>\n<h3 style='font-size: 18px; margin-top: 0; color: inherit;'><strong>Ofeciendo productos con alta adaptabilidad<\/strong><\/h3>\n<ul style='padding-left: 20px; font-size: 15px; color: inherit;'>\n<li style='text-align: justify; margin-bottom: 5px;'>Los producto AloT de Hikvision son f\u00e1cilmente accesibles y gestionables por el software Hikcentral Professional. Los centros de salud no necesitan renovar sistemas para aprovechar las tecnolog\u00edas del futuro de Hikvision.<\/li>\n<\/ul><\/div>\n<div style='flex: 1 1 300px; min-width: 280px;'> <img style='width: 100%; height: auto; border: 1px solid rgba(150&comma;150&comma;150&comma;0.3); border-radius: 8px;' src='https:\/\/ftp3.syscom.mx\/usuarios\/yalvarado\/hikvision\/HEALTHCARE\/elder-care-radar.jpg' alt='Productos Adaptabilidad' \/> <\/div>\n<\/p><\/div>\n<\/p><\/div>\n","protected":false},"excerpt":{"rendered":"<p>Detector de Presencia Termica \/ Radar Detecci\u00f3n de Ca\u00eddas \/ Detecci\u00f3n de Personas  \/ Compatible con HikCentral Professional<\/p>\n","protected":false},"featured_media":99960,"comment_status":"open","ping_status":"closed","template":"","meta":[],"product_brand":[],"product_cat":[1049],"product_tag":[122,54,1050],"class_list":{"0":"post-99961","1":"product","2":"type-product","3":"status-publish","4":"has-post-thumbnail","6":"product_cat-termicas","7":"product_tag-camaras-ip-y-nvrs","8":"product_tag-hikvision","9":"product_tag-termicas","11":"first","12":"instock","13":"sale","14":"shipping-taxable","15":"purchasable","16":"product-type-simple"},"_links":{"self":[{"href":"https:\/\/soydeaqui.ddns.net\/pachuca\/index.php\/wp-json\/wp\/v2\/product\/99961","targetHints":{"allow":["GET"]}}],"collection":[{"href":"https:\/\/soydeaqui.ddns.net\/pachuca\/index.php\/wp-json\/wp\/v2\/product"}],"about":[{"href":"https:\/\/soydeaqui.ddns.net\/pachuca\/index.php\/wp-json\/wp\/v2\/types\/product"}],"replies":[{"embeddable":true,"href":"https:\/\/soydeaqui.ddns.net\/pachuca\/index.php\/wp-json\/wp\/v2\/comments?post=99961"}],"wp:featuredmedia":[{"embeddable":true,"href":"https:\/\/soydeaqui.ddns.net\/pachuca\/index.php\/wp-json\/wp\/v2\/media\/99960"}],"wp:attachment":[{"href":"https:\/\/soydeaqui.ddns.net\/pachuca\/index.php\/wp-json\/wp\/v2\/media?parent=99961"}],"wp:term":[{"taxonomy":"product_brand","embeddable":true,"href":"https:\/\/soydeaqui.ddns.net\/pachuca\/index.php\/wp-json\/wp\/v2\/product_brand?post=99961"},{"taxonomy":"product_cat","embeddable":true,"href":"https:\/\/soydeaqui.ddns.net\/pachuca\/index.php\/wp-json\/wp\/v2\/product_cat?post=99961"},{"taxonomy":"product_tag","embeddable":true,"href":"https:\/\/soydeaqui.ddns.net\/pachuca\/index.php\/wp-json\/wp\/v2\/product_tag?post=99961"}],"curies":[{"name":"wp","href":"https:\/\/api.w.org\/{rel}","templated":true}]}}