{"id":99949,"date":"2026-03-20T10:51:02","date_gmt":"2026-03-20T10:51:02","guid":{"rendered":"https:\/\/soydeaqui.ddns.net\/pachuca\/index.php\/producto\/el-servidor-empresarial-todo-en-uno-almacenamiento-redes-y-contenedores-con-routeros-enterprise\/"},"modified":"2026-03-20T10:51:13","modified_gmt":"2026-03-20T10:51:13","slug":"el-servidor-empresarial-todo-en-uno-almacenamiento-redes-y-contenedores-con-routeros-enterprise","status":"publish","type":"product","link":"https:\/\/soydeaqui.ddns.net\/pachuca\/index.php\/producto\/el-servidor-empresarial-todo-en-uno-almacenamiento-redes-y-contenedores-con-routeros-enterprise\/","title":{"rendered":"El Servidor Empresarial Todo-en-Uno: Almacenamiento, Redes y Contenedores con RouterOS Enterprise"},"content":{"rendered":"<div style='width: 100%; max-width: 1200px; margin: 0 auto; font-family: sans-serif; line-height: 1.6; color: inherit; background-color: transparent;'> <img style='width: 100%; height: auto; border: 1px solid rgba(150&comma;150&comma;150&comma;0.3); border-radius: 8px;' src='http:\/\/ftp3.syscom.mx\/usuarios\/ftp\/2025\/04\/01\/2676\/1743523238902.png_froala_67ec0da7c46c8' alt=''> <\/p>\n<p style='margin-top: 20px; margin-bottom: 20px;'>Terceros controlan tus datos. \u00bfDeber\u00edan? Tu negocio&comma; tus archivos&comma; tu futuro: todo en manos de proveedores externos con pol\u00edticas poco claras y riesgos desconocidos. <strong>Deja de depender de la nube.<\/strong> Controla tu infraestructura. Presentamos el Servidor de Datos Rose (RDS2216): una plataforma integral de almacenamiento&comma; redes y contenedores de alto rendimiento&comma; dise\u00f1ada para entornos empresariales. Segura&comma; escalable y bajo su control.<\/p>\n<h3 style='font-size: 20px; margin-top: 25px; margin-bottom: 15px; color: inherit; opacity: 0.8;'>\u00bfPor qu\u00e9 elegir RDS2216?<\/h3>\n<ul style='padding-left: 20px; font-size: 15px; color: inherit;'>\n<li style='margin-bottom: 10px;'>20 ranuras de almacenamiento U.2 NVMe: almacenamiento ultrarr\u00e1pido y de alta densidad para cargas de trabajo exigentes.<\/li>\n<li style='margin-bottom: 10px;'>Red de alta velocidad de 100G: 2 puertos QSFP28 de 100G&comma; 4 puertos SFP28 de 25G&comma; 4 puertos SFP+ de 10G&comma; 2 puertos Ethernet de 10G y una interfaz SFF-8644 adicional para una conectividad flexible.<\/li>\n<li style='margin-bottom: 10px;'>CPU ARM de 16 n\u00facleos a 2 GHz + 32 GB de RAM DDR4: procesamiento de alto rendimiento para redes&comma; almacenamiento y virtualizaci\u00f3n.<\/li>\n<li style='margin-bottom: 10px;'>Grandes ahorros de energ\u00eda: reduzca el consumo de energ\u00eda y la producci\u00f3n de calor manteniendo un alto rendimiento: una soluci\u00f3n ecol\u00f3gica para entornos con gran cantidad de datos.<\/li>\n<li style='margin-bottom: 10px;'>Ejecuta RouterOS: el sistema operativo de red modular m\u00e1s flexible. Admite capacidades avanzadas de almacenamiento&comma; como la exportaci\u00f3n de dispositivos de bloque mediante NVMe-TCP&comma; capas de cifrado y configuraciones de almacenamiento modulares para una infraestructura escalable. Sin suscripciones ni muros de pago.<\/li>\n<li style='margin-bottom: 10px;'>Compatible con contenedores: Ejecute MinIO&comma; Nextcloud&comma; Shinobi&comma; Frigate y otros contenedores compatibles con OCI con facilidad. Hemos a\u00f1adido dos puertos USB para dispositivos adicionales y mayor adaptabilidad.<\/li>\n<li style='margin-bottom: 10px;'>Incluye fuentes de alimentaci\u00f3n duales intercambiables en caliente&comma; lo que garantiza un funcionamiento ininterrumpido y un reemplazo r\u00e1pido sin tiempos de inactividad innecesarios.<\/li>\n<\/ul>\n<h3 style='font-size: 20px; margin-top: 25px; margin-bottom: 15px; color: inherit; opacity: 0.8;'>Un dispositivo. Posibilidades infinitas.<\/h3>\n<p style='margin-bottom: 15px;'>Es un gran avance en redes y almacenamiento flexibles para los entornos empresariales m\u00e1s exigentes. Conectividad confiable de 100 Gigabits. Compatibilidad con almacenamiento NVMe ultrarr\u00e1pido. Contenedores. Rendimiento de nivel empresarial.<\/p>\n<p style='margin-bottom: 15px;'>Sin suscripciones. Sin muros de pago. Solo rendimiento puro y a prueba de futuro.<\/p>\n<p style='margin-bottom: 30px;'>Lo compras&comma; es tuyo. Para siempre. Ese es un principio fundamental de MikroTik.<\/p>\n<p> <!-- Especificaciones --> <\/p>\n<div style='display: grid; grid-template-columns: repeat(auto-fill&comma; minmax(250px&comma; 1fr)); gap: 20px; margin-bottom: 30px;'>\n<div style='border: 1px solid rgba(150&comma;150&comma;150&comma;0.4); border-radius: 8px; overflow: hidden;'>\n<div style='padding: 15px; border-bottom: 1px solid rgba(150&comma;150&comma;150&comma;0.2); font-weight: bold; font-size: 18px; color: inherit;'>Detalles<\/div>\n<div style='padding: 15px; color: inherit;'>\n<ul style='padding-left: 20px; margin: 0; font-size: 14px; list-style-type: disc;'>\n<li style='margin-bottom: 5px;'><strong>C\u00f3digo de producto:<\/strong> RDS2216-2XG-4S+4XS-2XQ<\/li>\n<li style='margin-bottom: 5px;'><strong>Arquitectura:<\/strong> ARM de 64 bits<\/li>\n<li style='margin-bottom: 5px;'><strong>UPC:<\/strong> AL73400<\/li>\n<li style='margin-bottom: 5px;'><strong>N\u00famero de n\u00facleos de CPU:<\/strong> 16<\/li>\n<li style='margin-bottom: 5px;'><strong>Frecuencia nominal de la CPU:<\/strong> 2000 MHz<\/li>\n<li style='margin-bottom: 5px;'><strong>Modelo de chip de conmutaci\u00f3n:<\/strong> 98DX4310<\/li>\n<li style='margin-bottom: 5px;'><strong>Licencia de RouterOS:<\/strong> 6<\/li>\n<li style='margin-bottom: 5px;'><strong>Sistema operativo:<\/strong> <a style='color: inherit; text-decoration: underline;' href='https:\/\/help.mikrotik.com\/docs\/display\/ROS\/RouterOS' target='_blank' rel='noopener'>RouterOS v7 (edici\u00f3n especial ROSE)<\/a><\/li>\n<li style='margin-bottom: 5px;'><strong>Tama\u00f1o de RAM:<\/strong> 32 GB<\/li>\n<li style='margin-bottom: 5px;'><strong>Tama\u00f1o de almacenamiento:<\/strong> 128 MB<\/li>\n<li style='margin-bottom: 5px;'><strong>Tipo de almacenamiento:<\/strong> NAND<\/li>\n<li style='margin-bottom: 5px;'><strong>MTBF:<\/strong> Aproximadamente 200.000 horas a 25 \u00b0C<\/li>\n<li style='margin-bottom: 5px;'><strong>Temperatura ambiente probada:<\/strong> -20\u00b0C a 50\u00b0C<\/li>\n<li style='margin-bottom: 5px;'><strong>Aceleraci\u00f3n de hardware IPsec:<\/strong> S\u00ed<\/li>\n<\/ul><\/div>\n<\/p><\/div>\n<div style='border: 1px solid rgba(150&comma;150&comma;150&comma;0.4); border-radius: 8px; overflow: hidden;'>\n<div style='padding: 15px; border-bottom: 1px solid rgba(150&comma;150&comma;150&comma;0.2); font-weight: bold; font-size: 18px; color: inherit;'>Alimentaci\u00f3n<\/div>\n<div style='padding: 15px; color: inherit;'>\n<ul style='padding-left: 20px; margin: 0; font-size: 14px; list-style-type: disc;'>\n<li style='margin-bottom: 5px;'><strong>N\u00famero de entradas de CA:<\/strong> 2<\/li>\n<li style='margin-bottom: 5px;'><strong>Rango de entrada de CA:<\/strong> 100-240<\/li>\n<li style='margin-bottom: 5px;'><strong>Frecuencia (Hz):<\/strong> 50-60<\/li>\n<li style='margin-bottom: 5px;'><strong>Consumo m\u00e1ximo de energ\u00eda:<\/strong> 286 W<\/li>\n<li style='margin-bottom: 5px;'><strong>Consumo m\u00e1ximo de energ\u00eda sin accesorios:<\/strong> 105 W<\/li>\n<li style='margin-bottom: 5px;'><strong>Tipo de enfriamiento:<\/strong> 10 ventiladores<\/li>\n<\/ul><\/div>\n<\/p><\/div>\n<div style='border: 1px solid rgba(150&comma;150&comma;150&comma;0.4); border-radius: 8px; overflow: hidden;'>\n<div style='padding: 15px; border-bottom: 1px solid rgba(150&comma;150&comma;150&comma;0.2); font-weight: bold; font-size: 18px; color: inherit;'>Ethernet<\/div>\n<div style='padding: 15px; color: inherit;'>\n<ul style='padding-left: 20px; margin: 0; font-size: 14px; list-style-type: disc;'>\n<li style='margin-bottom: 5px;'><strong>Puertos Ethernet 10\/100\/1000:<\/strong> 1<\/li>\n<li style='margin-bottom: 5px;'><strong>N\u00famero de puertos Ethernet 1G\/2&comma;5G\/5G\/10G:<\/strong> 2<\/li>\n<\/ul><\/div>\n<\/p><\/div>\n<div style='border: 1px solid rgba(150&comma;150&comma;150&comma;0.4); border-radius: 8px; overflow: hidden;'>\n<div style='padding: 15px; border-bottom: 1px solid rgba(150&comma;150&comma;150&comma;0.2); font-weight: bold; font-size: 18px; color: inherit;'>Fibra<\/div>\n<div style='padding: 15px; color: inherit;'>\n<ul style='padding-left: 20px; margin: 0; font-size: 14px; list-style-type: disc;'>\n<li style='margin-bottom: 5px;'><strong>Puertos SFP+:<\/strong> 4<\/li>\n<li style='margin-bottom: 5px;'><strong>N\u00famero de puertos SFP28 de 25G:<\/strong> 4<\/li>\n<li style='margin-bottom: 5px;'><strong>N\u00famero de puertos QSFP28 de 100 G:<\/strong> 2<\/li>\n<\/ul><\/div>\n<\/p><\/div>\n<div style='border: 1px solid rgba(150&comma;150&comma;150&comma;0.4); border-radius: 8px; overflow: hidden;'>\n<div style='padding: 15px; border-bottom: 1px solid rgba(150&comma;150&comma;150&comma;0.2); font-weight: bold; font-size: 18px; color: inherit;'>Perif\u00e9ricos<\/div>\n<div style='padding: 15px; color: inherit;'>\n<ul style='padding-left: 20px; margin: 0; font-size: 14px; list-style-type: disc;'>\n<li style='margin-bottom: 5px;'><strong>Puerto de consola serie:<\/strong> RJ45<\/li>\n<li style='margin-bottom: 5px;'><strong>N\u00famero de puertos USB:<\/strong> 2<\/li>\n<li style='margin-bottom: 5px;'><strong>Reinicio de energ\u00eda USB:<\/strong> S\u00ed<\/li>\n<li style='margin-bottom: 5px;'><strong>Tipo de ranura USB:<\/strong> USB 3.0 tipo A<\/li>\n<li style='margin-bottom: 5px;'><strong>Corriente USB m\u00e1xima (A):<\/strong> 1<\/li>\n<li style='margin-bottom: 5px;'><strong>N\u00famero de ranuras M.2:<\/strong> 2<\/li>\n<\/ul><\/div>\n<\/p><\/div>\n<div style='border: 1px solid rgba(150&comma;150&comma;150&comma;0.4); border-radius: 8px; overflow: hidden;'>\n<div style='padding: 15px; border-bottom: 1px solid rgba(150&comma;150&comma;150&comma;0.2); font-weight: bold; font-size: 18px; color: inherit;'>Otro<\/div>\n<div style='padding: 15px; color: inherit;'>\n<ul style='padding-left: 20px; margin: 0; font-size: 14px; list-style-type: disc;'>\n<li style='margin-bottom: 5px;'><strong>Monitor de temperatura de la CPU:<\/strong> S\u00ed<\/li>\n<li style='margin-bottom: 5px;'><strong>Monitor de temperatura de PCB:<\/strong> S\u00ed<\/li>\n<li style='margin-bottom: 5px;'><strong>Monitor de voltaje:<\/strong> S\u00ed<\/li>\n<li style='margin-bottom: 5px;'><strong>Bot\u00f3n de modo:<\/strong> S\u00ed<\/li>\n<\/ul><\/div>\n<\/p><\/div>\n<div style='border: 1px solid rgba(150&comma;150&comma;150&comma;0.4); border-radius: 8px; overflow: hidden;'>\n<div style='padding: 15px; border-bottom: 1px solid rgba(150&comma;150&comma;150&comma;0.2); font-weight: bold; font-size: 18px; color: inherit;'>Certificaci\u00f3n y aprobaciones<\/div>\n<div style='padding: 15px; color: inherit;'>\n<ul style='padding-left: 20px; margin: 0; font-size: 14px; list-style-type: disc;'>\n<li style='margin-bottom: 5px;'><strong>Proceso de dar un t\u00edtulo:<\/strong> CE&comma; EAC&comma; ROHS<\/li>\n<li style='margin-bottom: 5px;'><strong>Propiedad intelectual:<\/strong> 20<\/li>\n<\/ul><\/div>\n<\/p><\/div>\n<\/p><\/div>\n<p> <!-- Piezas incluidas --> <\/p>\n<h3 style='font-size: 20px; margin-top: 30px; margin-bottom: 20px; color: inherit; opacity: 0.8;'>Piezas incluidas<\/h3>\n<div style='display: flex; flex-wrap: wrap; gap: 20px; margin-bottom: 30px;'>\n<div style='flex: 1 1 130px; min-width: 130px; text-align: center;'> <img style='width: 80px; height: auto; border: 1px solid rgba(150&comma;150&comma;150&comma;0.3); border-radius: 4px;' src='http:\/\/ftp3.syscom.mx\/usuarios\/ftp\/2025\/04\/01\/2676\/1743523497227.png_froala_67ec0eaa23d8e' alt='Cable IEC'> <\/p>\n<p style='margin-top: 8px; font-size: 14px;'>Cable IEC<\/p>\n<\/p><\/div>\n<div style='flex: 1 1 130px; min-width: 130px; text-align: center;'> <img style='width: 80px; height: auto; border: 1px solid rgba(150&comma;150&comma;150&comma;0.3); border-radius: 4px;' src='http:\/\/ftp3.syscom.mx\/usuarios\/ftp\/2025\/04\/01\/2676\/1743523497249.png_froala_67ec0eaa45efe' alt='Cable IEC'> <\/p>\n<p style='margin-top: 8px; font-size: 14px;'>Cable IEC<\/p>\n<\/p><\/div>\n<div style='flex: 1 1 130px; min-width: 130px; text-align: center;'> <img style='width: 80px; height: auto; border: 1px solid rgba(150&comma;150&comma;150&comma;0.3); border-radius: 4px;' src='http:\/\/ftp3.syscom.mx\/usuarios\/ftp\/2025\/04\/01\/2676\/1743523497257.png_froala_67ec0eaa76bdd' alt='Juego de fijaci\u00f3n K-90'> <\/p>\n<p style='margin-top: 8px; font-size: 14px;'>Juego de fijaci\u00f3n K-90<\/p>\n<\/p><\/div>\n<div style='flex: 1 1 130px; min-width: 130px; text-align: center;'> <img style='width: 80px; height: auto; border: 1px solid rgba(150&comma;150&comma;150&comma;0.3); border-radius: 4px;' src='http:\/\/ftp3.syscom.mx\/usuarios\/ftp\/2025\/04\/01\/2676\/1743523497273.png_froala_67ec0eaa6b356' alt='Oreja de montaje en rack (ROSE)'> <\/p>\n<p style='margin-top: 8px; font-size: 14px;'>Oreja de montaje en rack (ROSE)<\/p>\n<\/p><\/div>\n<div style='flex: 1 1 130px; min-width: 130px; text-align: center;'> <img style='width: 80px; height: auto; border: 1px solid rgba(150&comma;150&comma;150&comma;0.3); border-radius: 4px;' src='http:\/\/ftp3.syscom.mx\/usuarios\/ftp\/2025\/04\/01\/2676\/1743523497268.png_froala_67ec0eaa5396b' alt='Orejas de soporte traseras peque\u00f1as (ROSE)'> <\/p>\n<p style='margin-top: 8px; font-size: 14px;'>Orejas de soporte traseras peque\u00f1as (ROSE)<\/p>\n<\/p><\/div>\n<div style='flex: 1 1 130px; min-width: 130px; text-align: center;'> <img style='width: 80px; height: auto; border: 1px solid rgba(150&comma;150&comma;150&comma;0.3); border-radius: 4px;' src='http:\/\/ftp3.syscom.mx\/usuarios\/ftp\/2025\/04\/01\/2676\/1743523497263.png_froala_67ec0eaa5f3da' alt='Orejas de soporte traseras largas para montaje en rack (ROSE)'> <\/p>\n<p style='margin-top: 8px; font-size: 14px;'>Orejas de soporte traseras largas para montaje en rack (ROSE)<\/p>\n<\/p><\/div>\n<\/p><\/div>\n<p style='margin-top: 20px; font-style: italic;'>El dispositivo cuenta con un sistema operativo preinstalado y con licencia. No requiere compra por separado y est\u00e1 listo para usar. Incluye actualizaciones de software gratuitas durante la vida \u00fatil del producto o un m\u00ednimo de 5 a\u00f1os a partir de la fecha de compra.<\/p>\n<hr style='border: 0; border-top: 1px solid rgba(150&comma;150&comma;150&comma;0.3); margin: 30px 0;'> <\/div>\n","protected":false},"excerpt":{"rendered":"<p>El Servidor Empresarial Todo-en-Uno: Almacenamiento, Redes y Contenedores con RouterOS Enterprise<\/p>\n","protected":false},"featured_media":99948,"comment_status":"open","ping_status":"closed","template":"","meta":[],"product_brand":[],"product_cat":[2036,2035,2034],"product_tag":[2039,2038,643,664,2037],"class_list":{"0":"post-99949","1":"product","2":"type-product","3":"status-publish","4":"has-post-thumbnail","6":"product_cat-balanceadores","7":"product_cat-firewalls","8":"product_cat-routers","9":"product_tag-balanceadores","10":"product_tag-firewalls","11":"product_tag-mikrotik","12":"product_tag-networking","13":"product_tag-routers","15":"first","16":"instock","17":"sale","18":"shipping-taxable","19":"purchasable","20":"product-type-simple"},"_links":{"self":[{"href":"https:\/\/soydeaqui.ddns.net\/pachuca\/index.php\/wp-json\/wp\/v2\/product\/99949","targetHints":{"allow":["GET"]}}],"collection":[{"href":"https:\/\/soydeaqui.ddns.net\/pachuca\/index.php\/wp-json\/wp\/v2\/product"}],"about":[{"href":"https:\/\/soydeaqui.ddns.net\/pachuca\/index.php\/wp-json\/wp\/v2\/types\/product"}],"replies":[{"embeddable":true,"href":"https:\/\/soydeaqui.ddns.net\/pachuca\/index.php\/wp-json\/wp\/v2\/comments?post=99949"}],"wp:featuredmedia":[{"embeddable":true,"href":"https:\/\/soydeaqui.ddns.net\/pachuca\/index.php\/wp-json\/wp\/v2\/media\/99948"}],"wp:attachment":[{"href":"https:\/\/soydeaqui.ddns.net\/pachuca\/index.php\/wp-json\/wp\/v2\/media?parent=99949"}],"wp:term":[{"taxonomy":"product_brand","embeddable":true,"href":"https:\/\/soydeaqui.ddns.net\/pachuca\/index.php\/wp-json\/wp\/v2\/product_brand?post=99949"},{"taxonomy":"product_cat","embeddable":true,"href":"https:\/\/soydeaqui.ddns.net\/pachuca\/index.php\/wp-json\/wp\/v2\/product_cat?post=99949"},{"taxonomy":"product_tag","embeddable":true,"href":"https:\/\/soydeaqui.ddns.net\/pachuca\/index.php\/wp-json\/wp\/v2\/product_tag?post=99949"}],"curies":[{"name":"wp","href":"https:\/\/api.w.org\/{rel}","templated":true}]}}