{"id":99941,"date":"2026-03-20T10:50:38","date_gmt":"2026-03-20T10:50:38","guid":{"rendered":"https:\/\/soydeaqui.ddns.net\/pachuca\/index.php\/producto\/kit-de-canaletas-para-la-organizacion-de-tuberias-y-cables-electricos-en-instalaciones-de-aire-acondicionado-uso-en-interiores-y-exteriores-pvc-rigido-ideal-para-minisplit-contenido-de-kit-11-pie\/"},"modified":"2026-03-20T10:50:43","modified_gmt":"2026-03-20T10:50:43","slug":"kit-de-canaletas-para-la-organizacion-de-tuberias-y-cables-electricos-en-instalaciones-de-aire-acondicionado-uso-en-interiores-y-exteriores-pvc-rigido-ideal-para-minisplit-contenido-de-kit-11-pie","status":"publish","type":"product","link":"https:\/\/soydeaqui.ddns.net\/pachuca\/index.php\/producto\/kit-de-canaletas-para-la-organizacion-de-tuberias-y-cables-electricos-en-instalaciones-de-aire-acondicionado-uso-en-interiores-y-exteriores-pvc-rigido-ideal-para-minisplit-contenido-de-kit-11-pie\/","title":{"rendered":"Kit de Canaletas Para la Organizaci\u00f3n de Tuber\u00edas y Cables El\u00e9ctricos en Instalaciones de Aire Acondicionado, Uso en Interiores y Exteriores, PVC R\u00edgido, Ideal Para Minisplit, Contenido de Kit (11 Piezas), (3000-00000)"},"content":{"rendered":"<div style='width: 100%; max-width: 1200px; margin: 0 auto; font-family: sans-serif; line-height: 1.6; color: inherit; background-color: transparent;'>\n<div style='display: flex; flex-wrap: wrap; gap: 30px; margin-bottom: 30px;'>\n<div style='flex: 1 1 300px; min-width: 280px;'> <img style='width: 100%; height: auto; border: 1px solid rgba(150&comma;150&comma;150&comma;0.3); border-radius: 8px;' src='https:\/\/ftp3.syscom.mx\/usuarios\/fotos\/TEK100M\/221839-thorsmanarriba.jpg' alt=''> <\/div>\n<\/p><\/div>\n<div style='display: flex; flex-wrap: wrap; gap: 30px; margin-bottom: 30px;'>\n<div style='flex: 1 1 300px; min-width: 280px;'>\n<h3 style='font-size: 22px; border-bottom: 2px solid currentColor; padding-bottom: 5px; margin-top: 0; color: inherit; opacity: 0.8;'>Descripci\u00f3n<\/h3>\n<p style='font-size: 15px; color: inherit;'>El Kit para Aire Acondicionado TH-AC-KIT de THORSMAN est\u00e1 dise\u00f1ado para la protecci\u00f3n y organizaci\u00f3n de tuber\u00edas y conductores el\u00e9ctricos en instalaciones de aire acondicionado.<\/p>\n<\/p><\/div>\n<\/p><\/div>\n<div style='display: flex; flex-wrap: wrap; gap: 30px; margin-bottom: 30px;'>\n<div style='flex: 1 1 300px; min-width: 280px;'>\n<h3 style='font-size: 22px; border-bottom: 2px solid currentColor; padding-bottom: 5px; margin-top: 0; color: inherit; opacity: 0.8;'>Caracter\u00edsticas principales<\/h3>\n<ul style='padding-left: 20px; font-size: 15px; color: inherit;'>\n<li style='margin-bottom: 5px;'>Uso en interiores y exteriores&comma; adapt\u00e1ndose a diferentes entornos.<\/li>\n<li style='margin-bottom: 5px;'>Instalaci\u00f3n r\u00e1pida y sencilla&comma; gracias a su dise\u00f1o autosoportado con accesorios incluidos.<\/li>\n<li style='margin-bottom: 5px;'>Fabricado en PVC r\u00edgido blanco&comma; resistente y duradero.<\/li>\n<li style='margin-bottom: 5px;'>Resiste temperaturas de trabajo de -20\u00b0C a 75\u00b0C.<\/li>\n<li style='margin-bottom: 5px;'>\u00c1rea interna total de 3&comma;344 mm\u00b2&comma; proporcionando amplio espacio para canalizaci\u00f3n.<\/li>\n<\/ul><\/div>\n<\/p><\/div>\n<div style='display: flex; flex-wrap: wrap; gap: 30px; margin-bottom: 30px;'>\n<div style='flex: 1 1 300px; min-width: 280px;'>\n<h3 style='font-size: 22px; border-bottom: 2px solid currentColor; padding-bottom: 5px; margin-top: 0; color: inherit; opacity: 0.8;'>Contenido del Kit<\/h3>\n<p style='font-size: 15px; color: inherit;'>El paquete incluye los siguientes elementos para una instalaci\u00f3n completa:<\/p>\n<ul style='padding-left: 20px; font-size: 15px; color: inherit;'>\n<li style='margin-bottom: 5px;'>4 canales para aire acondicionado (1 metro de longitud)<\/li>\n<li style='margin-bottom: 5px;'>3 coples<\/li>\n<li style='margin-bottom: 5px;'>1 terminal a pared<\/li>\n<li style='margin-bottom: 5px;'>1 tapa final<\/li>\n<li style='margin-bottom: 5px;'>1 codo vertical<\/li>\n<li style='margin-bottom: 5px;'>1 codo plano<\/li>\n<li style='margin-bottom: 5px;'>Se incluyen thorquetes TP2X y tornillos para su instalaci\u00f3n<\/li>\n<li style='margin-bottom: 5px;'>Cinchos para auxiliar la sujeci\u00f3n de conductores y tuber\u00eda<\/li>\n<\/ul><\/div>\n<\/p><\/div>\n<div style='display: flex; flex-wrap: wrap; gap: 30px; margin-bottom: 30px;'>\n<div style='flex: 1 1 300px; min-width: 280px;'>\n<h3 style='font-size: 22px; border-bottom: 2px solid currentColor; padding-bottom: 5px; margin-top: 0; color: inherit; opacity: 0.8;'>Ventajas<\/h3>\n<ul style='padding-left: 20px; font-size: 15px; color: inherit;'>\n<li style='margin-bottom: 5px;'><strong>Protecci\u00f3n y orden:<\/strong> Evita da\u00f1os en tuber\u00edas y cables&comma; manteniendo una instalaci\u00f3n segura.<\/li>\n<li style='margin-bottom: 5px;'><strong>Versatilidad:<\/strong> Apto para diversos entornos (hogar&comma; oficina&comma; industria y hospitales).<\/li>\n<li style='margin-bottom: 5px;'><strong>Facilidad de instalaci\u00f3n:<\/strong> Dise\u00f1o modular que permite una r\u00e1pida implementaci\u00f3n.<\/li>\n<li style='margin-bottom: 5px;'><strong>Est\u00e9tica y organizaci\u00f3n:<\/strong> Mantiene una apariencia limpia y profesional en las instalaciones.<\/li>\n<\/ul>\n<p style='font-size: 15px; color: inherit;'>Este kit es una soluci\u00f3n confiable para quienes buscan eficiencia&comma; durabilidad y seguridad en la instalaci\u00f3n de sistemas de aire acondicionado.<\/p>\n<\/p><\/div>\n<\/p><\/div>\n<div style='display: flex; flex-wrap: wrap; gap: 30px; margin-bottom: 30px;'>\n<div style='flex: 1 1 300px; min-width: 280px;'> <img style='width: 100%; height: auto; border: 1px solid rgba(150&comma;150&comma;150&comma;0.3); border-radius: 8px;' src='https:\/\/ftp3.syscom.mx\/usuarios\/fotos\/THACKIT\/238230-captura_de_pantalla_2025-03-10_170406.png' alt=''> <\/div>\n<\/p><\/div>\n<div style='display: flex; flex-wrap: wrap; gap: 30px; margin-bottom: 30px;'>\n<div style='flex: 1 1 300px; min-width: 280px;'> <img style='width: 100%; height: auto; border: 1px solid rgba(150&comma;150&comma;150&comma;0.3); border-radius: 8px;' src='http:\/\/ftp3.syscom.mx\/usuarios\/egomez\/Hecho%20en%20Mexico.jpg' alt=''> <\/div>\n<\/p><\/div>\n<div style='display: flex; flex-wrap: wrap; gap: 30px; margin-bottom: 30px;'>\n<div style='flex: 1 1 300px; min-width: 280px;'>\n<div style='position: relative; padding-bottom: 56.25%; height: 0; overflow: hidden; margin-bottom: 30px;'>   <\/div>\n<\/p><\/div>\n<\/p><\/div>\n<div style='display: flex; flex-wrap: wrap; gap: 30px; margin-bottom: 30px;'>\n<div style='flex: 1 1 300px; min-width: 280px;'> <img style='width: 100%; height: auto; border: 1px solid rgba(150&comma;150&comma;150&comma;0.3); border-radius: 8px;' src='https:\/\/ftp3.syscom.mx\/usuarios\/fotos\/TEK100M\/221839-thorsmanabajo.png' alt=''> <\/div>\n<\/p><\/div>\n<\/p><\/div>\n","protected":false},"excerpt":{"rendered":"<p>Kit de Canaletas Para la Organizaci\u00f3n de Tuber\u00edas y Cables El\u00e9ctricos en Instalaciones de Aire Acondicionado, Uso en Interiores y Exteriores, PVC R\u00edgido, Ideal Para Minisplit, Contenido de Kit (11 Piezas), (3000-00000)<\/p>\n","protected":false},"featured_media":99940,"comment_status":"open","ping_status":"closed","template":"","meta":[],"product_brand":[],"product_cat":[581],"product_tag":[582,572,583],"class_list":{"0":"post-99941","1":"product","2":"type-product","3":"status-publish","4":"has-post-thumbnail","6":"product_cat-canaletas","7":"product_tag-canaletas","8":"product_tag-canalizacion","9":"product_tag-thorsman","11":"first","12":"instock","13":"sale","14":"shipping-taxable","15":"purchasable","16":"product-type-simple"},"_links":{"self":[{"href":"https:\/\/soydeaqui.ddns.net\/pachuca\/index.php\/wp-json\/wp\/v2\/product\/99941","targetHints":{"allow":["GET"]}}],"collection":[{"href":"https:\/\/soydeaqui.ddns.net\/pachuca\/index.php\/wp-json\/wp\/v2\/product"}],"about":[{"href":"https:\/\/soydeaqui.ddns.net\/pachuca\/index.php\/wp-json\/wp\/v2\/types\/product"}],"replies":[{"embeddable":true,"href":"https:\/\/soydeaqui.ddns.net\/pachuca\/index.php\/wp-json\/wp\/v2\/comments?post=99941"}],"wp:featuredmedia":[{"embeddable":true,"href":"https:\/\/soydeaqui.ddns.net\/pachuca\/index.php\/wp-json\/wp\/v2\/media\/99940"}],"wp:attachment":[{"href":"https:\/\/soydeaqui.ddns.net\/pachuca\/index.php\/wp-json\/wp\/v2\/media?parent=99941"}],"wp:term":[{"taxonomy":"product_brand","embeddable":true,"href":"https:\/\/soydeaqui.ddns.net\/pachuca\/index.php\/wp-json\/wp\/v2\/product_brand?post=99941"},{"taxonomy":"product_cat","embeddable":true,"href":"https:\/\/soydeaqui.ddns.net\/pachuca\/index.php\/wp-json\/wp\/v2\/product_cat?post=99941"},{"taxonomy":"product_tag","embeddable":true,"href":"https:\/\/soydeaqui.ddns.net\/pachuca\/index.php\/wp-json\/wp\/v2\/product_tag?post=99941"}],"curies":[{"name":"wp","href":"https:\/\/api.w.org\/{rel}","templated":true}]}}