{"id":99938,"date":"2026-03-20T10:50:30","date_gmt":"2026-03-20T10:50:30","guid":{"rendered":"https:\/\/soydeaqui.ddns.net\/pachuca\/index.php\/producto\/cerradura-para-cajones-standalone\/"},"modified":"2026-03-20T10:50:35","modified_gmt":"2026-03-20T10:50:35","slug":"cerradura-para-cajones-standalone","status":"publish","type":"product","link":"https:\/\/soydeaqui.ddns.net\/pachuca\/index.php\/producto\/cerradura-para-cajones-standalone\/","title":{"rendered":"Cerradura para Cajones, Standalone."},"content":{"rendered":"<div style='width: 100%; max-width: 1200px; margin: 0 auto; font-family: sans-serif; line-height: 1.6; color: inherit; background-color: transparent;'>\n<div style='display: flex; flex-direction: column; align-items: center; margin-bottom: 30px;'> <img style='width: 100%; max-width: 200px; height: auto; border: 1px solid rgba(150&comma;150&comma;150&comma;0.3); border-radius: 8px;' src='http:\/\/ftp3.syscom.mx\/usuarios\/ftp\/2017\/03\/02\/f97ed\/RCI_logo-plus-DOKAEndorsement_4C.jpg' alt='Logo RCI - DORMAKABA'> <\/div>\n<div style='display: flex; flex-wrap: wrap; gap: 30px; margin-bottom: 30px;'>\n<div style='flex: 1 1 300px; min-width: 280px;'>\n<h3 style='font-size: 22px; border-bottom: 2px solid currentColor; padding-bottom: 5px; margin-top: 0; color: inherit; opacity: 0.8;'>Descripci\u00f3n General<\/h3>\n<p style='font-size: 15px; color: inherit;'>El 3590 Lock \u2018N\u2019 Prox es un candado alimentado por bater\u00eda con un lector de proximidad incorporado&comma; lo que lo convierte en una soluci\u00f3n independiente ideal. El RCI 3590 es f\u00e1cil de instalar y simple de programar sin una PC o software. La cerradura se puede instalar en puertas corredizas&comma; respaldos de cajones&comma; puertas batientes&comma; vidrio y m\u00e1s. El RCI Lock \u2018N\u2019 Prox tiene una se\u00f1al audible cuando se presenta la tarjeta \/ llavero y una advertencia de bater\u00eda baja. Una funci\u00f3n de alarma adicional est\u00e1 disponible para proporcionar una alerta si la puerta se deja abierta o se abre a la fuerza.<\/p>\n<\/p><\/div>\n<\/p><\/div>\n<div style='display: flex; flex-wrap: wrap; gap: 20px; margin-bottom: 30px;'>\n<div style='flex: 1 1 250px; border: 1px solid rgba(150&comma; 150&comma; 150&comma; 0.4); border-radius: 8px; overflow: hidden; display: flex; flex-direction: column;'>\n<div style='padding: 15px; border-bottom: 1px solid rgba(150&comma; 150&comma; 150&comma; 0.2); font-weight: bold; font-size: 18px; color: inherit;'>Caracter\u00edsticas<\/div>\n<div style='padding: 15px; color: inherit;'>\n<ul style='padding-left: 20px; margin: 0; font-size: 14px; list-style-type: disc;'>\n<li style='margin-bottom: 5px;'>F\u00e1cil de instalar y sencillo de programar sin PC ni software<\/li>\n<li style='margin-bottom: 5px;'>Se puede instalar en puertas correderas&comma; respaldos de cajones&comma; puertas batientes&comma; cristales&comma; etc.<\/li>\n<li style='margin-bottom: 5px;'>Configuraciones de 2 pines para adaptarse a la mayor\u00eda de las aplicaciones de montaje<\/li>\n<li style='margin-bottom: 5px;'>Hasta 1 &#8216;(25 mm) de lectura confiable a trav\u00e9s de material de madera sin antena externa<\/li>\n<li style='margin-bottom: 5px;'>50 usuarios por capacidad de bloqueo<\/li>\n<li style='margin-bottom: 5px;'>Programaci\u00f3n y funciones flexibles basadas en proyectos disponibles<\/li>\n<li style='margin-bottom: 5px;'>Bater\u00eda de litio de larga duraci\u00f3n: m\u00ednimo 30.000 aberturas de pestillo por vida \u00fatil de la bater\u00eda<\/li>\n<li style='margin-bottom: 5px;'>Advertencia sonora de bater\u00eda baja<\/li>\n<li style='margin-bottom: 5px;'>Funcionamiento del motor muy robusto y a prueba de golpes<\/li>\n<li style='margin-bottom: 5px;'>Se\u00f1al audible al presentar la tarjeta \/ llavero<\/li>\n<li style='margin-bottom: 5px;'>Varias opciones de cierre disponibles&comma; incluido el mecanismo de apertura de la puerta con resorte<\/li>\n<li style='margin-bottom: 5px;'>Acabado negro<\/li>\n<li style='margin-bottom: 5px;'>Alimentada por bater\u00edas<\/li>\n<\/ul><\/div>\n<\/p><\/div>\n<div style='flex: 1 1 250px; border: 1px solid rgba(150&comma; 150&comma; 150&comma; 0.4); border-radius: 8px; overflow: hidden; display: flex; flex-direction: column;'>\n<div style='padding: 15px; border-bottom: 1px solid rgba(150&comma; 150&comma; 150&comma; 0.2); font-weight: bold; font-size: 18px; color: inherit;'>Especificaciones<\/div>\n<div style='padding: 15px; color: inherit;'>\n<ul style='padding-left: 20px; margin: 0; font-size: 14px; list-style-type: disc;'>\n<li style='margin-bottom: 5px;'>Fuerza de sujeci\u00f3n de 140 lbf (para el modelo base. 450 lbf para 3590A)<\/li>\n<li style='margin-bottom: 5px;'>Modo: Fail &#8211; Secure (Fail &#8211; Safe cuando falla la bater\u00eda)<\/li>\n<li style='margin-bottom: 5px;'>Funci\u00f3n de alarma opcional disponible<\/li>\n<li style='margin-bottom: 5px;'>Dimensiones: 2-3 \/ 8 &#8216;W x 2-3 \/ 8&#8217; H x 7\/8 &#8216;D (60 mm x 60 mm x 22 mm).<\/li>\n<li style='margin-bottom: 5px;'>Cumple con FCC e ISED<\/li>\n<\/ul><\/div>\n<\/p><\/div>\n<\/p><\/div>\n<\/p><\/div>\n","protected":false},"excerpt":{"rendered":"<p>Cerradura para Cajones, Standalone.<\/p>\n","protected":false},"featured_media":99937,"comment_status":"open","ping_status":"closed","template":"","meta":[],"product_brand":[],"product_cat":[772],"product_tag":[87,773,453],"class_list":{"0":"post-99938","1":"product","2":"type-product","3":"status-publish","4":"has-post-thumbnail","6":"product_cat-contrachapas","7":"product_tag-cerraduras","8":"product_tag-contrachapas","9":"product_tag-rci-dormakaba","11":"first","12":"outofstock","13":"sale","14":"shipping-taxable","15":"purchasable","16":"product-type-simple"},"_links":{"self":[{"href":"https:\/\/soydeaqui.ddns.net\/pachuca\/index.php\/wp-json\/wp\/v2\/product\/99938","targetHints":{"allow":["GET"]}}],"collection":[{"href":"https:\/\/soydeaqui.ddns.net\/pachuca\/index.php\/wp-json\/wp\/v2\/product"}],"about":[{"href":"https:\/\/soydeaqui.ddns.net\/pachuca\/index.php\/wp-json\/wp\/v2\/types\/product"}],"replies":[{"embeddable":true,"href":"https:\/\/soydeaqui.ddns.net\/pachuca\/index.php\/wp-json\/wp\/v2\/comments?post=99938"}],"wp:featuredmedia":[{"embeddable":true,"href":"https:\/\/soydeaqui.ddns.net\/pachuca\/index.php\/wp-json\/wp\/v2\/media\/99937"}],"wp:attachment":[{"href":"https:\/\/soydeaqui.ddns.net\/pachuca\/index.php\/wp-json\/wp\/v2\/media?parent=99938"}],"wp:term":[{"taxonomy":"product_brand","embeddable":true,"href":"https:\/\/soydeaqui.ddns.net\/pachuca\/index.php\/wp-json\/wp\/v2\/product_brand?post=99938"},{"taxonomy":"product_cat","embeddable":true,"href":"https:\/\/soydeaqui.ddns.net\/pachuca\/index.php\/wp-json\/wp\/v2\/product_cat?post=99938"},{"taxonomy":"product_tag","embeddable":true,"href":"https:\/\/soydeaqui.ddns.net\/pachuca\/index.php\/wp-json\/wp\/v2\/product_tag?post=99938"}],"curies":[{"name":"wp","href":"https:\/\/api.w.org\/{rel}","templated":true}]}}