{"id":99932,"date":"2026-03-20T10:50:14","date_gmt":"2026-03-20T10:50:14","guid":{"rendered":"https:\/\/soydeaqui.ddns.net\/pachuca\/index.php\/producto\/body-camera-portatil-grabacion-a-1080p-ip67-h-265-32-gb-gps-wifi-3g-y-4g-fotos-de-30-megapixel\/"},"modified":"2026-03-20T10:50:16","modified_gmt":"2026-03-20T10:50:16","slug":"body-camera-portatil-grabacion-a-1080p-ip67-h-265-32-gb-gps-wifi-3g-y-4g-fotos-de-30-megapixel","status":"publish","type":"product","link":"https:\/\/soydeaqui.ddns.net\/pachuca\/index.php\/producto\/body-camera-portatil-grabacion-a-1080p-ip67-h-265-32-gb-gps-wifi-3g-y-4g-fotos-de-30-megapixel\/","title":{"rendered":"Body Camera Port\u00e1til \/ Grabaci\u00f3n a 1080p \/ IP67 \/ H.265 \/ 32 GB \/ GPS \/ WIFI \/ 3G y 4G \/ Fotos de 30 Megapixel"},"content":{"rendered":"<div style='width: 100%; max-width: 1200px; margin: 0 auto; font-family: sans-serif; line-height: 1.6; color: inherit; background-color: transparent;'>\n<div style='display: flex; flex-direction: column; gap: 30px;'>\n<div style='display: flex; flex-direction: column; gap: 15px;'> <img style='width: 100%; height: auto; border: 1px solid rgba(150&comma;150&comma;150&comma;0.3); border-radius: 8px;' src='http:\/\/ftp3.syscom.mx\/usuarios\/jdelafuente\/HIKVISION\/hikvision%20logo%20complete.png' alt='Logo HIKVISION'> <\/p>\n<p style='font-size: 15px; margin: 0;'> La body camera es un dispositivo altamente dise\u00f1ado principalmente para la seguridad y el cumplimiento de la ley. Esta c\u00e1mara personal permite grabar el v\u00eddeo y el audio de la escena&comma; Despu\u00e9s de los eventos podemos revisar la escena debido a su tama\u00f1o peque\u00f1o&comma; peso ligero&comma; f\u00e1cil de transportar y f\u00e1cil de operar. Todas estas ventajas la body camera de HIKVISION lo convierten en un buen ayudante para el cumplimiento de la ley. <\/p>\n<\/p><\/div>\n<div style='display: flex; flex-wrap: wrap; gap: 20px;'>\n<div style='flex: 1 1 300px; min-width: 280px;'>\n<h3 style='font-size: 20px; border-bottom: 2px solid currentColor; padding-bottom: 5px; margin-top: 0; color: inherit; opacity: 0.8;'>Caracter\u00edsticas principales<\/h3>\n<ul style='padding-left: 20px; font-size: 14px; color: inherit; list-style-type: disc;'>\n<li style='margin-bottom: 8px;'>Compresi\u00f3n: H.265 \/ H.264<\/li>\n<li style='margin-bottom: 8px;'>Permite grabar v\u00eddeo hasta 1080p @ 30 IPS<\/li>\n<li style='margin-bottom: 8px;'>\u00c1ngulo de apertura de 129\u00ba<\/li>\n<li style='margin-bottom: 8px;'>Dise\u00f1o de bater\u00eda reemplazable<\/li>\n<li style='margin-bottom: 8px;'>Tecnolog\u00eda de reducci\u00f3n de ruido y eco<\/li>\n<li style='margin-bottom: 8px;'>Incluye m\u00f3dulo GPS<\/li>\n<li style='margin-bottom: 8px;'>Incluye m\u00f3dulo WIFI<\/li>\n<li style='margin-bottom: 8px;'>Incluye m\u00f3dulo 3G y 4G (requiere SIM de datos para transmisi\u00f3n de informaci\u00f3n remota y licencias del software iVMS-5200)<\/li>\n<li style='margin-bottom: 8px;'>Cuenta con almacenamiento interno 128 GB (no extra\u00edble)<\/li>\n<li style='margin-bottom: 8px;'>Permite tomar fotograf\u00edas con resoluci\u00f3n de 30 Megapixel<\/li>\n<li style='margin-bottom: 8px;'>Cuenta con micr\u00f3fono integrado<\/li>\n<\/ul><\/div>\n<div style='flex: 1 1 300px; min-width: 280px;'>\n<h3 style='font-size: 20px; border-bottom: 2px solid currentColor; padding-bottom: 5px; margin-top: 0; color: inherit; opacity: 0.8;'>Caracter\u00edsticas f\u00edsicas y el\u00e9ctricas<\/h3>\n<ul style='padding-left: 20px; font-size: 14px; color: inherit; list-style-type: disc;'>\n<li style='margin-bottom: 8px;'>Pantalla 2.4 pulgadas TFT LCD<\/li>\n<li style='margin-bottom: 8px;'>Protecci\u00f3n IP67 para exterior<\/li>\n<li style='margin-bottom: 8px;'>Dimensiones: 95 x 60 x 29 mm<\/li>\n<li style='margin-bottom: 8px;'>Peso: 190 grs<\/li>\n<li style='margin-bottom: 8px;'>Interfaz mini USB 2.0 para la extracci\u00f3n de los eventos<\/li>\n<li style='margin-bottom: 8px;'>Alimentaci\u00f3n por medio de interfaz mini USB<\/li>\n<li style='margin-bottom: 8px;'>Bater\u00eda de 3300 mAh&comma; permite grabar hasta 13 hrs continuas cuando el 4G&comma; WiFi&comma; GPS y pantalla sean deshabilitados<\/li>\n<li style='margin-bottom: 8px;'>Garant\u00eda: 2 a\u00f1os<\/li>\n<\/ul><\/div>\n<\/p><\/div>\n<div style='display: flex; flex-direction: column; gap: 15px;'>\n<h3 style='font-size: 20px; border-bottom: 2px solid currentColor; padding-bottom: 5px; margin-top: 0; color: inherit; opacity: 0.8;'>Requerimientos adicionales para transmisi\u00f3n remota de v\u00eddeo y ubicaci\u00f3n de DVR<\/h3>\n<ul style='padding-left: 20px; font-size: 14px; color: inherit; list-style-type: disc;'>\n<li style='margin-bottom: 8px;'> Se requiere un servidor (PC) dedicada para colocar las licencias del software Hik-Central y permanecen corriendo los servicios para poder consultar el v\u00eddeo en vivo de manera remota. <\/li>\n<li style='margin-bottom: 8px;'> Se requiere tener IP p\u00fablica fija (dedicada) y el ancho de banda depender\u00e1 de la cantidad del n\u00famero DVR\u00b4s port\u00e1til a transmitir o visualizar. <\/li>\n<\/ul><\/div>\n<div style='display: flex; flex-direction: column; gap: 15px;'>\n<h3 style='font-size: 20px; border-bottom: 2px solid currentColor; padding-bottom: 5px; margin-top: 0; color: inherit; opacity: 0.8;'>Licencias necesarias para transmisi\u00f3n remota del Bodycam<\/h3>\n<ul style='padding-left: 20px; font-size: 14px; color: inherit; list-style-type: disc;'>\n<li style='margin-bottom: 8px;'> <a style='color: inherit; text-decoration: none; font-weight: 600;' href='https:\/\/www.syscom.mx\/producto\/HC-P-VSS-B-0C-HIKVISION-188079.html'>HC-P-VSS-B\/0C<\/a>: Licencia base HikCentral Pro 0 canales. <\/li>\n<li style='margin-bottom: 8px;'> <a style='color: inherit; text-decoration: none; font-weight: 600;' href='https:\/\/www.syscom.mx\/producto\/HC-P-VSS-B-0C-HIKVISION-188079.html'>HC-P-VSS\/1C<\/a>: Licencia para agregar un canal adicional de video solo visualizaci\u00f3n. <\/li>\n<\/ul><\/div>\n<\/p><\/div>\n<\/p><\/div>\n","protected":false},"excerpt":{"rendered":"<p>Body Camera Port\u00e1til \/ Grabaci\u00f3n a 1080p \/ IP67 \/ H.265 \/ 32 GB \/ GPS \/ WIFI \/ 3G y 4G \/ Fotos de 30 Megapixel<\/p>\n","protected":false},"featured_media":32,"comment_status":"open","ping_status":"closed","template":"","meta":[],"product_brand":[],"product_cat":[1466],"product_tag":[54,1344,1467],"class_list":{"0":"post-99932","1":"product","2":"type-product","3":"status-publish","4":"has-post-thumbnail","6":"product_cat-videograbadoras-portatiles","7":"product_tag-hikvision","8":"product_tag-videograbadoras-moviles-y-portatiles","9":"product_tag-videograbadoras-portatiles","11":"first","12":"outofstock","13":"sale","14":"shipping-taxable","15":"purchasable","16":"product-type-simple"},"_links":{"self":[{"href":"https:\/\/soydeaqui.ddns.net\/pachuca\/index.php\/wp-json\/wp\/v2\/product\/99932","targetHints":{"allow":["GET"]}}],"collection":[{"href":"https:\/\/soydeaqui.ddns.net\/pachuca\/index.php\/wp-json\/wp\/v2\/product"}],"about":[{"href":"https:\/\/soydeaqui.ddns.net\/pachuca\/index.php\/wp-json\/wp\/v2\/types\/product"}],"replies":[{"embeddable":true,"href":"https:\/\/soydeaqui.ddns.net\/pachuca\/index.php\/wp-json\/wp\/v2\/comments?post=99932"}],"wp:featuredmedia":[{"embeddable":true,"href":"https:\/\/soydeaqui.ddns.net\/pachuca\/index.php\/wp-json\/wp\/v2\/media\/32"}],"wp:attachment":[{"href":"https:\/\/soydeaqui.ddns.net\/pachuca\/index.php\/wp-json\/wp\/v2\/media?parent=99932"}],"wp:term":[{"taxonomy":"product_brand","embeddable":true,"href":"https:\/\/soydeaqui.ddns.net\/pachuca\/index.php\/wp-json\/wp\/v2\/product_brand?post=99932"},{"taxonomy":"product_cat","embeddable":true,"href":"https:\/\/soydeaqui.ddns.net\/pachuca\/index.php\/wp-json\/wp\/v2\/product_cat?post=99932"},{"taxonomy":"product_tag","embeddable":true,"href":"https:\/\/soydeaqui.ddns.net\/pachuca\/index.php\/wp-json\/wp\/v2\/product_tag?post=99932"}],"curies":[{"name":"wp","href":"https:\/\/api.w.org\/{rel}","templated":true}]}}