{"id":99924,"date":"2026-03-20T10:49:47","date_gmt":"2026-03-20T10:49:47","guid":{"rendered":"https:\/\/soydeaqui.ddns.net\/pachuca\/index.php\/producto\/estacion-de-descarga-para-camaras-portatiles-hikvision-incluye-1-hdd-de-2-tb-2\/"},"modified":"2026-03-20T10:49:55","modified_gmt":"2026-03-20T10:49:55","slug":"estacion-de-descarga-para-camaras-portatiles-hikvision-incluye-1-hdd-de-2-tb-2","status":"publish","type":"product","link":"https:\/\/soydeaqui.ddns.net\/pachuca\/index.php\/producto\/estacion-de-descarga-para-camaras-portatiles-hikvision-incluye-1-hdd-de-2-tb-2\/","title":{"rendered":"Estaci\u00f3n de Descarga para C\u00e1maras Port\u00e1tiles HIKVISION  \/ Incluye 1 HDD de 2 TB"},"content":{"rendered":"<div style='width: 100%; max-width: 1200px; margin: 0 auto; font-family: sans-serif; line-height: 1.6; color: inherit; background-color: transparent;'>\n<div style='width: 100%; display: flex; justify-content: center; margin-bottom: 20px;'> <img style='width: 45%; height: auto; border: 1px solid rgba(150&comma;150&comma;150&comma;0.3); border-radius: 8px;' src='https:\/\/ftp3.syscom.mx\/usuarios\/jsosa\/HIKVISION\/imagenes\/logo\/hikvision%20see%20far.png' alt='Logo Hikvision'> <\/div>\n<div style='display: flex; flex-wrap: wrap; gap: 30px; margin-bottom: 30px;'>\n<div style='flex: 1 1 300px; min-width: 280px;'>\n<h3 style='font-size: 22px; border-bottom: 2px solid currentColor; padding-bottom: 5px; margin-top: 0; color: inherit; opacity: 0.8;'>Caracter\u00edsticas principales<\/h3>\n<ul style='padding-left: 20px; font-size: 15px; color: inherit;'>\n<li style='margin-bottom: 5px;'>Soporta la conexi\u00f3n de hasta 8 c\u00e1maras (DS-MCW406\/DS-MCW409\/DS-MWC40B)<\/li>\n<li style='margin-bottom: 5px;'>Conectores USB-C<\/li>\n<li style='margin-bottom: 5px;'>Interface de red 10\/100\/1000M<\/li>\n<li style='margin-bottom: 5px;'>Indicador LED de estado&comma; estado del disco&comma; estado de Red y 8 para el estado de la ca\u00e1mra corporal<\/li>\n<li style='margin-bottom: 5px;'>Sistema operativo Linux<\/li>\n<\/ul><\/div>\n<div style='flex: 1 1 300px; min-width: 280px;'>\n<h3 style='font-size: 22px; border-bottom: 2px solid currentColor; padding-bottom: 5px; margin-top: 0; color: inherit; opacity: 0.8;'>Caracter\u00edsticas F\u00edsicas y El\u00e9ctricas<\/h3>\n<ul style='padding-left: 20px; font-size: 15px; color: inherit;'>\n<li style='margin-bottom: 5px;'>Capacidad de HDD: 4 @ 8 TB (incluye 1 HDD de 2 TB)<\/li>\n<li style='margin-bottom: 5px;'>Dimensiones: 400 \u00d7 300 \u00d7 124 mm<\/li>\n<li style='margin-bottom: 5px;'>Peso: 7.1 Kg<\/li>\n<li style='margin-bottom: 5px;'>Puertos USB: 1 Puerto USB 3.0<\/li>\n<\/ul><\/div>\n<\/p><\/div>\n<div style='display: flex; flex-wrap: wrap; gap: 30px; margin-bottom: 30px;'>\n<div style='flex: 1 1 300px; min-width: 280px;'>\n<h3 style='font-size: 22px; border-bottom: 2px solid currentColor; padding-bottom: 5px; margin-top: 0; color: inherit; opacity: 0.8;'>Caracter\u00edsticas del producto<\/h3>\n<ul style='padding-left: 20px; font-size: 15px; color: inherit;'>\n<li style='margin-bottom: 5px;'>Dise\u00f1o de sistema dual que es altamente estable<\/li>\n<li style='margin-bottom: 5px;'>Admite montaje en pared&comma; montaje m\u00f3vil y montaje en escritorio<\/li>\n<li style='margin-bottom: 5px;'>Pantalla t\u00e1ctil ultra grande de 13&comma;3 pulgadas con resoluci\u00f3n de 1920 \u00d7 1080 y operaci\u00f3n conveniente<\/li>\n<li style='margin-bottom: 5px;'>Desbloquea el compartimiento de la c\u00e1mara del cuerpo reconociendo la cara para garantizar el almacenamiento seguro del dispositivo<\/li>\n<li style='margin-bottom: 5px;'>Admite la carga autom\u00e1tica de datos de la c\u00e1mara corporal (imagen&comma; video y audio) y la limpieza autom\u00e1tica del espacio de almacenamiento de la c\u00e1mara corporal<\/li>\n<li style='margin-bottom: 5px;'>Bloquea datos importantes de la c\u00e1mara corporal para evitar que se eliminen<\/li>\n<li style='margin-bottom: 5px;'>Apoya la protecci\u00f3n de datos en cortes repentinos de energ\u00eda<\/li>\n<li style='margin-bottom: 5px;'>ANR para la carga de datos para evitar la p\u00e9rdida de datos<\/li>\n<li style='margin-bottom: 5px;'>Actualizaci\u00f3n local<\/li>\n<li style='margin-bottom: 5px;'>Gesti\u00f3n multiusuario. Los usuarios m\u00faltiples se pueden asociar con una estaci\u00f3n de acoplamiento<\/li>\n<\/ul><\/div>\n<\/p><\/div>\n<div style='display: flex; flex-wrap: wrap; gap: 30px; margin-bottom: 30px;'>\n<div style='flex: 1 1 300px; min-width: 280px;'>\n<h3 style='font-size: 22px; border-bottom: 2px solid currentColor; padding-bottom: 5px; margin-top: 0; color: inherit; opacity: 0.8;'>Consideraciones para transmisi\u00f3n y centralizaci\u00f3n remota<\/h3>\n<p style='font-size: 15px; color: inherit; margin-top: 0;'>Esta soluci\u00f3n requiere infraestructura de red adicional:<\/p>\n<ul style='padding-left: 20px; font-size: 15px; color: inherit;'>\n<li style='margin-bottom: 5px;'>Se requiere un servidor (PC) dedicada para colocar las licencias del software Hik-Central Profesional&comma; en este servidor se dejan corriendo los servicios para poder consultar el video en vivo&comma; ver grabaciones y posicionamiento de manera remota. (Se recomienda un servidor como m\u00ednimo core i5 y 8 GB RAM)<\/li>\n<li style='margin-bottom: 5px;'>Se requiere tener una IP publica fija (dedicada) y un buen ancho de banda que depender\u00e1 de la cantidad del n\u00famero de DVR\u00b4s m\u00f3viles a centralizar<\/li>\n<\/ul>\n<h4 style='font-size: 18px; margin-top: 25px; margin-bottom: 15px; color: inherit;'>Licencias necesarias:<\/h4>\n<ul style='padding-left: 20px; font-size: 15px; color: inherit;'>\n<li style='margin-bottom: 5px;'><a href='https:\/\/www.syscom.mx\/principal\/searchcont?route=HC-P-VSS-B\/0C-HIKVISION-188079&#038;autodetect=hcp' style='color: inherit; text-decoration: underline;' target='_blank'>HC-P-VSS-B\/0C<\/a>: Licencia Base para el software HikCentral Professional<\/li>\n<li style='margin-bottom: 5px;'><a href='https:\/\/www.syscom.mx\/principal\/searchcont?route=HC-P-DS\/1U-HIKVISION-193910&#038;autodetect=hcpds' style='color: inherit; text-decoration: underline;' target='_blank'>HC-P-BWC\/1C<\/a>: Licencia a\u00f1ade una Body Camera Portatil (incluye el uso de dockstation)<\/li>\n<li style='margin-bottom: 5px;'><a href='https:\/\/www.syscom.mx\/principal\/searchcont?route=HC-PSTORE\/SB-HIKVISION-165615&#038;autodetect=hcp' style='color: inherit; text-decoration: underline;' target='_blank'>HC-PSTORE\/SB<\/a>: Licencia Base de Pstore para captura de imagen (solo una por servidor)<\/li>\n<\/ul><\/div>\n<\/p><\/div>\n<div style='width: 100%; display: flex; justify-content: center; margin-bottom: 30px;'> <img style='width: 100%; height: auto; border: 1px solid rgba(150&comma;150&comma;150&comma;0.3); border-radius: 8px;' src='' alt=''> <\/div>\n<\/p><\/div>\n","protected":false},"excerpt":{"rendered":"<p>Estaci\u00f3n de Descarga para C\u00e1maras Port\u00e1tiles HIKVISION  \/ Incluye 1 HDD de 2 TB<\/p>\n","protected":false},"featured_media":99923,"comment_status":"open","ping_status":"closed","template":"","meta":[],"product_brand":[],"product_cat":[1408,1406],"product_tag":[93,1409,54,1345],"class_list":{"0":"post-99924","1":"product","2":"type-product","3":"status-publish","4":"has-post-thumbnail","6":"product_cat-accesorios-dash-cams-y-body-cams","7":"product_cat-videograbadoras-moviles-videovigilancia","8":"product_tag-accesorios","9":"product_tag-dash-cams-y-body-cams","10":"product_tag-hikvision","11":"product_tag-videograbadoras-moviles","13":"first","14":"outofstock","15":"sale","16":"shipping-taxable","17":"purchasable","18":"product-type-simple"},"_links":{"self":[{"href":"https:\/\/soydeaqui.ddns.net\/pachuca\/index.php\/wp-json\/wp\/v2\/product\/99924","targetHints":{"allow":["GET"]}}],"collection":[{"href":"https:\/\/soydeaqui.ddns.net\/pachuca\/index.php\/wp-json\/wp\/v2\/product"}],"about":[{"href":"https:\/\/soydeaqui.ddns.net\/pachuca\/index.php\/wp-json\/wp\/v2\/types\/product"}],"replies":[{"embeddable":true,"href":"https:\/\/soydeaqui.ddns.net\/pachuca\/index.php\/wp-json\/wp\/v2\/comments?post=99924"}],"wp:featuredmedia":[{"embeddable":true,"href":"https:\/\/soydeaqui.ddns.net\/pachuca\/index.php\/wp-json\/wp\/v2\/media\/99923"}],"wp:attachment":[{"href":"https:\/\/soydeaqui.ddns.net\/pachuca\/index.php\/wp-json\/wp\/v2\/media?parent=99924"}],"wp:term":[{"taxonomy":"product_brand","embeddable":true,"href":"https:\/\/soydeaqui.ddns.net\/pachuca\/index.php\/wp-json\/wp\/v2\/product_brand?post=99924"},{"taxonomy":"product_cat","embeddable":true,"href":"https:\/\/soydeaqui.ddns.net\/pachuca\/index.php\/wp-json\/wp\/v2\/product_cat?post=99924"},{"taxonomy":"product_tag","embeddable":true,"href":"https:\/\/soydeaqui.ddns.net\/pachuca\/index.php\/wp-json\/wp\/v2\/product_tag?post=99924"}],"curies":[{"name":"wp","href":"https:\/\/api.w.org\/{rel}","templated":true}]}}