{"id":99902,"date":"2026-03-20T10:48:49","date_gmt":"2026-03-20T10:48:49","guid":{"rendered":"https:\/\/soydeaqui.ddns.net\/pachuca\/index.php\/producto\/memoria-microsd-clase-10-de-32-gb-especializada-para-videovigilancia-uso-24-7-compatibles-con-camaras-hikvision-y-otras-marcas-95-mb-s-lectura-25-mb-s-escritura-2\/"},"modified":"2026-03-20T10:48:50","modified_gmt":"2026-03-20T10:48:50","slug":"memoria-microsd-clase-10-de-32-gb-especializada-para-videovigilancia-uso-24-7-compatibles-con-camaras-hikvision-y-otras-marcas-95-mb-s-lectura-25-mb-s-escritura-2","status":"publish","type":"product","link":"https:\/\/soydeaqui.ddns.net\/pachuca\/index.php\/producto\/memoria-microsd-clase-10-de-32-gb-especializada-para-videovigilancia-uso-24-7-compatibles-con-camaras-hikvision-y-otras-marcas-95-mb-s-lectura-25-mb-s-escritura-2\/","title":{"rendered":"Memoria microSD \/ Clase 10 de 32 GB \/ Especializada Para Videovigilancia (Uso 24\/7) \/ Compatibles con c\u00e1maras HIKVISION y Otras Marcas \/ 95 MB\/s Lectura \/ 25 MB\/s Escritura"},"content":{"rendered":"<div style='width: 100%; max-width: 1200px; margin: 0 auto; font-family: sans-serif; line-height: 1.6; color: inherit; background-color: transparent;'> <!-- Banner principal --> <\/p>\n<div style='width: 100%; margin-bottom: 30px;'> <img style='width: 100%; height: auto; border: 1px solid rgba(150&comma;150&comma;150&comma;0.3); border-radius: 8px;' src='https:\/\/ftp3.syscom.mx\/usuarios\/gmagos\/HIK\/storage\/Vaners\/hiksemi.png' alt='Banner principal'> <\/div>\n<p> <!-- Caracter\u00edsticas principales --> <\/p>\n<div style='margin-bottom: 30px;'>\n<div style='border-left: 5px solid #ff0000; border-radius: 5px; padding: 15px; box-shadow: 2px 2px 10px rgba(216&comma;216&comma;216&comma;0.3);'> <strong style='font-size: 18px; color: inherit; opacity: 0.8;'>Caracter\u00edsticas principales:<\/strong> <\/p>\n<ul style='padding-left: 20px; font-size: 15px; color: inherit; margin-top: 15px;'>\n<li style='margin-bottom: 8px;'>Formato: Micro SDHC<\/li>\n<li style='margin-bottom: 8px;'>Capacidad: 32GB<\/li>\n<li style='margin-bottom: 8px;'>Vel. de Lectura: 95 M\/s<\/li>\n<li style='margin-bottom: 8px;'>Vel. de escritura: 25 MB\/s<\/li>\n<li style='margin-bottom: 8px;'>Sistema de archivos: exFAT<\/li>\n<li style='margin-bottom: 8px;'>Velocidad: Clase 10&comma; U1<\/li>\n<li style='margin-bottom: 8px;'>Memoria flash NAND: TLC (Triple-Level Cell)<\/li>\n<li style='margin-bottom: 8px;'>Dimensiones: 14.99 x 10.92 x 1.02 mm (0.59 x 0.43 x 0.04 in)<\/li>\n<li style='margin-bottom: 8px;'>Temperatura de operaci\u00f3n: 0 \u00b0C to 70 \u00b0C (32 \u00b0F to 158 \u00b0F).<\/li>\n<li style='margin-bottom: 8px;'>7 a\u00f1os de garant\u00eda.<\/li>\n<\/ul><\/div>\n<\/p><\/div>\n<p> <!-- Videos --> <\/p>\n<div style='display: flex; flex-wrap: wrap; gap: 30px; margin-bottom: 30px;'>\n<div style='flex: 1 1 500px; min-width: 300px;'>\n<div style='position: relative; padding-bottom: 56.25%; height: 0; overflow: hidden; margin-bottom: 15px;'>   <\/div>\n<h3 style='font-size: 20px; text-align: center; margin: 0 0 20px 0; color: inherit; opacity: 0.8;'>\u00bfQuien es HIKSEMI?<\/h3>\n<\/p><\/div>\n<div style='flex: 1 1 500px; min-width: 300px;'>\n<div style='position: relative; padding-bottom: 56.25%; height: 0; overflow: hidden; margin-bottom: 15px;'>   <\/div>\n<h3 style='font-size: 20px; text-align: center; margin: 0 0 20px 0; color: inherit; opacity: 0.8;'>Unidades de Estado S\u00f3lido<\/h3>\n<\/p><\/div>\n<\/p><\/div>\n<p> <!-- Imagen destacada con texto --> <\/p>\n<div style='position: relative; width: 100%; margin-bottom: 30px;'> <img style='width: 100%; height: auto; border: 1px solid rgba(150&comma;150&comma;150&comma;0.3); border-radius: 8px;' src='https:\/\/ftp3.syscom.mx\/usuarios\/gmagos\/HIK\/storage\/Pagina%20WEB\/E1\/NEO-Plus_02.jpg' alt='Gran capacidad de almacenamiento'> <\/p>\n<div style='position: absolute; top: 50%; left: 50%; transform: translate(-50%&comma; -50%); color: white; text-align: center; width: 80%;'>\n<h1 style='font-size: 24px; font-weight: bold; margin-bottom: 15px;'>Gran capacidad de almacenamiento para afrontar cualquier reto<\/h1>\n<h2 style='font-size: 16px;'>Las memorias micro SD NEO PLUS de Hiksemi ofrecen una amplia gama de capacidades&comma; desde 32GB hasta 512GB&comma; para satisfacer las demandas m\u00e1s exigentes en video seguridad.<\/h2>\n<\/p><\/div>\n<\/p><\/div>\n<p> <!-- Secci\u00f3n con imagen y texto --> <\/p>\n<div style='display: flex; flex-wrap: wrap; gap: 30px; margin-bottom: 30px;'>\n<div style='flex: 1 1 400px; min-width: 280px;'> <img style='width: 100%; height: auto; border: 1px solid rgba(150&comma;150&comma;150&comma;0.3); border-radius: 8px;' src='https:\/\/ftp3.syscom.mx\/usuarios\/gmagos\/HIK\/storage\/Pagina%20WEB\/E1\/NEO-Plus_01.jpg' alt='Performance Superior'> <\/div>\n<div style='flex: 1 1 400px; min-width: 280px;'>\n<h2 style='margin-top: 0; margin-bottom: 15px; font-size: 22px; color: inherit; opacity: 0.8;'>Performance Superior<\/h2>\n<p>Las memorias micro SD NEO PLUS de Hiksemi ofrecen un rendimiento excepcional con alta velocidad de transferencia de datos. Permiten almacenar hasta 512GB de archivos&comma; brindando amplia capacidad para fotos&comma; videos y documentos. Son resistentes a ambientes agresivos&comma; ideales para uso en situaciones exigentes al aire libre. Adem\u00e1s&comma; son compatibles con una amplia gama de c\u00e1maras&comma; asegurando su versatilidad y utilidad en m\u00faltiples escenarios.<\/p>\n<\/p><\/div>\n<\/p><\/div>\n<p> <!-- Secci\u00f3n con texto e imagen invertida --> <\/p>\n<div style='display: flex; flex-wrap: wrap; gap: 30px; margin-bottom: 30px; flex-direction: row-reverse;'>\n<div style='flex: 1 1 400px; min-width: 280px;'> <img style='width: 100%; height: auto; border: 1px solid rgba(150&comma;150&comma;150&comma;0.3); border-radius: 8px;' src='https:\/\/ftp3.syscom.mx\/usuarios\/gmagos\/HIK\/storage\/Pagina%20WEB\/E1\/NEO-Plus_03-1365-681.png' alt='Resistencia'> <\/div>\n<div style='flex: 1 1 400px; min-width: 280px;'>\n<h2 style='margin-top: 0; margin-bottom: 15px; font-size: 22px; color: inherit; opacity: 0.8;'>\u00a1Hecha para Soportar de Todo!<\/h2>\n<p>La memoria micro SD NEO PLUS de HIKSEMI es resistente al agua&comma; golpes y electricidad est\u00e1tica&comma; garantizando la m\u00e1xima seguridad durante su instalaci\u00f3n.<\/p>\n<\/p><\/div>\n<\/p><\/div>\n<p> <!-- Imagen destacada sin texto --> <\/p>\n<div style='width: 100%; margin-bottom: 30px;'> <img style='width: 100%; height: auto; border: 1px solid rgba(150&comma;150&comma;150&comma;0.3); border-radius: 8px;' src='https:\/\/ftp3.syscom.mx\/usuarios\/gmagos\/HIK\/storage\/Pagina%20WEB\/E1\/NEO-Plus-EDM.jpg' alt='Memoria microSD'> <\/div>\n<p> <!-- Banner final --> <\/p>\n<div style='width: 100%; margin-bottom: 30px;'> <img style='width: 100%; height: auto; border: 1px solid rgba(150&comma;150&comma;150&comma;0.3); border-radius: 8px;' src='https:\/\/ftp3.syscom.mx\/usuarios\/gmagos\/HIK\/storage\/Vaners\/HIKSEMI-banner1.jpg' alt='Banner final'> <\/div>\n<\/p><\/div>\n","protected":false},"excerpt":{"rendered":"<p>Memoria microSD \/ Clase 10 de 32 GB \/ Especializada Para Videovigilancia (Uso 24\/7) \/ Compatibles con c\u00e1maras HIKVISION y Otras Marcas \/ 95 MB\/s Lectura \/ 25 MB\/s Escritura<\/p>\n","protected":false},"featured_media":32,"comment_status":"open","ping_status":"closed","template":"","meta":[],"product_brand":[],"product_cat":[2155],"product_tag":[2129,2156,2065],"class_list":{"0":"post-99902","1":"product","2":"type-product","3":"status-publish","4":"has-post-thumbnail","6":"product_cat-memorias-sd-memorias-micro-sd","7":"product_tag-hiksemi-by-hikvision","8":"product_tag-memorias-sd-memorias-micro-sd","9":"product_tag-servidores-almacenamiento","11":"first","12":"instock","13":"sale","14":"shipping-taxable","15":"purchasable","16":"product-type-simple"},"_links":{"self":[{"href":"https:\/\/soydeaqui.ddns.net\/pachuca\/index.php\/wp-json\/wp\/v2\/product\/99902","targetHints":{"allow":["GET"]}}],"collection":[{"href":"https:\/\/soydeaqui.ddns.net\/pachuca\/index.php\/wp-json\/wp\/v2\/product"}],"about":[{"href":"https:\/\/soydeaqui.ddns.net\/pachuca\/index.php\/wp-json\/wp\/v2\/types\/product"}],"replies":[{"embeddable":true,"href":"https:\/\/soydeaqui.ddns.net\/pachuca\/index.php\/wp-json\/wp\/v2\/comments?post=99902"}],"wp:featuredmedia":[{"embeddable":true,"href":"https:\/\/soydeaqui.ddns.net\/pachuca\/index.php\/wp-json\/wp\/v2\/media\/32"}],"wp:attachment":[{"href":"https:\/\/soydeaqui.ddns.net\/pachuca\/index.php\/wp-json\/wp\/v2\/media?parent=99902"}],"wp:term":[{"taxonomy":"product_brand","embeddable":true,"href":"https:\/\/soydeaqui.ddns.net\/pachuca\/index.php\/wp-json\/wp\/v2\/product_brand?post=99902"},{"taxonomy":"product_cat","embeddable":true,"href":"https:\/\/soydeaqui.ddns.net\/pachuca\/index.php\/wp-json\/wp\/v2\/product_cat?post=99902"},{"taxonomy":"product_tag","embeddable":true,"href":"https:\/\/soydeaqui.ddns.net\/pachuca\/index.php\/wp-json\/wp\/v2\/product_tag?post=99902"}],"curies":[{"name":"wp","href":"https:\/\/api.w.org\/{rel}","templated":true}]}}