{"id":99901,"date":"2026-03-20T10:48:46","date_gmt":"2026-03-20T10:48:46","guid":{"rendered":"https:\/\/soydeaqui.ddns.net\/pachuca\/index.php\/producto\/hikcentral-professional-licencia-modulo-de-gestion-de-patios-hikcentral-p-yms-module\/"},"modified":"2026-03-20T10:48:47","modified_gmt":"2026-03-20T10:48:47","slug":"hikcentral-professional-licencia-modulo-de-gestion-de-patios-hikcentral-p-yms-module","status":"publish","type":"product","link":"https:\/\/soydeaqui.ddns.net\/pachuca\/index.php\/producto\/hikcentral-professional-licencia-modulo-de-gestion-de-patios-hikcentral-p-yms-module\/","title":{"rendered":"HikCentral Professional \/ Licencia Modulo de Gesti\u00f3n de Patios (HikCentral-P-YMS-Module)"},"content":{"rendered":"<div style='width: 100%; max-width: 1200px; margin: 0 auto; font-family: sans-serif; line-height: 1.6; color: inherit; background-color: transparent;'>\n<p style='text-align: center; margin: 20px 0;'><img style='width: 45%; height: auto; border: 1px solid rgba(150&comma;150&comma;150&comma;0.3); border-radius: 8px;' src='https:\/\/ftp3.syscom.mx\/usuarios\/jsosa\/HIKVISION\/imagenes\/logo\/hikvision%20see%20far.png' alt='Logo Hikvision' \/><\/p>\n<p> <!-- Caracter\u00edsticas y Consideraciones --> <\/p>\n<div style='display: flex; flex-wrap: wrap; gap: 30px; margin: 30px 0;'>\n<div style='flex: 1 1 300px; min-width: 280px;'>\n<div style='border: 1px solid rgba(150&comma;150&comma;150&comma;0.4); border-radius: 8px; overflow: hidden;'>\n<div style='padding: 15px; background-color: #df001e; color: white; font-weight: bold;'>Caracter\u00edsticas Principales:<\/div>\n<div style='padding: 15px;'>\n<ul style='padding-left: 20px; margin: 0; font-size: 14px;'>\n<li style='margin-bottom: 10px;'>Esta licencia a\u00f1ade modulo de funciones de programacion y citas para vehiculos de apoyo al sistema de HikCentral Professional ya existente&comma; para a\u00f1adir esta licencia es necesario tener 1 licencia base activa de video.<\/li>\n<li>Licencia Vitalicia (Permanente).<\/li>\n<\/ul><\/div>\n<\/p><\/div>\n<\/p><\/div>\n<div style='flex: 1 1 300px; min-width: 280px;'>\n<div style='border: 1px solid rgba(150&comma;150&comma;150&comma;0.4); border-radius: 8px; overflow: hidden;'>\n<div style='padding: 15px; background-color: #df001e; color: white; font-weight: bold;'>Consideraciones:<\/div>\n<div style='padding: 15px;'>\n<ul style='padding-left: 20px; margin: 0; font-size: 14px;'>\n<li style='margin-bottom: 10px;'>Al comprar cualquier licencia de HikCentral Professional&comma; usted recib\u00edra un archivo PDF en donde obtendra un codigo para poder activar \/ a\u00f1adir la licencia a la plataforma.<\/li>\n<li style='margin-bottom: 10px;'>Todas las licencias de HikCentral Professional&comma; tiene un tiempo estimado de entrega de 8 a 10 dias habiles despues de generar la orden de compra.<\/li>\n<li>No hay devoluciones o reembolsos de la liencia adquirida. Tampoco aplica cancelaci\u00f3n si ya se dio un anticipo para poder procesar la compra.<\/li>\n<\/ul><\/div>\n<\/p><\/div>\n<\/p><\/div>\n<\/p><\/div>\n<hr style='border: 0; border-top: 1px solid rgba(150&comma;150&comma;150&comma;0.3); margin: 30px 0;'>\n<div style='margin: 30px 0;'>\n<p style='text-align: justify; margin-bottom: 20px;'> <img style='width: 100%; height: auto; border: 1px solid rgba(150&comma;150&comma;150&comma;0.3); border-radius: 8px;' src='https:\/\/ftp3.syscom.mx\/usuarios\/yalvarado\/hikvision\/HCP\/V2.6\/HCP%20v2.6_Landingpage_homepage%20banner.jpg' alt='Banner HikCentral Professional' \/> <\/p>\n<p style='text-align: justify; margin: 20px 0;'> <strong>HikCentral Professional<\/strong>&comma; es el software de Hikvision para integrar sistemas de seguridad&comma; est\u00e1 dise\u00f1ado para afrontar los diferentes retos de seguridad en una plataforma intuitiva. Desde la gesti\u00f3n de sistemas individuales&comma; como la videovigilancia&comma; el control de accesos&comma; las alarmas de seguridad&comma; etc.&comma; hasta la combinaci\u00f3n de varios sistemas en una \u00fanica estructura unificada. Consigue que las operaciones diarias sean m\u00e1s eficientes sin perder de vista la protecci\u00f3n de las personas y las propiedades&comma; adem\u00e1s de ayudar a todo tipo de usuarios a tomar decisiones m\u00e1s inteligentes. <\/p>\n<\/p><\/div>\n<p> <!-- Secci\u00f3n 1 --> <\/p>\n<div style='display: flex; flex-wrap: wrap; gap: 30px; margin: 30px 0;'>\n<div style='flex: 1 1 400px; min-width: 280px;'>\n<h2 style='font-size: 18px; font-weight: bold; margin-top: 0; color: inherit;'><span style='font-size: 14pt;'>Una plataforma vers\u00e1til con operaciones de gesti\u00f3n diversas<\/span><\/h2>\n<ul style='padding-left: 20px; font-size: 14px;'>\n<li style='margin-bottom: 10px;'>HikCentral Professional unifica una amplia gama de aplicaciones y proporciona una soluci\u00f3n perfecta para tu negocio&comma; desde necesidades basicas hasta avanzadas.<\/li>\n<li>HikCentral Professional unifica una amplia gama de aplicaciones y proporciona una soluci\u00f3n perfecta para tu negocio&comma; desde necesidades basicas hasta avanzadas.<\/li>\n<\/ul><\/div>\n<div style='flex: 1 1 400px; min-width: 280px;'>\n<div style='position: relative; padding-bottom: 56.25%; height: 0; overflow: hidden; margin-bottom: 30px;'> <video style='position: absolute; top: 0; left: 0; width: 100%; height: 100%; border: none;' src='https:\/\/ftp3.syscom.mx\/usuarios\/yalvarado\/hikvision\/HCP\/V2.6\/UNIDAD.mp4' loop muted controls><\/video> <\/div>\n<\/p><\/div>\n<\/p><\/div>\n<p> <!-- Secci\u00f3n 2 --> <\/p>\n<div style='display: flex; flex-wrap: wrap; gap: 30px; margin: 30px 0;'>\n<div style='flex: 1 1 400px; min-width: 280px;'> <img style='width: 100%; height: auto; border: 1px solid rgba(150&comma;150&comma;150&comma;0.3); border-radius: 8px;' src='https:\/\/ftp3.syscom.mx\/usuarios\/yalvarado\/hikvision\/HCP\/V2.6\/flexibilidad.png' alt='Flexibilidad' \/> <\/div>\n<div style='flex: 1 1 400px; min-width: 280px;'>\n<h2 style='font-size: 18px; font-weight: bold; margin-top: 0; color: inherit;'><span style='font-size: 14pt;'>Flexible y ampliable para una experiencia personalizada<\/span><\/h2>\n<ul style='padding-left: 20px; font-size: 14px;'>\n<li style='margin-bottom: 10px;'>Los sistemas centrales&comma; incluidos v\u00eddeo&comma; control de acceso&comma; intercomunicador y mantenimiento&comma; ahora requieren un rendimiento m\u00ednimo del servidor.<\/li>\n<li>Ampl\u00eda f\u00e1cilmente las funcinalidades descargando aplicaciones para diversas empresas e industrias del mercado de aplicaciones en HikCentral Professional.<\/li>\n<\/ul><\/div>\n<\/p><\/div>\n<p> <!-- Secci\u00f3n 3 --> <\/p>\n<div style='display: flex; flex-wrap: wrap; gap: 30px; margin: 30px 0;'>\n<div style='flex: 1 1 400px; min-width: 280px;'>\n<h2 style='font-size: 18px; font-weight: bold; color: inherit;'><span style='font-size: 14pt;'>Dise\u00f1o pensando en la simplicidad<\/span><\/h2>\n<ul style='padding-left: 20px; font-size: 14px;'>\n<li style='margin-bottom: 10px;'>Operaciones sencillas: Interfaz f\u00e1cil de usar con asistentes y dise\u00f1o visualizado.<\/li>\n<li style='margin-bottom: 10px;'>Configuraci\u00f3n y mantenimiento simplificados: Visualizaci\u00f3n del estado del sistema en tiempo real y registros hist\u00f3ricos rastreables<\/li>\n<li>Control de permisos basados en roles: La visualizaci\u00f3n de contenido personalizado seg\u00fan el rol te permite cocentrarte en las aplicaciones m\u00e1s importantes.<\/li>\n<\/ul><\/div>\n<div style='flex: 1 1 400px; min-width: 280px;'>\n<div style='position: relative; padding-bottom: 56.25%; height: 0; overflow: hidden; margin-bottom: 30px;'> <video style='position: absolute; top: 0; left: 0; width: 100%; height: 100%; border: none;' src='https:\/\/ftp3.syscom.mx\/usuarios\/yalvarado\/hikvision\/HCP\/V2.6\/Simplicidad.mp4' loop muted controls><\/video> <\/div>\n<\/p><\/div>\n<\/p><\/div>\n<p> <!-- Secci\u00f3n 4 --> <\/p>\n<div style='display: flex; flex-wrap: wrap; gap: 30px; margin: 30px 0;'>\n<div style='flex: 1 1 400px; min-width: 280px;'> <img style='width: 100%; height: auto; border: 1px solid rgba(150&comma;150&comma;150&comma;0.3); border-radius: 8px;' src='http:\/\/ftp3.syscom.mx\/usuarios\/yalvarado\/hikvision\/HCP\/fotos\/Visualized-systems%2C-data%2C-and-maintenance.png' alt='Sistemas visualizados' \/> <\/div>\n<div style='flex: 1 1 400px; min-width: 280px;'>\n<h2 style='font-size: 18px; font-weight: bold; color: inherit;'><span style='font-size: 14pt;'>Sistemas visualizados con mejores conocimientos<\/span><\/h2>\n<ul style='padding-left: 20px; font-size: 14px;'>\n<li style='margin-bottom: 10px;'>la gesti\u00f3n de alarmas&comma; el seguimiento de eventos y la interacci\u00f3n AR en vivo de forma visualizada facilitan la comprensi\u00f3n de los datos de diversas aplicaciones<\/li>\n<li>Conf\u00eda en el panle de gesti\u00f3n personalizado y el mapa electr\u00f3nico interactivo para una gesti\u00f3n rapida de incidentes.<\/li>\n<\/ul><\/div>\n<\/p><\/div>\n<hr style='border: 0; border-top: 1px solid rgba(150&comma;150&comma;150&comma;0.3); margin: 30px 0;'>\n<div style='text-align: center; margin: 30px 0;'>\n<h2 style='font-size: 36px; font-weight: bold; margin: 0; color: inherit;'>Aplicaciones Avanzadas<\/h2>\n<\/p><\/div>\n<div style='margin: 30px 0;'> <img style='width: 100%; height: auto; border: 1px solid rgba(150&comma;150&comma;150&comma;0.3); border-radius: 8px;' src='https:\/\/ftp3.syscom.mx\/usuarios\/yalvarado\/hikvision\/HCP\/V2.6\/AVANZADAS.JPG' alt='Aplicaciones Avanzadas' \/> <\/div>\n<div style='margin: 30px 0;'> <img style='width: 100%; height: auto; border: 1px solid rgba(150&comma;150&comma;150&comma;0.3); border-radius: 8px;' src='https:\/\/ftp3.syscom.mx\/usuarios\/fcarrillo\/Hikvision\/Imagenes\/solution-banner-2021.png' alt='Banner de soluciones' \/> <\/div>\n<\/p><\/div>\n","protected":false},"excerpt":{"rendered":"<p>HikCentral Professional \/ Licencia Modulo de Gesti\u00f3n de Patios (HikCentral-P-YMS-Module)<\/p>\n","protected":false},"featured_media":99900,"comment_status":"open","ping_status":"closed","template":"","meta":[],"product_brand":[],"product_cat":[2262],"product_tag":[54,2263],"class_list":{"0":"post-99901","1":"product","2":"type-product","3":"status-publish","4":"has-post-thumbnail","6":"product_cat-hikvision-software-vms-y-analiticas","7":"product_tag-hikvision","8":"product_tag-software-vms-y-analiticas","10":"first","11":"outofstock","12":"sale","13":"shipping-taxable","14":"purchasable","15":"product-type-simple"},"_links":{"self":[{"href":"https:\/\/soydeaqui.ddns.net\/pachuca\/index.php\/wp-json\/wp\/v2\/product\/99901","targetHints":{"allow":["GET"]}}],"collection":[{"href":"https:\/\/soydeaqui.ddns.net\/pachuca\/index.php\/wp-json\/wp\/v2\/product"}],"about":[{"href":"https:\/\/soydeaqui.ddns.net\/pachuca\/index.php\/wp-json\/wp\/v2\/types\/product"}],"replies":[{"embeddable":true,"href":"https:\/\/soydeaqui.ddns.net\/pachuca\/index.php\/wp-json\/wp\/v2\/comments?post=99901"}],"wp:featuredmedia":[{"embeddable":true,"href":"https:\/\/soydeaqui.ddns.net\/pachuca\/index.php\/wp-json\/wp\/v2\/media\/99900"}],"wp:attachment":[{"href":"https:\/\/soydeaqui.ddns.net\/pachuca\/index.php\/wp-json\/wp\/v2\/media?parent=99901"}],"wp:term":[{"taxonomy":"product_brand","embeddable":true,"href":"https:\/\/soydeaqui.ddns.net\/pachuca\/index.php\/wp-json\/wp\/v2\/product_brand?post=99901"},{"taxonomy":"product_cat","embeddable":true,"href":"https:\/\/soydeaqui.ddns.net\/pachuca\/index.php\/wp-json\/wp\/v2\/product_cat?post=99901"},{"taxonomy":"product_tag","embeddable":true,"href":"https:\/\/soydeaqui.ddns.net\/pachuca\/index.php\/wp-json\/wp\/v2\/product_tag?post=99901"}],"curies":[{"name":"wp","href":"https:\/\/api.w.org\/{rel}","templated":true}]}}