{"id":99894,"date":"2026-03-20T10:48:24","date_gmt":"2026-03-20T10:48:24","guid":{"rendered":"https:\/\/soydeaqui.ddns.net\/pachuca\/index.php\/producto\/bobina-de-cable-utp-de-4-pares-vari-matrix-hd-cat6a-23-awg-cmr-riser-color-amarillo-305-metros-1000-pies\/"},"modified":"2026-03-20T10:48:41","modified_gmt":"2026-03-20T10:48:41","slug":"bobina-de-cable-utp-de-4-pares-vari-matrix-hd-cat6a-23-awg-cmr-riser-color-amarillo-305-metros-1000-pies","status":"publish","type":"product","link":"https:\/\/soydeaqui.ddns.net\/pachuca\/index.php\/producto\/bobina-de-cable-utp-de-4-pares-vari-matrix-hd-cat6a-23-awg-cmr-riser-color-amarillo-305-metros-1000-pies\/","title":{"rendered":"Bobina de Cable UTP de 4 Pares, Vari-MaTriX HD, Cat6A, 23 AWG, CMR (Riser), Color Amarillo, 305 Metros (1000 Pies)"},"content":{"rendered":"<div style='width: 100%; max-width: 1200px; margin: 0 auto; font-family: sans-serif; line-height: 1.6; color: inherit; background-color: transparent;'>\n<div style='display: flex; flex-wrap: wrap; gap: 30px; margin-bottom: 30px;'>\n<div style='flex: 1 1 300px; min-width: 280px;'>\n<h3 style='font-size: 22px; border-bottom: 2px solid currentColor; padding-bottom: 5px; margin-top: 0; color: inherit; opacity: 0.8;'>Caracter\u00edsticas T\u00e9cnicas<\/h3>\n<p style='font-size: 15px; color: inherit;'>El cable de Categor\u00eda 6A\/Clase EA se fabrica con conductores de cobre 23 AWG con espuma de PE y HDPE (CM y CMR) o con aislamiento de HDPE de Bajo Humo y Cero Hal\u00f3genos (LSZH). Los conductores de cobre se trenzan en pares&comma; separados por un divisor de tipo cinta. Los cuatro pares est\u00e1n rodeados por una cinta Vari-MaTriX y un forro retardante de flama. La cinta minimiza el di\u00e1metro del cable y suprime los efectos del alien crosstalk&comma; reteniendo la inmunidad a la interferencia electromagn\u00e9tica del UTP. El peque\u00f1o di\u00e1metro del cable maximiza la densidad para que canalizaciones existentes puedan usarse al reemplazar el cableado Categor\u00eda 6.<\/p>\n<\/p><\/div>\n<\/p><\/div>\n<div style='display: flex; flex-wrap: wrap; gap: 20px; margin-bottom: 30px;'>\n<div style='flex: 1 1 250px; border: 1px solid rgba(150&comma; 150&comma; 150&comma; 0.4); border-radius: 8px; overflow: hidden; display: flex; flex-direction: column;'>\n<div style='padding: 15px; border-bottom: 1px solid rgba(150&comma; 150&comma; 150&comma; 0.2); font-weight: bold; font-size: 18px; color: inherit;'>Aplicaciones<\/div>\n<div style='padding: 15px; color: inherit;'>\n<ul style='padding-left: 20px; margin: 0; font-size: 14px; list-style-type: disc;'>\n<li style='margin-bottom: 5px;'>Redes de Voz\/Datos y V\u00eddeo de Alta Velocidad<\/li>\n<li style='margin-bottom: 5px;'>Instalaciones de CCTV IP Megapixel<\/li>\n<li style='margin-bottom: 5px;'>Redes inal\u00e1mbricas<\/li>\n<li style='margin-bottom: 5px;'>Aplicaciones Power Over Ethernet IEEE 802.3af y 802.3at<\/li>\n<li style='margin-bottom: 5px;'>Aplicaciones en 10BASE-T&comma; 100BASE-T&comma; 1000BASE-T y 10GBASE-T<\/li>\n<\/ul><\/div>\n<\/p><\/div>\n<div style='flex: 1 1 250px; border: 1px solid rgba(150&comma; 150&comma; 150&comma; 0.4); border-radius: 8px; overflow: hidden; display: flex; flex-direction: column;'>\n<div style='padding: 15px; border-bottom: 1px solid rgba(150&comma; 150&comma; 150&comma; 0.2); font-weight: bold; font-size: 18px; color: inherit;'>Especificaciones T\u00e9cnicas<\/div>\n<div style='padding: 15px; color: inherit;'>\n<ul style='padding-left: 20px; margin: 0; font-size: 14px; list-style-type: disc;'>\n<li style='margin-bottom: 5px;'>Rendimiento: Canal certificado en una configuraci\u00f3n de 4 conectores de hasta 100 metros y excede los requisitos de los est\u00e1ndares ANSI \/ TIA-568.2-D Categor\u00eda 6A e ISO 11801 Clase EA barridos hasta 650 MHz para soportar la transmisi\u00f3n 10GBASE-T sobre sistemas de cableado de par trenzado como parte del sistema de cableado de cobre Panduit \u00ae TX6A \u2122 10Gig UTP<\/li>\n<li style='margin-bottom: 5px;'>Cumplimiento de est\u00e1ndares: Listado UL CMR-LP (0.5A)<\/li>\n<li style='margin-bottom: 5px;'>Di\u00e1metro nominal: 6.2 mm<\/li>\n<li style='margin-bottom: 5px;'>Conductor: 23 AWG de cobre s\u00f3lido aislado con PE (CMR)<\/li>\n<li style='margin-bottom: 5px;'>Clasificaci\u00f3n de flama: Riser (CMR) UL1666<\/li>\n<li style='margin-bottom: 5px;'>Cumplimiento PoE: Cumple con IEEE 802.3af&comma; IEEE 802.3at&comma; IEEE 802.3bt para aplicaciones PoE con certificaci\u00f3n UL PoH seg\u00fan UL4299<\/li>\n<li style='margin-bottom: 5px;'>Tensi\u00f3n m\u00e1xima: 25 lbf (110 N) m\u00e1ximo<\/li>\n<li style='margin-bottom: 5px;'>Temperatura de instalaci\u00f3n: 0\u00b0C a 60\u00b0C<\/li>\n<li style='margin-bottom: 5px;'>Temperatura de operaci\u00f3n: -20\u00baC a 75\u00baC<\/li>\n<\/ul><\/div>\n<\/p><\/div>\n<\/p><\/div>\n<hr style='border: 0; border-top: 1px solid rgba(150&comma; 150&comma; 150&comma; 0.3); margin: 30px 0;'> <\/div>\n","protected":false},"excerpt":{"rendered":"<p>Bobina de Cable UTP de 4 Pares, Vari-MaTriX HD, Cat6A, 23 AWG, CMR (Riser), Color Amarillo, 305 Metros (1000 Pies)<\/p>\n","protected":false},"featured_media":99893,"comment_status":"open","ping_status":"closed","template":"","meta":[],"product_brand":[],"product_cat":[668],"product_tag":[488,669,445],"class_list":{"0":"post-99894","1":"product","2":"type-product","3":"status-publish","4":"has-post-thumbnail","6":"product_cat-categoria-6a","7":"product_tag-cables-y-conectores","8":"product_tag-categoria-6a","9":"product_tag-panduit","11":"first","12":"instock","13":"sale","14":"shipping-taxable","15":"purchasable","16":"product-type-simple"},"_links":{"self":[{"href":"https:\/\/soydeaqui.ddns.net\/pachuca\/index.php\/wp-json\/wp\/v2\/product\/99894","targetHints":{"allow":["GET"]}}],"collection":[{"href":"https:\/\/soydeaqui.ddns.net\/pachuca\/index.php\/wp-json\/wp\/v2\/product"}],"about":[{"href":"https:\/\/soydeaqui.ddns.net\/pachuca\/index.php\/wp-json\/wp\/v2\/types\/product"}],"replies":[{"embeddable":true,"href":"https:\/\/soydeaqui.ddns.net\/pachuca\/index.php\/wp-json\/wp\/v2\/comments?post=99894"}],"wp:featuredmedia":[{"embeddable":true,"href":"https:\/\/soydeaqui.ddns.net\/pachuca\/index.php\/wp-json\/wp\/v2\/media\/99893"}],"wp:attachment":[{"href":"https:\/\/soydeaqui.ddns.net\/pachuca\/index.php\/wp-json\/wp\/v2\/media?parent=99894"}],"wp:term":[{"taxonomy":"product_brand","embeddable":true,"href":"https:\/\/soydeaqui.ddns.net\/pachuca\/index.php\/wp-json\/wp\/v2\/product_brand?post=99894"},{"taxonomy":"product_cat","embeddable":true,"href":"https:\/\/soydeaqui.ddns.net\/pachuca\/index.php\/wp-json\/wp\/v2\/product_cat?post=99894"},{"taxonomy":"product_tag","embeddable":true,"href":"https:\/\/soydeaqui.ddns.net\/pachuca\/index.php\/wp-json\/wp\/v2\/product_tag?post=99894"}],"curies":[{"name":"wp","href":"https:\/\/api.w.org\/{rel}","templated":true}]}}