{"id":99873,"date":"2026-03-20T10:47:25","date_gmt":"2026-03-20T10:47:25","guid":{"rendered":"https:\/\/soydeaqui.ddns.net\/pachuca\/index.php\/producto\/camara-pt-wi-fi-resolucion-3-megapixel-2k-audio-de-dos-vias-vision-nocturna-en-color-ai-deteccion-de-humanos-y-vehiculos-defensa-activa-con-sirena-y-luz-estroboscopica-ip65\/"},"modified":"2026-03-20T10:47:38","modified_gmt":"2026-03-20T10:47:38","slug":"camara-pt-wi-fi-resolucion-3-megapixel-2k-audio-de-dos-vias-vision-nocturna-en-color-ai-deteccion-de-humanos-y-vehiculos-defensa-activa-con-sirena-y-luz-estroboscopica-ip65","status":"publish","type":"product","link":"https:\/\/soydeaqui.ddns.net\/pachuca\/index.php\/producto\/camara-pt-wi-fi-resolucion-3-megapixel-2k-audio-de-dos-vias-vision-nocturna-en-color-ai-deteccion-de-humanos-y-vehiculos-defensa-activa-con-sirena-y-luz-estroboscopica-ip65\/","title":{"rendered":"C\u00e1mara PT \/ Wi-Fi \/ Resoluci\u00f3n 3 Megapixel (2K) \/ Audio de Dos V\u00edas \/ Visi\u00f3n Nocturna en Color \/ AI Detecci\u00f3n de Humanos y Veh\u00edculos \/ Defensa Activa con Sirena y Luz Estrobosc\u00f3pica \/ IP65"},"content":{"rendered":"<div style='width: 100%; max-width: 1200px; margin: 0 auto; font-family: sans-serif; line-height: 1.6; color: inherit; background-color: transparent;'> <!-- Imagen principal --> <\/p>\n<div style='width: 100%; margin-bottom: 40px;'> <a href='#link' target='_blank' rel='noopener' style='display: block;'> <img style='width: 100%; height: auto; border: 1px solid rgba(150&comma;150&comma;150&comma;0.3); border-radius: 8px;' src='https:\/\/ftp3.syscom.mx\/usuarios\/rcovarrubias\/EZVIZ\/Bannerspag\/SerieH.png' alt='Banner EZVIZ'> <\/a> <\/div>\n<p> <!-- Descripci\u00f3n general --> <\/p>\n<div style='width: 100%; margin-bottom: 40px;'>\n<div style='width: 100%; max-width: 1200px; margin: 0 auto; padding: 0 15px;'>\n<p style='text-align: justify; font-size: 15px; color: inherit;'> La c\u00e1mara EZVIZ H8c Pro 2K ofrece una vigilancia exterior excepcional con video panor\u00e1mico de alta definici\u00f3n 2K y caracter\u00edsticas avanzadas de seguimiento y seguridad para proteger su propiedad las 24 horas del d\u00eda. Integra una capacidad de zoom autom\u00e1tico y alertas instant\u00e1neas con defensa activa&comma; todo manejado desde su dispositivo m\u00f3vil. <\/p>\n<\/p><\/div>\n<\/p><\/div>\n<p> <!-- Secci\u00f3n de caracter\u00edsticas --> <\/p>\n<div style='width: 100%; max-width: 1200px; margin: 0 auto 40px; display: flex; flex-wrap: wrap; gap: 30px;'>\n<div style='flex: 1 1 300px; min-width: 280px; border-left: 5px solid #42BB1A; border-radius: 8px; padding: 15px; box-shadow: 0 2px 10px rgba(150&comma;150&comma;150&comma;0.2); background-color: rgba(255&comma;255&comma;255&comma;0.02);'>\n<h3 style='font-size: 18px; margin-top: 0; margin-bottom: 15px; font-weight: bold; color: inherit;'>Caracter\u00edsticas principales:<\/h3>\n<ul style='padding-left: 20px; margin: 0; font-size: 14px; color: inherit;'>\n<li style='margin-bottom: 8px;'>Resoluci\u00f3n 2K<\/li>\n<li style='margin-bottom: 8px;'>Cobertura panor\u00e1mica de 360 grados<\/li>\n<li style='margin-bottom: 8px;'>Smart Tracking con zoom autom\u00e1tico<\/li>\n<li style='margin-bottom: 8px;'>Visi\u00f3n nocturna en color<\/li>\n<li style='margin-bottom: 8px;'>Micr\u00f3fono y Bocina integrado para audio de dos v\u00edas<\/li>\n<li style='margin-bottom: 8px;'>Defensa activa con sirena y luces<\/li>\n<li style='margin-bottom: 8px;'>Detecci\u00f3n de forma humana\/veh\u00edculo con IA<\/li>\n<li style='margin-bottom: 8px;'>Control a trav\u00e9s de aplicaci\u00f3n m\u00f3vil y comandos de voz<\/li>\n<\/ul><\/div>\n<div style='flex: 1 1 300px; min-width: 280px; border-left: 5px solid #42BB1A; border-radius: 8px; padding: 15px; box-shadow: 0 2px 10px rgba(150&comma;150&comma;150&comma;0.2); background-color: rgba(255&comma;255&comma;255&comma;0.02);'>\n<h3 style='font-size: 18px; margin-top: 0; margin-bottom: 15px; font-weight: bold; color: inherit;'>Interfaces y Compatibilidad:<\/h3>\n<ul style='padding-left: 20px; margin: 0; font-size: 14px; color: inherit;'>\n<li style='margin-bottom: 8px;'>Wi-Fi 2.4 GHz<\/li>\n<li style='margin-bottom: 8px;'>Puerto Ethernet RJ45<\/li>\n<\/ul>\n<h3 style='font-size: 18px; margin-top: 20px; margin-bottom: 15px; font-weight: bold; color: inherit;'>Requisitos y Compatibilidad<\/h3>\n<ul style='padding-left: 20px; margin: 0; font-size: 14px; color: inherit;'>\n<li style='margin-bottom: 8px;'>Compatible con Google Assistant y Amazon Alexa<\/li>\n<li style='margin-bottom: 8px;'>Funciona en temperaturas de -30\u00b0C a 50\u00b0C<\/li>\n<\/ul><\/div>\n<div style='flex: 1 1 300px; min-width: 280px; border-left: 5px solid #42BB1A; border-radius: 8px; padding: 15px; box-shadow: 0 2px 10px rgba(150&comma;150&comma;150&comma;0.2); background-color: rgba(255&comma;255&comma;255&comma;0.02);'>\n<h3 style='font-size: 18px; margin-top: 0; margin-bottom: 15px; font-weight: bold; color: inherit;'>Aplicaciones y Casos de Uso:<\/h3>\n<ul style='padding-left: 20px; margin: 0; font-size: 14px; color: inherit;'>\n<li style='margin-bottom: 8px;'>Protecci\u00f3n 24\/7 con monitoreo de acceso y zonas preconfiguradas.<\/li>\n<li style='margin-bottom: 8px;'>Acceda al video en vivo desde cualquier lugar con la aplicaci\u00f3n EZVIZ.<\/li>\n<li style='margin-bottom: 8px;'>Dise\u00f1o a prueba de agua para un rendimiento continuo en cualquier clima.<\/li>\n<\/ul><\/div>\n<\/p><\/div>\n<p> <!-- Secci\u00f3n 1 --> <\/p>\n<div style='width: 100%; max-width: 1200px; margin: 0 auto 40px; display: flex; flex-wrap: wrap; align-items: center; gap: 30px;'>\n<div style='flex: 1 1 400px; min-width: 280px; text-align: center;'> <img style='width: 100%; max-height: 400px; border: 1px solid rgba(150&comma;150&comma;150&comma;0.3); border-radius: 8px;' src='https:\/\/ftp3.syscom.mx\/usuarios\/rcovarrubias\/EZVIZ\/Manual%20esp-ing\/CS-H8c%203MP\/1.1.png' alt='Seguimiento inteligente'> <\/div>\n<div style='flex: 1 1 400px; min-width: 280px;'>\n<h2 style='font-size: 24px; margin-bottom: 15px; color: inherit;'> Detectar y seguir actividades importantes <\/h2>\n<p style='font-size: 15px; color: inherit;'> Mant\u00e9n cada momento enfocado con la H8c Pro 2K. Ahora casi no te perder\u00e1s ning\u00fan evento interesante: cuando esta c\u00e1mara inteligente detecta a una persona caminando&comma; la enfoca autom\u00e1ticamente y gira suavemente su lente para mantener la acci\u00f3n en la imagen. <\/p>\n<\/p><\/div>\n<\/p><\/div>\n<p> <!-- Secci\u00f3n 2 --> <\/p>\n<div style='width: 100%; max-width: 1200px; margin: 0 auto 40px; display: flex; flex-wrap: wrap; align-items: center; gap: 30px; flex-direction: row-reverse;'>\n<div style='flex: 1 1 400px; min-width: 280px; text-align: center;'> <img style='width: 100%; max-height: 400px; border: 1px solid rgba(150&comma;150&comma;150&comma;0.3); border-radius: 8px;' src='https:\/\/ftp3.syscom.mx\/usuarios\/rcovarrubias\/EZVIZ\/Manual%20esp-ing\/CS-H8c%203MP\/2.1.png' alt='Cobertura completa'> <\/div>\n<div style='flex: 1 1 400px; min-width: 280px;'>\n<h2 style='font-size: 24px; margin-bottom: 15px; color: inherit;'> Vea cada detalle&comma; asegure cada \u00e1ngulo <\/h2>\n<p style='font-size: 15px; color: inherit;'> Ya sea que necesite vigilar su patio o asegurar su garaje&comma; la H8c Pro 2K destaca por su nitidez y amplia cobertura. Su n\u00edtida resoluci\u00f3n 2K da vida a las escenas con gran detalle. Gracias al dise\u00f1o motorizado de la c\u00e1mara&comma; no deja ning\u00fan rinc\u00f3n sin revisar para una monitorizaci\u00f3n m\u00e1s completa. <\/p>\n<\/p><\/div>\n<\/p><\/div>\n<p> <!-- Secci\u00f3n final --> <\/p>\n<div style='width: 100%; max-width: 1200px; margin: 0 auto 30px;'>\n<h3 style='font-size: 18px; border-bottom: 2px solid #42BB1A; padding-bottom: 8px; margin-top: 30px; text-align: center; color: inherit;'> Protege el exterior de forma inteligente y con precisi\u00f3n <\/h3>\n<p style='font-size: 15px; margin: 20px 0; color: inherit;'> Con la flexible H8c Pro 2K&comma; proteger su propiedad es m\u00e1s f\u00e1cil y eficaz que nunca. De d\u00eda y de noche&comma; disfrutar\u00e1 de una vista n\u00edtida y completa de su espacio exterior&comma; ya sea su hogar o su negocio&comma; gracias a sus im\u00e1genes 2K y cobertura de 360\u00b0. Gracias a la combinaci\u00f3n de detecci\u00f3n inteligente y seguimiento autom\u00e1tico&comma; le mantiene informado de las actividades humanas importantes. En resumen&comma; es una c\u00e1mara fiable que le ofrece tranquilidad sin complicaciones. <\/p>\n<\/p><\/div>\n<p> <!-- Imagen final --> <\/p>\n<div style='width: 100%; max-width: 1200px; margin: 0 auto 50px;'>\n<div style='text-align: center;'> <img style='width: 100%; max-width: 100%; height: auto; border: 1px solid rgba(150&comma;150&comma;150&comma;0.3); border-radius: 8px;' src='https:\/\/ftp3.syscom.mx\/usuarios\/rcovarrubias\/EZVIZ\/Manual%20esp-ing\/CS-H8c%203MP\/3.1.png' alt='Resumen de caracter\u00edsticas'> <\/div>\n<\/p><\/div>\n<\/p><\/div>\n","protected":false},"excerpt":{"rendered":"<p>C\u00e1mara PT \/ Wi-Fi \/ Resoluci\u00f3n 3 Megapixel (2K) \/ Audio de Dos V\u00edas \/ Visi\u00f3n Nocturna en Color \/ AI Detecci\u00f3n de Humanos y Veh\u00edculos \/ Defensa Activa con Sirena y Luz Estrobosc\u00f3pica \/ IP65<\/p>\n","protected":false},"featured_media":99872,"comment_status":"open","ping_status":"closed","template":"","meta":[],"product_brand":[],"product_cat":[121],"product_tag":[122,111,123],"class_list":{"0":"post-99873","1":"product","2":"type-product","3":"status-publish","4":"has-post-thumbnail","6":"product_cat-wifi-4g-inalambricas","7":"product_tag-camaras-ip-y-nvrs","8":"product_tag-ezviz","9":"product_tag-wifi-4g-inalambricas","11":"first","12":"instock","13":"sale","14":"shipping-taxable","15":"purchasable","16":"product-type-simple"},"_links":{"self":[{"href":"https:\/\/soydeaqui.ddns.net\/pachuca\/index.php\/wp-json\/wp\/v2\/product\/99873","targetHints":{"allow":["GET"]}}],"collection":[{"href":"https:\/\/soydeaqui.ddns.net\/pachuca\/index.php\/wp-json\/wp\/v2\/product"}],"about":[{"href":"https:\/\/soydeaqui.ddns.net\/pachuca\/index.php\/wp-json\/wp\/v2\/types\/product"}],"replies":[{"embeddable":true,"href":"https:\/\/soydeaqui.ddns.net\/pachuca\/index.php\/wp-json\/wp\/v2\/comments?post=99873"}],"wp:featuredmedia":[{"embeddable":true,"href":"https:\/\/soydeaqui.ddns.net\/pachuca\/index.php\/wp-json\/wp\/v2\/media\/99872"}],"wp:attachment":[{"href":"https:\/\/soydeaqui.ddns.net\/pachuca\/index.php\/wp-json\/wp\/v2\/media?parent=99873"}],"wp:term":[{"taxonomy":"product_brand","embeddable":true,"href":"https:\/\/soydeaqui.ddns.net\/pachuca\/index.php\/wp-json\/wp\/v2\/product_brand?post=99873"},{"taxonomy":"product_cat","embeddable":true,"href":"https:\/\/soydeaqui.ddns.net\/pachuca\/index.php\/wp-json\/wp\/v2\/product_cat?post=99873"},{"taxonomy":"product_tag","embeddable":true,"href":"https:\/\/soydeaqui.ddns.net\/pachuca\/index.php\/wp-json\/wp\/v2\/product_tag?post=99873"}],"curies":[{"name":"wp","href":"https:\/\/api.w.org\/{rel}","templated":true}]}}