{"id":99871,"date":"2026-03-20T10:47:20","date_gmt":"2026-03-20T10:47:20","guid":{"rendered":"https:\/\/soydeaqui.ddns.net\/pachuca\/index.php\/producto\/ptz-punta-de-poste-ip-dual-lente-termico-de-38-a-190-mm-1280-x-1024-lente-optico-100x-zoom-2-megapixel-3-kms-de-ir-laser-48-vcd-ip67-deteccion-de-fuego-analiticas-de-video\/"},"modified":"2026-03-20T10:47:22","modified_gmt":"2026-03-20T10:47:22","slug":"ptz-punta-de-poste-ip-dual-lente-termico-de-38-a-190-mm-1280-x-1024-lente-optico-100x-zoom-2-megapixel-3-kms-de-ir-laser-48-vcd-ip67-deteccion-de-fuego-analiticas-de-video","status":"publish","type":"product","link":"https:\/\/soydeaqui.ddns.net\/pachuca\/index.php\/producto\/ptz-punta-de-poste-ip-dual-lente-termico-de-38-a-190-mm-1280-x-1024-lente-optico-100x-zoom-2-megapixel-3-kms-de-ir-laser-48-vcd-ip67-deteccion-de-fuego-analiticas-de-video\/","title":{"rendered":"PTZ Punta de Poste IP Dual \/ Lente T\u00e9rmico de 38 a 190 mm (1280 X 1024) \/ Lente \u00d3ptico 100X Zoom (2 Megapixel) \/ 3 Kms de IR Laser \/ 48 VCD \/ IP67 \/ Detecci\u00f3n de Fuego \/ Analiticas de Video"},"content":{"rendered":"<div style='width: 100%; max-width: 1200px; margin: 0 auto; font-family: sans-serif; line-height: 1.6; color: inherit; background-color: transparent;'>\n<p style='text-align: center;'><img style='width: 100%; height: auto; border: 1px solid rgba(150&comma;150&comma;150&comma;0.3); border-radius: 8px;' src='https:\/\/ftp3.syscom.mx\/usuarios\/jsosa\/HIKVISION\/imagenes\/logo\/hikvision%20see%20far.png' alt='Logo Hikvision'><\/p>\n<p> <!-- Videos --> <\/p>\n<div style='display: grid; grid-template-columns: repeat(auto-fit&comma; minmax(300px&comma; 1fr)); gap: 20px; margin: 30px 0;'>\n<div style='position: relative; padding-bottom: 56.25%; height: 0; overflow: hidden;'>   <\/div>\n<div style='position: relative; padding-bottom: 56.25%; height: 0; overflow: hidden;'>   <\/div>\n<div style='position: relative; padding-bottom: 56.25%; height: 0; overflow: hidden;'>   <\/div>\n<div style='position: relative; padding-bottom: 56.25%; height: 0; overflow: hidden;'>   <\/div>\n<\/p><\/div>\n<p> <!-- Secci\u00f3n de caracter\u00edsticas --> <\/p>\n<div style='display: flex; flex-wrap: wrap; gap: 30px; margin-bottom: 30px;'>\n<div style='flex: 1 1 300px; min-width: 280px;'>\n<h3 style='font-size: 22px; border-bottom: 2px solid currentColor; padding-bottom: 5px; margin-top: 0; color: inherit; opacity: 0.8;'>Caracter\u00edsticas del lente t\u00e9rmico<\/h3>\n<ul style='padding-left: 20px; font-size: 15px; color: inherit;'>\n<li style='margin-bottom: 5px;'>Lente fijo: 100 mm<\/li>\n<li style='margin-bottom: 5px;'>Resoluci\u00f3n: 640 x 512<\/li>\n<li style='margin-bottom: 5px;'>Sensor de imagen: oxido de vanadio&comma; detector de plano focal no refrigerado<\/li>\n<li style='margin-bottom: 5px;'>Identificaci\u00f3n de personas: 368 mts aproximado<\/li>\n<li style='margin-bottom: 5px;'>Identificaci\u00f3n de veh\u00edculos: 1127 mts aproximado<\/li>\n<\/ul><\/div>\n<div style='flex: 1 1 300px; min-width: 280px;'>\n<h3 style='font-size: 22px; border-bottom: 2px solid currentColor; padding-bottom: 5px; margin-top: 0; color: inherit; opacity: 0.8;'>Caracter\u00edsticas del lente \u00f3ptico<\/h3>\n<ul style='padding-left: 20px; font-size: 15px; color: inherit;'>\n<li style='margin-bottom: 5px;'>Distancia focal: 6 &#8211; 336 mm \/ 56X optico \/ 16X digital<\/li>\n<li style='margin-bottom: 5px;'>Resoluci\u00f3n: 2 Megapixel (1920 X 1080)<\/li>\n<li style='margin-bottom: 5px;'>Sensor de imagen: 1\/1.8&#8242; CMOS Scan Progresivo<\/li>\n<li style='margin-bottom: 5px;'>Iluminaci\u00f3n m\u00ednima: Color: 0.05 Lux @ (F1.8&comma; AGC ON)&comma; B\/N: 0.01 Lux @ (F1.8&comma; AGC ON)<\/li>\n<li style='margin-bottom: 5px;'>dWDR \/ 3D-DNR<\/li>\n<li style='margin-bottom: 5px;'>800 mts IR LASER (visi\u00f3n nocturna)<\/li>\n<\/ul><\/div>\n<div style='flex: 1 1 300px; min-width: 280px;'>\n<h3 style='font-size: 22px; border-bottom: 2px solid currentColor; padding-bottom: 5px; margin-top: 0; color: inherit; opacity: 0.8;'>Caracter\u00edsticas F\u00edsicas y El\u00e9ctricas<\/h3>\n<ul style='padding-left: 20px; font-size: 15px; color: inherit;'>\n<li style='margin-bottom: 5px;'>Alimentaci\u00f3n: 24 Vca \/ 120 watts<\/li>\n<li style='margin-bottom: 5px;'>Temperatura de operaci\u00f3n: -40\u00baC a 60\u00baC<\/li>\n<li style='margin-bottom: 5px;'>Dimensiones: 486.1 X 337.6 X 450.3 mm<\/li>\n<li style='margin-bottom: 5px;'>Peso: 20 Kg<\/li>\n<li style='margin-bottom: 5px;'>Garant\u00eda: 3 a\u00f1os<\/li>\n<\/ul><\/div>\n<div style='flex: 1 1 300px; min-width: 280px;'>\n<h3 style='font-size: 22px; border-bottom: 2px solid currentColor; padding-bottom: 5px; margin-top: 0; color: inherit; opacity: 0.8;'>Caracter\u00edsticas Destacadas<\/h3>\n<ul style='padding-left: 20px; font-size: 15px; color: inherit;'>\n<li style='margin-bottom: 5px;'>4 Videoanaliticos integrados (Cruce de linea&comma; Intrusi\u00f3n de \u00e1rea&comma; Regi\u00f3n de entrada \/ Regi\u00f3n de salida)<\/li>\n<li style='margin-bottom: 5px;'>Rango de temperatura: -20\u00baC a 150\u00baC (-4\u00baF a 302\u00baF)<\/li>\n<li style='margin-bottom: 5px;'>Eficiencia de rango: 8\u00baC<\/li>\n<li style='margin-bottom: 5px;'>Detecci\u00f3n de fuego: Detecci\u00f3n din\u00e1mico de incendio&comma; hasta 10 puntos de incendio detectables<\/li>\n<li style='margin-bottom: 5px;'>Muestra la temperatura del escenario a visualizar<\/li>\n<\/ul><\/div>\n<div style='flex: 1 1 300px; min-width: 280px;'>\n<h3 style='font-size: 22px; border-bottom: 2px solid currentColor; padding-bottom: 5px; margin-top: 0; color: inherit; opacity: 0.8;'>Integraci\u00f3n<\/h3>\n<ul style='padding-left: 20px; font-size: 15px; color: inherit;'>\n<li style='margin-bottom: 5px;'>7 entradas de alarma (0 &#8211; 5 Vcc)<\/li>\n<li style='margin-bottom: 5px;'>2 salidas de alarma<\/li>\n<li style='margin-bottom: 5px;'>1 entrada de audio<\/li>\n<li style='margin-bottom: 5px;'>1 salidas de audio<\/li>\n<li style='margin-bottom: 5px;'>1 puerto de red (10 \/ 100 Mbps)<\/li>\n<li style='margin-bottom: 5px;'>Soporta memoria micro SD de hasta 64 Gb<\/li>\n<li style='margin-bottom: 5px;'>Soporta salida de video anal\u00f3gica \/ 75 \u03a9<\/li>\n<li style='margin-bottom: 5px;'>Cuenta con limpiaparabrisas<\/li>\n<\/ul><\/div>\n<\/p><\/div>\n<p> <!-- Imagen final --> <\/p>\n<div style='margin-top: 30px;'> <img style='width: 100%; height: auto; border: 1px solid rgba(150&comma;150&comma;150&comma;0.3); border-radius: 8px;' src='https:\/\/ftp3.syscom.mx\/usuarios\/jsosa\/banners\/solucion-termica.jpg' alt='Soluci\u00f3n t\u00e9rmica'> <\/div>\n<\/p><\/div>\n","protected":false},"excerpt":{"rendered":"<p>PTZ Punta de Poste IP Dual \/ Lente T\u00e9rmico de 38 a 190 mm (1280 X 1024) \/ Lente \u00d3ptico 100X Zoom (2 Megapixel) \/ 3 Kms de IR Laser \/ 48 VCD \/ IP67 \/ Detecci\u00f3n de Fuego \/ Analiticas de Video<\/p>\n","protected":false},"featured_media":99870,"comment_status":"open","ping_status":"closed","template":"","meta":[],"product_brand":[],"product_cat":[1224],"product_tag":[122,54,1225],"class_list":{"0":"post-99871","1":"product","2":"type-product","3":"status-publish","4":"has-post-thumbnail","6":"product_cat-ptz","7":"product_tag-camaras-ip-y-nvrs","8":"product_tag-hikvision","9":"product_tag-ptz","11":"first","12":"outofstock","13":"sale","14":"shipping-taxable","15":"purchasable","16":"product-type-simple"},"_links":{"self":[{"href":"https:\/\/soydeaqui.ddns.net\/pachuca\/index.php\/wp-json\/wp\/v2\/product\/99871","targetHints":{"allow":["GET"]}}],"collection":[{"href":"https:\/\/soydeaqui.ddns.net\/pachuca\/index.php\/wp-json\/wp\/v2\/product"}],"about":[{"href":"https:\/\/soydeaqui.ddns.net\/pachuca\/index.php\/wp-json\/wp\/v2\/types\/product"}],"replies":[{"embeddable":true,"href":"https:\/\/soydeaqui.ddns.net\/pachuca\/index.php\/wp-json\/wp\/v2\/comments?post=99871"}],"wp:featuredmedia":[{"embeddable":true,"href":"https:\/\/soydeaqui.ddns.net\/pachuca\/index.php\/wp-json\/wp\/v2\/media\/99870"}],"wp:attachment":[{"href":"https:\/\/soydeaqui.ddns.net\/pachuca\/index.php\/wp-json\/wp\/v2\/media?parent=99871"}],"wp:term":[{"taxonomy":"product_brand","embeddable":true,"href":"https:\/\/soydeaqui.ddns.net\/pachuca\/index.php\/wp-json\/wp\/v2\/product_brand?post=99871"},{"taxonomy":"product_cat","embeddable":true,"href":"https:\/\/soydeaqui.ddns.net\/pachuca\/index.php\/wp-json\/wp\/v2\/product_cat?post=99871"},{"taxonomy":"product_tag","embeddable":true,"href":"https:\/\/soydeaqui.ddns.net\/pachuca\/index.php\/wp-json\/wp\/v2\/product_tag?post=99871"}],"curies":[{"name":"wp","href":"https:\/\/api.w.org\/{rel}","templated":true}]}}