{"id":99856,"date":"2026-03-20T10:46:47","date_gmt":"2026-03-20T10:46:47","guid":{"rendered":"https:\/\/soydeaqui.ddns.net\/pachuca\/index.php\/producto\/bateria-tb100-para-uso-con-matrice400\/"},"modified":"2026-03-20T10:46:51","modified_gmt":"2026-03-20T10:46:51","slug":"bateria-tb100-para-uso-con-matrice400","status":"publish","type":"product","link":"https:\/\/soydeaqui.ddns.net\/pachuca\/index.php\/producto\/bateria-tb100-para-uso-con-matrice400\/","title":{"rendered":"Bater\u00eda TB100 Para Uso con MATRICE400"},"content":{"rendered":"<div style='width: 100%; max-width: 1200px; margin: 0 auto; font-family: sans-serif; line-height: 1.6; color: inherit; background-color: transparent;'>\n<div style='display: flex; flex-wrap: wrap; gap: 30px; margin-bottom: 30px;'>\n<div style='flex: 1 1 300px; min-width: 280px;'>\n<h3 style='font-size: 22px; border-bottom: 2px solid currentColor; padding-bottom: 5px; margin-top: 0; color: inherit; opacity: 0.8;'>Caracter\u00edsticas Principales<\/h3>\n<ul style='padding-left: 20px; font-size: 15px; color: inherit;'>\n<li style='margin-bottom: 5px;'>Compatible con drones MATRICE400<\/li>\n<li style='margin-bottom: 5px;'>400 Ciclos<\/li>\n<li style='margin-bottom: 5px;'>Uso exclusivo con estaci\u00f3n de carga BS100<\/li>\n<li style='margin-bottom: 5px;'><span style='box-sizing: border-box; font-weight: bolder; color: inherit; font-family: sans-serif; font-size: 16px; background-color: transparent;'>GARANTIA DE 1 A\u00d1O CONTRA DEFECTOS DE FABRICACI\u00d3N<\/span><\/li>\n<\/ul><\/div>\n<div style='flex: 1 1 300px; min-width: 280px;'>\n<h3 style='font-size: 22px; border-bottom: 2px solid currentColor; padding-bottom: 5px; margin-top: 0; color: inherit; opacity: 0.8;'>Caracter\u00edsticas F\u00edsicas y El\u00e9ctricas<\/h3>\n<ul style='padding-left: 20px; font-size: 15px; color: inherit;'>\n<li style='margin-bottom: 5px;'><strong>Temperatura:<\/strong> &#8211; 20 a 75 \u00b0C<\/li>\n<li style='margin-bottom: 5px;'><strong>Capacidad:<\/strong> 20254 mAh<\/li>\n<li style='margin-bottom: 5px;'><strong>Energ\u00eda:<\/strong> 977 Wh<\/li>\n<li style='margin-bottom: 5px;'><strong>Peso:<\/strong> Apox. 4.72 Kg<\/li>\n<\/ul><\/div>\n<\/p><\/div>\n<div style='margin-bottom: 30px; font-size: 15px; color: inherit;'>\n<p>La bater\u00eda de vuelo inteligente TB100 adopta celdas de alta energ\u00eda y alto rendimiento y adminite 400 ciclos de carga&comma; lo que reduce el costo de vuelo. Adem\u00e1s&comma; cuenta con un mejor rendimiento de disipaci\u00f3n y un sistema de autocalentamiento.<\/p>\n<\/p><\/div>\n<hr style='border: 0; border-top: 1px solid rgba(150&comma; 150&comma; 150&comma; 0.3); margin: 30px 0;'> <\/div>\n","protected":false},"excerpt":{"rendered":"<p>Bater\u00eda TB100 Para Uso con MATRICE400<\/p>\n","protected":false},"featured_media":99855,"comment_status":"open","ping_status":"closed","template":"","meta":[],"product_brand":[],"product_cat":[2225,2223],"product_tag":[2228,2226,2227],"class_list":{"0":"post-99856","1":"product","2":"type-product","3":"status-publish","4":"has-post-thumbnail","6":"product_cat-drones-robots-e-industrial","7":"product_cat-drones","8":"product_tag-dji","9":"product_tag-drones","10":"product_tag-robots-e-industrial","12":"first","13":"instock","14":"sale","15":"shipping-taxable","16":"purchasable","17":"product-type-simple"},"_links":{"self":[{"href":"https:\/\/soydeaqui.ddns.net\/pachuca\/index.php\/wp-json\/wp\/v2\/product\/99856","targetHints":{"allow":["GET"]}}],"collection":[{"href":"https:\/\/soydeaqui.ddns.net\/pachuca\/index.php\/wp-json\/wp\/v2\/product"}],"about":[{"href":"https:\/\/soydeaqui.ddns.net\/pachuca\/index.php\/wp-json\/wp\/v2\/types\/product"}],"replies":[{"embeddable":true,"href":"https:\/\/soydeaqui.ddns.net\/pachuca\/index.php\/wp-json\/wp\/v2\/comments?post=99856"}],"wp:featuredmedia":[{"embeddable":true,"href":"https:\/\/soydeaqui.ddns.net\/pachuca\/index.php\/wp-json\/wp\/v2\/media\/99855"}],"wp:attachment":[{"href":"https:\/\/soydeaqui.ddns.net\/pachuca\/index.php\/wp-json\/wp\/v2\/media?parent=99856"}],"wp:term":[{"taxonomy":"product_brand","embeddable":true,"href":"https:\/\/soydeaqui.ddns.net\/pachuca\/index.php\/wp-json\/wp\/v2\/product_brand?post=99856"},{"taxonomy":"product_cat","embeddable":true,"href":"https:\/\/soydeaqui.ddns.net\/pachuca\/index.php\/wp-json\/wp\/v2\/product_cat?post=99856"},{"taxonomy":"product_tag","embeddable":true,"href":"https:\/\/soydeaqui.ddns.net\/pachuca\/index.php\/wp-json\/wp\/v2\/product_tag?post=99856"}],"curies":[{"name":"wp","href":"https:\/\/api.w.org\/{rel}","templated":true}]}}