{"id":99845,"date":"2026-03-20T10:46:15","date_gmt":"2026-03-20T10:46:15","guid":{"rendered":"https:\/\/soydeaqui.ddns.net\/pachuca\/index.php\/producto\/nvr-wisenet-wave-basada-en-ubuntu-linux-montable-en-rack-1u-incluye-1-licencia-wave-pro-04-470-mbps-throughput-incluye-80-tb-para-almacenamiento\/"},"modified":"2026-03-20T10:46:19","modified_gmt":"2026-03-20T10:46:19","slug":"nvr-wisenet-wave-basada-en-ubuntu-linux-montable-en-rack-1u-incluye-1-licencia-wave-pro-04-470-mbps-throughput-incluye-80-tb-para-almacenamiento","status":"publish","type":"product","link":"https:\/\/soydeaqui.ddns.net\/pachuca\/index.php\/producto\/nvr-wisenet-wave-basada-en-ubuntu-linux-montable-en-rack-1u-incluye-1-licencia-wave-pro-04-470-mbps-throughput-incluye-80-tb-para-almacenamiento\/","title":{"rendered":"NVR Wisenet WAVE basada en Ubuntu Linux \/ Montable en Rack 1U \/ Incluye 1 licencia WAVE-PRO-04 \/ 470 Mbps throughput \/ Incluye 80 TB para almacenamiento"},"content":{"rendered":"<div style='width: 100%; max-width: 1200px; margin: 0 auto; font-family: sans-serif; line-height: 1.6; color: inherit; background-color: transparent;'>\n<div style='width: 100%;'> <img style='width: 100%; height: auto; border: 1px solid rgba(150&comma;150&comma;150&comma;0.3); border-radius: 8px;' src='https:\/\/ftp3.syscom.mx\/usuarios\/gmagos\/Hanwha\/fotos\/plantilla-iconos-win.jpg' alt=''> <\/div>\n<h3 style='font-size: 22px; border-bottom: 2px solid currentColor; padding-bottom: 5px; margin-top: 30px; margin-bottom: 20px; color: inherit; opacity: 0.8; text-align: center;'>Caracter\u00edsticas t\u00e9cnicas<\/h3>\n<div style='display: flex; flex-wrap: wrap; gap: 30px; margin-bottom: 30px;'>\n<div style='flex: 1 1 300px; min-width: 280px;'>\n<div style='border-left: 5px solid #f37324; border-radius: 5px; padding: 15px; box-shadow: 2px 2px 10px rgba(243&comma;115&comma;36&comma;0.2);'> <strong style='font-family: Arial&comma; Helvetica&comma; sans-serif; font-size: 16px; display: block; margin-bottom: 10px; color: inherit;'>Sistema:<\/strong> <\/p>\n<ul style='padding-left: 20px; font-size: 15px; color: inherit; list-style-type: disc;'>\n<li style='margin-bottom: 5px;'><span style='color: inherit;'>Software VMS: Wisenet WAVE<\/span><\/li>\n<li style='margin-bottom: 5px;'><span style='color: inherit;'>Licencias pre-cargadas: 1 licencia WAVE-PRO-04<\/span><\/li>\n<li style='margin-bottom: 5px;'><span style='color: inherit;'>Ancho de banda para grabaci\u00f3n: 470 Mbps<\/span><\/li>\n<li style='margin-bottom: 5px;'><span style='color: inherit;'>Disco duro sistema operativo: 2 x 240 GB M2.5 SSD<\/span><\/li>\n<li style='margin-bottom: 5px;'><span style='color: inherit;'>Almacenamiento incluido: 80 TB<\/span><\/li>\n<li style='margin-bottom: 5px;'><span style='color: inherit;'>Bah\u00edas para discos duros adicionales: 4 x 3.5 SATA Hot Swap (1 usado para SO)<\/span><\/li>\n<li style='margin-bottom: 5px;'><span style='color: inherit;'>Capacidad m\u00e1xima de disco duro: Hasta 42 TB en Crudo<\/span><\/li>\n<li style='margin-bottom: 5px;'><span style='color: inherit;'>Procesador: 1x Intel Xeon E-2356&comma; 3.3 a 4.30 Ghz (4 N\u00facleos)<\/span><\/li>\n<li style='margin-bottom: 5px;'><span style='color: inherit;'>Memoria: 16 GB DDR4<\/span><\/li>\n<li style='margin-bottom: 5px;'><span style='color: inherit;'>Sistema operativo: Ubuntu Linux<\/span><\/li>\n<\/ul><\/div>\n<\/p><\/div>\n<div style='flex: 1 1 300px; min-width: 280px;'>\n<div style='border-left: 5px solid #f37324; border-radius: 5px; padding: 15px; box-shadow: 2px 2px 10px rgba(243&comma;115&comma;36&comma;0.2);'> <strong style='font-family: Arial&comma; Helvetica&comma; sans-serif; font-size: 16px; display: block; margin-bottom: 10px; color: inherit;'>Interfaces:<\/strong> <\/p>\n<ul style='padding-left: 20px; font-size: 15px; color: inherit; list-style-type: disc;'>\n<li style='margin-bottom: 5px;'><span style='color: inherit;'>Interfaces de red: 2 x RJ45&comma; Gigabit Ethernet.<\/span><\/li>\n<li style='margin-bottom: 5px;'><span style='color: inherit;'>Salidas de video: 1 VGA (Solo para configuraci\u00f3n&comma; no optimizada para visualizaci\u00f3n de c\u00e1maras).<\/span><\/li>\n<li style='margin-bottom: 5px;'><span style='color: inherit;'>Puertos USB: 2 USB 3.0 Traseros&comma; 1 USB 2.0 Frontal y 1 USB 3.0 Interno.<\/span><\/li>\n<li style='margin-bottom: 5px;'><span style='color: inherit;'>Otros puertos: Serial.<\/span><\/li>\n<\/ul>\n<p> <strong style='font-family: Arial&comma; Helvetica&comma; sans-serif; font-size: 16px; display: block; margin-top: 20px; margin-bottom: 10px; color: inherit;'>Caracter\u00edsticas F\u00edsicas y El\u00e9ctricas:<\/strong> <\/p>\n<ul style='padding-left: 20px; font-size: 15px; color: inherit; list-style-type: disc;'>\n<li style='margin-bottom: 5px;'><span style='color: inherit;'>Fuente de poder: 450 W<\/span><\/li>\n<li style='margin-bottom: 5px;'><span style='color: inherit;'>Entrada de voltaje: 100 &#8211; 240 VCA<\/span><\/li>\n<li style='margin-bottom: 5px;'><span style='color: inherit;'>Consumo m\u00e1ximo: 400 W<\/span><\/li>\n<\/ul><\/div>\n<\/p><\/div>\n<div style='flex: 1 1 300px; min-width: 280px;'>\n<div style='border-left: 5px solid #f37324; border-radius: 5px; padding: 15px; box-shadow: 2px 2px 10px rgba(243&comma;115&comma;36&comma;0.2);'> <strong style='font-family: Arial&comma; Helvetica&comma; sans-serif; font-size: 16px; display: block; margin-bottom: 10px; color: inherit;'>Mec\u00e1nico<\/strong> <\/p>\n<ul style='padding-left: 20px; font-size: 15px; color: inherit; list-style-type: disc;'>\n<li style='margin-bottom: 5px;'><span style='color: inherit;'>Forma del equipo: Chassis montable en Rack 1U<\/span><\/li>\n<li style='margin-bottom: 5px;'><span style='color: inherit;'>Color \/ Material: Negro \/ Metal<\/span><\/li>\n<li style='margin-bottom: 5px;'><span style='color: inherit;'>Dimensiones: 444 mm x 440 mm x 44 mm<\/span><\/li>\n<li style='margin-bottom: 5px;'><span style='color: inherit;'>Peso: 23 Kg m\u00e1ximo (sin discos duros).<\/span><\/li>\n<\/ul>\n<p> <strong style='font-family: Arial&comma; Helvetica&comma; sans-serif; font-size: 16px; display: block; margin-top: 20px; margin-bottom: 10px; color: inherit;'>Ambiental<\/strong> <\/p>\n<ul style='padding-left: 20px; font-size: 15px; color: inherit; list-style-type: disc;'>\n<li style='margin-bottom: 5px;'><span style='color: inherit;'>Temperatura de operaci\u00f3n: 10 a 35 \u00baC<\/span><\/li>\n<li style='margin-bottom: 5px;'><span style='color: inherit;'>Temperatura de almacenamiento: -40 a 65 \u00baC<\/span><\/li>\n<li style='margin-bottom: 5px;'><span style='color: inherit;'>Humedad de operaci\u00f3n: 10% a 80% RH sin condensaci\u00f3n.<\/span><\/li>\n<\/ul>\n<p> <strong style='font-family: Arial&comma; Helvetica&comma; sans-serif; font-size: 16px; display: block; margin-top: 20px; margin-bottom: 10px; color: inherit;'>Certificaciones<\/strong> <\/p>\n<ul style='padding-left: 20px; font-size: 15px; color: inherit; list-style-type: disc;'>\n<li style='margin-bottom: 5px;'><span style='color: inherit;'>UL&comma; cUL&comma; CB&comma; FCC<\/span><\/li>\n<\/ul><\/div>\n<\/p><\/div>\n<\/p><\/div>\n<\/p><\/div>\n","protected":false},"excerpt":{"rendered":"<p>NVR Wisenet WAVE basada en Ubuntu Linux \/ Montable en Rack 1U \/ Incluye 1 licencia WAVE-PRO-04 \/ 470 Mbps throughput \/ Incluye 80 TB para almacenamiento<\/p>\n","protected":false},"featured_media":99844,"comment_status":"open","ping_status":"closed","template":"","meta":[],"product_brand":[],"product_cat":[2236],"product_tag":[2260,2065,2237],"class_list":{"0":"post-99845","1":"product","2":"type-product","3":"status-publish","4":"has-post-thumbnail","6":"product_cat-servidores-de-aplicacion","7":"product_tag-hanwha-techwin-wisenet","8":"product_tag-servidores-almacenamiento","9":"product_tag-servidores-de-aplicacion","11":"first","12":"outofstock","13":"sale","14":"shipping-taxable","15":"purchasable","16":"product-type-simple"},"_links":{"self":[{"href":"https:\/\/soydeaqui.ddns.net\/pachuca\/index.php\/wp-json\/wp\/v2\/product\/99845","targetHints":{"allow":["GET"]}}],"collection":[{"href":"https:\/\/soydeaqui.ddns.net\/pachuca\/index.php\/wp-json\/wp\/v2\/product"}],"about":[{"href":"https:\/\/soydeaqui.ddns.net\/pachuca\/index.php\/wp-json\/wp\/v2\/types\/product"}],"replies":[{"embeddable":true,"href":"https:\/\/soydeaqui.ddns.net\/pachuca\/index.php\/wp-json\/wp\/v2\/comments?post=99845"}],"wp:featuredmedia":[{"embeddable":true,"href":"https:\/\/soydeaqui.ddns.net\/pachuca\/index.php\/wp-json\/wp\/v2\/media\/99844"}],"wp:attachment":[{"href":"https:\/\/soydeaqui.ddns.net\/pachuca\/index.php\/wp-json\/wp\/v2\/media?parent=99845"}],"wp:term":[{"taxonomy":"product_brand","embeddable":true,"href":"https:\/\/soydeaqui.ddns.net\/pachuca\/index.php\/wp-json\/wp\/v2\/product_brand?post=99845"},{"taxonomy":"product_cat","embeddable":true,"href":"https:\/\/soydeaqui.ddns.net\/pachuca\/index.php\/wp-json\/wp\/v2\/product_cat?post=99845"},{"taxonomy":"product_tag","embeddable":true,"href":"https:\/\/soydeaqui.ddns.net\/pachuca\/index.php\/wp-json\/wp\/v2\/product_tag?post=99845"}],"curies":[{"name":"wp","href":"https:\/\/api.w.org\/{rel}","templated":true}]}}