{"id":99833,"date":"2026-03-20T10:45:38","date_gmt":"2026-03-20T10:45:38","guid":{"rendered":"https:\/\/soydeaqui.ddns.net\/pachuca\/index.php\/producto\/brazo-ajustable-para-monitor-ergonomico-compatible-con-monitores-de-17-30-capacidad-de-peso-hasta-9-kg-rotacion-360-inclinacion-85-a-30-giro-180-ajuste-de-re-2\/"},"modified":"2026-03-20T10:45:46","modified_gmt":"2026-03-20T10:45:46","slug":"brazo-ajustable-para-monitor-ergonomico-compatible-con-monitores-de-17-30-capacidad-de-peso-hasta-9-kg-rotacion-360-inclinacion-85-a-30-giro-180-ajuste-de-re-2","status":"publish","type":"product","link":"https:\/\/soydeaqui.ddns.net\/pachuca\/index.php\/producto\/brazo-ajustable-para-monitor-ergonomico-compatible-con-monitores-de-17-30-capacidad-de-peso-hasta-9-kg-rotacion-360-inclinacion-85-a-30-giro-180-ajuste-de-re-2\/","title":{"rendered":"Brazo Ajustable para Monitor Ergon\u00f3mico \/ Compatible con Monitores de 17&#8243; &#8211; 30&#8243; \/ Capacidad de Peso hasta 9 kg \/ Rotaci\u00f3n 360\u00b0 \/ Inclinaci\u00f3n +85\u00b0 a  -30\u00b0 \/ Giro 180\u00b0 \/ Ajuste de Resorte de Gas \/ Color Blanco"},"content":{"rendered":"<div style='width: 100%; max-width: 1200px; margin: 0 auto; font-family: sans-serif; line-height: 1.6; color: inherit; background-color: transparent;'>\n<div style='width: 100%; margin-bottom: 30px;'> <img style='width: 100%; height: auto; border: 1px solid rgba(150&comma;150&comma;150&comma;0.3); border-radius: 8px;' src='https:\/\/ftp3.syscom.mx\/usuarios\/albamaria\/albamaria\/NB\/ESTANDAR-VESA.jpg' alt=''> <\/div>\n<div style='display: flex; flex-wrap: wrap; gap: 30px; margin-bottom: 30px;'>\n<div style='flex: 1 1 300px; min-width: 280px;'>\n<h3 style='font-size: 22px; border-bottom: 2px solid currentColor; padding-bottom: 5px; margin-top: 0; color: inherit; opacity: 0.8;'>Descripci\u00f3n General<\/h3>\n<p style='font-size: 15px; color: inherit; text-align: justify;'>Una soluci\u00f3n ideal para aquellos que buscan optimizar su espacio de trabajo con un soporte ajustable que soporta monitores de hasta 30 pulgadas y pesos de hasta 9 kg. <strong>Destaca por su sistema de resorte de gas que permite un ajuste suave y preciso&comma; asegurando una posici\u00f3n ergon\u00f3mica \u00f3ptima.<\/strong><\/p>\n<p> <img style='width: 100%; height: auto; border: 1px solid rgba(150&comma;150&comma;150&comma;0.3); border-radius: 8px;' src='https:\/\/ftp3.syscom.mx\/usuarios\/albamaria\/albamaria\/Montajes\/F80NB\/F80NB.jpg' alt=''> <\/div>\n<\/p><\/div>\n<div style='display: flex; flex-wrap: wrap; gap: 20px; margin-bottom: 30px;'>\n<div style='flex: 1 1 250px; border: 1px solid rgba(150&comma; 150&comma; 150&comma; 0.4); border-radius: 8px; overflow: hidden; display: flex; flex-direction: column;'>\n<div style='padding: 15px; border-bottom: 1px solid rgba(150&comma; 150&comma; 150&comma; 0.2); font-weight: bold; font-size: 18px; color: inherit;'>Caracter\u00edsticas Principales<\/div>\n<div style='padding: 15px; color: inherit;'>\n<ul style='padding-left: 20px; margin: 0; font-size: 14px; list-style-type: disc;'>\n<li style='margin-bottom: 5px;'>Compatible con monitores de 17&#8242; a 30&#8242;.<\/li>\n<li style='margin-bottom: 5px;'>Soporta un peso m\u00e1ximo de 9 kg.<\/li>\n<li style='margin-bottom: 5px;'>Color: <strong>Blanco<\/strong><\/li>\n<li style='margin-bottom: 5px;'>Sistema de rotaci\u00f3n de 360\u00b0 para una m\u00e1xima flexibilidad.<\/li>\n<li style='margin-bottom: 5px;'>Inclinaci\u00f3n ajustable de +85\u00b0 a -30\u00b0.<\/li>\n<li style='margin-bottom: 5px;'>Giro de 180\u00b0 para ajustar la posici\u00f3n de visualizaci\u00f3n.<\/li>\n<li style='margin-bottom: 5px;'>Ajuste de la tensi\u00f3n del resorte de gas para adaptarse al peso del monitor.<\/li>\n<li style='margin-bottom: 5px;'>Opciones de instalaci\u00f3n con abrazadera y pasante para diferentes configuraciones de escritorio.<\/li>\n<\/ul><\/div>\n<\/p><\/div>\n<div style='flex: 1 1 250px; border: 1px solid rgba(150&comma; 150&comma; 150&comma; 0.4); border-radius: 8px; overflow: hidden; display: flex; flex-direction: column;'>\n<div style='padding: 15px; border-bottom: 1px solid rgba(150&comma; 150&comma; 150&comma; 0.2); font-weight: bold; font-size: 18px; color: inherit;'>Detalles T\u00e9cnicos<\/div>\n<div style='padding: 15px; color: inherit;'>\n<ul style='padding-left: 20px; margin: 0; font-size: 14px; list-style-type: disc;'>\n<li style='margin-bottom: 5px;'><strong>Compatibilidad VESA:<\/strong> 75&#215;75 mm y 100&#215;100 mm.<\/li>\n<li style='margin-bottom: 5px;'><strong>Altura m\u00e1xima:<\/strong> 16.2 pulgadas (412 mm).<\/li>\n<li style='margin-bottom: 5px;'><strong>Extensi\u00f3n m\u00e1xima:<\/strong> 20.8 pulgadas (530 mm).<\/li>\n<li style='margin-bottom: 5px;'><strong>Rango de ajuste vertical:<\/strong> 0.6 a 5.3 pulgadas (20 a 90 mm).<\/li>\n<\/ul><\/div>\n<\/p><\/div>\n<div style='flex: 1 1 250px; border: 1px solid rgba(150&comma; 150&comma; 150&comma; 0.4); border-radius: 8px; overflow: hidden; display: flex; flex-direction: column;'>\n<div style='padding: 15px; border-bottom: 1px solid rgba(150&comma; 150&comma; 150&comma; 0.2); font-weight: bold; font-size: 18px; color: inherit;'>Interfaces y Conectividad<\/div>\n<div style='padding: 15px; color: inherit;'>\n<ul style='padding-left: 20px; margin: 0; font-size: 14px; list-style-type: disc;'>\n<li style='margin-bottom: 5px;'>Montaje con abrazadera compatible con escritorios de entre 0.4 y 3.3 pulgadas (10 a 85 mm).<\/li>\n<li style='margin-bottom: 5px;'>Opci\u00f3n de montura pasante para escritorios con agujeros de 0.4 a 3.3 pulgadas (10 a 85 mm).<\/li>\n<\/ul><\/div>\n<\/p><\/div>\n<\/p><\/div>\n<div style='position: relative; padding-bottom: 56.25%; height: 0; overflow: hidden; margin-bottom: 30px;'>   <\/div>\n<\/p><\/div>\n","protected":false},"excerpt":{"rendered":"<p>Brazo Ajustable para Monitor Ergon\u00f3mico \/ Compatible con Monitores de 17&#8243; &#8211; 30&#8243; \/ Capacidad de Peso hasta 9 kg \/ Rotaci\u00f3n 360\u00b0 \/ Inclinaci\u00f3n +85\u00b0 a  -30\u00b0 \/ Giro 180\u00b0 \/ Ajuste de Resorte de Gas \/ Color Blanco<\/p>\n","protected":false},"featured_media":99832,"comment_status":"open","ping_status":"closed","template":"","meta":[],"product_brand":[],"product_cat":[2115],"product_tag":[93,2089,2229],"class_list":{"0":"post-99833","1":"product","2":"type-product","3":"status-publish","4":"has-post-thumbnail","6":"product_cat-accesorios-monitores-pantallas-y-mobiliario","7":"product_tag-accesorios","8":"product_tag-monitores-pantallas-y-mobiliario","9":"product_tag-nb-epcom","11":"first","12":"instock","13":"sale","14":"shipping-taxable","15":"purchasable","16":"product-type-simple"},"_links":{"self":[{"href":"https:\/\/soydeaqui.ddns.net\/pachuca\/index.php\/wp-json\/wp\/v2\/product\/99833","targetHints":{"allow":["GET"]}}],"collection":[{"href":"https:\/\/soydeaqui.ddns.net\/pachuca\/index.php\/wp-json\/wp\/v2\/product"}],"about":[{"href":"https:\/\/soydeaqui.ddns.net\/pachuca\/index.php\/wp-json\/wp\/v2\/types\/product"}],"replies":[{"embeddable":true,"href":"https:\/\/soydeaqui.ddns.net\/pachuca\/index.php\/wp-json\/wp\/v2\/comments?post=99833"}],"wp:featuredmedia":[{"embeddable":true,"href":"https:\/\/soydeaqui.ddns.net\/pachuca\/index.php\/wp-json\/wp\/v2\/media\/99832"}],"wp:attachment":[{"href":"https:\/\/soydeaqui.ddns.net\/pachuca\/index.php\/wp-json\/wp\/v2\/media?parent=99833"}],"wp:term":[{"taxonomy":"product_brand","embeddable":true,"href":"https:\/\/soydeaqui.ddns.net\/pachuca\/index.php\/wp-json\/wp\/v2\/product_brand?post=99833"},{"taxonomy":"product_cat","embeddable":true,"href":"https:\/\/soydeaqui.ddns.net\/pachuca\/index.php\/wp-json\/wp\/v2\/product_cat?post=99833"},{"taxonomy":"product_tag","embeddable":true,"href":"https:\/\/soydeaqui.ddns.net\/pachuca\/index.php\/wp-json\/wp\/v2\/product_tag?post=99833"}],"curies":[{"name":"wp","href":"https:\/\/api.w.org\/{rel}","templated":true}]}}