{"id":99794,"date":"2026-03-20T10:43:51","date_gmt":"2026-03-20T10:43:51","guid":{"rendered":"https:\/\/soydeaqui.ddns.net\/pachuca\/index.php\/producto\/lampara-para-iluminacion-inalambrica-con-cabezal-multidireccional-utiliza-bateria-lxt-de-18v\/"},"modified":"2026-03-20T10:43:55","modified_gmt":"2026-03-20T10:43:55","slug":"lampara-para-iluminacion-inalambrica-con-cabezal-multidireccional-utiliza-bateria-lxt-de-18v","status":"publish","type":"product","link":"https:\/\/soydeaqui.ddns.net\/pachuca\/index.php\/producto\/lampara-para-iluminacion-inalambrica-con-cabezal-multidireccional-utiliza-bateria-lxt-de-18v\/","title":{"rendered":"Lampara  para Iluminaci\u00f3n Inalambrica con Cabezal Multidireccional , Utiliza bater\u00eda LXT\u00ae  de 18V."},"content":{"rendered":"<div style='width: 100%; max-width: 1200px; margin: 0 auto; font-family: sans-serif; line-height: 1.6; color: inherit; background-color: transparent;'> <!-- Contenido principal --> <\/p>\n<div style='display: flex; flex-direction: column; gap: 20px; margin-bottom: 30px;'>\n<div style='display: flex; flex-direction: column; align-items: center;'> <img style='width: 100%; max-width: 200px; height: auto; border: 1px solid rgba(150&comma;150&comma;150&comma;0.3); border-radius: 8px;' src='https:\/\/cdn.makitatools.com\/apps\/wms\/Products\/Detial\/logo\/LXT-PLN-WHT.png' alt='Logo LXT'> <\/p>\n<div style='font-size: 29px; margin: 15px 0; color: inherit; text-align: center;'>DML815<\/div>\n<\/p><\/div>\n<div style='font-size: 15px; color: inherit;'>\n<p>La Linterna Inal\u00e1mbrica L.E.D. LXT\u00ae Litio-Ion de 18V de Makita\u00ae <strong>DML815<\/strong> entrega iluminaci\u00f3n brillante&comma; versatilidad y conveniencia&comma; proporciona 160 l\u00famenes completos de luz&comma; entrega hasta 23 horas continuas de iluminaci\u00f3n utilizando la bater\u00eda LXT\u00ae Litio-Ion de 18V 5.0 Ah. (se vende por separado).<\/p>\n<p>El cabezal con pivote de aluminio y 12 posiciones proporciona una versatilidad adicional con un dise\u00f1o durable con ingenier\u00eda para durar en el sitio de trabajo. Un gancho colgador de metal proporciona conveniencia adicional. La linterna tiene un dise\u00f1o esbelto y compacto.<\/p>\n<\/p><\/div>\n<p> <!-- Caracter\u00edsticas --> <\/p>\n<div style='display: flex; flex-direction: column; gap: 15px;'>\n<h3 style='font-size: 22px; border-bottom: 2px solid currentColor; padding-bottom: 5px; margin-top: 0; color: inherit; opacity: 0.8;'>Caracter\u00edsticas<\/h3>\n<ul style='padding-left: 20px; font-size: 15px; color: inherit;'>\n<li style='margin-bottom: 5px;'>Linterna de 4 L.E.D. de alta luminosidad brinda 160 l\u00famenes.<\/li>\n<li style='margin-bottom: 5px;'>Cabezal de linterna de 12 posiciones giratorias con topes positivos desde 60\u00ba &#8211; 110\u00ba<\/li>\n<li style='margin-bottom: 5px;'>El gancho de metal es conveniente y resistente para el sitio de trabajo<\/li>\n<li style='margin-bottom: 5px;'>Reflector polifac\u00e9tico controla la direcci\u00f3n y dispersi\u00f3n de la luz<\/li>\n<li style='margin-bottom: 5px;'>Dise\u00f1o compacto y ergon\u00f3mico de s\u00f3lo 25.6 cm de longitud<\/li>\n<li style='margin-bottom: 5px;'>Pesa s\u00f3lo .88 Kgr con bater\u00eda (no incluye bater\u00eda ni cargador)<\/li>\n<li style='margin-bottom: 5px;'>Mango de hule suave brinda comodidad incrementada en el trabajo<\/li>\n<\/ul><\/div>\n<\/p><\/div>\n<p> <!-- Separador --> <\/p>\n<hr style='border: 0; border-top: 1px solid rgba(150&comma; 150&comma; 150&comma; 0.3); margin: 30px 0;'> <\/div>\n","protected":false},"excerpt":{"rendered":"<p>Lampara  para Iluminaci\u00f3n Inalambrica con Cabezal Multidireccional , Utiliza bater\u00eda LXT\u00ae  de 18V.<\/p>\n","protected":false},"featured_media":99793,"comment_status":"open","ping_status":"closed","template":"","meta":[],"product_brand":[],"product_cat":[392],"product_tag":[25,131,252],"class_list":{"0":"post-99794","1":"product","2":"type-product","3":"status-publish","4":"has-post-thumbnail","6":"product_cat-herramientas-electricas-herramientas-deteccion-de-fuego","7":"product_tag-herramientas","8":"product_tag-herramientas-electricas","9":"product_tag-makita","11":"first","12":"outofstock","13":"sale","14":"shipping-taxable","15":"purchasable","16":"product-type-simple"},"_links":{"self":[{"href":"https:\/\/soydeaqui.ddns.net\/pachuca\/index.php\/wp-json\/wp\/v2\/product\/99794","targetHints":{"allow":["GET"]}}],"collection":[{"href":"https:\/\/soydeaqui.ddns.net\/pachuca\/index.php\/wp-json\/wp\/v2\/product"}],"about":[{"href":"https:\/\/soydeaqui.ddns.net\/pachuca\/index.php\/wp-json\/wp\/v2\/types\/product"}],"replies":[{"embeddable":true,"href":"https:\/\/soydeaqui.ddns.net\/pachuca\/index.php\/wp-json\/wp\/v2\/comments?post=99794"}],"wp:featuredmedia":[{"embeddable":true,"href":"https:\/\/soydeaqui.ddns.net\/pachuca\/index.php\/wp-json\/wp\/v2\/media\/99793"}],"wp:attachment":[{"href":"https:\/\/soydeaqui.ddns.net\/pachuca\/index.php\/wp-json\/wp\/v2\/media?parent=99794"}],"wp:term":[{"taxonomy":"product_brand","embeddable":true,"href":"https:\/\/soydeaqui.ddns.net\/pachuca\/index.php\/wp-json\/wp\/v2\/product_brand?post=99794"},{"taxonomy":"product_cat","embeddable":true,"href":"https:\/\/soydeaqui.ddns.net\/pachuca\/index.php\/wp-json\/wp\/v2\/product_cat?post=99794"},{"taxonomy":"product_tag","embeddable":true,"href":"https:\/\/soydeaqui.ddns.net\/pachuca\/index.php\/wp-json\/wp\/v2\/product_tag?post=99794"}],"curies":[{"name":"wp","href":"https:\/\/api.w.org\/{rel}","templated":true}]}}