{"id":99786,"date":"2026-03-20T10:43:26","date_gmt":"2026-03-20T10:43:26","guid":{"rendered":"https:\/\/soydeaqui.ddns.net\/pachuca\/index.php\/producto\/camara-ip-tipo-domo-antivandalica-5-megapixel-lente-fijo-4mm-ir-30m-wdr-120db-ip66-h-265-wisestream-inteligencia-artificial-deteccion-de-personas-y-vehiculos\/"},"modified":"2026-03-20T10:43:37","modified_gmt":"2026-03-20T10:43:37","slug":"camara-ip-tipo-domo-antivandalica-5-megapixel-lente-fijo-4mm-ir-30m-wdr-120db-ip66-h-265-wisestream-inteligencia-artificial-deteccion-de-personas-y-vehiculos","status":"publish","type":"product","link":"https:\/\/soydeaqui.ddns.net\/pachuca\/index.php\/producto\/camara-ip-tipo-domo-antivandalica-5-megapixel-lente-fijo-4mm-ir-30m-wdr-120db-ip66-h-265-wisestream-inteligencia-artificial-deteccion-de-personas-y-vehiculos\/","title":{"rendered":"C\u00e1mara IP Tipo domo Antivand\u00e1lica 5 Megap\u00edxel \/ Lente fijo 4mm \/ IR 30M \/ WDR 120db \/ IP66 \/ H.265 &#038; WiseStream \/ Inteligencia Artificial Deteccion de Personas y vehiculos"},"content":{"rendered":"<div style='width: 100%; max-width: 1200px; margin: 0 auto; font-family: sans-serif; line-height: 1.6; color: inherit; background-color: transparent;'>\n<div style='width: 100%; text-align: center; margin-bottom: 30px;'> <a href='https:\/\/www.syscom.mx\/principal\/consultarproductosazul?global_search=htasq&#038;ordenar=Relevancia&#038;pag=1' target='_blank' rel='noopener'> <img style='width: 100%; max-width: 560px; height: auto; border: 1px solid rgba(150&comma;150&comma;150&comma;0.3); border-radius: 8px;' src='https:\/\/ftp3.syscom.mx\/usuarios\/gmagos\/Hanwha\/fotos\/Wisenet%20Q.png' alt=''> <\/a> <\/div>\n<div style='display: grid; grid-template-columns: 1fr; gap: 30px; margin-bottom: 30px;'>\n<div style='position: relative; padding-bottom: 56.25%; height: 0; overflow: hidden;'>   <\/div>\n<div style='flex: 1; min-width: 0;'>\n<h2 style='font-size: 24px; border-bottom: 2px solid currentColor; padding-bottom: 5px; margin-top: 0; color: inherit; opacity: 0.8;'> H.265 + <span style='color: #f37934;'>WiseStream<\/span> <\/h2>\n<p style='font-size: 14px; color: inherit;'> Mediante WiseStream&comma; la tecnolog\u00eda de compresi\u00f3n de v\u00eddeo de Hanwha Techwin&comma; la serie Wisenet X reduce el almacenamiento de datos <strong><span style='color: #f37934;'>hasta un 75%<\/span><\/strong> en comparaci\u00f3n con la actual tecnolog\u00eda H.264&comma; cuando se combina con la compresi\u00f3n H.265. Los costes del sistema se reducen enormemente sin comprometer la calidad de las im\u00e1genes. <\/p>\n<\/p><\/div>\n<\/p><\/div>\n<div style='display: grid; grid-template-columns: 1fr; gap: 30px; margin-bottom: 30px;'>\n<div>\n<h2 style='font-size: 24px; border-bottom: 2px solid currentColor; padding-bottom: 5px; margin-top: 0; color: inherit; opacity: 0.8;'> Lente Varifocal para mejor visualizaci\u00f3n a mayor distancia (ver modelos compatibles) <\/h2>\n<p style='font-size: 14px; color: inherit;'> La serie Q de Wisenet&comma; le ofrece <span style='color: #f37934;'><strong>lentes varifocales<\/strong><\/span> de <span style='color: #f37934;'><strong>3.2 &#8211; 10 mm<\/strong><\/span> para tener un mayor alcance de visualizaci\u00f3n cuando se requiere distinguir objetos a distancia. <\/p>\n<p style='font-size: 14px; color: inherit;'> El alcance del lente se puede apreciar en el video. <\/p>\n<\/p><\/div>\n<div style='position: relative; padding-bottom: 56.25%; height: 0; overflow: hidden;'>   <\/div>\n<\/p><\/div>\n<hr style='border: 0; border-top: 1px solid rgba(150&comma;150&comma;150&comma;0.3); margin: 30px 0;'>\n<div style='display: flex; flex-wrap: wrap; gap: 20px; margin-bottom: 30px;'>\n<div style='flex: 1 1 300px; min-width: 280px;'>\n<h3 style='font-size: 20px; border-bottom: 2px solid currentColor; padding-bottom: 5px; margin-top: 0; color: inherit; opacity: 0.8;'> <span style='color: #f37934;'>Detecci\u00f3n de Movimiento<\/span> <\/h3>\n<div style='position: relative; padding-bottom: 56.25%; height: 0; overflow: hidden; margin-bottom: 15px;'> <img style='position: absolute; top: 0; left: 0; width: 100%; height: 100%; object-fit: contain; border: 1px solid rgba(150&comma;150&comma;150&comma;0.3); border-radius: 8px;' src='https:\/\/ftp3.syscom.mx\/usuarios\/fotos\/QNO6010R\/88479-detecci\u00f3n_de_movimiento.jpg' alt='Detecci\u00f3n de Movimiento'> <\/div>\n<\/p><\/div>\n<div style='flex: 1 1 300px; min-width: 280px;'>\n<h3 style='font-size: 20px; border-bottom: 2px solid currentColor; padding-bottom: 5px; margin-top: 0; color: inherit; opacity: 0.8;'> <span style='color: #f37934;'>Detecci\u00f3n de Sabotaje<\/span> <\/h3>\n<div style='position: relative; padding-bottom: 56.25%; height: 0; overflow: hidden; margin-bottom: 15px;'> <img style='position: absolute; top: 0; left: 0; width: 100%; height: 100%; object-fit: contain; border: 1px solid rgba(150&comma;150&comma;150&comma;0.3); border-radius: 8px;' src='https:\/\/ftp3.syscom.mx\/usuarios\/fotos\/LNV6010R\/157854-sabotaje.jpg' alt='Detecci\u00f3n de Sabotaje'> <\/div>\n<\/p><\/div>\n<div style='flex: 1 1 300px; min-width: 280px;'>\n<h3 style='font-size: 20px; border-bottom: 2px solid currentColor; padding-bottom: 5px; margin-top: 0; color: inherit; opacity: 0.8;'> <span style='color: #f37934;'>Detecci\u00f3n de Desenfoque<\/span> <\/h3>\n<div style='position: relative; padding-bottom: 56.25%; height: 0; overflow: hidden; margin-bottom: 15px;'> <img style='position: absolute; top: 0; left: 0; width: 100%; height: 100%; object-fit: contain; border: 1px solid rgba(150&comma;150&comma;150&comma;0.3); border-radius: 8px;' src='https:\/\/ftp3.syscom.mx\/usuarios\/fotos\/LNO6070R\/157853-imagen-desenfocada_1286-72.jpg' alt='Detecci\u00f3n de Desenfoque'> <\/div>\n<\/p><\/div>\n<\/p><\/div>\n<div style='display: flex; flex-wrap: wrap; gap: 20px; margin-bottom: 30px;'>\n<div style='flex: 1 1 300px; min-width: 280px;'>\n<h3 style='font-size: 20px; border-bottom: 2px solid currentColor; padding-bottom: 5px; margin-top: 0; color: inherit; opacity: 0.8;'> <span style='color: #f37934;'>Detecci\u00f3n de Direcci\u00f3n<\/span> <\/h3>\n<div style='position: relative; padding-bottom: 56.25%; height: 0; overflow: hidden; margin-bottom: 15px;'> <img style='position: absolute; top: 0; left: 0; width: 100%; height: 100%; object-fit: contain; border: 1px solid rgba(150&comma;150&comma;150&comma;0.3); border-radius: 8px;' src='https:\/\/ftp3.syscom.mx\/usuarios\/fotos\/QND6012R\/171514-direccion.png' alt='Detecci\u00f3n de Direcci\u00f3n'> <\/div>\n<\/p><\/div>\n<div style='flex: 1 1 300px; min-width: 280px;'>\n<h3 style='font-size: 20px; border-bottom: 2px solid currentColor; padding-bottom: 5px; margin-top: 0; color: inherit; opacity: 0.8;'> <span style='color: #f37934;'>Linea Virtual<\/span> <\/h3>\n<div style='position: relative; padding-bottom: 56.25%; height: 0; overflow: hidden; margin-bottom: 15px;'> <img style='position: absolute; top: 0; left: 0; width: 100%; height: 100%; object-fit: contain; border: 1px solid rgba(150&comma;150&comma;150&comma;0.3); border-radius: 8px;' src='https:\/\/ftp3.syscom.mx\/usuarios\/fotos\/QND6012R\/171514-linea_virtual.png' alt='Linea Virtual'> <\/div>\n<\/p><\/div>\n<div style='flex: 1 1 300px; min-width: 280px;'>\n<h3 style='font-size: 20px; border-bottom: 2px solid currentColor; padding-bottom: 5px; margin-top: 0; color: inherit; opacity: 0.8;'> <span style='color: #f37934;'>Entrada \/ Salida<\/span> <\/h3>\n<div style='position: relative; padding-bottom: 56.25%; height: 0; overflow: hidden; margin-bottom: 15px;'> <img style='position: absolute; top: 0; left: 0; width: 100%; height: 100%; object-fit: contain; border: 1px solid rgba(150&comma;150&comma;150&comma;0.3); border-radius: 8px;' src='https:\/\/ftp3.syscom.mx\/usuarios\/fotos\/QND6012R\/171514-entrada_salida.png' alt='Entrada \/ Salida'> <\/div>\n<\/p><\/div>\n<\/p><\/div>\n<div style='display: flex; flex-wrap: wrap; gap: 20px; margin-bottom: 30px;'>\n<div style='flex: 1 1 300px; min-width: 280px;'>\n<div style='border: 1px solid rgba(150&comma;150&comma;150&comma;0.4); border-radius: 8px; overflow: hidden;'>\n<div style='padding: 15px; border-bottom: 1px solid rgba(150&comma;150&comma;150&comma;0.2); font-weight: bold; font-size: 18px; color: inherit;'>Caracter\u00edsticas principales<\/div>\n<ul style='padding: 15px; margin: 0; font-size: 14px; list-style-type: disc; color: inherit;'>\n<li style='margin-bottom: 5px;'>Sensor de imagen: 1\/2.8 CMOS Scan Progresivo<\/li>\n<li style='margin-bottom: 5px;'>Iluminaci\u00f3n m\u00ednima: Color: 0.05Lux&comma; B\/N: 0Lux con IR encendido<\/li>\n<li style='margin-bottom: 5px;'>D\u00eda \/ Noche real con filtro ICR<\/li>\n<li style='margin-bottom: 5px;'>Lente Fijo 4mm<\/li>\n<li style='margin-bottom: 5px;'>Angulo de vision horizontal: 80\u00b0<\/li>\n<li style='margin-bottom: 5px;'>Angulo de vision diagonal: 102\u00b0<\/li>\n<li style='margin-bottom: 5px;'>Distancia de IR: 30 m IR inteligente<\/li>\n<li style='margin-bottom: 5px;'>Funciones: WDR real (120dB)<\/li>\n<\/ul><\/div>\n<\/p><\/div>\n<div style='flex: 1 1 300px; min-width: 280px;'>\n<div style='border: 1px solid rgba(150&comma;150&comma;150&comma;0.4); border-radius: 8px; overflow: hidden;'>\n<div style='padding: 15px; border-bottom: 1px solid rgba(150&comma;150&comma;150&comma;0.2); font-weight: bold; font-size: 18px; color: inherit;'>Compresi\u00f3n de v\u00eddeo y resoluci\u00f3n m\u00e1xima<\/div>\n<ul style='padding: 15px; margin: 0; font-size: 14px; list-style-type: disc; color: inherit;'>\n<li style='margin-bottom: 5px;'>Resoluci\u00f3n m\u00e1xima: 5 Megap\u00edxel (2592 x 1944)<\/li>\n<li style='margin-bottom: 5px;'>Compresi\u00f3n: H.265&comma; H.264&comma; MJPEG&comma; Wisestream III<\/li>\n<\/ul><\/div>\n<div style='border: 1px solid rgba(150&comma;150&comma;150&comma;0.4); border-radius: 8px; overflow: hidden; margin-top: 20px;'>\n<div style='padding: 15px; border-bottom: 1px solid rgba(150&comma;150&comma;150&comma;0.2); font-weight: bold; font-size: 18px; color: inherit;'>Funciones de red y almacenamiento<\/div>\n<ul style='padding: 15px; margin: 0; font-size: 14px; list-style-type: disc; color: inherit;'>\n<li style='margin-bottom: 5px;'>Almacenamiento: Soporta microSD de hasta 256GB (no incluida)<\/li>\n<li style='margin-bottom: 5px;'>ONVIF: Profile S\/G\/T\/M&comma; SUNAPI (HTTP API)<\/li>\n<\/ul><\/div>\n<div style='border: 1px solid rgba(150&comma;150&comma;150&comma;0.4); border-radius: 8px; overflow: hidden; margin-top: 20px;'>\n<div style='padding: 15px; border-bottom: 1px solid rgba(150&comma;150&comma;150&comma;0.2); font-weight: bold; font-size: 18px; color: inherit;'>Analiticos basados en IA<\/div>\n<ul style='padding: 15px; margin: 0; font-size: 14px; list-style-type: disc; color: inherit;'>\n<li style='margin-bottom: 5px;'>Clasificacion de objetos (Persona \/ Vehiculo)<\/li>\n<li style='margin-bottom: 5px;'>Atributos persona y vehiculo<\/li>\n<li style='margin-bottom: 5px;'>Deteccion de movimiento<\/li>\n<li style='margin-bottom: 5px;'>Linea virtual ( Cruce \/ direccion)<\/li>\n<li style='margin-bottom: 5px;'>Area virtual (merodeo&comma; intrusion&comma; Entrada\/Salida)<\/li>\n<\/ul><\/div>\n<\/p><\/div>\n<div style='flex: 1 1 300px; min-width: 280px;'>\n<div style='border: 1px solid rgba(150&comma;150&comma;150&comma;0.4); border-radius: 8px; overflow: hidden;'>\n<div style='padding: 15px; border-bottom: 1px solid rgba(150&comma;150&comma;150&comma;0.2); font-weight: bold; font-size: 18px; color: inherit;'>Caracter\u00edsticas f\u00edsicas y el\u00e9ctricas<\/div>\n<ul style='padding: 15px; margin: 0; font-size: 14px; list-style-type: disc; color: inherit;'>\n<li style='margin-bottom: 5px;'>Memoria RAM: 2GB<\/li>\n<li style='margin-bottom: 5px;'>Memoria Flash: 1GB<\/li>\n<li style='margin-bottom: 5px;'>Temperatura de operaci\u00f3n: -30 a 55 \u00b0C&comma; humedad menor a 90%<\/li>\n<li style='margin-bottom: 5px;'>Alimentaci\u00f3n: PoE (802.3af) \/ 8.1 W<\/li>\n<li style='margin-bottom: 5px;'>Tipo de uso: Interior \/ Exterior \/ IP66 \/ IK10<\/li>\n<li style='margin-bottom: 5px;'>Dimensiones: \u00d8120 x 97.5 mm<\/li>\n<li style='margin-bottom: 5px;'>Peso: 579.0 g<\/li>\n<\/ul><\/div>\n<div style='margin-top: 20px; padding: 15px; border-left: 5px solid #f37934; background-color: rgba(150&comma;150&comma;150&comma;0.05);'>\n<p style='margin: 0; color: inherit;'> <strong>Para m\u00e1s informaci\u00f3n&comma; ingrese <\/strong><a href='http:\/\/soporte.syscom.mx\/es\/articles\/2629283-hanwha-lista-de-tips-tecnicos' style='color: #f37934; text-decoration: underline;'>aqu\u00ed<\/a> <\/p>\n<\/p><\/div>\n<\/p><\/div>\n<\/p><\/div>\n<div style='margin-top: 30px; padding: 15px; border-left: 5px solid #f37934; background-color: rgba(150&comma;150&comma;150&comma;0.05);'>\n<p style='margin: 0; color: inherit;'> <strong>Nota:<\/strong> En condiciones de alta humedad agregar la tira absorbente que se incluye como accesorio en el equipo. <\/p>\n<p style='margin-top: 8px; color: inherit;'> Para referencia <a href='http:\/\/soporte.syscom.mx\/es\/articles\/3864506-hanwha-uso-de-secante-en-camaras-wisenet-para-evitar-humedad-en-instalaciones-en-exterior' style='color: #f37934; text-decoration: underline;' target='_blank' rel='noopener'>ingrese Aqui<\/a> <\/p>\n<\/p><\/div>\n<\/p><\/div>\n","protected":false},"excerpt":{"rendered":"<p>C\u00e1mara IP Tipo domo Antivand\u00e1lica 5 Megap\u00edxel \/ Lente fijo 4mm \/ IR 30M \/ WDR 120db \/ IP66 \/ H.265 &#038; WiseStream \/ Inteligencia Artificial Deteccion de Personas y vehiculos<\/p>\n","protected":false},"featured_media":99785,"comment_status":"open","ping_status":"closed","template":"","meta":[],"product_brand":[],"product_cat":[2056],"product_tag":[122,2057,1055],"class_list":{"0":"post-99786","1":"product","2":"type-product","3":"status-publish","4":"has-post-thumbnail","6":"product_cat-domo-eyeball-turret","7":"product_tag-camaras-ip-y-nvrs","8":"product_tag-domo-eyeball-turret","9":"product_tag-hanwha-vision","11":"first","12":"outofstock","13":"sale","14":"shipping-taxable","15":"purchasable","16":"product-type-simple"},"_links":{"self":[{"href":"https:\/\/soydeaqui.ddns.net\/pachuca\/index.php\/wp-json\/wp\/v2\/product\/99786","targetHints":{"allow":["GET"]}}],"collection":[{"href":"https:\/\/soydeaqui.ddns.net\/pachuca\/index.php\/wp-json\/wp\/v2\/product"}],"about":[{"href":"https:\/\/soydeaqui.ddns.net\/pachuca\/index.php\/wp-json\/wp\/v2\/types\/product"}],"replies":[{"embeddable":true,"href":"https:\/\/soydeaqui.ddns.net\/pachuca\/index.php\/wp-json\/wp\/v2\/comments?post=99786"}],"wp:featuredmedia":[{"embeddable":true,"href":"https:\/\/soydeaqui.ddns.net\/pachuca\/index.php\/wp-json\/wp\/v2\/media\/99785"}],"wp:attachment":[{"href":"https:\/\/soydeaqui.ddns.net\/pachuca\/index.php\/wp-json\/wp\/v2\/media?parent=99786"}],"wp:term":[{"taxonomy":"product_brand","embeddable":true,"href":"https:\/\/soydeaqui.ddns.net\/pachuca\/index.php\/wp-json\/wp\/v2\/product_brand?post=99786"},{"taxonomy":"product_cat","embeddable":true,"href":"https:\/\/soydeaqui.ddns.net\/pachuca\/index.php\/wp-json\/wp\/v2\/product_cat?post=99786"},{"taxonomy":"product_tag","embeddable":true,"href":"https:\/\/soydeaqui.ddns.net\/pachuca\/index.php\/wp-json\/wp\/v2\/product_tag?post=99786"}],"curies":[{"name":"wp","href":"https:\/\/api.w.org\/{rel}","templated":true}]}}