{"id":99773,"date":"2026-03-20T10:42:49","date_gmt":"2026-03-20T10:42:49","guid":{"rendered":"https:\/\/soydeaqui.ddns.net\/pachuca\/index.php\/producto\/camara-ip-multisensor-ptrz-16mp-4-sensores-de-4mp-wdr-120db-lente-motorizado-3-2-10-2mm-inteligencia-artificial-poe-ip66-nema-4x-ik10-microsd-ir-15m-ndaa\/"},"modified":"2026-03-20T10:42:59","modified_gmt":"2026-03-20T10:42:59","slug":"camara-ip-multisensor-ptrz-16mp-4-sensores-de-4mp-wdr-120db-lente-motorizado-3-2-10-2mm-inteligencia-artificial-poe-ip66-nema-4x-ik10-microsd-ir-15m-ndaa","status":"publish","type":"product","link":"https:\/\/soydeaqui.ddns.net\/pachuca\/index.php\/producto\/camara-ip-multisensor-ptrz-16mp-4-sensores-de-4mp-wdr-120db-lente-motorizado-3-2-10-2mm-inteligencia-artificial-poe-ip66-nema-4x-ik10-microsd-ir-15m-ndaa\/","title":{"rendered":"Camara IP Multisensor PTRZ 16MP (4 Sensores de 4MP)\/ WDR 120DB\/ Lente Motorizado 3.2 &#8211; 10.2MM\/ Inteligencia Artificial\/ POE+\/ IP66\/ NEMA 4X\/ IK10\/ MICROSD\/ IR 15M\/ NDAA"},"content":{"rendered":"<div style='width: 100%; max-width: 1200px; margin: 0 auto; font-family: sans-serif; line-height: 1.6; color: inherit; background-color: transparent;'> <!-- Imagen principal --> <\/p>\n<div style='width: 100%; margin-bottom: 30px;'> <img style='width: 100%; height: auto; border: 1px solid rgba(150&comma;150&comma;150&comma;0.3); border-radius: 8px;' src='https:\/\/ftp3.syscom.mx\/usuarios\/ftp\/single_page\/hanwha\/wisenet_p\/header-wisenet.jpg' alt='C\u00e1mara Wisenet P'> <\/div>\n<p> <!-- Secci\u00f3n de descripci\u00f3n --> <\/p>\n<div style='margin-bottom: 30px;'>\n<h3 style='font-size: 22px; border-bottom: 2px solid currentColor; padding-bottom: 5px; margin-top: 0; color: inherit; opacity: 0.8;'>Cubra grandes \u00e1reas con una sola c\u00e1mara<\/h3>\n<p style='font-size: 15px; color: inherit; margin-bottom: 15px;'>Las c\u00e1maras de serie Wisenet P est\u00e1n equipadas con m\u00faltiples sensores&comma; lo que significa una cobertura efectiva de grandes \u00e1reas con una sola c\u00e1mara.<\/p>\n<ul style='padding-left: 20px; font-size: 15px; color: inherit; margin-bottom: 15px;'>\n<li style='margin-bottom: 5px;'>Estos dispositivos pueden monitorear simult\u00e1neamente m\u00faltiples direcciones sin puntos ciegos. Cuando se combinan con una c\u00e1mara PTZ provee un gran detalle de la imagen deseada a trav\u00e9s de su efectiva funci\u00f3n de zoom-in.<\/li>\n<li style='margin-bottom: 5px;'>Las c\u00e1maras panor\u00e1micas proveen una amplia imagen con un solo dispositivo al unificar 4 im\u00e1genes de los sensores disponibles.<\/li>\n<\/ul>\n<p style='font-size: 15px; color: inherit; margin-bottom: 15px;'>Al instalar c\u00e1maras multisensor Wisenet&comma; el costo de la instalaci\u00f3n y mantenimiento del sistema se reduce mientras monitoreamos grandes \u00e1reas con menos dispositivos.<\/p>\n<\/p><\/div>\n<p> <!-- Secci\u00f3n de videos --> <\/p>\n<div style='display: flex; flex-wrap: wrap; gap: 30px; margin-bottom: 30px;'>\n<div style='flex: 1 1 45%; min-width: 300px;'>\n<div style='position: relative; padding-bottom: 56.25%; height: 0; overflow: hidden; margin-bottom: 15px;'>   <\/div>\n<h4 style='font-size: 18px; color: inherit; margin-top: 0; margin-bottom: 15px;'>H.265 + <span style='color: #f37934;'>WiseStream II<\/span><\/h4>\n<p style='font-size: 14px; color: inherit; margin-bottom: 15px;'>Mediante WiseStream II&comma; la tecnolog\u00eda de compresi\u00f3n de v\u00eddeo de Hanwha Techwin&comma; la serie Wisenet X <span style='color: #f37934;'>reduce el almacenamiento de datos hasta un <strong>99%<\/strong><\/span> en comparaci\u00f3n con la actual tecnolog\u00eda H.264&comma; cuando se combina con la compresi\u00f3n H.265. Los costes del sistema se reducen enormemente sin comprometer la calidad de las im\u00e1genes.<\/p>\n<\/p><\/div>\n<div style='flex: 1 1 45%; min-width: 300px;'>\n<div style='position: relative; padding-bottom: 56.25%; height: 0; overflow: hidden; margin-bottom: 15px;'>   <\/div>\n<h4 style='font-size: 18px; color: inherit; margin-top: 0; margin-bottom: 15px;'>WDR <span style='color: #f37934;'>150 dB<\/span><\/h4>\n<p style='font-size: 14px; color: inherit; margin-bottom: 15px;'>Una imagen de amplio rango din\u00e1mico se forma combinando 2 capturas con distintas exposiciones. La serie Wisenet X con un amplio rango din\u00e1mico de <span style='color: #f37934;'>150 dB<\/span> utiliza 4 capturas para crear im\u00e1genes m\u00e1s naturales. Las zonas borrosas son un punto d\u00e9bil cr\u00edtico asociado al amplio rango din\u00e1mico&comma; pero esta nueva tecnolog\u00eda elimina todo tipo de movimientos&comma; proporcionando im\u00e1genes vistosas y claras.<\/p>\n<p style='font-size: 14px; color: inherit; margin-bottom: 15px;'><em>* Las c\u00e1maras de la serie Wisenet X de 5MP tienen 120dB.<\/em><\/p>\n<\/p><\/div>\n<div style='flex: 1 1 45%; min-width: 300px;'>\n<div style='position: relative; padding-bottom: 56.25%; height: 0; overflow: hidden; margin-bottom: 15px;'>   <\/div>\n<h4 style='font-size: 18px; color: inherit; margin-top: 0; margin-bottom: 15px;'>Iluminaci\u00f3n a Color<\/h4>\n<p style='font-size: 14px; color: inherit; margin-bottom: 15px;'>Con el potente nuevo chipset de la serie Wisenet y la asombrosa tecnolog\u00eda de lentes de Hanwha Techwin&comma; se pueden supervisar im\u00e1genes en entornos de poca luz&comma; incluso en color sin utilizar LED IR. Ahora se pueden capturar im\u00e1genes vistosas con independencia de la zona y de la hora del d\u00eda.<\/p>\n<\/p><\/div>\n<div style='flex: 1 1 45%; min-width: 300px;'>\n<div style='position: relative; padding-bottom: 56.25%; height: 0; overflow: hidden; margin-bottom: 15px;'>   <\/div>\n<h4 style='font-size: 18px; color: inherit; margin-top: 0; margin-bottom: 15px;'>Detecci\u00f3n de Rostros<\/h4>\n<\/p><\/div>\n<\/p><\/div>\n<p> <!-- Separador --> <\/p>\n<hr style='border: 0; border-top: 1px solid rgba(150&comma; 150&comma; 150&comma; 0.3); margin: 30px 0;'> <!-- Secci\u00f3n de caracter\u00edsticas t\u00e9cnicas --> <\/p>\n<div style='margin-bottom: 30px;'>\n<h3 style='font-size: 22px; border-bottom: 2px solid currentColor; padding-bottom: 5px; margin-top: 0; color: inherit; opacity: 0.8;'>Caracter\u00edsticas t\u00e9cnicas<\/h3>\n<div style='display: flex; flex-wrap: wrap; gap: 20px; margin-top: 20px;'> <!-- Caracter\u00edsticas 1 --> <\/p>\n<div style='flex: 1 1 300px; min-width: 280px; border: 1px solid rgba(150&comma; 150&comma; 150&comma; 0.4); border-radius: 8px; overflow: hidden; display: flex; flex-direction: column;'>\n<div style='padding: 15px; border-bottom: 1px solid rgba(150&comma; 150&comma; 150&comma; 0.2); font-weight: bold; font-size: 18px; color: inherit;'>Compresi\u00f3n de video y resoluci\u00f3n m\u00e1xima<\/div>\n<div style='padding: 15px; color: inherit;'>\n<ul style='padding-left: 20px; margin: 0; font-size: 14px; list-style-type: disc;'>\n<li style='margin-bottom: 5px;'>Compresi\u00f3n: H.265 \/ H.264 \/ MJPEG \/ Wisestream II<\/li>\n<li style='margin-bottom: 5px;'>4 Lentes 4MP (2592 x 1520) de resoluci\u00f3n (M\u00e1x. 16MP)<\/li>\n<li style='margin-bottom: 5px;'>4 lentes varifocales motorizadas de 3.2 a 10.2 mm (1.7x)<\/li>\n<li style='margin-bottom: 5px;'>4 x M\u00e1x. 30 ips a 4 MP<\/li>\n<li style='margin-bottom: 5px;'>Estabilizaci\u00f3n digital de imagen con sensor girosc\u00f3pico integrado<\/li>\n<li style='margin-bottom: 5px;'>D\u00eda\/Noche (ICR)<\/li>\n<li style='margin-bottom: 5px;'>WDR (120 dB)<\/li>\n<li style='margin-bottom: 5px;'>Iluminaci\u00f3n infrarroja 20m.<\/li>\n<li style='margin-bottom: 5px;'>Memoria RAM: 8 GB<\/li>\n<li style='margin-bottom: 5px;'>Memoria Flash: 1GB<\/li>\n<li style='margin-bottom: 5px;'>ONVIF: Profile S&comma; SUNAPI<\/li>\n<\/ul><\/div>\n<\/p><\/div>\n<p> <!-- Caracter\u00edsticas 2 --> <\/p>\n<div style='flex: 1 1 300px; min-width: 280px; border: 1px solid rgba(150&comma; 150&comma; 150&comma; 0.4); border-radius: 8px; overflow: hidden; display: flex; flex-direction: column;'>\n<div style='padding: 15px; border-bottom: 1px solid rgba(150&comma; 150&comma; 150&comma; 0.2); font-weight: bold; font-size: 18px; color: inherit;'>Interfaces<\/div>\n<div style='padding: 15px; color: inherit;'>\n<ul style='padding-left: 20px; margin: 0; font-size: 14px; list-style-type: disc;'>\n<li style='margin-bottom: 5px;'>Red: 1 puerto RJ45 10 \/ 100 \/ 1000 Mbps.<\/li>\n<li style='margin-bottom: 5px;'>Entrada y salida de audio.<\/li>\n<li style='margin-bottom: 5px;'>Ranura para tarjeta de memoria Micro SD \/ SDHC \/ SDXC<\/li>\n<li style='margin-bottom: 5px;'>Soporta hasta 2 tarjetas MicroSD de 512GB C\/U.<\/li>\n<li style='margin-bottom: 5px;'>Compatible con entrada y salida de alarma (opcional SPM-4210 I\/O box necesario para esta funcion).<\/li>\n<\/ul><\/div>\n<\/p><\/div>\n<p> <!-- Caracter\u00edsticas 3 --> <\/p>\n<div style='flex: 1 1 300px; min-width: 280px; border: 1px solid rgba(150&comma; 150&comma; 150&comma; 0.4); border-radius: 8px; overflow: hidden; display: flex; flex-direction: column;'>\n<div style='padding: 15px; border-bottom: 1px solid rgba(150&comma; 150&comma; 150&comma; 0.2); font-weight: bold; font-size: 18px; color: inherit;'>Caracter\u00edsticas f\u00edsicas y el\u00e9ctricas<\/div>\n<div style='padding: 15px; color: inherit;'>\n<ul style='padding-left: 20px; margin: 0; font-size: 14px; list-style-type: disc;'>\n<li style='margin-bottom: 5px;'>Temperatura de operaci\u00f3n: -40 a 55 \u00b0C<\/li>\n<li style='margin-bottom: 5px;'>Alimentaci\u00f3n: PoE++ Max 41W&comma; t\u00edpico 22W \/ PoE+ Max 25.5W&comma; t\u00edpico 22W<\/li>\n<li style='margin-bottom: 5px;'>Protecci\u00f3n: IP66&comma; IK10&comma; NEMA4X<\/li>\n<li style='margin-bottom: 5px;'>Dimensiones: \u00d8 312.7 x 145.9mm.<\/li>\n<li style='margin-bottom: 5px;'>Peso: 4.4 kg.<\/li>\n<\/ul><\/div>\n<\/p><\/div>\n<p> <!-- Caracter\u00edsticas 4 --> <\/p>\n<div style='flex: 1 1 300px; min-width: 280px; border: 1px solid rgba(150&comma; 150&comma; 150&comma; 0.4); border-radius: 8px; overflow: hidden; display: flex; flex-direction: column;'>\n<div style='padding: 15px; border-bottom: 1px solid rgba(150&comma; 150&comma; 150&comma; 0.2); font-weight: bold; font-size: 18px; color: inherit;'>Video Anal\u00edticos Avanzados basados en Inteligencia artificial<\/div>\n<div style='padding: 15px; color: inherit;'>\n<ul style='padding-left: 20px; margin: 0; font-size: 14px; list-style-type: disc;'>\n<li style='margin-bottom: 5px;'>Detecci\u00f3n de manipulaci\u00f3n.<\/li>\n<li style='margin-bottom: 5px;'>Detecci\u00f3n de desenfoque.<\/li>\n<li style='margin-bottom: 5px;'>Merodeo.<\/li>\n<li style='margin-bottom: 5px;'>Detecci\u00f3n de direcci\u00f3n<\/li>\n<li style='margin-bottom: 5px;'>Cruce de l\u00ednea virtual<\/li>\n<li style='margin-bottom: 5px;'>Entrada \/ Salida.<\/li>\n<li style='margin-bottom: 5px;'>Aparici\u00f3n \/ Desaparici\u00f3n.<\/li>\n<li style='margin-bottom: 5px;'>Detecci\u00f3n de objetos<\/li>\n<li style='margin-bottom: 5px;'>Detecci\u00f3n de intrusi\u00f3n de \u00e1rea virtual<\/li>\n<li style='margin-bottom: 5px;'>Detecci\u00f3n de entrada y salida de \u00e1rea virtual<\/li>\n<li style='margin-bottom: 5px;'>Clasificaci\u00f3n de Sonido (opcional SPM-4210 I\/O box necesario para esta funci\u00f3n).<\/li>\n<li style='margin-bottom: 5px;'>Detecci\u00f3n de Audio (opcional SPM-4210 I\/O box necesario para esta funci\u00f3n).<\/li>\n<\/ul><\/div>\n<\/p><\/div>\n<\/p><\/div>\n<\/p><\/div>\n<p> <!-- Enlace a informaci\u00f3n adicional --> <\/p>\n<div style='margin-bottom: 30px; text-align: center;'>\n<p style='font-size: 15px; color: inherit; margin: 0;'><strong>Para m\u00e1s informaci\u00f3n sobre caracter\u00edsticas t\u00e9cnicas&comma; ingrese <a href='https:\/\/hanwhavisionamerica.com\/product\/pnm-c16083rvq\/' style='color: #f37934; text-decoration: underline;'>aqu\u00ed<\/a>.<\/strong><\/p>\n<\/p><\/div>\n<p> <!-- Secci\u00f3n de caracter\u00edsticas adicionales --> <\/p>\n<div style='margin-bottom: 30px;'>\n<h3 style='font-size: 22px; border-bottom: 2px solid currentColor; padding-bottom: 5px; margin-top: 0; color: inherit; opacity: 0.8;'>Otras caracter\u00edsticas<\/h3>\n<div style='display: flex; flex-wrap: wrap; gap: 20px; margin-top: 20px;'>\n<div style='flex: 1 1 250px; border: 1px solid rgba(150&comma; 150&comma; 150&comma; 0.4); border-radius: 8px; overflow: hidden; display: flex; flex-direction: column; align-items: center; justify-content: center; padding: 20px; min-height: 120px;'> <strong style='color: inherit;'>H.265 &#038; WiseStream II<\/strong> <\/div>\n<div style='flex: 1 1 250px; border: 1px solid rgba(150&comma; 150&comma; 150&comma; 0.4); border-radius: 8px; overflow: hidden; display: flex; flex-direction: column; align-items: center; justify-content: center; padding: 20px; min-height: 120px;'> <strong style='color: inherit;'>Anal\u00edticos de Audio<\/strong> <\/div>\n<div style='flex: 1 1 250px; border: 1px solid rgba(150&comma; 150&comma; 150&comma; 0.4); border-radius: 8px; overflow: hidden; display: flex; flex-direction: column; align-items: center; justify-content: center; padding: 20px; min-height: 120px;'> <strong style='color: inherit;'>Auto-Seguimiento Digital<\/strong> <\/div>\n<\/p><\/div>\n<\/p><\/div>\n<p> <!-- Secci\u00f3n de videos adicionales --> <\/p>\n<div style='display: flex; flex-wrap: wrap; gap: 30px; margin-bottom: 30px;'>\n<div style='flex: 1 1 45%; min-width: 300px;'>\n<div style='position: relative; padding-bottom: 56.25%; height: 0; overflow: hidden; margin-bottom: 15px;'>   <\/div>\n<h4 style='font-size: 18px; color: inherit; margin-top: 0; margin-bottom: 15px;'>Demostraci\u00f3n WDR 150dB<\/h4>\n<\/p><\/div>\n<div style='flex: 1 1 45%; min-width: 300px;'>\n<div style='position: relative; padding-bottom: 56.25%; height: 0; overflow: hidden; margin-bottom: 15px;'>   <\/div>\n<h4 style='font-size: 18px; color: inherit; margin-top: 0; margin-bottom: 15px;'>Funci\u00f3n Handover<\/h4>\n<\/p><\/div>\n<\/p><\/div>\n<\/p><\/div>\n","protected":false},"excerpt":{"rendered":"<p>Camara IP Multisensor PTRZ 16MP (4 Sensores de 4MP)\/ WDR 120DB\/ Lente Motorizado 3.2 &#8211; 10.2MM\/ Inteligencia Artificial\/ POE+\/ IP66\/ NEMA 4X\/ IK10\/ MICROSD\/ IR 15M\/ NDAA<\/p>\n","protected":false},"featured_media":99772,"comment_status":"open","ping_status":"closed","template":"","meta":[],"product_brand":[],"product_cat":[2248],"product_tag":[122,2249,1055],"class_list":{"0":"post-99773","1":"product","2":"type-product","3":"status-publish","4":"has-post-thumbnail","6":"product_cat-fisheye-y-hemisfericas","7":"product_tag-camaras-ip-y-nvrs","8":"product_tag-fisheye-y-hemisfericas","9":"product_tag-hanwha-vision","11":"first","12":"outofstock","13":"sale","14":"shipping-taxable","15":"purchasable","16":"product-type-simple"},"_links":{"self":[{"href":"https:\/\/soydeaqui.ddns.net\/pachuca\/index.php\/wp-json\/wp\/v2\/product\/99773","targetHints":{"allow":["GET"]}}],"collection":[{"href":"https:\/\/soydeaqui.ddns.net\/pachuca\/index.php\/wp-json\/wp\/v2\/product"}],"about":[{"href":"https:\/\/soydeaqui.ddns.net\/pachuca\/index.php\/wp-json\/wp\/v2\/types\/product"}],"replies":[{"embeddable":true,"href":"https:\/\/soydeaqui.ddns.net\/pachuca\/index.php\/wp-json\/wp\/v2\/comments?post=99773"}],"wp:featuredmedia":[{"embeddable":true,"href":"https:\/\/soydeaqui.ddns.net\/pachuca\/index.php\/wp-json\/wp\/v2\/media\/99772"}],"wp:attachment":[{"href":"https:\/\/soydeaqui.ddns.net\/pachuca\/index.php\/wp-json\/wp\/v2\/media?parent=99773"}],"wp:term":[{"taxonomy":"product_brand","embeddable":true,"href":"https:\/\/soydeaqui.ddns.net\/pachuca\/index.php\/wp-json\/wp\/v2\/product_brand?post=99773"},{"taxonomy":"product_cat","embeddable":true,"href":"https:\/\/soydeaqui.ddns.net\/pachuca\/index.php\/wp-json\/wp\/v2\/product_cat?post=99773"},{"taxonomy":"product_tag","embeddable":true,"href":"https:\/\/soydeaqui.ddns.net\/pachuca\/index.php\/wp-json\/wp\/v2\/product_tag?post=99773"}],"curies":[{"name":"wp","href":"https:\/\/api.w.org\/{rel}","templated":true}]}}