{"id":99765,"date":"2026-03-20T10:42:30","date_gmt":"2026-03-20T10:42:30","guid":{"rendered":"https:\/\/soydeaqui.ddns.net\/pachuca\/index.php\/producto\/camara-ip-movil-4-megapixel-lente-2-8-mm-h-265-wdr-120-db-ip68-ip69k-ik10-3dnr-30-mts-ir\/"},"modified":"2026-03-20T10:42:31","modified_gmt":"2026-03-20T10:42:31","slug":"camara-ip-movil-4-megapixel-lente-2-8-mm-h-265-wdr-120-db-ip68-ip69k-ik10-3dnr-30-mts-ir","status":"publish","type":"product","link":"https:\/\/soydeaqui.ddns.net\/pachuca\/index.php\/producto\/camara-ip-movil-4-megapixel-lente-2-8-mm-h-265-wdr-120-db-ip68-ip69k-ik10-3dnr-30-mts-ir\/","title":{"rendered":"C\u00e1mara IP M\u00f3vil \/ 4 Megapixel \/ Lente 2.8 mm \/ H.265+ \/ WDR 120 dB \/ IP68 \/ IP69K \/ IK10 \/ 3DNR \/ 30 mts IR"},"content":{"rendered":"<div style='width: 100%; max-width: 1200px; margin: 0 auto; font-family: sans-serif; line-height: 1.6; color: inherit; background-color: transparent;'> <!-- Imagen logo --> <\/p>\n<p style='text-align: center; margin: 0 0 15px 0;'><img style='width: 100%; max-width: 500px; height: auto; border: 1px solid rgba(150&comma;150&comma;150&comma;0.3); border-radius: 8px;' src='https:\/\/ftp3.syscom.mx\/usuarios\/jsosa\/HIKVISION\/imagenes\/logo\/hikvision%20see%20far.png' alt='Logo Hikvision'><\/p>\n<p> <!-- Secci\u00f3n de caracter\u00edsticas con grid --> <\/p>\n<div style='display: grid; grid-template-columns: repeat(auto-fit&comma; minmax(300px&comma; 1fr)); gap: 30px; margin-bottom: 30px;'> <!-- Caracter\u00edsticas principales --> <\/p>\n<div style='border: 1px solid rgba(150&comma;150&comma;150&comma;0.4); border-radius: 8px; overflow: hidden; display: flex; flex-direction: column;'>\n<div style='padding: 15px; border-bottom: 1px solid rgba(150&comma;150&comma;150&comma;0.2); font-weight: bold; font-size: 18px; color: inherit;'>Caracter\u00edsticas principales<\/div>\n<div style='padding: 15px; color: inherit;'>\n<ul style='padding-left: 20px; margin: 0; font-size: 14px; list-style-type: disc; color: inherit;'>\n<li style='margin-bottom: 5px; color: inherit;'>Resoluci\u00f3n m\u00e1xima: 4 Megap\u00edxeles (2560&#215;1440).<\/li>\n<li style='margin-bottom: 5px; color: inherit;'>WDR Verdadero de 120dB para condiciones de luz dif\u00edciles.<\/li>\n<li style='margin-bottom: 5px; color: inherit;'>Compresi\u00f3n: H.265+ \/ H.265 \/ H.264+ \/ H.264.<\/li>\n<li style='margin-bottom: 5px; color: inherit;'>Lente fija disponible en 2.8 mm&comma; 4 mm y 6 mm.<\/li>\n<li style='margin-bottom: 5px; color: inherit;'>Alcance de IR (visi\u00f3n nocturna): hasta 30 metros.<\/li>\n<li style='margin-bottom: 5px; color: inherit;'>Protecci\u00f3n IP68&comma; IP69K contra agua y polvo.<\/li>\n<li style='margin-bottom: 5px; color: inherit;'>Resistencia a impactos IK10 (antivand\u00e1lica).<\/li>\n<li style='margin-bottom: 5px; color: inherit;'>Ideal para aplicaciones m\u00f3viles y de transporte.<\/li>\n<\/ul><\/div>\n<\/p><\/div>\n<p> <!-- Caracter\u00edsticas F\u00edsicas y El\u00e9ctricas --> <\/p>\n<div style='border: 1px solid rgba(150&comma;150&comma;150&comma;0.4); border-radius: 8px; overflow: hidden; display: flex; flex-direction: column;'>\n<div style='padding: 15px; border-bottom: 1px solid rgba(150&comma;150&comma;150&comma;0.2); font-weight: bold; font-size: 18px; color: inherit;'>Caracter\u00edsticas F\u00edsicas y El\u00e9ctricas<\/div>\n<div style='padding: 15px; color: inherit;'>\n<ul style='padding-left: 20px; margin: 0; font-size: 14px; list-style-type: disc; color: inherit;'>\n<li style='margin-bottom: 5px; color: inherit;'>Sensor CMOS 1\/3\u201d de escaneo progresivo.<\/li>\n<li style='margin-bottom: 5px; color: inherit;'>Sensibilidad m\u00ednima de iluminaci\u00f3n: 0.01 Lux @ (F1.2&comma; AGC ON)&comma; 0 Lux con IR.<\/li>\n<li style='margin-bottom: 5px; color: inherit;'>Velocidad de obturaci\u00f3n: 1\/3 s a 1\/100&comma;000 s.<\/li>\n<li style='margin-bottom: 5px; color: inherit;'>Puerto Ethernet RJ45 10M\/100M auto-adaptativo.<\/li>\n<li style='margin-bottom: 5px; color: inherit;'>Alimentaci\u00f3n: PoE (802.3af) o DC 9-36V.<\/li>\n<li style='margin-bottom: 5px; color: inherit;'>Compresi\u00f3n de video: H.265+\/H.264+\/H.265\/H.264.<\/li>\n<li style='margin-bottom: 5px; color: inherit;'>Compatibilidad ONVIF&comma; ISAPI y HIKSDK.<\/li>\n<li style='margin-bottom: 5px; color: inherit;'>Capacidad de visualizaci\u00f3n en vivo de hasta 8 canales simult\u00e1neamente.<\/li>\n<\/ul>\n<div style='margin-top: 20px;'>\n<div style='font-weight: bold; margin-bottom: 10px; color: inherit;'>Compatible con NVR&#8217;s m\u00f3viles:<\/div>\n<ul style='padding-left: 20px; margin: 0; font-size: 14px; list-style-type: disc; color: inherit;'>\n<li style='margin-bottom: 5px; color: inherit;'><a href='https:\/\/www.syscom.mx\/principal\/searchcont?route=AEMN5043RJ45-HIKVISION-230650&#038;autodetect=AEMN5043' style='color: inherit; text-decoration: underline;'>AE-MN5043(RJ45)<\/a><\/li>\n<li style='margin-bottom: 5px; color: inherit;'><a href='https:\/\/www.syscom.mx\/principal\/searchcont?route=AE-MN5083RJ45-HIKVISION-220359&#038;autodetect=AEMN5043' style='color: inherit; text-decoration: underline;'>AE-MN5083(RJ45)<\/a><\/li>\n<\/ul><\/div>\n<\/p><\/div>\n<\/p><\/div>\n<\/p><\/div>\n<p> <!-- Imagen final --> <\/p>\n<p style='margin: 0;'><img style='width: 100%; height: auto; border: 1px solid rgba(150&comma;150&comma;150&comma;0.3); border-radius: 8px;' src='https:\/\/ftp3.syscom.mx\/usuarios\/jsosa\/HIKVISION\/imagenes\/banners\/solution%20complete.png' alt='Soluci\u00f3n completa Hikvision'><\/p>\n<\/p><\/div>\n","protected":false},"excerpt":{"rendered":"<p>C\u00e1mara IP M\u00f3vil \/ 4 Megapixel \/ Lente 2.8 mm \/ H.265+ \/ WDR 120 dB \/ IP68 \/ IP69K \/ IK10 \/ 3DNR \/ 30 mts IR<\/p>\n","protected":false},"featured_media":99764,"comment_status":"open","ping_status":"closed","template":"","meta":[],"product_brand":[],"product_cat":[438],"product_tag":[439,122,54],"class_list":{"0":"post-99765","1":"product","2":"type-product","3":"status-publish","4":"has-post-thumbnail","6":"product_cat-bala","7":"product_tag-bala","8":"product_tag-camaras-ip-y-nvrs","9":"product_tag-hikvision","11":"first","12":"instock","13":"sale","14":"shipping-taxable","15":"purchasable","16":"product-type-simple"},"_links":{"self":[{"href":"https:\/\/soydeaqui.ddns.net\/pachuca\/index.php\/wp-json\/wp\/v2\/product\/99765","targetHints":{"allow":["GET"]}}],"collection":[{"href":"https:\/\/soydeaqui.ddns.net\/pachuca\/index.php\/wp-json\/wp\/v2\/product"}],"about":[{"href":"https:\/\/soydeaqui.ddns.net\/pachuca\/index.php\/wp-json\/wp\/v2\/types\/product"}],"replies":[{"embeddable":true,"href":"https:\/\/soydeaqui.ddns.net\/pachuca\/index.php\/wp-json\/wp\/v2\/comments?post=99765"}],"wp:featuredmedia":[{"embeddable":true,"href":"https:\/\/soydeaqui.ddns.net\/pachuca\/index.php\/wp-json\/wp\/v2\/media\/99764"}],"wp:attachment":[{"href":"https:\/\/soydeaqui.ddns.net\/pachuca\/index.php\/wp-json\/wp\/v2\/media?parent=99765"}],"wp:term":[{"taxonomy":"product_brand","embeddable":true,"href":"https:\/\/soydeaqui.ddns.net\/pachuca\/index.php\/wp-json\/wp\/v2\/product_brand?post=99765"},{"taxonomy":"product_cat","embeddable":true,"href":"https:\/\/soydeaqui.ddns.net\/pachuca\/index.php\/wp-json\/wp\/v2\/product_cat?post=99765"},{"taxonomy":"product_tag","embeddable":true,"href":"https:\/\/soydeaqui.ddns.net\/pachuca\/index.php\/wp-json\/wp\/v2\/product_tag?post=99765"}],"curies":[{"name":"wp","href":"https:\/\/api.w.org\/{rel}","templated":true}]}}