{"id":99753,"date":"2026-03-20T10:41:56","date_gmt":"2026-03-20T10:41:56","guid":{"rendered":"https:\/\/soydeaqui.ddns.net\/pachuca\/index.php\/producto\/camara-unifi-protect-ptz-ai-industrial-color-blanco-4k-8mpx-zoom-optico-22x-vision-nocturna-ir-100-m-reconocimiento-facial-y-placas-proteccion-ip66-movimiento-360-poe\/"},"modified":"2026-03-20T10:42:10","modified_gmt":"2026-03-20T10:42:10","slug":"camara-unifi-protect-ptz-ai-industrial-color-blanco-4k-8mpx-zoom-optico-22x-vision-nocturna-ir-100-m-reconocimiento-facial-y-placas-proteccion-ip66-movimiento-360-poe","status":"publish","type":"product","link":"https:\/\/soydeaqui.ddns.net\/pachuca\/index.php\/producto\/camara-unifi-protect-ptz-ai-industrial-color-blanco-4k-8mpx-zoom-optico-22x-vision-nocturna-ir-100-m-reconocimiento-facial-y-placas-proteccion-ip66-movimiento-360-poe\/","title":{"rendered":"C\u00e1mara UniFi Protect PTZ AI Industrial Color Blanco, 4K (8MPX), Zoom \u00d3ptico 22x, Visi\u00f3n Nocturna IR 100 m, Reconocimiento Facial y Placas, Protecci\u00f3n IP66, Movimiento 360\u00b0, PoE++"},"content":{"rendered":"<div style='width: 100%; max-width: 1200px; margin: 0 auto; font-family: sans-serif; line-height: 1.6; color: inherit; background-color: transparent;'>\n<div style='display: flex; flex-direction: column; gap: 15px;'>\n<h2 style='font-size: 24px; margin: 0; color: inherit; opacity: 0.9;'>C\u00e1mara AI PTZ Industrial blanca<\/h2>\n<h3 style='font-size: 20px; margin: 0; color: inherit; opacity: 0.8;'>UVC-AI-PTZ-W<\/h3>\n<\/p><\/div>\n<p style='margin-top: 20px; margin-bottom: 30px; color: inherit; opacity: 0.7; font-size: 15px; line-height: 1.5;'> C\u00e1mara PTZ PoE++ 4K de grado industrial con capacidades de inteligencia artificial mejoradas&comma; zoom \u00f3ptico de 22x y visi\u00f3n nocturna LED IR adaptativa de largo alcance. <\/p>\n<div style='display: flex; flex-wrap: wrap; gap: 20px; margin-bottom: 30px;'>\n<div style='flex: 1 1 250px; min-width: 200px; display: flex; align-items: center; gap: 10px;'> <img style='width: 20px; height: 20px; border: none;' src='https:\/\/assets.ecomm.ui.com\/static\/key-features\/lens.svg' alt=''> <span style='font-size: 14px; color: inherit;'>Resoluci\u00f3n de video 4K (8MP)<\/span> <\/div>\n<div style='flex: 1 1 250px; min-width: 200px; display: flex; align-items: center; gap: 10px;'> <img style='width: 20px; height: 20px; border: none;' src='https:\/\/assets.ecomm.ui.com\/static\/key-features\/zoom.svg' alt=''> <span style='font-size: 14px; color: inherit;'>Zoom \u00f3ptico 22x<\/span> <\/div>\n<div style='flex: 1 1 250px; min-width: 200px; display: flex; align-items: center; gap: 10px;'> <img style='width: 20px; height: 20px; border: none;' src='https:\/\/assets.ecomm.ui.com\/static\/key-features\/night.svg' alt=''> <span style='font-size: 14px; color: inherit;'>Rango de visi\u00f3n 100 m (328 ft)<\/span> <\/div>\n<div style='flex: 1 1 250px; min-width: 200px; display: flex; align-items: center; gap: 10px;'> <img style='width: 20px; height: 20px; border: none;' src='https:\/\/assets.ecomm.ui.com\/static\/key-features\/range.svg' alt=''> <span style='font-size: 14px; color: inherit;'>Detecci\u00f3n de eventos mediante IA y seguimiento autom\u00e1tico de personas<\/span> <\/div>\n<div style='flex: 1 1 250px; min-width: 200px; display: flex; align-items: center; gap: 10px;'> <img style='width: 20px; height: 20px; border: none;' src='https:\/\/assets.ecomm.ui.com\/static\/key-features\/frequency.svg' alt=''> <span style='font-size: 14px; color: inherit;'>Control remoto de latencia ultrabaja<\/span> <\/div>\n<div style='flex: 1 1 250px; min-width: 200px; display: flex; align-items: center; gap: 10px;'> <img style='width: 20px; height: 20px; border: none;' src='https:\/\/assets.ecomm.ui.com\/static\/key-features\/poe_plus_plus.svg' alt=''> <span style='font-size: 14px; color: inherit;'>Conectar y alimentar mediante PoE++<\/span> <\/div>\n<div style='flex: 1 1 250px; min-width: 200px; display: flex; align-items: center; gap: 10px;'> <img style='width: 20px; height: 20px; border: none;' src='https:\/\/assets.ecomm.ui.com\/static\/key-features\/waterdrop.svg' alt=''> <span style='font-size: 14px; color: inherit;'>Resistente a la intemperie (expuesto al exterior)<\/span> <\/div>\n<\/p><\/div>\n<div style='display: grid; grid-template-columns: repeat(auto-fill&comma; minmax(300px&comma; 1fr)); gap: 20px; margin-bottom: 30px;'>\n<div style='border: 1px solid rgba(150&comma;150&comma;150&comma;0.4); border-radius: 8px; overflow: hidden;'>\n<div style='padding: 15px; border-bottom: 1px solid rgba(150&comma;150&comma;150&comma;0.2); font-weight: bold; font-size: 16px; color: inherit;'>Especificaciones<\/div>\n<div style='padding: 15px;'>\n<ul style='padding-left: 20px; margin: 0; font-size: 14px; list-style-type: disc; color: inherit;'>\n<li style='margin-bottom: 5px;'><strong>Dimensiones:<\/strong> 207 x 223.7 x 341.3 mm (8.2 x 8.8 x 13.4&#8242;)<\/li>\n<li style='margin-bottom: 5px;'><strong>Visi\u00f3n Nocturna IR:<\/strong> 100 m (328 pies)<\/li>\n<li style='margin-bottom: 5px;'><strong>Modo Zoom:<\/strong> 22x \u00d3ptico<\/li>\n<li style='margin-bottom: 5px;'><strong>Reconocimiento Facial:<\/strong> \u2713<\/li>\n<li style='margin-bottom: 5px;'><strong>Reconocimiento de Placa de Licencia:<\/strong> \u2713<\/li>\n<li style='margin-bottom: 5px;'><strong>Detecciones Inteligentes:<\/strong> \u2713 (Personas&comma; Veh\u00edculos&comma; Animales)<\/li>\n<li style='margin-bottom: 5px;'><strong>Resoluci\u00f3n:<\/strong> 4K<\/li>\n<li style='margin-bottom: 5px;'><strong>Campo de Vista:<\/strong> H: 3 a 64\u00b0&comma; V: 2 a 37\u00b0<\/li>\n<li style='margin-bottom: 5px;'><strong>Rango Pan-Tilt:<\/strong> Pan: 360\u00b0 (Endless) Inclinaci\u00f3n: 120\u00b0<\/li>\n<li style='margin-bottom: 5px;'><strong>Impermeabilizaci\u00f3n:<\/strong> IP66<\/li>\n<li style='margin-bottom: 5px;'><strong>Montaje:<\/strong> Pared&comma; Montaje en poste&comma; Soporte de escritorio (Incluido)<\/li>\n<li style='margin-bottom: 5px;'><strong>Proteger:<\/strong> \u2713<\/li>\n<\/ul><\/div>\n<\/p><\/div>\n<div style='border: 1px solid rgba(150&comma;150&comma;150&comma;0.4); border-radius: 8px; overflow: hidden;'>\n<div style='padding: 15px; border-bottom: 1px solid rgba(150&comma;150&comma;150&comma;0.2); font-weight: bold; font-size: 16px; color: inherit;'>Rendimiento<\/div>\n<div style='padding: 15px;'>\n<ul style='padding-left: 20px; margin: 0; font-size: 14px; list-style-type: disc; color: inherit;'>\n<li style='margin-bottom: 5px;'><strong>Interfaz de Redes:<\/strong> Puerto GbE RJ45<\/li>\n<li style='margin-bottom: 5px;'><strong>Video:<\/strong> 30 FPS<\/li>\n<li style='margin-bottom: 5px;'><strong>Resoluci\u00f3n:<\/strong> 8MP 3840 x 2160 (16:9)<\/li>\n<li style='margin-bottom: 5px;'><strong>Configuraci\u00f3n de Imagen:<\/strong> Color&comma; brillo&comma; nitidez&comma; contraste balance de blancos&comma; control de exposici\u00f3n 2DNR&comma; 3DNR&comma; NR por movimiento enmascaramiento&comma; superposici\u00f3n de texto<\/li>\n<\/ul><\/div>\n<\/p><\/div>\n<div style='border: 1px solid rgba(150&comma;150&comma;150&comma;0.4); border-radius: 8px; overflow: hidden;'>\n<div style='padding: 15px; border-bottom: 1px solid rgba(150&comma;150&comma;150&comma;0.2); font-weight: bold; font-size: 16px; color: inherit;'>Hardware<\/div>\n<div style='padding: 15px;'>\n<ul style='padding-left: 20px; margin: 0; font-size: 14px; list-style-type: disc; color: inherit;'>\n<li style='margin-bottom: 5px;'><strong>Max. Consumo de Energ\u00eda:<\/strong> 51W<\/li>\n<li style='margin-bottom: 5px;'><strong>Rango de Voltaje Compatible:<\/strong> 42.5\u201457V DC<\/li>\n<li style='margin-bottom: 5px;'><strong>M\u00e9todo de Potencia:<\/strong> PoE++<\/li>\n<li style='margin-bottom: 5px;'><strong>Procesador:<\/strong> No especificado<\/li>\n<\/ul><\/div>\n<\/p><\/div>\n<\/p><\/div>\n<div style='display: grid; grid-template-columns: repeat(auto-fill&comma; minmax(300px&comma; 1fr)); gap: 20px; margin-bottom: 30px;'>\n<div style='border: 1px solid rgba(150&comma;150&comma;150&comma;0.4); border-radius: 8px; overflow: hidden;'>\n<div style='padding: 15px; border-bottom: 1px solid rgba(150&comma;150&comma;150&comma;0.2); font-weight: bold; font-size: 16px; color: inherit;'>\u00d3ptica<\/div>\n<div style='padding: 15px;'>\n<ul style='padding-left: 20px; margin: 0; font-size: 14px; list-style-type: disc; color: inherit;'>\n<li style='margin-bottom: 5px;'><strong>Sensor:<\/strong> 1\/1.8&#8242; 8MP<\/li>\n<li style='margin-bottom: 5px;'><strong>Lente:<\/strong> lente zoom \u00f3ptico 22X<\/li>\n<li style='margin-bottom: 5px;'><strong>Modo Nocturno:<\/strong> Iluminaci\u00f3n LED IR incorporada y filtro de corte IR<\/li>\n<\/ul><\/div>\n<\/p><\/div>\n<\/p><\/div>\n<div style='display: grid; grid-template-columns: repeat(auto-fill&comma; minmax(280px&comma; 1fr)); gap: 30px; margin-bottom: 30px;'>\n<div style='width: 100%;'> <img style='width: 100%; height: auto; border: 1px solid rgba(150&comma;150&comma;150&comma;0.3); border-radius: 8px;' src='https:\/\/images.svc.ui.com\/?u=https%3A%2F%2Fcdn.ecomm.ui.com%2Fproducts%2Fbe9d2241-a2db-4a66-bba5-f6cbe4703165%2Fac7b5ba8-5c8b-416f-9a2f-69faab55f3b5.png&#038;q=75&#038;w=1000' alt=''> <\/div>\n<div style='width: 100%;'> <img style='width: 100%; height: auto; border: 1px solid rgba(150&comma;150&comma;150&comma;0.3); border-radius: 8px;' src='https:\/\/images.svc.ui.com\/?u=https%3A%2F%2Fcdn.ecomm.ui.com%2Fproducts%2Fbe9d2241-a2db-4a66-bba5-f6cbe4703165%2F8833f363-6a62-4b44-9690-8341fcf71b0e.png&#038;q=75&#038;w=1000' alt=''> <\/div>\n<div style='width: 100%;'> <img style='width: 100%; height: auto; border: 1px solid rgba(150&comma;150&comma;150&comma;0.3); border-radius: 8px;' src='https:\/\/images.svc.ui.com\/?u=https%3A%2F%2Fcdn.ecomm.ui.com%2Fproducts%2Fbe9d2241-a2db-4a66-bba5-f6cbe4703165%2F89b0e6f6-f1ee-4d3f-8ecc-452a14c4afce.png&#038;q=75&#038;w=1000' alt=''> <\/div>\n<div style='width: 100%;'> <img style='width: 100%; height: auto; border: 1px solid rgba(150&comma;150&comma;150&comma;0.3); border-radius: 8px;' src='https:\/\/images.svc.ui.com\/?u=https%3A%2F%2Fcdn.ecomm.ui.com%2Fproducts%2Fbe9d2241-a2db-4a66-bba5-f6cbe4703165%2F1b82a90c-17a5-4c31-b0f3-1b2f53f2f5c3.png&#038;q=75&#038;w=1920' alt=''> <\/div>\n<div style='width: 100%;'> <img style='width: 100%; height: auto; border: 1px solid rgba(150&comma;150&comma;150&comma;0.3); border-radius: 8px;' src='https:\/\/images.svc.ui.com\/?u=https%3A%2F%2Fcdn.ecomm.ui.com%2Fproducts%2Fbe9d2241-a2db-4a66-bba5-f6cbe4703165%2F4c096336-258f-48df-a062-24eb39f41825.png&#038;q=75&#038;w=828' alt=''> <\/div>\n<div style='width: 100%;'> <img style='width: 100%; height: auto; border: 1px solid rgba(150&comma;150&comma;150&comma;0.3); border-radius: 8px;' src='https:\/\/images.svc.ui.com\/?u=https%3A%2F%2Fcdn.ecomm.ui.com%2Fproducts%2Fbe9d2241-a2db-4a66-bba5-f6cbe4703165%2F589a2cc6-220d-4253-9412-d5a10ca0ee70.png&#038;q=75&#038;w=828' alt=''> <\/div>\n<div style='width: 100%;'> <img style='width: 100%; height: auto; border: 1px solid rgba(150&comma;150&comma;150&comma;0.3); border-radius: 8px;' src='https:\/\/images.svc.ui.com\/?u=https%3A%2F%2Fcdn.ecomm.ui.com%2Fproducts%2Fbe9d2241-a2db-4a66-bba5-f6cbe4703165%2F1099beab-3448-4282-8900-50ae42ce315a.png&#038;q=75&#038;w=1920' alt=''> <\/div>\n<div style='width: 100%;'> <img style='width: 100%; height: auto; border: 1px solid rgba(150&comma;150&comma;150&comma;0.3); border-radius: 8px;' src='https:\/\/images.svc.ui.com\/?u=https%3A%2F%2Fcdn.ecomm.ui.com%2Fproducts%2Fbe9d2241-a2db-4a66-bba5-f6cbe4703165%2Fed34f438-b033-49b2-83aa-9c596a4f16bb.png&#038;q=75&#038;w=1920' alt=''> <\/div>\n<div style='width: 100%;'> <img style='width: 100%; height: auto; border: 1px solid rgba(150&comma;150&comma;150&comma;0.3); border-radius: 8px;' src='https:\/\/images.svc.ui.com\/?u=https%3A%2F%2Fcdn.ecomm.ui.com%2Fproducts%2Fbe9d2241-a2db-4a66-bba5-f6cbe4703165%2Fd682d3e7-8284-4ae4-93a0-6c0a35a9aaed.png&#038;q=75&#038;w=828' alt=''> <\/div>\n<div style='width: 100%;'> <img style='width: 100%; height: auto; border: 1px solid rgba(150&comma;150&comma;150&comma;0.3); border-radius: 8px;' src='https:\/\/ftp3.syscom.mx\/usuarios\/fotos\/UVCAIPTZW\/240607-captura_de_pantalla_2025-05-19_a_la(s)_10.01.39 a.m..png' alt=''> <\/div>\n<\/p><\/div>\n<\/p><\/div>\n","protected":false},"excerpt":{"rendered":"<p>C\u00e1mara UniFi Protect PTZ AI Industrial Color Blanco, 4K (8MPX), Zoom \u00d3ptico 22x, Visi\u00f3n Nocturna IR 100 m, Reconocimiento Facial y Placas, Protecci\u00f3n IP66, Movimiento 360\u00b0, PoE++<\/p>\n","protected":false},"featured_media":99752,"comment_status":"open","ping_status":"closed","template":"","meta":[],"product_brand":[],"product_cat":[1224],"product_tag":[122,1225,166],"class_list":{"0":"post-99753","1":"product","2":"type-product","3":"status-publish","4":"has-post-thumbnail","6":"product_cat-ptz","7":"product_tag-camaras-ip-y-nvrs","8":"product_tag-ptz","9":"product_tag-ubiquiti","11":"first","12":"outofstock","13":"sale","14":"shipping-taxable","15":"purchasable","16":"product-type-simple"},"_links":{"self":[{"href":"https:\/\/soydeaqui.ddns.net\/pachuca\/index.php\/wp-json\/wp\/v2\/product\/99753","targetHints":{"allow":["GET"]}}],"collection":[{"href":"https:\/\/soydeaqui.ddns.net\/pachuca\/index.php\/wp-json\/wp\/v2\/product"}],"about":[{"href":"https:\/\/soydeaqui.ddns.net\/pachuca\/index.php\/wp-json\/wp\/v2\/types\/product"}],"replies":[{"embeddable":true,"href":"https:\/\/soydeaqui.ddns.net\/pachuca\/index.php\/wp-json\/wp\/v2\/comments?post=99753"}],"wp:featuredmedia":[{"embeddable":true,"href":"https:\/\/soydeaqui.ddns.net\/pachuca\/index.php\/wp-json\/wp\/v2\/media\/99752"}],"wp:attachment":[{"href":"https:\/\/soydeaqui.ddns.net\/pachuca\/index.php\/wp-json\/wp\/v2\/media?parent=99753"}],"wp:term":[{"taxonomy":"product_brand","embeddable":true,"href":"https:\/\/soydeaqui.ddns.net\/pachuca\/index.php\/wp-json\/wp\/v2\/product_brand?post=99753"},{"taxonomy":"product_cat","embeddable":true,"href":"https:\/\/soydeaqui.ddns.net\/pachuca\/index.php\/wp-json\/wp\/v2\/product_cat?post=99753"},{"taxonomy":"product_tag","embeddable":true,"href":"https:\/\/soydeaqui.ddns.net\/pachuca\/index.php\/wp-json\/wp\/v2\/product_tag?post=99753"}],"curies":[{"name":"wp","href":"https:\/\/api.w.org\/{rel}","templated":true}]}}