{"id":99749,"date":"2026-03-20T10:41:44","date_gmt":"2026-03-20T10:41:44","guid":{"rendered":"https:\/\/soydeaqui.ddns.net\/pachuca\/index.php\/producto\/dashcam-de-industria-5-canales-de-video-2-predeterminados-y-3-de-extension-camara-frontal-1620p-y-trasera-1080p-audio-bidireccional-gps-glonass-galileo-wi-fi-bluetooth-y-4g-micro-sd\/"},"modified":"2026-03-20T10:41:51","modified_gmt":"2026-03-20T10:41:51","slug":"dashcam-de-industria-5-canales-de-video-2-predeterminados-y-3-de-extension-camara-frontal-1620p-y-trasera-1080p-audio-bidireccional-gps-glonass-galileo-wi-fi-bluetooth-y-4g-micro-sd","status":"publish","type":"product","link":"https:\/\/soydeaqui.ddns.net\/pachuca\/index.php\/producto\/dashcam-de-industria-5-canales-de-video-2-predeterminados-y-3-de-extension-camara-frontal-1620p-y-trasera-1080p-audio-bidireccional-gps-glonass-galileo-wi-fi-bluetooth-y-4g-micro-sd\/","title":{"rendered":"Dashcam de Industria \/ 5 Canales de Video (2 Predeterminados y 3 de Extensi\u00f3n) \/ C\u00e1mara Frontal 1620P y Trasera 1080P \/ Audio Bidireccional \/ GPS-GLONASS-GALILEO \/ Wi-Fi \/ Bluetooth y 4G \/ Micro SD"},"content":{"rendered":"<div style='width: 100%; max-width: 1200px; margin: 0 auto; font-family: sans-serif; line-height: 1.6; color: inherit; background-color: transparent;'> <!-- Logo Hikvision --> <\/p>\n<p style='text-align: center; margin: 0; padding: 15px 0;'> <img style='width: 45%; height: auto; border: 1px solid rgba(150&comma;150&comma;150&comma;0.3); border-radius: 8px;' src='https:\/\/ftp3.syscom.mx\/usuarios\/jsosa\/HIKVISION\/imagenes\/logo\/hikvision%20see%20far.png' alt='Logo Hikvision'> <\/p>\n<p> <!-- Video de YouTube --> <\/p>\n<div style='margin: 30px 0;'>\n<div style='position: relative; padding-bottom: 56.25%; height: 0; overflow: hidden;'>   <\/div>\n<\/p><\/div>\n<p> <!-- T\u00edtulo de c\u00e1mara compatible --> <\/p>\n<div style='margin: 30px 0; text-align: center;'> <span style='font-size: 28px; display: block; margin-bottom: 15px; color: inherit;'>C\u00e1mara Compatible para An\u00e1lisis de Comportamiento del conductor (DBA) Modelo<\/span> <a href='https:\/\/www.syscom.mx\/producto\/AE-VC154T-IT-HIKVISION-196478.html' style='font-size: 28px; text-decoration: none; color: inherit;'>AE-VC154T-IT<\/a> <span style='font-size: 20px; display: block; margin-top: 10px; color: inherit; opacity: 0.8;'><strong>(Se vende por separado)<\/strong><\/span> <\/div>\n<p> <!-- Im\u00e1genes de la c\u00e1mara compatible --> <\/p>\n<div style='display: flex; flex-wrap: wrap; gap: 15px; justify-content: center; margin: 30px 0;'> <img style='width: 50%; max-width: 600px; height: auto; border: 1px solid rgba(150&comma;150&comma;150&comma;0.3); border-radius: 8px;' src='https:\/\/ftp3.syscom.mx\/usuarios\/fotos\/BancoFotografiasSyscom\/HIKVISION\/AEVC154TIT(3.1)\/AEVC154TIT(3.1)-l.PNG' alt='C\u00e1mara Compatible'> <img style='width: 100%; max-width: 600px; height: auto; border: 1px solid rgba(150&comma;150&comma;150&comma;0.3); border-radius: 8px;' src='https:\/\/i.imgur.com\/4aaVVDY.png' alt='Imagen 1'> <img style='width: 100%; max-width: 600px; height: auto; border: 1px solid rgba(150&comma;150&comma;150&comma;0.3); border-radius: 8px;' src='https:\/\/i.imgur.com\/d2o6uq2.gif' alt='GIF 1'> <img style='width: 100%; max-width: 600px; height: auto; border: 1px solid rgba(150&comma;150&comma;150&comma;0.3); border-radius: 8px;' src='https:\/\/i.imgur.com\/fvJ6HI6.gif' alt='GIF 2'> <img style='width: 100%; max-width: 600px; height: auto; border: 1px solid rgba(150&comma;150&comma;150&comma;0.3); border-radius: 8px;' src='https:\/\/i.imgur.com\/qyaoREq.gif' alt='GIF 3'> <img style='width: 100%; max-width: 600px; height: auto; border: 1px solid rgba(150&comma;150&comma;150&comma;0.3); border-radius: 8px;' src='https:\/\/i.imgur.com\/QtjAhwx.gif' alt='GIF 4'> <\/div>\n<p> <!-- Secci\u00f3n ADAS --> <\/p>\n<div style='margin: 30px 0; text-align: center;'>\n<h2 style='font-size: 24px; margin-bottom: 15px; color: inherit; opacity: 0.9;'>An\u00e1lisis ADAS ya incluido en la c\u00e1mara frontal<\/h2>\n<p> <img style='width: 300px; height: auto; border: 1px solid rgba(150&comma;150&comma;150&comma;0.3); border-radius: 8px;' src='http:\/\/ftp3.syscom.mx\/usuarios\/ftp\/2025\/11\/27\/1313\/1764267433039.png_froala_692895aeec646' alt='ADAS'> <img style='width: 100%; max-width: 600px; height: auto; border: 1px solid rgba(150&comma;150&comma;150&comma;0.3); border-radius: 8px;' src='https:\/\/i.imgur.com\/VC02GQZ.png' alt='Imagen ADAS 1'> <img style='width: 100%; max-width: 600px; height: auto; border: 1px solid rgba(150&comma;150&comma;150&comma;0.3); border-radius: 8px;' src='https:\/\/i.imgur.com\/l0AiCDv.png' alt='Imagen ADAS 2'> <\/div>\n<p> <!-- Calidad de imagen --> <\/p>\n<div style='margin: 30px 0; text-align: center;'>\n<h2 style='font-size: 24px; margin-bottom: 15px; color: inherit; opacity: 0.9;'>Excepcional calidad de imagen<\/h2>\n<p> <img style='width: 100%; max-width: 600px; height: auto; border: 1px solid rgba(150&comma;150&comma;150&comma;0.3); border-radius: 8px;' src='https:\/\/i.imgur.com\/KSzVCX0.png' alt='Calidad de imagen'> <\/div>\n<p> <!-- Secci\u00f3n de caracter\u00edsticas --> <\/p>\n<div style='display: flex; flex-wrap: wrap; gap: 30px; margin: 30px 0;'>\n<div style='flex: 1 1 300px; min-width: 280px;'>\n<h3 style='font-size: 22px; border-bottom: 2px solid currentColor; padding-bottom: 5px; margin-top: 0; color: inherit; opacity: 0.8;'>Caracter\u00edsticas principales<\/h3>\n<ul style='padding-left: 20px; font-size: 15px; color: inherit;'>\n<li style='margin-bottom: 5px;'>Grabaci\u00f3n 5 canales con c\u00e1mara frontal 1620P<\/li>\n<li style='margin-bottom: 5px;'>Resoluci\u00f3n de c\u00e1mara principal: 2880 \u00d7 1620 y \u00e1ngulo de visi\u00f3n horizontal 123\u00b0<\/li>\n<li style='margin-bottom: 5px;'>Resoluci\u00f3n c\u00e1mara secundaria: 1920 \u00d7 1080 y \u00e1ngulo de visi\u00f3n horizontal 145\u00b0<\/li>\n<li style='margin-bottom: 5px;'>Compresi\u00f3n de video H.265<\/li>\n<li style='margin-bottom: 5px;'>Micr\u00f3fono y altavoz integrados<\/li>\n<li style='margin-bottom: 5px;'>Pantalla t\u00e1ctil de 3&#8242;<\/li>\n<li style='margin-bottom: 5px;'>Conectividad 4G dual SIM y WiFi 2.4 GHz integrado<\/li>\n<li style='margin-bottom: 5px;'>M\u00f3dulo GPS incorporado<\/li>\n<li style='margin-bottom: 5px;'>M\u00f3dulo G-Sensor 6 ejes incorporado&comma; compatible con el enlace de grabaci\u00f3n de video en caso de un accidente automovil\u00edstico o vibraci\u00f3n fuerte<\/li>\n<li style='margin-bottom: 5px;'>Almacenamiento dual Micro-SD de hasta 1 TB cada una<\/li>\n<li style='margin-bottom: 5px;'>Sistema ADAS y DSM con detecci\u00f3n de colisiones<\/li>\n<li style='margin-bottom: 5px;'>F\u00e1cil instalaci\u00f3n y f\u00e1cil de usar&comma; plug and play (grabaci\u00f3n autom\u00e1tica despu\u00e9s de encender)<\/li>\n<\/ul><\/div>\n<div style='flex: 1 1 300px; min-width: 280px;'>\n<h3 style='font-size: 22px; border-bottom: 2px solid currentColor; padding-bottom: 5px; margin-top: 0; color: inherit; opacity: 0.8;'>Caracter\u00edsticas F\u00edsicas y El\u00e9ctricas<\/h3>\n<ul style='padding-left: 20px; font-size: 15px; color: inherit;'>\n<li style='margin-bottom: 5px;'>Alimentaci\u00f3n: 11.8 &#8211; 16 Vcc \/ 15Watts<\/li>\n<li style='margin-bottom: 5px;'>Temperatura de operaci\u00f3n: -30\u00b0C a 70\u00b0C<\/li>\n<li style='margin-bottom: 5px;'>Dimensiones: 113mm * 71mm * 68mm<\/li>\n<li style='margin-bottom: 5px;'>2 Entradas de alarma conector 4 pin<\/li>\n<li style='margin-bottom: 5px;'>Entrada CAN<\/li>\n<li style='margin-bottom: 5px;'>Peso: 321 gramos<\/li>\n<li style='margin-bottom: 5px;'>Entrada de alarma en c\u00e1mara trasera para cambio de imagen en reversa<\/li>\n<li style='margin-bottom: 5px;'>Garant\u00eda: 5 a\u00f1os<\/li>\n<\/ul><\/div>\n<\/p><\/div>\n<p> <!-- Soluciones de transmisi\u00f3n remota --> <\/p>\n<div style='margin: 30px 0;'>\n<div style='border-left: 5px solid #ff0000; border-radius: 8px; padding: 15px; background-color: rgba(150&comma;150&comma;150&comma;0.05);'> <span style='font-size: 18px; font-weight: bold; color: inherit; display: block; margin-bottom: 15px;'>Existen dos soluciones para poder tener transmisi\u00f3n y centralizaci\u00f3n remota:<\/span> <\/p>\n<div style='margin-bottom: 20px;'>\n<h3 style='font-size: 18px; margin-top: 0; color: inherit;'>1. Usando la plataforma de Hik-Central Profesional:<\/h3>\n<ul style='padding-left: 20px; font-size: 15px; color: inherit;'>\n<li style='margin-bottom: 10px;'> <a href='https:\/\/www.syscom.mx\/producto\/HC-P-MS-B-HIKVISION-200924.html' style='color: inherit; text-decoration: underline;' target='_blank' rel='noopener'> <strong>HC-P-MS-B<\/strong> <\/a>: Esta licencia a\u00f1ade la base para dispositivos m\u00f3viles&comma; incluye 10 unidades y tambi\u00e9n m\u00f3dulo de Business Intelligence. <\/li>\n<li style='margin-bottom: 10px;'> <a href='https:\/\/www.syscom.mx\/producto\/HC-P-MS-1-HIKVISION-200925.html' style='color: inherit; text-decoration: underline;' target='_blank' rel='noopener'> <strong>HC-P-MS\/1<\/strong> <\/a>: Esta licencia agrega 1 dispositivo m\u00f3vil adicional&comma; se requiere tener una licencia base activa. (Se usa a partir del dispositivo n\u00famero 11 en adelante). <\/li>\n<\/ul>\n<p style='margin-top: 10px; font-size: 15px; color: inherit;'>Esta soluci\u00f3n requiere infraestructura de red adicional:<\/p>\n<ul style='padding-left: 20px; font-size: 15px; color: inherit;'>\n<li style='margin-bottom: 10px;'>Se requiere un servidor (PC) dedicado para colocar las licencias del software Hik-Central Profesional&comma; en este servidor se dejan corriendo los servicios para poder consultar el video en vivo&comma; ver grabaciones y posicionamiento de manera remota. (Se recomienda un servidor como m\u00ednimo core i5 y 8 GB RAM).<\/li>\n<li style='margin-bottom: 10px;'>Se requiere tener una IP p\u00fablica fija (dedicada) y un buen ancho de banda que depender\u00e1 de la cantidad del n\u00famero de DVRs m\u00f3viles a centralizar.<\/li>\n<\/ul><\/div>\n<div style='margin-bottom: 20px;'>\n<h3 style='font-size: 18px; margin-top: 0; color: inherit;'>2. Usando la plataforma de HikConnect Teams:<\/h3>\n<ul style='padding-left: 20px; font-size: 15px; color: inherit;'>\n<li style='margin-bottom: 10px;'> <a href='https:\/\/www.syscom.mx\/principal\/searchcont?route=HCT-VEHICULO-1D-1A-HIKVISION-226162&#038;autodetect=HCTvehiculo' style='color: inherit; text-decoration: underline;' target='_blank' rel='noopener'> <strong>HCT-VEHICULO-1D-1A<\/strong> <\/a>: Licencia Anual HikConnect Teams \/ Monitoreo Vehicular de GPS (Ubicaci\u00f3n) y Video en Tiempo Real por 1 A\u00f1o para 1 Dispositivo \/ Compatible con Dash Cam y DVRs Moviles. <a href='https:\/\/soporte.syscom.mx\/es\/articles\/6645147-hikcentral-connect-agregar-mdvr-modelo-ds-mp5604' style='color: inherit; text-decoration: underline;' target='_blank' rel='noopener'>(Tutorial de configuraci\u00f3n)<\/a> <\/li>\n<\/ul>\n<p style='margin-top: 10px; font-size: 15px; color: inherit;'>Esta soluci\u00f3n se maneja en la nube&comma; no requiere servidores (PC) de por medio&comma; toda la administraci\u00f3n es por interfaz web.<\/p>\n<\/p><\/div>\n<div>\n<p style='margin: 15px 0 5px; font-size: 15px; color: inherit;'><strong>Nota:<\/strong> <em>Generando su cuenta desde el portal Hik-Connect.com se le otorga 10 equipos gratis.<\/em><\/p>\n<p style='margin: 5px 0; font-size: 15px; color: inherit;'> <a href='https:\/\/soporte.syscom.mx\/es\/articles\/8507358-hikconnect-for-teams-crear-cuenta-hikconnect-for-teams' style='color: inherit; text-decoration: underline;'>Crear cuenta HikConnect teams desde p\u00e1gina web<\/a> <\/p>\n<p style='margin-top: 15px; font-size: 15px; color: inherit;'><em>Aplicaci\u00f3n para configuraci\u00f3n HikDashcam<\/em><\/p>\n<\/p><\/div>\n<\/p><\/div>\n<\/p><\/div>\n<\/p><\/div>\n","protected":false},"excerpt":{"rendered":"<p>Dashcam de Industria \/ 5 Canales de Video (2 Predeterminados y 3 de Extensi\u00f3n) \/ C\u00e1mara Frontal 1620P y Trasera 1080P \/ Audio Bidireccional \/ GPS-GLONASS-GALILEO \/ Wi-Fi \/ Bluetooth y 4G \/ Micro SD<\/p>\n","protected":false},"featured_media":99748,"comment_status":"open","ping_status":"closed","template":"","meta":[],"product_brand":[],"product_cat":[1343],"product_tag":[54,1345,1344],"class_list":{"0":"post-99749","1":"product","2":"type-product","3":"status-publish","4":"has-post-thumbnail","6":"product_cat-videograbadoras-moviles","7":"product_tag-hikvision","8":"product_tag-videograbadoras-moviles","9":"product_tag-videograbadoras-moviles-y-portatiles","11":"first","12":"instock","13":"sale","14":"shipping-taxable","15":"purchasable","16":"product-type-simple"},"_links":{"self":[{"href":"https:\/\/soydeaqui.ddns.net\/pachuca\/index.php\/wp-json\/wp\/v2\/product\/99749","targetHints":{"allow":["GET"]}}],"collection":[{"href":"https:\/\/soydeaqui.ddns.net\/pachuca\/index.php\/wp-json\/wp\/v2\/product"}],"about":[{"href":"https:\/\/soydeaqui.ddns.net\/pachuca\/index.php\/wp-json\/wp\/v2\/types\/product"}],"replies":[{"embeddable":true,"href":"https:\/\/soydeaqui.ddns.net\/pachuca\/index.php\/wp-json\/wp\/v2\/comments?post=99749"}],"wp:featuredmedia":[{"embeddable":true,"href":"https:\/\/soydeaqui.ddns.net\/pachuca\/index.php\/wp-json\/wp\/v2\/media\/99748"}],"wp:attachment":[{"href":"https:\/\/soydeaqui.ddns.net\/pachuca\/index.php\/wp-json\/wp\/v2\/media?parent=99749"}],"wp:term":[{"taxonomy":"product_brand","embeddable":true,"href":"https:\/\/soydeaqui.ddns.net\/pachuca\/index.php\/wp-json\/wp\/v2\/product_brand?post=99749"},{"taxonomy":"product_cat","embeddable":true,"href":"https:\/\/soydeaqui.ddns.net\/pachuca\/index.php\/wp-json\/wp\/v2\/product_cat?post=99749"},{"taxonomy":"product_tag","embeddable":true,"href":"https:\/\/soydeaqui.ddns.net\/pachuca\/index.php\/wp-json\/wp\/v2\/product_tag?post=99749"}],"curies":[{"name":"wp","href":"https:\/\/api.w.org\/{rel}","templated":true}]}}