{"id":99724,"date":"2026-03-20T10:40:34","date_gmt":"2026-03-20T10:40:34","guid":{"rendered":"https:\/\/soydeaqui.ddns.net\/pachuca\/index.php\/producto\/camara-unifi-ai-lpr-4k-8mpx-zoom-optico-3x-vision-nocturna-15m-lpr-optimizado-proteccion-ip66-ik04-audio-integrado-poe\/"},"modified":"2026-03-20T10:40:49","modified_gmt":"2026-03-20T10:40:49","slug":"camara-unifi-ai-lpr-4k-8mpx-zoom-optico-3x-vision-nocturna-15m-lpr-optimizado-proteccion-ip66-ik04-audio-integrado-poe","status":"publish","type":"product","link":"https:\/\/soydeaqui.ddns.net\/pachuca\/index.php\/producto\/camara-unifi-ai-lpr-4k-8mpx-zoom-optico-3x-vision-nocturna-15m-lpr-optimizado-proteccion-ip66-ik04-audio-integrado-poe\/","title":{"rendered":"C\u00e1mara UniFi AI LPR 4k (8MPX)\/ Zoom \u00d3ptico 3x \/ Visi\u00f3n Nocturna 15m \/ LPR Optimizado \/ Protecci\u00f3n IP66 IK04 \/ Audio Integrado \/ PoE+"},"content":{"rendered":"<div style='width: 100%; max-width: 1200px; margin: 0 auto; font-family: sans-serif; line-height: 1.6; color: inherit; background-color: transparent;'>\n<div style='display: flex; flex-wrap: wrap; gap: 30px; margin-bottom: 30px;'>\n<div style='flex: 1 1 300px; min-width: 280px;'>\n<h3 style='font-size: 22px; border-bottom: 2px solid currentColor; padding-bottom: 5px; margin-top: 0; color: inherit; opacity: 0.8;'>C\u00e1mara AI LPR<\/h3>\n<p style='font-size: 16px; color: inherit;'>C\u00e1mara 4K especializada con zoom \u00f3ptico 3x y visi\u00f3n nocturna infrarroja de largo alcance optimizada para reconocer matr\u00edculas en veh\u00edculos que circulan hasta 90 km\/h.<\/p>\n<ul style='padding-left: 20px; font-size: 15px; color: inherit;'>\n<li style='margin-bottom: 5px; display: flex; align-items: center;'><img style='width: 20px; height: 20px; margin-right: 10px; border: 1px solid rgba(150&comma;150&comma;150&comma;0.3); border-radius: 4px;' src='https:\/\/assets.ecomm.ui.com\/static\/key-features\/lens.svg' alt='Resoluci\u00f3n'> <strong>Resoluci\u00f3n:<\/strong> 4K (8MP)<\/li>\n<li style='margin-bottom: 5px; display: flex; align-items: center;'><img style='width: 20px; height: 20px; margin-right: 10px; border: 1px solid rgba(150&comma;150&comma;150&comma;0.3); border-radius: 4px;' src='https:\/\/assets.ecomm.ui.com\/static\/key-features\/zoom.svg' alt='Zoom'> <strong>Zoom:<\/strong> \u00d3ptico 3x<\/li>\n<li style='margin-bottom: 5px; display: flex; align-items: center;'><img style='width: 20px; height: 20px; margin-right: 10px; border: 1px solid rgba(150&comma;150&comma;150&comma;0.3); border-radius: 4px;' src='https:\/\/assets.ecomm.ui.com\/static\/key-features\/night.svg' alt='Visi\u00f3n Nocturna'> <strong>Visi\u00f3n Nocturna:<\/strong> 15 m (50 pies)<\/li>\n<li style='margin-bottom: 5px; display: flex; align-items: center;'><img style='width: 20px; height: 20px; margin-right: 10px; border: 1px solid rgba(150&comma;150&comma;150&comma;0.3); border-radius: 4px;' src='https:\/\/assets.ecomm.ui.com\/static\/key-features\/range.svg' alt='Rango'> <strong>LPR avanzado:<\/strong> detecciones de alta velocidad por la noche*<\/li>\n<li style='margin-bottom: 5px; display: flex; align-items: center;'><img style='width: 20px; height: 20px; margin-right: 10px; border: 1px solid rgba(150&comma;150&comma;150&comma;0.3); border-radius: 4px;' src='https:\/\/assets.ecomm.ui.com\/static\/key-features\/frame.svg' alt='Cobertura'> <strong>Cobertura:<\/strong> Hasta dos carriles de tr\u00e1fico<\/li>\n<li style='margin-bottom: 5px; display: flex; align-items: center;'><img style='width: 20px; height: 20px; margin-right: 10px; border: 1px solid rgba(150&comma;150&comma;150&comma;0.3); border-radius: 4px;' src='https:\/\/assets.ecomm.ui.com\/static\/key-features\/microphone.svg' alt='Audio'> <strong>Audio:<\/strong> Micr\u00f3fonos integrados<\/li>\n<li style='margin-bottom: 5px; display: flex; align-items: center;'><img style='width: 20px; height: 20px; margin-right: 10px; border: 1px solid rgba(150&comma;150&comma;150&comma;0.3); border-radius: 4px;' src='https:\/\/assets.ecomm.ui.com\/static\/key-features\/waterdrop.svg' alt='Impermeabilizaci\u00f3n'> <strong>Impermeabilizaci\u00f3n:<\/strong> IP66<\/li>\n<li style='margin-bottom: 5px; display: flex; align-items: center;'><img style='width: 20px; height: 20px; margin-right: 10px; border: 1px solid rgba(150&comma;150&comma;150&comma;0.3); border-radius: 4px;' src='https:\/\/assets.ecomm.ui.com\/static\/key-features\/notepad.svg' alt='Documentaci\u00f3n'> <a style='color: inherit; text-decoration: underline;' href='https:\/\/help.ui.com\/hc\/en-us\/articles\/29457139215511'>LPR Gu\u00eda de configuraci\u00f3n<\/a><\/li>\n<\/ul>\n<p style='font-size: 12px; color: inherit;'><em>* El AI-LPR est\u00e1 optimizado para capturar exclusivamente placas reflectantes o no reflectantes por la noche. Instale c\u00e1maras adicionales para capturar otros detalles del veh\u00edculo en condiciones oscuras<\/em><\/p>\n<\/p><\/div>\n<div style='flex: 1 1 300px; min-width: 280px;'>\n<h3 style='font-size: 22px; border-bottom: 2px solid currentColor; padding-bottom: 5px; margin-top: 0; color: inherit; opacity: 0.8;'>Especificaciones<\/h3>\n<div style='display: flex; flex-direction: column; gap: 20px;'>\n<div style='border: 1px solid rgba(150&comma; 150&comma; 150&comma; 0.4); border-radius: 8px; overflow: hidden;'>\n<div style='padding: 15px; border-bottom: 1px solid rgba(150&comma; 150&comma; 150&comma; 0.2); font-weight: bold; font-size: 18px; color: inherit;'>F\u00edsicas<\/div>\n<div style='padding: 15px; color: inherit;'>\n<ul style='padding-left: 20px; margin: 0; font-size: 14px; list-style-type: disc;'>\n<li style='margin-bottom: 5px;'><strong>Dimensiones:<\/strong> 130 x 151&comma;4 x 302&comma;9 mm (5&comma;1 x 6 x 11&comma;9&#8242;)<\/li>\n<li style='margin-bottom: 5px;'><strong>Impermeabilizaci\u00f3n:<\/strong> IP66<\/li>\n<li style='margin-bottom: 5px;'><strong>Resistencia a la manipulaci\u00f3n:<\/strong> IK04<\/li>\n<li style='margin-bottom: 5px;'><strong>Montaje:<\/strong> En pared&comma; techo y poste (incluido). Caja de conexiones&comma; base en \u00e1ngulo (opcional)<\/li>\n<\/ul><\/div>\n<\/p><\/div>\n<div style='border: 1px solid rgba(150&comma; 150&comma; 150&comma; 0.4); border-radius: 8px; overflow: hidden;'>\n<div style='padding: 15px; border-bottom: 1px solid rgba(150&comma; 150&comma; 150&comma; 0.2); font-weight: bold; font-size: 18px; color: inherit;'>\u00d3ptica<\/div>\n<div style='padding: 15px; color: inherit;'>\n<ul style='padding-left: 20px; margin: 0; font-size: 14px; list-style-type: disc;'>\n<li style='margin-bottom: 5px;'><strong>Resoluci\u00f3n:<\/strong> 4K<\/li>\n<li style='margin-bottom: 5px;'><strong>Zoom:<\/strong> 3x \u00d3ptico<\/li>\n<li style='margin-bottom: 5px;'><strong>Visi\u00f3n nocturna:<\/strong> 15 m (50 pies)<\/li>\n<li style='margin-bottom: 5px;'><strong>Campo de visi\u00f3n:<\/strong> Gran angular: H 109&comma;9\u00b0&comma; V 60\u00b0&comma; D 127&comma;7\u00b0 Teleobjetivo: H 35\u00b0&comma; V 19&comma;8\u00b0&comma; D 40\u00b0<\/li>\n<\/ul><\/div>\n<\/p><\/div>\n<div style='border: 1px solid rgba(150&comma; 150&comma; 150&comma; 0.4); border-radius: 8px; overflow: hidden;'>\n<div style='padding: 15px; border-bottom: 1px solid rgba(150&comma; 150&comma; 150&comma; 0.2); font-weight: bold; font-size: 18px; color: inherit;'>Conectividad<\/div>\n<div style='padding: 15px; color: inherit;'>\n<ul style='padding-left: 20px; margin: 0; font-size: 14px; list-style-type: disc;'>\n<li style='margin-bottom: 5px;'><strong>Interfaz de red:<\/strong> Puerto RJ45 GbE<\/li>\n<li style='margin-bottom: 5px;'><strong>Consumo m\u00e1ximo:<\/strong> 25&comma;5 W<\/li>\n<li style='margin-bottom: 5px;'><strong>Rango de voltaje admitido:<\/strong> PoE+<\/li>\n<\/ul><\/div>\n<\/p><\/div>\n<div style='border: 1px solid rgba(150&comma; 150&comma; 150&comma; 0.4); border-radius: 8px; overflow: hidden;'>\n<div style='padding: 15px; border-bottom: 1px solid rgba(150&comma; 150&comma; 150&comma; 0.2); font-weight: bold; font-size: 18px; color: inherit;'>Funcionalidades<\/div>\n<div style='padding: 15px; color: inherit;'>\n<ul style='padding-left: 20px; margin: 0; font-size: 14px; list-style-type: disc;'>\n<li style='margin-bottom: 5px;'><strong>Detecci\u00f3n:<\/strong> Personas&comma; veh\u00edculos&comma; animales<\/li>\n<li style='margin-bottom: 5px;'><strong>Reconocimiento:<\/strong> Matr\u00edculas<\/li>\n<li style='margin-bottom: 5px;'><strong>Velocidad m\u00e1xima:<\/strong> 30 FPS<\/li>\n<li style='margin-bottom: 5px;'><strong>Resoluci\u00f3n:<\/strong> 8 MP 3840 x 2160 (16:9)<\/li>\n<li style='margin-bottom: 5px;'><strong>Configuraci\u00f3n:<\/strong> Color&comma; brillo&comma; nitidez&comma; contraste&comma; balance de blancos&comma; control de exposici\u00f3n&comma; 2DNR&comma; 3DNR&comma; NR por movimiento&comma; enmascaramiento&comma; superposici\u00f3n de texto<\/li>\n<\/ul><\/div>\n<\/p><\/div>\n<\/p><\/div>\n<\/p><\/div>\n<\/p><\/div>\n<div style='display: flex; flex-wrap: wrap; gap: 30px; margin-bottom: 30px;'>\n<div style='flex: 1 1 300px; min-width: 280px;'>\n<h3 style='font-size: 22px; border-bottom: 2px solid currentColor; padding-bottom: 5px; margin-top: 0; color: inherit; opacity: 0.8;'>Capturas<\/h3>\n<p> <img style='width: 100%; height: auto; border: 1px solid rgba(150&comma;150&comma;150&comma;0.3); border-radius: 8px; margin-bottom: 15px;' src='https:\/\/images.svc.ui.com\/?u=https%3A%2F%2Fcdn.ecomm.ui.com%2Fproducts%2Fad7cda21-71d0-4d92-a97e-93a0050b15ff%2Fe2a74de7-5e2b-42fa-9c03-541a6acf6620.png&#038;q=75&#038;w=750' alt='Captura 1'> <img style='width: 100%; height: auto; border: 1px solid rgba(150&comma;150&comma;150&comma;0.3); border-radius: 8px;' src='https:\/\/images.svc.ui.com\/?u=https%3A%2F%2Fcdn.ecomm.ui.com%2Fproducts%2Fad7cda21-71d0-4d92-a97e-93a0050b15ff%2F533a603b-9d39-4f11-9f67-ef51b613101c.png&#038;q=75&#038;w=750' alt='Captura 2'> <\/div>\n<\/p><\/div>\n<hr style='border: 0; border-top: 1px solid rgba(150&comma; 150&comma; 150&comma; 0.3); margin: 30px 0;'> <\/div>\n","protected":false},"excerpt":{"rendered":"<p>C\u00e1mara UniFi AI LPR 4k (8MPX)\/ Zoom \u00d3ptico 3x \/ Visi\u00f3n Nocturna 15m \/ LPR Optimizado \/ Protecci\u00f3n IP66 IK04 \/ Audio Integrado \/ PoE+<\/p>\n","protected":false},"featured_media":99723,"comment_status":"open","ping_status":"closed","template":"","meta":[],"product_brand":[],"product_cat":[438],"product_tag":[439,122,166],"class_list":{"0":"post-99724","1":"product","2":"type-product","3":"status-publish","4":"has-post-thumbnail","6":"product_cat-bala","7":"product_tag-bala","8":"product_tag-camaras-ip-y-nvrs","9":"product_tag-ubiquiti","11":"first","12":"instock","13":"sale","14":"shipping-taxable","15":"purchasable","16":"product-type-simple"},"_links":{"self":[{"href":"https:\/\/soydeaqui.ddns.net\/pachuca\/index.php\/wp-json\/wp\/v2\/product\/99724","targetHints":{"allow":["GET"]}}],"collection":[{"href":"https:\/\/soydeaqui.ddns.net\/pachuca\/index.php\/wp-json\/wp\/v2\/product"}],"about":[{"href":"https:\/\/soydeaqui.ddns.net\/pachuca\/index.php\/wp-json\/wp\/v2\/types\/product"}],"replies":[{"embeddable":true,"href":"https:\/\/soydeaqui.ddns.net\/pachuca\/index.php\/wp-json\/wp\/v2\/comments?post=99724"}],"wp:featuredmedia":[{"embeddable":true,"href":"https:\/\/soydeaqui.ddns.net\/pachuca\/index.php\/wp-json\/wp\/v2\/media\/99723"}],"wp:attachment":[{"href":"https:\/\/soydeaqui.ddns.net\/pachuca\/index.php\/wp-json\/wp\/v2\/media?parent=99724"}],"wp:term":[{"taxonomy":"product_brand","embeddable":true,"href":"https:\/\/soydeaqui.ddns.net\/pachuca\/index.php\/wp-json\/wp\/v2\/product_brand?post=99724"},{"taxonomy":"product_cat","embeddable":true,"href":"https:\/\/soydeaqui.ddns.net\/pachuca\/index.php\/wp-json\/wp\/v2\/product_cat?post=99724"},{"taxonomy":"product_tag","embeddable":true,"href":"https:\/\/soydeaqui.ddns.net\/pachuca\/index.php\/wp-json\/wp\/v2\/product_tag?post=99724"}],"curies":[{"name":"wp","href":"https:\/\/api.w.org\/{rel}","templated":true}]}}