{"id":99699,"date":"2026-03-20T10:39:18","date_gmt":"2026-03-20T10:39:18","guid":{"rendered":"https:\/\/soydeaqui.ddns.net\/pachuca\/index.php\/producto\/camara-unifi-protect-g6-bullet-poe-1-8-4k-ai-multi-tops-vision-nocturna-ir-30m-proteccion-ip66-reconocimiento-facial-y-placa-montaje-en-pared-techo-y-poste\/"},"modified":"2026-03-20T10:39:31","modified_gmt":"2026-03-20T10:39:31","slug":"camara-unifi-protect-g6-bullet-poe-1-8-4k-ai-multi-tops-vision-nocturna-ir-30m-proteccion-ip66-reconocimiento-facial-y-placa-montaje-en-pared-techo-y-poste","status":"publish","type":"product","link":"https:\/\/soydeaqui.ddns.net\/pachuca\/index.php\/producto\/camara-unifi-protect-g6-bullet-poe-1-8-4k-ai-multi-tops-vision-nocturna-ir-30m-proteccion-ip66-reconocimiento-facial-y-placa-montaje-en-pared-techo-y-poste\/","title":{"rendered":"C\u00e1mara UniFi Protect G6 Bullet, PoE, 1.8&#8243; 4K, AI Multi-TOPS, Visi\u00f3n Nocturna IR 30m, Protecci\u00f3n IP66, Reconocimiento Facial y Placa, Montaje en Pared, Techo y Poste"},"content":{"rendered":"<div style='width: 100%; max-width: 1200px; margin: 0 auto; font-family: sans-serif; line-height: 1.6; color: inherit; background-color: transparent;'>\n<div style='display: flex; flex-wrap: wrap; gap: 30px; margin-bottom: 30px;'>\n<div style='flex: 1 1 300px; min-width: 280px;'>\n<h3 style='font-size: 22px; border-bottom: 2px solid currentColor; padding-bottom: 5px; margin-top: 0; color: inherit; opacity: 0.8;'>Caracter\u00edsticas<\/h3>\n<ul style='padding-left: 20px; font-size: 15px; color: inherit;'>\n<li style='margin-bottom: 5px;'><strong>Modelo:<\/strong> UVC-G6-BULLET-B<\/li>\n<li style='margin-bottom: 5px;'><strong>Resoluci\u00f3n:<\/strong> 4K (3840 x 2160)<\/li>\n<li style='margin-bottom: 5px;'><strong>Visi\u00f3n Nocturna:<\/strong> IR 30m (98 pies)<\/li>\n<li style='margin-bottom: 5px;'><strong>Reconocimiento:<\/strong> Facial y Placa de Licencia<\/li>\n<li style='margin-bottom: 5px;'><strong>Detecci\u00f3n Inteligente:<\/strong> Personas&comma; Veh\u00edculos&comma; Animales<\/li>\n<li style='margin-bottom: 5px;'><strong>Protecci\u00f3n:<\/strong> IP66<\/li>\n<li style='margin-bottom: 5px;'><strong>Montaje:<\/strong> Pared&comma; Techo y Poste<\/li>\n<\/ul><\/div>\n<\/p><\/div>\n<div style='display: flex; flex-wrap: wrap; gap: 30px; margin-bottom: 30px;'>\n<div style='flex: 1 1 300px; min-width: 280px;'>\n<h3 style='font-size: 22px; border-bottom: 2px solid currentColor; padding-bottom: 5px; margin-top: 0; color: inherit; opacity: 0.8;'>Especificaciones<\/h3>\n<div style='display: flex; flex-direction: column; gap: 15px;'>\n<div style='border: 1px solid rgba(150&comma; 150&comma; 150&comma; 0.4); border-radius: 8px; overflow: hidden;'>\n<div style='padding: 15px; border-bottom: 1px solid rgba(150&comma; 150&comma; 150&comma; 0.2); font-weight: bold; font-size: 18px; color: inherit;'>General<\/div>\n<div style='padding: 15px; color: inherit;'>\n<ul style='padding-left: 20px; margin: 0; font-size: 14px; list-style-type: disc;'>\n<li style='margin-bottom: 5px;'><strong>Dimensiones:<\/strong> Sin montaje: 82 x 88.8 mm (3.2 x 3.5&#8242;) Con montaje: 82 x 153 mm (3.2 x 6&#8242;)<\/li>\n<li style='margin-bottom: 5px;'><strong>Peso:<\/strong> Sin montaje: 587 g (1.3 lb) Con montaje: 737 g (1.6 lb)<\/li>\n<li style='margin-bottom: 5px;'><strong>Material:<\/strong> Policarbonato&comma; aleaci\u00f3n de aluminio<\/li>\n<li style='margin-bottom: 5px;'><strong>Protecci\u00f3n:<\/strong> IP66<\/li>\n<li style='margin-bottom: 5px;'><strong>Resistencia a Manipulaci\u00f3n:<\/strong> IK04<\/li>\n<li style='margin-bottom: 5px;'><strong>Temperatura Operaci\u00f3n:<\/strong> -20 a 50\u00b0C (-4 a 122\u00b0F)<\/li>\n<li style='margin-bottom: 5px;'><strong>Humedad Operaci\u00f3n:<\/strong> 0 a 90% sin condensaci\u00f3n<\/li>\n<li style='margin-bottom: 5px;'><strong>Montaje:<\/strong> Pared&comma; techo&comma; soporte de poste (Incluido) Caja de conexiones&comma; base en \u00e1ngulo (Opcional)<\/li>\n<\/ul><\/div>\n<\/p><\/div>\n<div style='border: 1px solid rgba(150&comma; 150&comma; 150&comma; 0.4); border-radius: 8px; overflow: hidden;'>\n<div style='padding: 15px; border-bottom: 1px solid rgba(150&comma; 150&comma; 150&comma; 0.2); font-weight: bold; font-size: 18px; color: inherit;'>Rendimiento<\/div>\n<div style='padding: 15px; color: inherit;'>\n<ul style='padding-left: 20px; margin: 0; font-size: 14px; list-style-type: disc;'>\n<li style='margin-bottom: 5px;'><strong>Sensor:<\/strong> 1\/1.8&#8242; 8MP<\/li>\n<li style='margin-bottom: 5px;'><strong>Campo de Vista:<\/strong> H: 109.9\u00b0&comma; V: 56.7\u00b0&comma; D: 134.1\u00b0<\/li>\n<li style='margin-bottom: 5px;'><strong>Lente:<\/strong> Distancia focal fija<\/li>\n<li style='margin-bottom: 5px;'><strong>Modo Nocturno:<\/strong> Iluminaci\u00f3n LED IR incorporada y filtro de corte IR<\/li>\n<li style='margin-bottom: 5px;'><strong>Tasa de Cuadro:<\/strong> 30 FPS<\/li>\n<li style='margin-bottom: 5px;'><strong>Video:<\/strong> Color&comma; brillo&comma; nitidez&comma; contraste&comma; balance de blancos&comma; control de exposici\u00f3n&comma; 2DNR&comma; 3DNR&comma; NR por movimiento&comma; enmascaramiento&comma; superposici\u00f3n de texto&comma; HDR<\/li>\n<\/ul><\/div>\n<\/p><\/div>\n<div style='border: 1px solid rgba(150&comma; 150&comma; 150&comma; 0.4); border-radius: 8px; overflow: hidden;'>\n<div style='padding: 15px; border-bottom: 1px solid rgba(150&comma; 150&comma; 150&comma; 0.2); font-weight: bold; font-size: 18px; color: inherit;'>Hardware<\/div>\n<div style='padding: 15px; color: inherit;'>\n<ul style='padding-left: 20px; margin: 0; font-size: 14px; list-style-type: disc;'>\n<li style='margin-bottom: 5px;'><strong>Interfaz de Red:<\/strong> 10\/100 MbE RJ45<\/li>\n<li style='margin-bottom: 5px;'><strong>Procesador:<\/strong> Quad-core Arm\u00ae Cortex\u00ae-A53<\/li>\n<li style='margin-bottom: 5px;'><strong>Consumo M\u00e1ximo:<\/strong> 9.9W<\/li>\n<li style='margin-bottom: 5px;'><strong>Rango de Voltaje:<\/strong> 37\u201357V DC<\/li>\n<li style='margin-bottom: 5px;'><strong>M\u00e9todo de Potencia:<\/strong> PoE<\/li>\n<li style='margin-bottom: 5px;'><strong>Bot\u00f3n:<\/strong> (1) Restablecimiento de f\u00e1brica<\/li>\n<li style='margin-bottom: 5px;'><strong>Di\u00e1metro Monte Polo:<\/strong> 1.5\u20132&#8242; (38\u201350 mm)<\/li>\n<\/ul><\/div>\n<\/p><\/div>\n<div style='border: 1px solid rgba(150&comma; 150&comma; 150&comma; 0.4); border-radius: 8px; overflow: hidden;'>\n<div style='padding: 15px; border-bottom: 1px solid rgba(150&comma; 150&comma; 150&comma; 0.2); font-weight: bold; font-size: 18px; color: inherit;'>Software<\/div>\n<div style='padding: 15px; color: inherit;'>\n<ul style='padding-left: 20px; margin: 0; font-size: 14px; list-style-type: disc;'>\n<li style='margin-bottom: 5px;'><strong>Aplicaci\u00f3n:<\/strong> UniFi Protect<\/li>\n<\/ul><\/div>\n<\/p><\/div>\n<div style='border: 1px solid rgba(150&comma; 150&comma; 150&comma; 0.4); border-radius: 8px; overflow: hidden;'>\n<div style='padding: 15px; border-bottom: 1px solid rgba(150&comma; 150&comma; 150&comma; 0.2); font-weight: bold; font-size: 18px; color: inherit;'>Contenido del Paquete<\/div>\n<div style='padding: 15px; color: inherit;'>\n<ul style='padding-left: 20px; margin: 0; font-size: 14px; list-style-type: disc;'>\n<li style='margin-bottom: 5px;'>C\u00e1mara UniFi G6 Bullet<\/li>\n<li style='margin-bottom: 5px;'>Kit de montaje<\/li>\n<li style='margin-bottom: 5px;'>Tornillos y anclajes<\/li>\n<li style='margin-bottom: 5px;'>Gu\u00eda de instalaci\u00f3n<\/li>\n<\/ul><\/div>\n<\/p><\/div>\n<\/p><\/div>\n<\/p><\/div>\n<div style='flex: 1 1 300px; min-width: 280px;'>\n<div style='display: flex; flex-direction: column; gap: 30px;'>\n<div style='border: 1px solid rgba(150&comma; 150&comma; 150&comma; 0.4); border-radius: 8px; overflow: hidden;'>\n<div style='padding: 15px; border-bottom: 1px solid rgba(150&comma; 150&comma; 150&comma; 0.2); font-weight: bold; font-size: 18px; color: inherit;'>Caracter\u00edsticas T\u00e9cnicas<\/div>\n<div style='padding: 15px; color: inherit;'>\n<ul style='padding-left: 20px; margin: 0; font-size: 14px; list-style-type: disc;'>\n<li style='margin-bottom: 5px;'>Motor AI Multi-TOPS<\/li>\n<li style='margin-bottom: 5px;'>Audio: Micr\u00f3fono<\/li>\n<li style='margin-bottom: 5px;'>NDAA Cumple<\/li>\n<li style='margin-bottom: 5px;'>Certificaciones: CE&comma; FCC&comma; IC<\/li>\n<\/ul><\/div>\n<\/p><\/div>\n<div style='border: 1px solid rgba(150&comma; 150&comma; 150&comma; 0.4); border-radius: 8px; overflow: hidden;'>\n<div style='padding: 15px; border-bottom: 1px solid rgba(150&comma; 150&comma; 150&comma; 0.2); font-weight: bold; font-size: 18px; color: inherit;'>Contenido del Paquete<\/div>\n<div style='padding: 0; color: inherit;'> <img style='width: 100%; height: auto; border: 1px solid rgba(150&comma;150&comma;150&comma;0.3); border-radius: 8px;' src='https:\/\/images.svc.ui.com\/?u=https%3A%2F%2Fcdn.ecomm.ui.com%2Fproducts%2F5dc40311-0e08-4eaa-b901-472cc707b436%2Fd6a0e42e-d2b2-4097-9ff2-835249c788b2.png&#038;q=75&#038;w=1000' alt=''> <\/div>\n<\/p><\/div>\n<\/p><\/div>\n<\/p><\/div>\n<\/p><\/div>\n<div style='display: flex; flex-wrap: wrap; gap: 30px; margin-bottom: 30px;'>\n<div style='flex: 1 1 300px; min-width: 280px;'>\n<div style='border: 1px solid rgba(150&comma; 150&comma; 150&comma; 0.4); border-radius: 8px; overflow: hidden;'>\n<div style='padding: 15px; border-bottom: 1px solid rgba(150&comma; 150&comma; 150&comma; 0.2); font-weight: bold; font-size: 18px; color: inherit;'>Im\u00e1genes del Producto<\/div>\n<div style='display: flex; flex-direction: column; gap: 15px; padding: 15px; color: inherit;'> <img style='width: 100%; height: auto; border: 1px solid rgba(150&comma;150&comma;150&comma;0.3); border-radius: 8px;' src='https:\/\/images.svc.ui.com\/?u=https%3A%2F%2Fcdn.ecomm.ui.com%2Fproducts%2F5dc40311-0e08-4eaa-b901-472cc707b436%2Fd2ec9287-9e64-48b7-bc7e-1bf6a8fd9303.png&#038;q=75&#038;w=1000' alt=''> <img style='width: 100%; height: auto; border: 1px solid rgba(150&comma;150&comma;150&comma;0.3); border-radius: 8px;' src='https:\/\/images.svc.ui.com\/?u=https%3A%2F%2Fcdn.ecomm.ui.com%2Fproducts%2F5dc40311-0e08-4eaa-b901-472cc707b436%2F2df8ca2f-33cd-4ed0-89b7-8132fee93604.png&#038;q=75&#038;w=1000' alt=''> <\/div>\n<\/p><\/div>\n<\/p><\/div>\n<\/p><\/div>\n<hr style='border: 0; border-top: 1px solid rgba(150&comma; 150&comma; 150&comma; 0.3); margin: 30px 0;'> <\/div>\n","protected":false},"excerpt":{"rendered":"<p>C\u00e1mara UniFi Protect G6 Bullet, PoE, 1.8&#8243; 4K, AI Multi-TOPS, Visi\u00f3n Nocturna IR 30m, Protecci\u00f3n IP66, Reconocimiento Facial y Placa, Montaje en Pared, Techo y Poste<\/p>\n","protected":false},"featured_media":99698,"comment_status":"open","ping_status":"closed","template":"","meta":[],"product_brand":[],"product_cat":[438],"product_tag":[439,122,166],"class_list":{"0":"post-99699","1":"product","2":"type-product","3":"status-publish","4":"has-post-thumbnail","6":"product_cat-bala","7":"product_tag-bala","8":"product_tag-camaras-ip-y-nvrs","9":"product_tag-ubiquiti","11":"first","12":"outofstock","13":"sale","14":"shipping-taxable","15":"purchasable","16":"product-type-simple"},"_links":{"self":[{"href":"https:\/\/soydeaqui.ddns.net\/pachuca\/index.php\/wp-json\/wp\/v2\/product\/99699","targetHints":{"allow":["GET"]}}],"collection":[{"href":"https:\/\/soydeaqui.ddns.net\/pachuca\/index.php\/wp-json\/wp\/v2\/product"}],"about":[{"href":"https:\/\/soydeaqui.ddns.net\/pachuca\/index.php\/wp-json\/wp\/v2\/types\/product"}],"replies":[{"embeddable":true,"href":"https:\/\/soydeaqui.ddns.net\/pachuca\/index.php\/wp-json\/wp\/v2\/comments?post=99699"}],"wp:featuredmedia":[{"embeddable":true,"href":"https:\/\/soydeaqui.ddns.net\/pachuca\/index.php\/wp-json\/wp\/v2\/media\/99698"}],"wp:attachment":[{"href":"https:\/\/soydeaqui.ddns.net\/pachuca\/index.php\/wp-json\/wp\/v2\/media?parent=99699"}],"wp:term":[{"taxonomy":"product_brand","embeddable":true,"href":"https:\/\/soydeaqui.ddns.net\/pachuca\/index.php\/wp-json\/wp\/v2\/product_brand?post=99699"},{"taxonomy":"product_cat","embeddable":true,"href":"https:\/\/soydeaqui.ddns.net\/pachuca\/index.php\/wp-json\/wp\/v2\/product_cat?post=99699"},{"taxonomy":"product_tag","embeddable":true,"href":"https:\/\/soydeaqui.ddns.net\/pachuca\/index.php\/wp-json\/wp\/v2\/product_tag?post=99699"}],"curies":[{"name":"wp","href":"https:\/\/api.w.org\/{rel}","templated":true}]}}