{"id":99685,"date":"2026-03-20T10:38:35","date_gmt":"2026-03-20T10:38:35","guid":{"rendered":"https:\/\/soydeaqui.ddns.net\/pachuca\/index.php\/producto\/camara-unifi-protect-ptz-ai-industrial-color-negro-4k-8mpx-zoom-optico-22x-vision-nocturna-ir-100-m-reconocimiento-facial-y-placas-proteccion-ip66-movimiento-360-poe\/"},"modified":"2026-03-20T10:38:55","modified_gmt":"2026-03-20T10:38:55","slug":"camara-unifi-protect-ptz-ai-industrial-color-negro-4k-8mpx-zoom-optico-22x-vision-nocturna-ir-100-m-reconocimiento-facial-y-placas-proteccion-ip66-movimiento-360-poe","status":"publish","type":"product","link":"https:\/\/soydeaqui.ddns.net\/pachuca\/index.php\/producto\/camara-unifi-protect-ptz-ai-industrial-color-negro-4k-8mpx-zoom-optico-22x-vision-nocturna-ir-100-m-reconocimiento-facial-y-placas-proteccion-ip66-movimiento-360-poe\/","title":{"rendered":"C\u00e1mara UniFi Protect PTZ AI Industrial Color Negro, 4K (8MPX), Zoom \u00d3ptico 22x, Visi\u00f3n Nocturna IR 100 m, Reconocimiento Facial y Placas, Protecci\u00f3n IP66, Movimiento 360\u00b0, PoE++"},"content":{"rendered":"<div style='width: 100%; max-width: 1200px; margin: 0 auto; font-family: sans-serif; line-height: 1.6; color: inherit; background-color: transparent;'>\n<div style='display: flex; flex-wrap: wrap; gap: 30px; margin-bottom: 30px;'>\n<div style='flex: 1 1 300px; min-width: 280px;'>\n<h3 style='font-size: 22px; border-bottom: 2px solid currentColor; padding-bottom: 5px; margin-top: 0; color: inherit; opacity: 0.8;'>Caracter\u00edsticas principales<\/h3>\n<ul style='padding-left: 20px; font-size: 15px; color: inherit;'>\n<li style='margin-bottom: 5px;'><strong>Resoluci\u00f3n:<\/strong> 4K (8MP)<\/li>\n<li style='margin-bottom: 5px;'><strong>Zoom:<\/strong> \u00d3ptico 22x<\/li>\n<li style='margin-bottom: 5px;'><strong>Visi\u00f3n nocturna:<\/strong> IR 100 m<\/li>\n<li style='margin-bottom: 5px;'><strong>Detecci\u00f3n:<\/strong> Eventos de IA y seguimiento autom\u00e1tico<\/li>\n<li style='margin-bottom: 5px;'><strong>Conexi\u00f3n:<\/strong> PoE++<\/li>\n<li style='margin-bottom: 5px;'><strong>Protecci\u00f3n:<\/strong> IP66<\/li>\n<li style='margin-bottom: 5px;'><strong>Rotaci\u00f3n:<\/strong> 360\u00b0<\/li>\n<\/ul><\/div>\n<\/p><\/div>\n<div style='display: flex; flex-wrap: wrap; gap: 20px; margin-bottom: 30px;'>\n<div style='flex: 1 1 250px; border: 1px solid rgba(150&comma; 150&comma; 150&comma; 0.4); border-radius: 8px; overflow: hidden; display: flex; flex-direction: column;'>\n<div style='padding: 15px; border-bottom: 1px solid rgba(150&comma; 150&comma; 150&comma; 0.2); font-weight: bold; font-size: 18px; color: inherit;'>Caracter\u00edsticas t\u00e9cnicas<\/div>\n<div style='padding: 15px; color: inherit;'>\n<ul style='padding-left: 20px; margin: 0; font-size: 14px; list-style-type: disc;'>\n<li style='margin-bottom: 5px;'><strong>Modelo:<\/strong> UVC-AI-PTZ<\/li>\n<li style='margin-bottom: 5px;'><strong>Color:<\/strong> Negro<\/li>\n<li style='margin-bottom: 5px;'><strong>Resoluci\u00f3n:<\/strong> 4K (8MP)<\/li>\n<li style='margin-bottom: 5px;'><strong>Zoom:<\/strong> \u00d3ptico 22x<\/li>\n<li style='margin-bottom: 5px;'><strong>Visi\u00f3n nocturna:<\/strong> IR 100 m<\/li>\n<li style='margin-bottom: 5px;'><strong>Protecci\u00f3n:<\/strong> IP66<\/li>\n<li style='margin-bottom: 5px;'><strong>Conexi\u00f3n:<\/strong> PoE++<\/li>\n<li style='margin-bottom: 5px;'><strong>Rotaci\u00f3n:<\/strong> 360\u00b0<\/li>\n<li style='margin-bottom: 5px;'><strong>Funciones:<\/strong> Reconocimiento facial y de placas<\/li>\n<\/ul><\/div>\n<\/p><\/div>\n<div style='flex: 1 1 250px; border: 1px solid rgba(150&comma; 150&comma; 150&comma; 0.4); border-radius: 8px; overflow: hidden; display: flex; flex-direction: column;'>\n<div style='padding: 15px; border-bottom: 1px solid rgba(150&comma; 150&comma; 150&comma; 0.2); font-weight: bold; font-size: 18px; color: inherit;'>Contenido del paquete<\/div>\n<div style='padding: 15px; color: inherit;'>\n<ul style='padding-left: 20px; margin: 0; font-size: 14px; list-style-type: disc;'>\n<li style='margin-bottom: 5px;'>C\u00e1mara UniFi AI PTZ Industrial<\/li>\n<li style='margin-bottom: 5px;'>Soporte de montaje<\/li>\n<li style='margin-bottom: 5px;'>Kit de hardware<\/li>\n<li style='margin-bottom: 5px;'>Gu\u00eda de instalaci\u00f3n<\/li>\n<\/ul><\/div>\n<\/p><\/div>\n<\/p><\/div>\n<div style='display: flex; flex-wrap: wrap; gap: 20px; margin-bottom: 30px;'>\n<div style='flex: 1 1 300px; min-width: 280px;'>\n<h3 style='font-size: 22px; border-bottom: 2px solid currentColor; padding-bottom: 5px; margin-top: 0; color: inherit; opacity: 0.8;'>Descripci\u00f3n<\/h3>\n<p style='font-size: 15px; color: inherit; margin-bottom: 15px;'>C\u00e1mara PTZ PoE++ 4K de grado industrial con capacidades mejoradas de IA&comma; zoom \u00f3ptico 22x y visi\u00f3n nocturna LED IR adaptativa de largo alcance.<\/p>\n<\/p><\/div>\n<\/p><\/div>\n<div style='display: flex; flex-wrap: wrap; gap: 20px; margin-bottom: 30px;'>\n<div style='flex: 1 1 300px; min-width: 280px;'>\n<h3 style='font-size: 22px; border-bottom: 2px solid currentColor; padding-bottom: 5px; margin-top: 0; color: inherit; opacity: 0.8;'>Im\u00e1genes del producto<\/h3>\n<div style='display: grid; grid-template-columns: repeat(auto-fill&comma; minmax(280px&comma; 1fr)); gap: 15px;'> <img style='width: 100%; height: auto; border: 1px solid rgba(150&comma;150&comma;150&comma;0.3); border-radius: 8px;' src='https:\/\/images.svc.ui.com\/?u=https%3A%2F%2Fcdn.ecomm.ui.com%2Fproducts%2Fbe9d2241-a2db-4a66-bba5-f6cbe4703165%2F1680626e-2278-48da-bd34-f0ef2837428f.png&#038;q=75&#038;w=1000' alt=''> <img style='width: 100%; height: auto; border: 1px solid rgba(150&comma;150&comma;150&comma;0.3); border-radius: 8px;' src='https:\/\/images.svc.ui.com\/?u=https%3A%2F%2Fcdn.ecomm.ui.com%2Fproducts%2Fbe9d2241-a2db-4a66-bba5-f6cbe4703165%2F18c13be1-1e5a-4941-b7c0-97eb4518989a.png&#038;q=75&#038;w=1000' alt=''> <img style='width: 100%; height: auto; border: 1px solid rgba(150&comma;150&comma;150&comma;0.3); border-radius: 8px;' src='https:\/\/images.svc.ui.com\/?u=https%3A%2F%2Fcdn.ecomm.ui.com%2Fproducts%2Fbe9d2241-a2db-4a66-bba5-f6cbe4703165%2F8607485d-7672-41fd-a729-3d5d4e86486e.png&#038;q=75&#038;w=1000' alt=''> <img style='width: 100%; height: auto; border: 1px solid rgba(150&comma;150&comma;150&comma;0.3); border-radius: 8px;' src='https:\/\/images.svc.ui.com\/?u=https%3A%2F%2Fcdn.ecomm.ui.com%2Fproducts%2Fbe9d2241-a2db-4a66-bba5-f6cbe4703165%2Ffc8ee893-dcad-481a-a219-7dc8c4472153.png&#038;q=75&#038;w=1000' alt=''> <img style='width: 100%; height: auto; border: 1px solid rgba(150&comma;150&comma;150&comma;0.3); border-radius: 8px;' src='https:\/\/images.svc.ui.com\/?u=https%3A%2F%2Fcdn.ecomm.ui.com%2Fproducts%2Fbe9d2241-a2db-4a66-bba5-f6cbe4703165%2F0b485e45-276f-418e-bc71-231f758e9b2c.png&#038;q=75&#038;w=1000' alt=''> <img style='width: 100%; height: auto; border: 1px solid rgba(150&comma;150&comma;150&comma;0.3); border-radius: 8px;' src='https:\/\/images.svc.ui.com\/?u=https%3A%2F%2Fcdn.ecomm.ui.com%2Fproducts%2Fbe9d2241-a2db-4a66-bba5-f6cbe4703165%2F5750e5e6-f2e8-4e6c-aa92-ce0951c9aca8.png&#038;q=75&#038;w=1000' alt=''> <img style='width: 100%; height: auto; border: 1px solid rgba(150&comma;150&comma;150&comma;0.3); border-radius: 8px;' src='https:\/\/images.svc.ui.com\/?u=https%3A%2F%2Fcdn.ecomm.ui.com%2Fproducts%2Fbe9d2241-a2db-4a66-bba5-f6cbe4703165%2Fefe028ab-9660-40a8-9fb7-7e87af81898e.png&#038;q=75&#038;w=1000' alt=''> <img style='width: 100%; height: auto; border: 1px solid rgba(150&comma;150&comma;150&comma;0.3); border-radius: 8px;' src='https:\/\/images.svc.ui.com\/?u=https%3A%2F%2Fcdn.ecomm.ui.com%2Fproducts%2Fbe9d2241-a2db-4a66-bba5-f6cbe4703165%2F9711ab32-dae1-468f-9537-c272b0a5811e.png&#038;q=75&#038;w=1000' alt=''> <\/div>\n<\/p><\/div>\n<\/p><\/div>\n<hr style='border: 0; border-top: 1px solid rgba(150&comma; 150&comma; 150&comma; 0.3); margin: 30px 0;'> <\/div>\n","protected":false},"excerpt":{"rendered":"<p>C\u00e1mara UniFi Protect PTZ AI Industrial Color Negro, 4K (8MPX), Zoom \u00d3ptico 22x, Visi\u00f3n Nocturna IR 100 m, Reconocimiento Facial y Placas, Protecci\u00f3n IP66, Movimiento 360\u00b0, PoE++<\/p>\n","protected":false},"featured_media":99684,"comment_status":"open","ping_status":"closed","template":"","meta":[],"product_brand":[],"product_cat":[1224],"product_tag":[122,1225,166],"class_list":{"0":"post-99685","1":"product","2":"type-product","3":"status-publish","4":"has-post-thumbnail","6":"product_cat-ptz","7":"product_tag-camaras-ip-y-nvrs","8":"product_tag-ptz","9":"product_tag-ubiquiti","11":"first","12":"outofstock","13":"sale","14":"shipping-taxable","15":"purchasable","16":"product-type-simple"},"_links":{"self":[{"href":"https:\/\/soydeaqui.ddns.net\/pachuca\/index.php\/wp-json\/wp\/v2\/product\/99685","targetHints":{"allow":["GET"]}}],"collection":[{"href":"https:\/\/soydeaqui.ddns.net\/pachuca\/index.php\/wp-json\/wp\/v2\/product"}],"about":[{"href":"https:\/\/soydeaqui.ddns.net\/pachuca\/index.php\/wp-json\/wp\/v2\/types\/product"}],"replies":[{"embeddable":true,"href":"https:\/\/soydeaqui.ddns.net\/pachuca\/index.php\/wp-json\/wp\/v2\/comments?post=99685"}],"wp:featuredmedia":[{"embeddable":true,"href":"https:\/\/soydeaqui.ddns.net\/pachuca\/index.php\/wp-json\/wp\/v2\/media\/99684"}],"wp:attachment":[{"href":"https:\/\/soydeaqui.ddns.net\/pachuca\/index.php\/wp-json\/wp\/v2\/media?parent=99685"}],"wp:term":[{"taxonomy":"product_brand","embeddable":true,"href":"https:\/\/soydeaqui.ddns.net\/pachuca\/index.php\/wp-json\/wp\/v2\/product_brand?post=99685"},{"taxonomy":"product_cat","embeddable":true,"href":"https:\/\/soydeaqui.ddns.net\/pachuca\/index.php\/wp-json\/wp\/v2\/product_cat?post=99685"},{"taxonomy":"product_tag","embeddable":true,"href":"https:\/\/soydeaqui.ddns.net\/pachuca\/index.php\/wp-json\/wp\/v2\/product_tag?post=99685"}],"curies":[{"name":"wp","href":"https:\/\/api.w.org\/{rel}","templated":true}]}}