{"id":99673,"date":"2026-03-20T10:38:02","date_gmt":"2026-03-20T10:38:02","guid":{"rendered":"https:\/\/soydeaqui.ddns.net\/pachuca\/index.php\/producto\/camara-unifi-protect-g6-ptz-color-negro-doble-lente-4k-zoom-hibrido-10x-motor-ai-multi-tops-vision-nocturna-ir-30m-audio-bidireccional-proteccion-ip66-resistencia-al-vandalismo-ik04\/"},"modified":"2026-03-20T10:38:21","modified_gmt":"2026-03-20T10:38:21","slug":"camara-unifi-protect-g6-ptz-color-negro-doble-lente-4k-zoom-hibrido-10x-motor-ai-multi-tops-vision-nocturna-ir-30m-audio-bidireccional-proteccion-ip66-resistencia-al-vandalismo-ik04","status":"publish","type":"product","link":"https:\/\/soydeaqui.ddns.net\/pachuca\/index.php\/producto\/camara-unifi-protect-g6-ptz-color-negro-doble-lente-4k-zoom-hibrido-10x-motor-ai-multi-tops-vision-nocturna-ir-30m-audio-bidireccional-proteccion-ip66-resistencia-al-vandalismo-ik04\/","title":{"rendered":"C\u00e1mara UniFi Protect G6 PTZ Color Negro, Doble Lente 4K, Zoom H\u00edbrido 10x, Motor AI Multi-TOPS, Visi\u00f3n Nocturna IR 30m, Audio Bidireccional, Protecci\u00f3n IP66, Resistencia al Vandalismo IK04"},"content":{"rendered":"<div style='width: 100%; max-width: 1200px; margin: 0 auto; font-family: sans-serif; line-height: 1.6; color: inherit; background-color: transparent;'>\n<div style='display: flex; flex-direction: column; align-items: flex-start; margin-bottom: 30px;'>\n<h2 style='font-size: 24px; color: inherit; margin: 0 0 8px; font-weight: bold;'>G6 PTZ<\/h2>\n<h3 style='font-size: 18px; color: inherit; margin: 0; font-weight: normal; opacity: 0.8;'>UVC-G6-PTZ-B<\/h3>\n<\/p><\/div>\n<p style='font-size: 15px; color: inherit; margin-bottom: 30px;'> C\u00e1mara de doble lente 4K para todo clima con zoom h\u00edbrido 10x&comma; sensor de imagen 1\/1.8&#8242; de 8MP&comma; motor Multi-TOPS AI y control de zoom panor\u00e1mico de latencia ultra baja para el seguimiento de movimiento. <\/p>\n<div style='display: grid; grid-template-columns: repeat(auto-fill&comma; minmax(300px&comma; 1fr)); gap: 20px; margin-bottom: 30px;'> <img style='width: 100%; height: auto; border: 1px solid rgba(150&comma;150&comma;150&comma;0.3); border-radius: 8px;' src='https:\/\/images.svc.ui.com\/?u=https%3A%2F%2Fcdn.ecomm.ui.com%2Fproducts%2F8b0777b6-851e-45f8-b4d2-b98b598c1ebc%2Fd4057046-560e-4658-b4d3-54515e0a7c03.png&#038;q=75&#038;w=1000' alt=''> <img style='width: 100%; height: auto; border: 1px solid rgba(150&comma;150&comma;150&comma;0.3); border-radius: 8px;' src='https:\/\/images.svc.ui.com\/?u=https%3A%2F%2Fcdn.ecomm.ui.com%2Fproducts%2F8b0777b6-851e-45f8-b4d2-b98b598c1ebc%2F2523c4e6-4a8d-4547-8c8f-708fd3c27165.png&#038;q=75&#038;w=1000' alt=''> <img style='width: 100%; height: auto; border: 1px solid rgba(150&comma;150&comma;150&comma;0.3); border-radius: 8px;' src='https:\/\/images.svc.ui.com\/?u=https%3A%2F%2Fcdn.ecomm.ui.com%2Fproducts%2F8b0777b6-851e-45f8-b4d2-b98b598c1ebc%2F28c55a54-ca97-4846-9b8f-d419dd05ef7c.png&#038;q=75&#038;w=1000' alt=''> <img style='width: 100%; height: auto; border: 1px solid rgba(150&comma;150&comma;150&comma;0.3); border-radius: 8px;' src='https:\/\/images.svc.ui.com\/?u=https%3A%2F%2Fcdn.ecomm.ui.com%2Fproducts%2F8b0777b6-851e-45f8-b4d2-b98b598c1ebc%2F1d4bce8b-9306-40da-9182-76aa8134c5c6.png&#038;q=75&#038;w=1000' alt=''> <img style='width: 100%; height: auto; border: 1px solid rgba(150&comma;150&comma;150&comma;0.3); border-radius: 8px;' src='https:\/\/images.svc.ui.com\/?u=https%3A%2F%2Fcdn.ecomm.ui.com%2Fproducts%2F8b0777b6-851e-45f8-b4d2-b98b598c1ebc%2F3f3954c9-83ac-42dd-bfdd-deb280cb9c64.png&#038;q=75&#038;w=1000' alt=''> <img style='width: 100%; height: auto; border: 1px solid rgba(150&comma;150&comma;150&comma;0.3); border-radius: 8px;' src='https:\/\/images.svc.ui.com\/?u=https%3A%2F%2Fcdn.ecomm.ui.com%2Fproducts%2F8b0777b6-851e-45f8-b4d2-b98b598c1ebc%2Ff03de3fd-ff4a-4445-8053-84ec61ec853f.png&#038;q=75&#038;w=1000' alt=''> <\/div>\n<div style='margin-bottom: 30px;'>\n<h3 style='font-size: 22px; border-bottom: 2px solid currentColor; padding-bottom: 5px; margin-top: 0; margin-bottom: 20px; color: inherit; opacity: 0.8;'>Especificaciones<\/h3>\n<div style='display: flex; flex-wrap: wrap; gap: 20px; margin-bottom: 30px;'>\n<div style='flex: 1 1 250px; border: 1px solid rgba(150&comma;150&comma;150&comma;0.4); border-radius: 8px; overflow: hidden; display: flex; flex-direction: column;'>\n<div style='padding: 15px; border-bottom: 1px solid rgba(150&comma;150&comma;150&comma;0.2); font-weight: bold; font-size: 18px; color: inherit;'>Caracter\u00edsticas F\u00edsicas<\/div>\n<div style='padding: 15px; color: inherit;'>\n<ul style='padding-left: 20px; margin: 0; font-size: 14px; list-style-type: disc;'>\n<li style='margin-bottom: 5px;'><strong>Dimensiones:<\/strong> Sin montaje: \u00d8 107.2 x 104.5 x 203.2 mm (\u00d8 4.2 x 4.1 x 8&#8242;) Con montaje: \u00d8 107.2 x 111 x 230.2 mm (\u00d8 4.2 x 4.8 x 9.1&#8242;)<\/li>\n<li style='margin-bottom: 5px;'><strong>Visi\u00f3n Nocturna IR:<\/strong> 30 m (98 pies)<\/li>\n<li style='margin-bottom: 5px;'><strong>Modo Zoom:<\/strong> H\u00edbrido 10x<\/li>\n<li style='margin-bottom: 5px;'><strong>Reconocimiento Facial:<\/strong> S\u00ed<\/li>\n<li style='margin-bottom: 5px;'><strong>Reconocimiento de Placa de Licencia:<\/strong> S\u00ed<\/li>\n<li style='margin-bottom: 5px;'><strong>Detecciones Inteligentes:<\/strong> Personas&comma; Veh\u00edculos&comma; Animales<\/li>\n<\/ul><\/div>\n<\/p><\/div>\n<div style='flex: 1 1 250px; border: 1px solid rgba(150&comma;150&comma;150&comma;0.4); border-radius: 8px; overflow: hidden; display: flex; flex-direction: column;'>\n<div style='padding: 15px; border-bottom: 1px solid rgba(150&comma;150&comma;150&comma;0.2); font-weight: bold; font-size: 18px; color: inherit;'>Caracter\u00edsticas de Video<\/div>\n<div style='padding: 15px; color: inherit;'>\n<ul style='padding-left: 20px; margin: 0; font-size: 14px; list-style-type: disc;'>\n<li style='margin-bottom: 5px;'><strong>Resoluci\u00f3n:<\/strong> 4K<\/li>\n<li style='margin-bottom: 5px;'><strong>Campo de Vista:<\/strong> Ancho: H: 109.9\u00b0&comma; V: 56.7\u00b0&comma; D: 134.1\u00b0 Tele: H: 26.6\u00b0&comma; V: 15.1\u00b0&comma; D: 30.4\u00b0<\/li>\n<li style='margin-bottom: 5px;'><strong>Rango Pan-Tilt:<\/strong> Pan: 350\u00b0 Inclinaci\u00f3n: 100\u00b0<\/li>\n<li style='margin-bottom: 5px;'><strong>Audio:<\/strong> Audio bidireccional<\/li>\n<li style='margin-bottom: 5px;'><strong>Impermeabilizaci\u00f3n:<\/strong> IP66<\/li>\n<li style='margin-bottom: 5px;'><strong>Resistencia a la Manipulaci\u00f3n:<\/strong> IK04<\/li>\n<\/ul><\/div>\n<\/p><\/div>\n<div style='flex: 1 1 250px; border: 1px solid rgba(150&comma;150&comma;150&comma;0.4); border-radius: 8px; overflow: hidden; display: flex; flex-direction: column;'>\n<div style='padding: 15px; border-bottom: 1px solid rgba(150&comma;150&comma;150&comma;0.2); font-weight: bold; font-size: 18px; color: inherit;'>Caracter\u00edsticas de Montaje<\/div>\n<div style='padding: 15px; color: inherit;'>\n<ul style='padding-left: 20px; margin: 0; font-size: 14px; list-style-type: disc;'>\n<li style='margin-bottom: 5px;'><strong>Montaje:<\/strong> Pared&comma; Superficie&comma; Techo&comma; Montaje en poste (Incluido) Esquina&comma; In-Ceiling&comma; Montaje colgante&comma; Adaptador de conducto (Opcional)<\/li>\n<\/ul><\/div>\n<\/p><\/div>\n<div style='flex: 1 1 250px; border: 1px solid rgba(150&comma;150&comma;150&comma;0.4); border-radius: 8px; overflow: hidden; display: flex; flex-direction: column;'>\n<div style='padding: 15px; border-bottom: 1px solid rgba(150&comma;150&comma;150&comma;0.2); font-weight: bold; font-size: 18px; color: inherit;'>Conectividad<\/div>\n<div style='padding: 15px; color: inherit;'>\n<ul style='padding-left: 20px; margin: 0; font-size: 14px; list-style-type: disc;'>\n<li style='margin-bottom: 5px;'><strong>Interfaz de Redes:<\/strong> 10\/100 MbE RJ45 puerto<\/li>\n<li style='margin-bottom: 5px;'><strong>Max. Consumo de Energ\u00eda:<\/strong> 24.5W<\/li>\n<li style='margin-bottom: 5px;'><strong>Rango de Voltaje Compatible:<\/strong> 42.5\u201457V DC<\/li>\n<li style='margin-bottom: 5px;'><strong>M\u00e9todo de Potencia:<\/strong> PoE+<\/li>\n<\/ul><\/div>\n<\/p><\/div>\n<div style='flex: 1 1 250px; border: 1px solid rgba(150&comma;150&comma;150&comma;0.4); border-radius: 8px; overflow: hidden; display: flex; flex-direction: column;'>\n<div style='padding: 15px; border-bottom: 1px solid rgba(150&comma;150&comma;150&comma;0.2); font-weight: bold; font-size: 18px; color: inherit;'>Caracter\u00edsticas T\u00e9cnicas<\/div>\n<div style='padding: 15px; color: inherit;'>\n<ul style='padding-left: 20px; margin: 0; font-size: 14px; list-style-type: disc;'>\n<li style='margin-bottom: 5px;'><strong>Procesador:<\/strong> Quad-core Arm\u00ae Cortex\u00ae-A53 chip basado<\/li>\n<li style='margin-bottom: 5px;'><strong>Di\u00e1metro del Monte del Polo:<\/strong> 1.5\u20132&#8242; (38\u201350 mm)<\/li>\n<li style='margin-bottom: 5px;'><strong>Peso:<\/strong> Sin montaje en brazo: 1 kg (2.2 lb) Con montaje en brazo: 1&comma;1 kg (2&comma;4 lb)<\/li>\n<li style='margin-bottom: 5px;'><strong>Material del Recinto:<\/strong> Aleaci\u00f3n de aluminio&comma; policarbonato<\/li>\n<li style='margin-bottom: 5px;'><strong>Material de Montaje:<\/strong> Soporte de brazo: policarbonato Soporte de poste: aleaci\u00f3n de aluminio<\/li>\n<li style='margin-bottom: 5px;'><strong>Ranura de Expansi\u00f3n:<\/strong> Tarjeta microSD<\/li>\n<\/ul><\/div>\n<\/p><\/div>\n<div style='flex: 1 1 250px; border: 1px solid rgba(150&comma;150&comma;150&comma;0.4); border-radius: 8px; overflow: hidden; display: flex; flex-direction: column;'>\n<div style='padding: 15px; border-bottom: 1px solid rgba(150&comma;150&comma;150&comma;0.2); font-weight: bold; font-size: 18px; color: inherit;'>Caracter\u00edsticas Ambientales<\/div>\n<div style='padding: 15px; color: inherit;'>\n<ul style='padding-left: 20px; margin: 0; font-size: 14px; list-style-type: disc;'>\n<li style='margin-bottom: 5px;'><strong>Temperatura de Funcionamiento Ambiental:<\/strong> -30 a 50\u00b0 C (-22 a 122\u00b0 F)<\/li>\n<li style='margin-bottom: 5px;'><strong>Humedad de Funcionamiento Ambiental:<\/strong> 20 A 90% sin condensaci\u00f3n<\/li>\n<li style='margin-bottom: 5px;'><strong>NDAA Cumple:<\/strong> S\u00ed<\/li>\n<li style='margin-bottom: 5px;'><strong>Certificaciones:<\/strong> CE&comma; FCC&comma; IC<\/li>\n<\/ul><\/div>\n<\/p><\/div>\n<\/p><\/div>\n<\/p><\/div>\n<div style='margin-bottom: 30px;'>\n<h3 style='font-size: 22px; border-bottom: 2px solid currentColor; padding-bottom: 5px; margin-top: 0; margin-bottom: 20px; color: inherit; opacity: 0.8;'>Contenido del paquete<\/h3>\n<p> <img style='width: 100%; height: auto; border: 1px solid rgba(150&comma;150&comma;150&comma;0.3); border-radius: 8px; margin-bottom: 20px;' src='https:\/\/images.svc.ui.com\/?u=https%3A%2F%2Fcdn.ecomm.ui.com%2Fproducts%2F8b0777b6-851e-45f8-b4d2-b98b598c1ebc%2Ff9948e78-9eac-4dea-8023-1dbf8b14aa92.png&#038;q=75&#038;w=1920' alt=''> <\/div>\n<div style='display: flex; flex-wrap: wrap; gap: 30px; margin-bottom: 30px;'>\n<div style='flex: 1 1 300px; min-width: 280px;'>\n<h3 style='font-size: 22px; border-bottom: 2px solid currentColor; padding-bottom: 5px; margin-top: 0; color: inherit; opacity: 0.8;'>Caracter\u00edsticas Adicionales<\/h3>\n<ul style='padding-left: 20px; font-size: 15px; color: inherit;'>\n<li style='margin-bottom: 5px;'><strong>Configuraci\u00f3n de Imagen:<\/strong> Color&comma; brillo&comma; nitidez&comma; contraste&comma; balance de blancos&comma; control de exposici\u00f3n&comma; 2DNR&comma; 3DNR&comma; NR por movimiento&comma; enmascaramiento&comma; superposici\u00f3n de texto&comma; HDR<\/li>\n<li style='margin-bottom: 5px;'><strong>Max. Tasa de Marco:<\/strong> Modo dual: 15 FPS Modo \u00fanico: 30 FPS<\/li>\n<li style='margin-bottom: 5px;'><strong>\u00d3ptica:<\/strong> Sensor: 1\/1.8&#8242; 8MP | Lente: Ancho: F 4&comma;46 mm; ult\/1&comma;65 Tele: F 16&comma;3 mm; 2&comma;4 | Modo Nocturno: Iluminaci\u00f3n LED IR incorporada y filtro de corte IR<\/li>\n<\/ul><\/div>\n<\/p><\/div>\n<hr style='border: 0; border-top: 1px solid rgba(150&comma; 150&comma; 150&comma; 0.3); margin: 30px 0;'> <\/div>\n","protected":false},"excerpt":{"rendered":"<p>C\u00e1mara UniFi Protect G6 PTZ Color Negro, Doble Lente 4K, Zoom H\u00edbrido 10x, Motor AI Multi-TOPS, Visi\u00f3n Nocturna IR 30m, Audio Bidireccional, Protecci\u00f3n IP66, Resistencia al Vandalismo IK04<\/p>\n","protected":false},"featured_media":99672,"comment_status":"open","ping_status":"closed","template":"","meta":[],"product_brand":[],"product_cat":[1224],"product_tag":[122,1225,166],"class_list":{"0":"post-99673","1":"product","2":"type-product","3":"status-publish","4":"has-post-thumbnail","6":"product_cat-ptz","7":"product_tag-camaras-ip-y-nvrs","8":"product_tag-ptz","9":"product_tag-ubiquiti","11":"first","12":"outofstock","13":"sale","14":"shipping-taxable","15":"purchasable","16":"product-type-simple"},"_links":{"self":[{"href":"https:\/\/soydeaqui.ddns.net\/pachuca\/index.php\/wp-json\/wp\/v2\/product\/99673","targetHints":{"allow":["GET"]}}],"collection":[{"href":"https:\/\/soydeaqui.ddns.net\/pachuca\/index.php\/wp-json\/wp\/v2\/product"}],"about":[{"href":"https:\/\/soydeaqui.ddns.net\/pachuca\/index.php\/wp-json\/wp\/v2\/types\/product"}],"replies":[{"embeddable":true,"href":"https:\/\/soydeaqui.ddns.net\/pachuca\/index.php\/wp-json\/wp\/v2\/comments?post=99673"}],"wp:featuredmedia":[{"embeddable":true,"href":"https:\/\/soydeaqui.ddns.net\/pachuca\/index.php\/wp-json\/wp\/v2\/media\/99672"}],"wp:attachment":[{"href":"https:\/\/soydeaqui.ddns.net\/pachuca\/index.php\/wp-json\/wp\/v2\/media?parent=99673"}],"wp:term":[{"taxonomy":"product_brand","embeddable":true,"href":"https:\/\/soydeaqui.ddns.net\/pachuca\/index.php\/wp-json\/wp\/v2\/product_brand?post=99673"},{"taxonomy":"product_cat","embeddable":true,"href":"https:\/\/soydeaqui.ddns.net\/pachuca\/index.php\/wp-json\/wp\/v2\/product_cat?post=99673"},{"taxonomy":"product_tag","embeddable":true,"href":"https:\/\/soydeaqui.ddns.net\/pachuca\/index.php\/wp-json\/wp\/v2\/product_tag?post=99673"}],"curies":[{"name":"wp","href":"https:\/\/api.w.org\/{rel}","templated":true}]}}