{"id":99671,"date":"2026-03-20T10:37:57","date_gmt":"2026-03-20T10:37:57","guid":{"rendered":"https:\/\/soydeaqui.ddns.net\/pachuca\/index.php\/producto\/body-camera-portatil-grabacion-a-2k-pantalla-2-4-lcd-ip68-h-265-32-gb-de-almacenamiento-gps-wifi-3g-y-4g-fotos-de-hasta-40-megapixel-microfono-integrado-2\/"},"modified":"2026-03-20T10:37:59","modified_gmt":"2026-03-20T10:37:59","slug":"body-camera-portatil-grabacion-a-2k-pantalla-2-4-lcd-ip68-h-265-32-gb-de-almacenamiento-gps-wifi-3g-y-4g-fotos-de-hasta-40-megapixel-microfono-integrado-2","status":"publish","type":"product","link":"https:\/\/soydeaqui.ddns.net\/pachuca\/index.php\/producto\/body-camera-portatil-grabacion-a-2k-pantalla-2-4-lcd-ip68-h-265-32-gb-de-almacenamiento-gps-wifi-3g-y-4g-fotos-de-hasta-40-megapixel-microfono-integrado-2\/","title":{"rendered":"Body Camera Port\u00e1til \/ Grabaci\u00f3n a 2K \/ Pantalla 2.4&#8243; LCD \/ IP68 \/ H.265 \/ 32 GB de Almacenamiento \/ GPS \/ WIFI \/ 3G y 4G \/ Fotos de Hasta 40 Megapixel \/ Micr\u00f3fono Integrado"},"content":{"rendered":"<div style=\"width: 100%; max-width: 1200px; margin: 0 auto; font-family: sans-serif; line-height: 1.6; color: inherit; background-color: transparent;\"><!-- Imagen logo --><\/p>\n<div style=\"text-align: center; margin: 20px 0;\"><img decoding=\"async\" style=\"width: 100%; max-width: 527.844px; height: auto; border: 1px solid rgba(150&comma; 150&comma; 150&comma; 0.3); border-radius: 8px;\" src=\"https:\/\/ftp3.syscom.mx\/usuarios\/jsosa\/HIKVISION\/imagenes\/logo\/hikvision%20see%20far.png\" alt=\"Logo Hikvision\" class=\"fr-fic fr-dii\"><\/div>\n<p><!-- Secci\u00f3n de caracter\u00edsticas --><\/p>\n<div style=\"display: flex; flex-wrap: wrap; gap: 30px; margin-top: 40px; margin-bottom: 40px;\"><!-- Caracter\u00edsticas principales --><\/p>\n<div style=\"flex: 1 1 400px; min-width: 280px;\">\n<div style=\"border-left: 5px solid #ff0000; border-radius: 8px; padding: 15px; box-shadow: 0 2px 10px rgba(0&comma;0&comma;0&comma;0.05); background-color: rgba(255&comma;255&comma;255&comma;0.05);\">\n<h3 style=\"font-size: 20px; margin-top: 0; margin-bottom: 15px; color: inherit; opacity: 0.9;\">Caracter&iacute;sticas principales:<\/h3>\n<ul style=\"padding-left: 20px; font-size: 15px; color: inherit; list-style-type: disc;\">\n<li style=\"margin-bottom: 8px;\"><strong style=\"color: inherit;\">Compresi&oacute;n:<\/strong> H.264 \/ H.265.<\/li>\n<li style=\"margin-bottom: 8px;\"><strong style=\"color: inherit;\">Resoluci&oacute;n de v&iacute;deo:<\/strong> 2K hasta 2688 * 1512 P @30F.<\/li>\n<li style=\"margin-bottom: 8px;\"><strong style=\"color: inherit;\">&Aacute;ngulo de apertura:<\/strong> Horizontal de 134&ordm;.<\/li>\n<li style=\"margin-bottom: 8px;\"><strong style=\"color: inherit;\">Tecnolog&iacute;a:<\/strong> Reducci&oacute;n de ruido y eco.<\/li>\n<li style=\"margin-bottom: 8px;\"><strong style=\"color: inherit;\">GPS:<\/strong> M&oacute;dulo integrado.<\/li>\n<li style=\"margin-bottom: 8px;\"><strong style=\"color: inherit;\">WIFI:<\/strong> 802.11 a\/b\/g\/n\/ac.<\/li>\n<li style=\"margin-bottom: 8px;\"><strong style=\"color: inherit;\">Redes m&oacute;viles:<\/strong> M&oacute;dulo 3G y 4G (requiere SIM de datos para transmisi&oacute;n remota y licencias).<\/li>\n<li style=\"margin-bottom: 8px;\"><strong style=\"color: inherit;\">Almacenamiento:<\/strong> Interno de 64 GB (no extra&iacute;ble).<\/li>\n<li style=\"margin-bottom: 8px;\"><strong style=\"color: inherit;\">Fotograf&iacute;as:<\/strong> Resoluci&oacute;n de 40 Megapixel.<\/li>\n<li style=\"margin-bottom: 8px;\"><strong style=\"color: inherit;\">Micr&oacute;fono:<\/strong> Integrado.<\/li>\n<li style=\"margin-bottom: 8px;\"><strong style=\"color: inherit;\">Rango de IR:<\/strong> 10m.<\/li>\n<li style=\"margin-bottom: 8px;\"><strong style=\"color: inherit;\">Bot&oacute;n SOS:<\/strong> Para alertas a la plataforma HCP.<\/li>\n<li style=\"margin-bottom: 8px;\"><strong style=\"color: inherit;\">Bot&oacute;n PTT:<\/strong> Para comunicaci&oacute;n bidireccional con la plataforma HCP.<\/li>\n<li style=\"margin-bottom: 8px;\"><strong style=\"color: inherit;\">Sistema operativo:<\/strong> Android 9.0.<\/li>\n<\/ul>\n<\/div>\n<\/div>\n<p><!-- Caracter\u00edsticas f\u00edsicas y el\u00e9ctricas --><\/p>\n<div style=\"flex: 1 1 400px; min-width: 280px;\">\n<div style=\"border-left: 5px solid #ff0000; border-radius: 8px; padding: 15px; box-shadow: 0 2px 10px rgba(0&comma;0&comma;0&comma;0.05); background-color: rgba(255&comma;255&comma;255&comma;0.05);\">\n<h3 style=\"font-size: 20px; margin-top: 0; margin-bottom: 15px; color: inherit; opacity: 0.9;\">Caracter&iacute;sticas F&iacute;sicas y El&eacute;ctricas:<\/h3>\n<ul style=\"padding-left: 20px; font-size: 15px; color: inherit; list-style-type: disc;\">\n<li style=\"margin-bottom: 8px;\"><strong style=\"color: inherit;\">Pantalla:<\/strong> 2.4 pulgadas TFT LCD&comma; 320*240.<\/li>\n<li style=\"margin-bottom: 8px;\"><strong style=\"color: inherit;\">Protecci&oacute;n:<\/strong> IP68 para exterior.<\/li>\n<li style=\"margin-bottom: 8px;\"><strong style=\"color: inherit;\">Dimensiones:<\/strong> 102.1 x 65.4 x 32.25 mm.<\/li>\n<li style=\"margin-bottom: 8px;\"><strong style=\"color: inherit;\">Peso:<\/strong> 250gr.<\/li>\n<li style=\"margin-bottom: 8px;\"><strong style=\"color: inherit;\">Interfaz:<\/strong> USB Tipo C para extracci&oacute;n de eventos.<\/li>\n<li style=\"margin-bottom: 8px;\"><strong style=\"color: inherit;\">Alimentaci&oacute;n:<\/strong> Por medio de conector Tipo C.<\/li>\n<li style=\"margin-bottom: 8px;\"><strong style=\"color: inherit;\">Bater&iacute;a:<\/strong> 6200 mAh&comma; permite grabar hasta 15 horas de v&iacute;deo con resoluci&oacute;n 720p.<\/li>\n<li style=\"margin-bottom: 8px;\"><strong style=\"color: inherit;\">Dise&ntilde;o:<\/strong> Bater&iacute;a integral.<\/li>\n<li style=\"margin-bottom: 8px;\"><strong style=\"color: inherit;\">Accesorio:<\/strong> Clip curvo de sujeci&oacute;n para solapa.<\/li>\n<li style=\"margin-bottom: 8px;\"><strong style=\"color: inherit;\">Certificaci&oacute;n:<\/strong> MIL-STD-810G.<\/li>\n<li style=\"margin-bottom: 8px;\"><strong style=\"color: inherit;\">Garant&iacute;a:<\/strong> 5 a&ntilde;os.<\/li>\n<\/ul>\n<\/div>\n<\/div>\n<\/div>\n<p><!-- Secci\u00f3n de consideraciones --><\/p>\n<div style=\"margin: 40px 0;\">\n<div style=\"border-left: 5px solid #ff0000; border-radius: 8px; padding: 15px; box-shadow: 0 2px 10px rgba(0&comma;0&comma;0&comma;0.05); background-color: rgba(255&comma;255&comma;255&comma;0.05);\">\n<h3 style=\"font-size: 20px; margin-top: 0; margin-bottom: 15px; color: inherit; opacity: 0.9;\">Consideraciones para poder tener transmisi&oacute;n y centralizaci&oacute;n remota:<\/h3>\n<ul style=\"padding-left: 20px; font-size: 15px; color: inherit; list-style-type: disc;\">\n<li style=\"margin-bottom: 10px;\">HC-P-VSS-B\/0C: <a style=\"color: #005cb9; text-decoration: none;\" href=\"https:\/\/www.syscom.mx\/principal\/searchcont?route=HC-P-VSS-B\/0C-HIKVISION-188079&#038;autodetect=hcp\">Licencia Base para el software HikCentral Professional<\/a>.<\/li>\n<li style=\"margin-bottom: 10px;\">HC-P-BWC\/1C: <a style=\"color: #005cb9; text-decoration: none;\" href=\"https:\/\/www.syscom.mx\/principal\/searchcont?route=HC-P-BWC\/1C-HIKVISION-224585&#038;autodetect=HCPBWC\/1C\">Licencias que a&ntilde;ade un canal adicional a la base<\/a> (Licencia por cada c&aacute;mara).<\/li>\n<\/ul>\n<p style=\"margin: 20px 0 10px 0; font-size: 15px; color: inherit;\">Esta soluci&oacute;n requiere infraestructura de red adicional:<\/p>\n<ul style=\"padding-left: 20px; font-size: 15px; color: inherit; list-style-type: disc;\">\n<li style=\"margin-bottom: 10px;\">Se requiere un servidor (PC) dedicada para colocar las licencias del software Hik-Central Profesional&comma; en este servidor se dejan corriendo los servicios para poder consultar el video en vivo&comma; ver grabaciones y posicionamiento de manera remota. (Se recomienda un servidor como m&iacute;nimo core i5 y 8 GB RAM).<\/li>\n<li style=\"margin-bottom: 10px;\">Se requiere tener una IP p&uacute;blica fija (dedicada) y un buen ancho de banda que depender&aacute; de la cantidad del n&uacute;mero de DVR&acute;s m&oacute;viles a centralizar.<\/li>\n<\/ul>\n<p style=\"margin: 20px 0 10px 0; font-size: 15px; color: inherit;\"><strong style=\"color: inherit;\">Estaci&oacute;n de descarga de informaci&oacute;n y carga de la bater&iacute;a:<\/strong> <a href=\"https:\/\/www.syscom.mx\/products\/238710\">DS-MDS005\/2T\/32\/FP\/IC(B)<\/a><\/p>\n<p style=\"margin-top: 20px; font-size: 16px; color: inherit;\">La body camera es un dispositivo altamente dise&ntilde;ado principalmente para la seguridad y el cumplimiento de la ley. Esta c&aacute;mara personal permite grabar el v&iacute;deo y el audio de la escena. Despu&eacute;s de los eventos podemos revisar la escena debido a su tama&ntilde;o peque&ntilde;o&comma; peso ligero&comma; f&aacute;cil de transportar y f&aacute;cil de operar. Todas estas ventajas la body camera de HIKVISION lo convierten en un buen ayudante para el cumplimiento de la ley.<\/p>\n<\/div>\n<\/div>\n<p><!-- Imagen soluci\u00f3n completa --><\/p>\n<div style=\"text-align: center; margin: 40px 0;\">\n<p><\/p>\n<p><\/p>\n<p><img decoding=\"async\" style=\"width: 100%; max-width: 1200px; height: auto; border: 1px solid rgba(150&comma; 150&comma; 150&comma; 0.3); border-radius: 8px;\" src=\"https:\/\/ftp3.syscom.mx\/usuarios\/jsosa\/HIKVISION\/imagenes\/banners\/solution%20complete.png\" alt=\"Soluci\u00f3n completa\" class=\"fr-fic fr-dii\"><\/div>\n<\/div>\n","protected":false},"excerpt":{"rendered":"<p>Body Camera Port\u00e1til \/ Grabaci\u00f3n a 2K \/ Pantalla 2.4&#8243; LCD \/ IP68 \/ H.265 \/ 32 GB de Almacenamiento \/ GPS \/ WIFI \/ 3G y 4G \/ Fotos de Hasta 40 Megapixel \/ Micr\u00f3fono Integrado<\/p>\n","protected":false},"featured_media":99670,"comment_status":"open","ping_status":"closed","template":"","meta":[],"product_brand":[],"product_cat":[2266,1406],"product_tag":[2267,1409,54,1345],"class_list":{"0":"post-99671","1":"product","2":"type-product","3":"status-publish","4":"has-post-thumbnail","6":"product_cat-body-cams-portatiles","7":"product_cat-videograbadoras-moviles-videovigilancia","8":"product_tag-body-cams-portatiles","9":"product_tag-dash-cams-y-body-cams","10":"product_tag-hikvision","11":"product_tag-videograbadoras-moviles","13":"first","14":"outofstock","15":"sale","16":"shipping-taxable","17":"purchasable","18":"product-type-simple"},"_links":{"self":[{"href":"https:\/\/soydeaqui.ddns.net\/pachuca\/index.php\/wp-json\/wp\/v2\/product\/99671","targetHints":{"allow":["GET"]}}],"collection":[{"href":"https:\/\/soydeaqui.ddns.net\/pachuca\/index.php\/wp-json\/wp\/v2\/product"}],"about":[{"href":"https:\/\/soydeaqui.ddns.net\/pachuca\/index.php\/wp-json\/wp\/v2\/types\/product"}],"replies":[{"embeddable":true,"href":"https:\/\/soydeaqui.ddns.net\/pachuca\/index.php\/wp-json\/wp\/v2\/comments?post=99671"}],"wp:featuredmedia":[{"embeddable":true,"href":"https:\/\/soydeaqui.ddns.net\/pachuca\/index.php\/wp-json\/wp\/v2\/media\/99670"}],"wp:attachment":[{"href":"https:\/\/soydeaqui.ddns.net\/pachuca\/index.php\/wp-json\/wp\/v2\/media?parent=99671"}],"wp:term":[{"taxonomy":"product_brand","embeddable":true,"href":"https:\/\/soydeaqui.ddns.net\/pachuca\/index.php\/wp-json\/wp\/v2\/product_brand?post=99671"},{"taxonomy":"product_cat","embeddable":true,"href":"https:\/\/soydeaqui.ddns.net\/pachuca\/index.php\/wp-json\/wp\/v2\/product_cat?post=99671"},{"taxonomy":"product_tag","embeddable":true,"href":"https:\/\/soydeaqui.ddns.net\/pachuca\/index.php\/wp-json\/wp\/v2\/product_tag?post=99671"}],"curies":[{"name":"wp","href":"https:\/\/api.w.org\/{rel}","templated":true}]}}