{"id":99615,"date":"2026-03-20T10:35:14","date_gmt":"2026-03-20T10:35:14","guid":{"rendered":"https:\/\/soydeaqui.ddns.net\/pachuca\/index.php\/producto\/camara-unifi-protect-g6-instant-con-wifi-4k-sensor-de-imagen-8mp-1-1-8-multi-tops-ai-audio-bidireccional-vision-nocturna-ir-proteccion-ipx5-reconocimiento-facial-y-de-matricula\/"},"modified":"2026-03-20T10:35:27","modified_gmt":"2026-03-20T10:35:27","slug":"camara-unifi-protect-g6-instant-con-wifi-4k-sensor-de-imagen-8mp-1-1-8-multi-tops-ai-audio-bidireccional-vision-nocturna-ir-proteccion-ipx5-reconocimiento-facial-y-de-matricula","status":"publish","type":"product","link":"https:\/\/soydeaqui.ddns.net\/pachuca\/index.php\/producto\/camara-unifi-protect-g6-instant-con-wifi-4k-sensor-de-imagen-8mp-1-1-8-multi-tops-ai-audio-bidireccional-vision-nocturna-ir-proteccion-ipx5-reconocimiento-facial-y-de-matricula\/","title":{"rendered":"C\u00e1mara UniFi Protect G6 Instant con WiFi, 4K, Sensor de Imagen 8MP 1\/1.8&#8243;, Multi-TOPS AI, Audio Bidireccional, Visi\u00f3n Nocturna IR, Protecci\u00f3n IPX5, Reconocimiento Facial y de Matr\u00edcula"},"content":{"rendered":"<div style='width: 100%; max-width: 1200px; margin: 0 auto; font-family: sans-serif; line-height: 1.6; color: inherit; background-color: transparent;'>\n<div style='display: flex; flex-wrap: wrap; gap: 30px; align-items: center; margin-bottom: 30px;'>\n<div style='flex: 1 1 320px; min-width: 280px;'>\n<div style='position: relative; padding-bottom: 56.25%; height: 0; overflow: hidden;'> <video src='https:\/\/ftp3.syscom.mx\/usuarios\/adiaz\/Ubiquiti\/Imagenes\/UVCG6I\/Instant.mp4' autoplay muted loop playsinline style='position: absolute; top: 0; left: 0; width: 100%; height: 100%; border: 1px solid rgba(150&comma;150&comma;150&comma;0.3); border-radius: 8px; display: block; background: transparent;'> <img src='https:\/\/ftp3.syscom.mx\/usuarios\/adiaz\/Ubiquiti\/Imagenes\/UVCG6I\/fallback.png' alt='Ubiquiti UVC-G6-INS' style='position: absolute; top: 0; left: 0; width: 100%; height: 100%; border: 1px solid rgba(150&comma;150&comma;150&comma;0.3); border-radius: 8px; display: block; background: transparent;'> <\/video> <\/div>\n<\/p><\/div>\n<div style='flex: 1 1 320px; min-width: 280px;'>\n<div style='display: flex; flex-wrap: wrap; gap: 16px; align-items: center; border: 1px solid rgba(150&comma;150&comma;150&comma;0.3); border-radius: 8px; padding: 16px; box-shadow: 0 1px 6px rgba(0&comma;0&comma;0&comma;0.1);'>\n<div style='flex: 1 1 320px; min-width: 280px;'> <img src='https:\/\/ftp3.syscom.mx\/usuarios\/adiaz\/Ubiquiti\/Imagenes\/UVCG6I\/uvc-g6-ins-2.png' alt='UVC-G6-INS-W' style='width: 100%; height: auto; border: 1px solid rgba(150&comma;150&comma;150&comma;0.3); border-radius: 8px;'> <\/div>\n<div style='flex: 1 1 360px; min-width: 280px;'>\n<h2 style='margin: 0 0 6px; font-size: 1.6rem; color: inherit;'>G6 Instant<\/h2>\n<div style='margin: 0 0 12px; color: inherit; font-weight: 600; opacity: 0.85;'>Modelo: <span style='font-weight: 700; opacity: 1;'>UVC-G6-INS-W<\/span><\/div>\n<p style='margin: 0; color: inherit;'>C\u00e1mara <strong>Plug-and-Play<\/strong> WiFi 4K con un Sensor de Imagen de 8 MP de 1\/1.8&#8217;&comma; con IA Multi-TOPS y Audio bidireccional.<\/p>\n<\/p><\/div>\n<\/p><\/div>\n<\/p><\/div>\n<\/p><\/div>\n<div style='text-align: center; margin: 30px 0 15px;'> <span style='font-size: 1.35rem; color: inherit; font-weight: 700;'>Especificaciones<\/span> <\/div>\n<div style='display: flex; flex-wrap: wrap; gap: 20px; margin-bottom: 30px;'>\n<div style='flex: 1 1 250px; border: 1px solid rgba(150&comma;150&comma;150&comma;0.4); border-radius: 8px; overflow: hidden;'>\n<div style='padding: 15px; border-bottom: 1px solid rgba(150&comma;150&comma;150&comma;0.2); font-weight: bold; font-size: 16px; color: inherit;'>Caracter\u00edsticas principales<\/div>\n<ul style='padding: 15px; margin: 0; font-size: 14px; list-style-type: disc; color: inherit;'>\n<li style='margin-bottom: 5px;'>Dise\u00f1o ultra compacto pero apto para exteriores.<\/li>\n<li style='margin-bottom: 5px;'>Configuraci\u00f3n verdaderamente plug-and-play mediante UniFi Auto-Link desde el primer momento.<\/li>\n<li style='margin-bottom: 5px;'>Se instala en minutos utilizando opciones de montaje vers\u00e1tiles.<\/li>\n<li style='margin-bottom: 5px;'>Iluminaci\u00f3n infrarroja para una visi\u00f3n nocturna confiable.<\/li>\n<\/ul><\/div>\n<div style='flex: 1 1 250px; border: 1px solid rgba(150&comma;150&comma;150&comma;0.4); border-radius: 8px; overflow: hidden;'>\n<div style='padding: 15px; border-bottom: 1px solid rgba(150&comma;150&comma;150&comma;0.2); font-weight: bold; font-size: 16px; color: inherit;'>Caracter\u00edsticas f\u00edsicas y el\u00e9ctricas<\/div>\n<ul style='padding: 15px; margin: 0; font-size: 14px; list-style-type: disc; color: inherit;'>\n<li style='margin-bottom: 5px;'><strong>Dimensiones<\/strong>: 81.7 x 50.1 x 57.2 mm (3.2 x 2 x 2.3&#8242;)<\/li>\n<li style='margin-bottom: 5px;'><strong>Peso<\/strong>: 180 g (6.3 oz)<\/li>\n<li style='margin-bottom: 5px;'><strong>Material de la carcasa<\/strong>: Policarbonato<\/li>\n<li style='margin-bottom: 5px;'><strong>Alimentaci\u00f3n<\/strong>: Adaptador ca\/cc Tipo USB-C 5 Vcc 2 A<\/li>\n<li style='margin-bottom: 5px;'><strong>Temperatura de operaci\u00f3n<\/strong>: -20 a 40 \u00b0C (-4 a 104 \u00b0F)<\/li>\n<li style='margin-bottom: 5px;'><strong>Humedad de operaci\u00f3n<\/strong>: 0\u201390% sin condensaci\u00f3n<\/li>\n<\/ul><\/div>\n<div style='flex: 1 1 250px; border: 1px solid rgba(150&comma;150&comma;150&comma;0.4); border-radius: 8px; overflow: hidden;'>\n<div style='padding: 15px; border-bottom: 1px solid rgba(150&comma;150&comma;150&comma;0.2); font-weight: bold; font-size: 16px; color: inherit;'>Rendimiento<\/div>\n<ul style='padding: 15px; margin: 0; font-size: 14px; list-style-type: disc; color: inherit;'>\n<li style='margin-bottom: 5px;'><strong>Visi\u00f3n Nocturna IR<\/strong>: Hasta 6 m (20 ft)<\/li>\n<li style='margin-bottom: 5px;'>Reconocimiento Facial<\/li>\n<li style='margin-bottom: 5px;'>Reconocimiento de matr\u00edculas<\/li>\n<li style='margin-bottom: 5px;'>Detecciones inteligentes (personas&comma; veh\u00edculos&comma; animales)<\/li>\n<li style='margin-bottom: 5px;'><strong>Resoluci\u00f3n 4K<\/strong> (8MP 3840 x 2160 (16:9))<\/li>\n<li style='margin-bottom: 5px;'><strong>Interfaz de Red<\/strong>: 802.11 a\/b\/g\/n\/ac WiFi \/ Bluetooth<\/li>\n<\/ul><\/div>\n<\/p><\/div>\n<div style='border: 1px solid rgba(150&comma;150&comma;150&comma;0.4); border-radius: 8px; padding: 20px; margin: 30px 0; text-align: center;'>\n<h3 style='margin: 0 0 15px; font-size: 1.25rem; font-weight: 600; color: inherit;'>Contenido del Paquete<\/h3>\n<p> <img src='https:\/\/ftp3.syscom.mx\/usuarios\/adiaz\/Ubiquiti\/Imagenes\/UVCG6I\/contenido.png' alt='Contenido del paquete UVC-G6-INS' style='width: 100%; height: auto; border: 1px solid rgba(150&comma;150&comma;150&comma;0.3); border-radius: 8px; display: block; margin: 0 auto;'> <\/div>\n<hr style='border: 0; border-top: 1px solid rgba(150&comma; 150&comma; 150&comma; 0.3); margin: 30px 0;'> <\/div>\n","protected":false},"excerpt":{"rendered":"<p>C\u00e1mara UniFi Protect G6 Instant con WiFi, 4K, Sensor de Imagen 8MP 1\/1.8&#8243;, Multi-TOPS AI, Audio Bidireccional, Visi\u00f3n Nocturna IR, Protecci\u00f3n IPX5, Reconocimiento Facial y de Matr\u00edcula<\/p>\n","protected":false},"featured_media":99614,"comment_status":"open","ping_status":"closed","template":"","meta":[],"product_brand":[],"product_cat":[2056],"product_tag":[122,2057,166],"class_list":{"0":"post-99615","1":"product","2":"type-product","3":"status-publish","4":"has-post-thumbnail","6":"product_cat-domo-eyeball-turret","7":"product_tag-camaras-ip-y-nvrs","8":"product_tag-domo-eyeball-turret","9":"product_tag-ubiquiti","11":"first","12":"instock","13":"sale","14":"shipping-taxable","15":"purchasable","16":"product-type-simple"},"_links":{"self":[{"href":"https:\/\/soydeaqui.ddns.net\/pachuca\/index.php\/wp-json\/wp\/v2\/product\/99615","targetHints":{"allow":["GET"]}}],"collection":[{"href":"https:\/\/soydeaqui.ddns.net\/pachuca\/index.php\/wp-json\/wp\/v2\/product"}],"about":[{"href":"https:\/\/soydeaqui.ddns.net\/pachuca\/index.php\/wp-json\/wp\/v2\/types\/product"}],"replies":[{"embeddable":true,"href":"https:\/\/soydeaqui.ddns.net\/pachuca\/index.php\/wp-json\/wp\/v2\/comments?post=99615"}],"wp:featuredmedia":[{"embeddable":true,"href":"https:\/\/soydeaqui.ddns.net\/pachuca\/index.php\/wp-json\/wp\/v2\/media\/99614"}],"wp:attachment":[{"href":"https:\/\/soydeaqui.ddns.net\/pachuca\/index.php\/wp-json\/wp\/v2\/media?parent=99615"}],"wp:term":[{"taxonomy":"product_brand","embeddable":true,"href":"https:\/\/soydeaqui.ddns.net\/pachuca\/index.php\/wp-json\/wp\/v2\/product_brand?post=99615"},{"taxonomy":"product_cat","embeddable":true,"href":"https:\/\/soydeaqui.ddns.net\/pachuca\/index.php\/wp-json\/wp\/v2\/product_cat?post=99615"},{"taxonomy":"product_tag","embeddable":true,"href":"https:\/\/soydeaqui.ddns.net\/pachuca\/index.php\/wp-json\/wp\/v2\/product_tag?post=99615"}],"curies":[{"name":"wp","href":"https:\/\/api.w.org\/{rel}","templated":true}]}}