{"id":99613,"date":"2026-03-20T10:35:10","date_gmt":"2026-03-20T10:35:10","guid":{"rendered":"https:\/\/soydeaqui.ddns.net\/pachuca\/index.php\/producto\/disco-duro-interno-western-digital-wd-purp-3-5-inch-hdd-7200-rpm-sata-6gb-s-capacidad-12tb-cache-512mb\/"},"modified":"2026-03-20T10:35:11","modified_gmt":"2026-03-20T10:35:11","slug":"disco-duro-interno-western-digital-wd-purp-3-5-inch-hdd-7200-rpm-sata-6gb-s-capacidad-12tb-cache-512mb","status":"publish","type":"product","link":"https:\/\/soydeaqui.ddns.net\/pachuca\/index.php\/producto\/disco-duro-interno-western-digital-wd-purp-3-5-inch-hdd-7200-rpm-sata-6gb-s-capacidad-12tb-cache-512mb\/","title":{"rendered":"Disco Duro Interno Western Digital \/ WD purp 3.5-inch HDD \/ 7200 RPM \/ SATA 6Gb\/s \/ Capacidad 12TB \/ Cache 512MB \/"},"content":{"rendered":"<div style='width: 100%; max-width: 1200px; margin: 0 auto; font-family: sans-serif; line-height: 1.6; color: inherit; background-color: transparent;'> <!-- Im\u00e1genes --> <\/p>\n<div style='display: flex; flex-wrap: wrap; gap: 15px; margin-bottom: 30px;'> <img style='width: 100%; height: auto; border: 1px solid rgba(150&comma;150&comma;150&comma;0.3); border-radius: 8px;' src='https:\/\/ftp3.syscom.mx\/usuarios\/xguereque\/wd\/imagenes\/triptico-WD-Purple-Pro-HDD-2.jpg' alt='Ficha t\u00e9cnica WD Purple Pro HDD 1'> <img style='width: 100%; height: auto; border: 1px solid rgba(150&comma;150&comma;150&comma;0.3); border-radius: 8px;' src='https:\/\/ftp3.syscom.mx\/usuarios\/xguereque\/wd\/imagenes\/triptico-WD-Purple-Pro-HDD.JPG' alt='Ficha t\u00e9cnica WD Purple Pro HDD 2'> <\/div>\n<p> <!-- Video --> <\/p>\n<div style='position: relative; padding-bottom: 56.25%; height: 0; overflow: hidden; margin-bottom: 30px;'>   <\/div>\n<p> <!-- Especificaciones --> <\/p>\n<div style='display: flex; flex-wrap: wrap; gap: 30px; margin-bottom: 30px;'>\n<div style='flex: 1 1 300px; min-width: 280px;'>\n<h3 style='font-size: 22px; border-bottom: 2px solid currentColor; padding-bottom: 5px; margin-top: 0; color: inherit; opacity: 0.8;'>Especificaciones t\u00e9cnicas<\/h3>\n<ul style='padding-left: 20px; font-size: 15px; color: inherit;'>\n<li style='margin-bottom: 5px;'><strong>Capacidad:<\/strong> 12 TB<\/li>\n<li style='margin-bottom: 5px;'><strong>Factor de forma:<\/strong> 3.5 pulgadas<\/li>\n<li style='margin-bottom: 5px;'><strong>Velocidad de transferencia de datos:<\/strong><\/li>\n<li style='margin-bottom: 5px;'><strong>&#8211; B\u00fafer a host:<\/strong> 6Gb\/s<\/li>\n<li style='margin-bottom: 5px;'><strong>&#8211; Host a\/desde disco (sostenido):<\/strong> 245MB\/s<\/li>\n<li style='margin-bottom: 5px;'><strong>Cache:<\/strong> 256 MB<\/li>\n<li style='margin-bottom: 5px;'><strong>Velocidad de rotaci\u00f3n:<\/strong> 7200 RPM<\/li>\n<li style='margin-bottom: 5px;'><strong>Interfaz:<\/strong> SATA III&comma; 6.0 Gb\/s<\/li>\n<li style='margin-bottom: 5px;'><strong>Aplicaci\u00f3n:<\/strong> Optimizado para aplicaciones de videovigilancia \/ soluciones de video inteligente<\/li>\n<li style='margin-bottom: 5px;'><strong>Cantidad de bah\u00edas:<\/strong> <span style='background-color: #e74c3c; color: #fff; padding: 2px 5px; border-radius: 3px;'>Sin l\u00edmites<\/span><\/li>\n<li style='margin-bottom: 5px;'><strong>Cantidad de c\u00e1maras:<\/strong> <span style='background-color: #e74c3c; color: #fff; padding: 2px 5px; border-radius: 3px;'>De 1 a 64 en resoluci\u00f3n HD<\/span><\/li>\n<\/ul><\/div>\n<div style='flex: 1 1 300px; min-width: 280px;'>\n<h3 style='font-size: 22px; border-bottom: 2px solid currentColor; padding-bottom: 5px; margin-top: 0; color: inherit; opacity: 0.8;'>Caracter\u00edsticas f\u00edsicas y el\u00e9ctricas<\/h3>\n<ul style='padding-left: 20px; font-size: 15px; color: inherit;'>\n<li style='margin-bottom: 5px;'><strong>Temperatura de operaci\u00f3n:<\/strong><\/li>\n<li style='margin-bottom: 5px;'><strong>&#8211; En funcionamiento:<\/strong> 0 &#8211; 65 \u00b0C<\/li>\n<li style='margin-bottom: 5px;'><strong>&#8211; Inactivo:<\/strong> -40 &#8211; 70 \u00b0C<\/li>\n<li style='margin-bottom: 5px;'><strong>Consumo el\u00e9ctrico:<\/strong><\/li>\n<li style='margin-bottom: 5px;'><strong>&#8211; Lectura \/ escritura:<\/strong> 6.6W<\/li>\n<li style='margin-bottom: 5px;'><strong>&#8211; Inactivo:<\/strong> 5.6W<\/li>\n<li style='margin-bottom: 5px;'><strong>&#8211; Espera y suspensi\u00f3n:<\/strong> 0.6W<\/li>\n<li style='margin-bottom: 5px;'><strong>Dimensiones:<\/strong> 26.1 x 147 x 101.6mm<\/li>\n<li style='margin-bottom: 5px;'><strong>Peso:<\/strong> 660g<\/li>\n<li style='margin-bottom: 5px;'><strong>Garant\u00eda:<\/strong> 5 a\u00f1os. SYSCOM \u00fanico distribuidor autorizado para ofrecer garant\u00eda de discos duros <strong>SIN COMPLICACIONES<\/strong><\/li>\n<\/ul><\/div>\n<\/p><\/div>\n<p> <!-- Separador --> <\/p>\n<hr style='border: 0; border-top: 1px solid rgba(150&comma; 150&comma; 150&comma; 0.3); margin: 30px 0;'> <\/div>\n","protected":false},"excerpt":{"rendered":"<p>Disco Duro Interno Western Digital \/ WD purp 3.5-inch HDD \/ 7200 RPM \/ SATA 6Gb\/s \/ Capacidad 12TB \/ Cache 512MB \/<\/p>\n","protected":false},"featured_media":99612,"comment_status":"open","ping_status":"closed","template":"","meta":[],"product_brand":[],"product_cat":[1235],"product_tag":[417,1236,2023],"class_list":{"0":"post-99613","1":"product","2":"type-product","3":"status-publish","4":"has-post-thumbnail","6":"product_cat-accesorios-para-computadora-y-smartphones","7":"product_tag-accesorios-generales","8":"product_tag-accesorios-para-computadora-y-smartphones","9":"product_tag-western-digital-wd","11":"first","12":"instock","13":"sale","14":"shipping-taxable","15":"purchasable","16":"product-type-simple"},"_links":{"self":[{"href":"https:\/\/soydeaqui.ddns.net\/pachuca\/index.php\/wp-json\/wp\/v2\/product\/99613","targetHints":{"allow":["GET"]}}],"collection":[{"href":"https:\/\/soydeaqui.ddns.net\/pachuca\/index.php\/wp-json\/wp\/v2\/product"}],"about":[{"href":"https:\/\/soydeaqui.ddns.net\/pachuca\/index.php\/wp-json\/wp\/v2\/types\/product"}],"replies":[{"embeddable":true,"href":"https:\/\/soydeaqui.ddns.net\/pachuca\/index.php\/wp-json\/wp\/v2\/comments?post=99613"}],"wp:featuredmedia":[{"embeddable":true,"href":"https:\/\/soydeaqui.ddns.net\/pachuca\/index.php\/wp-json\/wp\/v2\/media\/99612"}],"wp:attachment":[{"href":"https:\/\/soydeaqui.ddns.net\/pachuca\/index.php\/wp-json\/wp\/v2\/media?parent=99613"}],"wp:term":[{"taxonomy":"product_brand","embeddable":true,"href":"https:\/\/soydeaqui.ddns.net\/pachuca\/index.php\/wp-json\/wp\/v2\/product_brand?post=99613"},{"taxonomy":"product_cat","embeddable":true,"href":"https:\/\/soydeaqui.ddns.net\/pachuca\/index.php\/wp-json\/wp\/v2\/product_cat?post=99613"},{"taxonomy":"product_tag","embeddable":true,"href":"https:\/\/soydeaqui.ddns.net\/pachuca\/index.php\/wp-json\/wp\/v2\/product_tag?post=99613"}],"curies":[{"name":"wp","href":"https:\/\/api.w.org\/{rel}","templated":true}]}}