{"id":99610,"date":"2026-03-20T10:35:04","date_gmt":"2026-03-20T10:35:04","guid":{"rendered":"https:\/\/soydeaqui.ddns.net\/pachuca\/index.php\/producto\/camara-con-panel-solar-lente-4-mm-ip67-4g-montaje-para-poste\/"},"modified":"2026-03-20T10:35:07","modified_gmt":"2026-03-20T10:35:07","slug":"camara-con-panel-solar-lente-4-mm-ip67-4g-montaje-para-poste","status":"publish","type":"product","link":"https:\/\/soydeaqui.ddns.net\/pachuca\/index.php\/producto\/camara-con-panel-solar-lente-4-mm-ip67-4g-montaje-para-poste\/","title":{"rendered":"Camara con panel solar \/ Lente 4 MM \/ IP67 \/ 4G \/ Montaje para poste"},"content":{"rendered":"<div style='width: 100%; max-width: 1200px; margin: 0 auto; font-family: sans-serif; line-height: 1.6; color: inherit; background-color: transparent;'> <!-- Secci\u00f3n 1 --> <\/p>\n<div style='margin-bottom: 30px;'>\n<div style='display: flex; flex-wrap: wrap; gap: 30px; align-items: center;'>\n<div style='flex: 1 1 300px; min-width: 280px;'> <img style='width: 100%; height: auto; border: 1px solid rgba(150&comma;150&comma;150&comma;0.3); border-radius: 8px;' src='https:\/\/ftp3.syscom.mx\/usuarios\/fotos\/SP111\/S90B36\/236461-principal.png' alt=''> <\/div>\n<div style='flex: 1 1 300px; min-width: 280px;'>\n<h3 style='font-size: 22px; border-bottom: 2px solid currentColor; padding-bottom: 5px; margin-top: 0; color: inherit; opacity: 0.8;'>Simplifique la seguridad remota (ANPR + 4G + Baterias + Panel solar)<\/h3>\n<p style='font-size: 15px; color: inherit;'>Aborde los desaf\u00edos de seguridad fuera de la red con el innovador kit todo en uno de Milesight. Dise\u00f1ado para superar las limitaciones de red y energ\u00eda&comma; esta soluci\u00f3n aprovecha la conectividad 4G y la energ\u00eda solar para proporcionar un sistema completamente inal\u00e1mbrico. Al eliminar la necesidad de cableado complejo y fuentes de energ\u00eda tradicionales&comma; reduce los costos de instalaci\u00f3n&comma; reduce la mano de obra y ahorra un tiempo valioso.<\/p>\n<\/p><\/div>\n<\/p><\/div>\n<\/p><\/div>\n<p> <!-- Secci\u00f3n 2 --> <\/p>\n<div style='margin-bottom: 30px;'>\n<div style='display: flex; flex-wrap: wrap; gap: 30px; align-items: center;'>\n<div style='flex: 1 1 300px; min-width: 280px;'> <img style='width: 100%; height: auto; border: 1px solid rgba(150&comma;150&comma;150&comma;0.3); border-radius: 8px;' src='https:\/\/ftp3.syscom.mx\/usuarios\/fotos\/SP111\/S90B36\/236461-1.png' alt=''> <\/div>\n<div style='flex: 1 1 300px; min-width: 280px;'>\n<h3 style='font-size: 22px; border-bottom: 2px solid currentColor; padding-bottom: 5px; margin-top: 0; color: inherit; opacity: 0.8;'>Equipado con algoritmo inteligente Edge-AI LPR<\/h3>\n<p style='font-size: 15px; color: inherit;'>El algoritmo de vanguardia Edge-AI LPR est\u00e1 dise\u00f1ado para un monitoreo de seguridad superior&comma; lo que permite un reconocimiento preciso de las matr\u00edculas y los atributos de los veh\u00edculos. Admite alertas de listas blancas y negras&comma; detecta veh\u00edculos sin matr\u00edcula y proporciona una gesti\u00f3n de seguridad s\u00f3lida y rastreable.<\/p>\n<\/p><\/div>\n<\/p><\/div>\n<\/p><\/div>\n<p> <!-- Secci\u00f3n 3 --> <\/p>\n<div style='margin-bottom: 30px;'>\n<div style='display: flex; flex-wrap: wrap; gap: 30px; align-items: center;'>\n<div style='flex: 1 1 300px; min-width: 280px;'>\n<h3 style='font-size: 22px; border-bottom: 2px solid currentColor; padding-bottom: 5px; margin-top: 0; color: inherit; opacity: 0.8;'>9 d\u00edas de duraci\u00f3n de bater\u00eda&comma; inigualable 24 horas al d\u00eda&comma; 7 d\u00edas a la semana<\/h3>\n<p style='font-size: 15px; color: inherit;'>Equipado con una bater\u00eda de alta capacidad&comma; este sistema funciona durante 9 d\u00edas de grabaci\u00f3n continua&comma; con funciones de infrarrojos nocturnos y LPR con inteligencia artificial. Incluso en condiciones nubladas o lluviosas&comma; su seguridad permanece intacta&comma; lo que garantiza protecci\u00f3n las 24 horas del d\u00eda y transmisi\u00f3n de video confiable cuando m\u00e1s importa.<\/p>\n<\/p><\/div>\n<div style='flex: 1 1 300px; min-width: 280px;'> <img style='width: 100%; height: auto; border: 1px solid rgba(150&comma;150&comma;150&comma;0.3); border-radius: 8px;' src='https:\/\/ftp3.syscom.mx\/usuarios\/fotos\/SP111\/S90B36\/236461-3.png' alt=''> <\/div>\n<\/p><\/div>\n<\/p><\/div>\n<p> <!-- Secci\u00f3n 4 --> <\/p>\n<div style='margin-bottom: 30px;'>\n<div style='display: flex; flex-wrap: wrap; gap: 30px; align-items: center;'>\n<div style='flex: 1 1 300px; min-width: 280px;'> <img style='width: 100%; height: auto; border: 1px solid rgba(150&comma;150&comma;150&comma;0.3); border-radius: 8px;' src='https:\/\/ftp3.syscom.mx\/usuarios\/fotos\/SP111\/S90B36\/236461-5.png' alt=''> <\/div>\n<div style='flex: 1 1 300px; min-width: 280px;'>\n<h3 style='font-size: 22px; border-bottom: 2px solid currentColor; padding-bottom: 5px; margin-top: 0; color: inherit; opacity: 0.8;'>\u00bfAhorro de energ\u00eda o alto rendimiento? Flexible para sus necesidades<\/h3>\n<p style='font-size: 15px; color: inherit;'><strong>Modo de rendimiento:<\/strong><\/p>\n<ul style='padding-left: 20px; font-size: 15px; color: inherit;'>\n<li style='margin-bottom: 5px;'>Ofrece funcionalidad completa para situaciones de seguridad de alta demanda&comma; garantizando un monitoreo integral y grabaci\u00f3n a velocidades de cuadro m\u00e1ximas para obtener im\u00e1genes m\u00e1s precisas y detalladas.<\/li>\n<\/ul>\n<p style='font-size: 15px; color: inherit;'><strong>Modo de suspensi\u00f3n:<\/strong><\/p>\n<ul style='padding-left: 20px; font-size: 15px; color: inherit;'>\n<li style='margin-bottom: 5px;'>Con dos modos de suspensi\u00f3n (suspensi\u00f3n programada y suspensi\u00f3n de bajo consumo)&comma; este sistema maximiza la eficiencia al extender la vida \u00fatil de la bater\u00eda hasta 165 d\u00edas. Cuando sea necesario&comma; se puede reactivar instant\u00e1neamente en 24 segundos para volver al modo de rendimiento completo&comma; lo que garantiza que su seguridad est\u00e9 siempre en espera y lista para brindar protecci\u00f3n en tiempo real.<\/li>\n<\/ul><\/div>\n<\/p><\/div>\n<\/p><\/div>\n<p> <!-- Secci\u00f3n 5 --> <\/p>\n<div style='margin-bottom: 30px;'>\n<div style='display: flex; flex-wrap: wrap; gap: 30px; align-items: center;'>\n<div style='flex: 1 1 300px; min-width: 280px;'>\n<h3 style='font-size: 22px; border-bottom: 2px solid currentColor; padding-bottom: 5px; margin-top: 0; color: inherit; opacity: 0.8;'>Kit todo en uno con funciones integrales<\/h3>\n<ul style='padding-left: 20px; font-size: 15px; color: inherit;'>\n<li style='margin-bottom: 5px;'>Panel solar<\/li>\n<li style='margin-bottom: 5px;'>Bater\u00eda ternaria de litio de hasta 6*90 Wh<\/li>\n<li style='margin-bottom: 5px;'>M\u00f3dulo GPS incorporado de alta precisi\u00f3n<\/li>\n<li style='margin-bottom: 5px;'>Conectividad 4G<\/li>\n<li style='margin-bottom: 5px;'>C\u00e1mara infraroja 20 mts \/ 1TB de almacenamiento local \/ S\u00faper WDR de 4 MP\/0&comma;005 lux\/120 dB<\/li>\n<li style='margin-bottom: 5px;'>95% de precisi\u00f3n en el reconocimiento de matr\u00edculas y atributos del veh\u00edculo \/ Evento de lista negra\/blanca y evento sin matr\u00edcula<\/li>\n<li style='margin-bottom: 5px;'>Tif\u00f3n IP67 y categor\u00eda 12 garantizados \/ El sistema de protecci\u00f3n de la bater\u00eda garantiza el funcionamiento entre -20 \u00b0C y +60 \u00b0C<\/li>\n<\/ul><\/div>\n<div style='flex: 1 1 300px; min-width: 280px;'> <img style='width: 100%; height: auto; border: 1px solid rgba(150&comma;150&comma;150&comma;0.3); border-radius: 8px;' src='https:\/\/ftp3.syscom.mx\/usuarios\/fotos\/SP111\/S90B36\/236461-6.png' alt=''> <\/div>\n<\/p><\/div>\n<\/p><\/div>\n<p> <!-- Secci\u00f3n 6 --> <\/p>\n<div style='margin-bottom: 30px;'>\n<div style='display: flex; flex-wrap: wrap; gap: 30px; align-items: center;'>\n<div style='flex: 1 1 300px; min-width: 280px;'> <img style='width: 100%; height: auto; border: 1px solid rgba(150&comma;150&comma;150&comma;0.3); border-radius: 8px;' src='https:\/\/ftp3.syscom.mx\/usuarios\/fotos\/SP111\/S90B36\/236461-7.png' alt=''> <\/div>\n<div style='flex: 1 1 300px; min-width: 280px;'>\n<h3 style='font-size: 22px; border-bottom: 2px solid currentColor; padding-bottom: 5px; margin-top: 0; color: inherit; opacity: 0.8;'>Suite SiteGuard para una gesti\u00f3n remota sin inconvenientes<\/h3>\n<p style='font-size: 15px; color: inherit;'>El kit todo en uno de Milesight viene integrado con SiteGuard Suite&comma; un sistema back-end completo que incluye una plataforma en la nube&comma; software de cliente y una aplicaci\u00f3n m\u00f3vil. Esta potente suite permite realizar monitoreo&comma; alertas y administraci\u00f3n remota sin necesidad de estar presente en el sitio.<\/p>\n<\/p><\/div>\n<\/p><\/div>\n<\/p><\/div>\n<p> <!-- Im\u00e1genes adicionales --> <\/p>\n<div style='margin-bottom: 30px;'>\n<div style='display: flex; flex-wrap: wrap; gap: 15px; justify-content: center;'>\n<div style='flex: 1 1 300px; min-width: 280px;'> <img style='width: 100%; height: auto; border: 1px solid rgba(150&comma;150&comma;150&comma;0.3); border-radius: 8px;' src='https:\/\/ftp3.syscom.mx\/usuarios\/fotos\/SP111\/S90B36\/236461-escenarios.png' alt=''> <\/div>\n<div style='flex: 1 1 300px; min-width: 280px;'> <img style='width: 100%; height: auto; border: 1px solid rgba(150&comma;150&comma;150&comma;0.3); border-radius: 8px;' src='https:\/\/ftp3.syscom.mx\/usuarios\/fotos\/SP111\/S90B36\/236461-fin.png' alt=''> <\/div>\n<\/p><\/div>\n<\/p><\/div>\n<\/p><\/div>\n","protected":false},"excerpt":{"rendered":"<p>Camara con panel solar \/ Lente 4 MM \/ IP67 \/ 4G \/ Montaje para poste<\/p>\n","protected":false},"featured_media":99609,"comment_status":"open","ping_status":"closed","template":"","meta":[],"product_brand":[],"product_cat":[121],"product_tag":[122,1455,123],"class_list":{"0":"post-99610","1":"product","2":"type-product","3":"status-publish","4":"has-post-thumbnail","6":"product_cat-wifi-4g-inalambricas","7":"product_tag-camaras-ip-y-nvrs","8":"product_tag-milesight","9":"product_tag-wifi-4g-inalambricas","11":"first","12":"instock","13":"sale","14":"shipping-taxable","15":"purchasable","16":"product-type-simple"},"_links":{"self":[{"href":"https:\/\/soydeaqui.ddns.net\/pachuca\/index.php\/wp-json\/wp\/v2\/product\/99610","targetHints":{"allow":["GET"]}}],"collection":[{"href":"https:\/\/soydeaqui.ddns.net\/pachuca\/index.php\/wp-json\/wp\/v2\/product"}],"about":[{"href":"https:\/\/soydeaqui.ddns.net\/pachuca\/index.php\/wp-json\/wp\/v2\/types\/product"}],"replies":[{"embeddable":true,"href":"https:\/\/soydeaqui.ddns.net\/pachuca\/index.php\/wp-json\/wp\/v2\/comments?post=99610"}],"wp:featuredmedia":[{"embeddable":true,"href":"https:\/\/soydeaqui.ddns.net\/pachuca\/index.php\/wp-json\/wp\/v2\/media\/99609"}],"wp:attachment":[{"href":"https:\/\/soydeaqui.ddns.net\/pachuca\/index.php\/wp-json\/wp\/v2\/media?parent=99610"}],"wp:term":[{"taxonomy":"product_brand","embeddable":true,"href":"https:\/\/soydeaqui.ddns.net\/pachuca\/index.php\/wp-json\/wp\/v2\/product_brand?post=99610"},{"taxonomy":"product_cat","embeddable":true,"href":"https:\/\/soydeaqui.ddns.net\/pachuca\/index.php\/wp-json\/wp\/v2\/product_cat?post=99610"},{"taxonomy":"product_tag","embeddable":true,"href":"https:\/\/soydeaqui.ddns.net\/pachuca\/index.php\/wp-json\/wp\/v2\/product_tag?post=99610"}],"curies":[{"name":"wp","href":"https:\/\/api.w.org\/{rel}","templated":true}]}}