{"id":99588,"date":"2026-03-20T10:33:58","date_gmt":"2026-03-20T10:33:58","guid":{"rendered":"https:\/\/soydeaqui.ddns.net\/pachuca\/index.php\/producto\/monitor-led-4k-de-43-ideal-para-oficina-y-hogar-uso-24-7-entrada-hdmi-compatible-con-montaje-vesa-200-x-200-bocinas-integradas\/"},"modified":"2026-03-20T10:34:10","modified_gmt":"2026-03-20T10:34:10","slug":"monitor-led-4k-de-43-ideal-para-oficina-y-hogar-uso-24-7-entrada-hdmi-compatible-con-montaje-vesa-200-x-200-bocinas-integradas","status":"publish","type":"product","link":"https:\/\/soydeaqui.ddns.net\/pachuca\/index.php\/producto\/monitor-led-4k-de-43-ideal-para-oficina-y-hogar-uso-24-7-entrada-hdmi-compatible-con-montaje-vesa-200-x-200-bocinas-integradas\/","title":{"rendered":"Monitor LED 4K de 43&#8243; \/ Ideal para Oficina y Hogar \/ Uso 24-7 \/ Entrada HDMI \/ Compatible con Montaje VESA (200 X 200) \/ Bocinas Integradas"},"content":{"rendered":"<div style='width: 100%; max-width: 1200px; margin: 0 auto; font-family: sans-serif; line-height: 1.6; color: inherit; background-color: transparent;'>\n<p style='text-align: center; margin: 0 0 30px 0;'> <img style='width: 50%; height: auto; border: 1px solid rgba(150&comma;150&comma;150&comma;0.3); border-radius: 8px;' src='https:\/\/ftp3.syscom.mx\/usuarios\/nortega\/hikvision\/HPD.png' alt=''> <\/p>\n<div style='display: flex; flex-wrap: wrap; gap: 30px; margin-bottom: 30px;'>\n<div style='flex: 1 1 300px; min-width: 280px;'>\n<h3 style='font-size: 22px; border-bottom: 2px solid currentColor; padding-bottom: 5px; margin-top: 0; color: inherit; opacity: 0.8;'>Caracter\u00edsticas principales<\/h3>\n<ul style='padding-left: 20px; font-size: 15px; color: inherit;'>\n<li style='margin-bottom: 5px;'>Monitor 43&#8242; LED 4K (3840 x 2160)<\/li>\n<li style='margin-bottom: 5px;'>Entrada de v\u00eddeo HDMI x3<\/li>\n<li style='margin-bottom: 5px;'>Relaci\u00f3n de contraste: 4000:1<\/li>\n<li style='margin-bottom: 5px;'>Ideal para videovigilancia (uso 24\/7)<\/li>\n<li style='margin-bottom: 5px;'>Horas de trabajo: 60&comma;000<\/li>\n<li style='margin-bottom: 5px;'>Compatible con montajes VESA (200 x 200)<\/li>\n<li style='margin-bottom: 5px;'>Bocinas integradas 8\u03a9 10W x2<\/li>\n<\/ul><\/div>\n<div style='flex: 1 1 300px; min-width: 280px;'>\n<h3 style='font-size: 22px; border-bottom: 2px solid currentColor; padding-bottom: 5px; margin-top: 0; color: inherit; opacity: 0.8;'>Caracter\u00edsticas F\u00edsicas y El\u00e9ctricas<\/h3>\n<ul style='padding-left: 20px; font-size: 15px; color: inherit;'>\n<li style='margin-bottom: 5px;'>Alimentaci\u00f3n \/ Consumo: 100 a 240 VCA \/ 80 Watts.<\/li>\n<li style='margin-bottom: 5px;'>Color negro.<\/li>\n<li style='margin-bottom: 5px;'>Dimensiones:\n<ul style='padding-left: 20px; margin: 5px 0;'>\n<li style='margin-bottom: 5px;'>Con base: 956.7 mm x 616.21 mm x 242.11 mm.<\/li>\n<li style='margin-bottom: 5px;'>Sin base: 956.7 mm x 561.65 mm x 76.06 mm<\/li>\n<\/ul>\n<\/li>\n<li style='margin-bottom: 5px;'>Peso: 6.81 Kg.<\/li>\n<\/ul><\/div>\n<div style='flex: 1 1 300px; min-width: 280px;'>\n<h3 style='font-size: 22px; border-bottom: 2px solid currentColor; padding-bottom: 5px; margin-top: 0; color: inherit; opacity: 0.8;'>Caracter\u00edsticas Destacadas<\/h3>\n<p style='font-size: 15px; color: inherit; margin-bottom: 0;'> Los monitores de HIKVISION est\u00e1n dedicados para el uso continuo (24\/7)&comma; ideal para cualquier ambiente o uso&comma; ya sea para un usuario casero&comma; de oficina o el sistema de videovigilancia. <\/p>\n<\/p><\/div>\n<\/p><\/div>\n<hr style='border: 0; border-top: 1px solid rgba(150&comma; 150&comma; 150&comma; 0.3); margin: 30px 0;'>\n<p style='text-align: center; margin: 0;'> <img style='width: 100%; height: auto; border: 1px solid rgba(150&comma;150&comma;150&comma;0.3); border-radius: 8px;' src='https:\/\/ftp3.syscom.mx\/usuarios\/nortega\/hikvision\/imagenes\/HIKVISION-VW-DS.png' alt=''> <\/p>\n<\/p><\/div>\n","protected":false},"excerpt":{"rendered":"<p>Monitor LED 4K de 43&#8243; \/ Ideal para Oficina y Hogar \/ Uso 24-7 \/ Entrada HDMI \/ Compatible con Montaje VESA (200 X 200) \/ Bocinas Integradas<\/p>\n","protected":false},"featured_media":99587,"comment_status":"open","ping_status":"closed","template":"","meta":[],"product_brand":[],"product_cat":[2191],"product_tag":[54,2089,2192],"class_list":{"0":"post-99588","1":"product","2":"type-product","3":"status-publish","4":"has-post-thumbnail","6":"product_cat-pantallas-monitores-monitores-pantallas-y-mobiliario","7":"product_tag-hikvision","8":"product_tag-monitores-pantallas-y-mobiliario","9":"product_tag-pantallas-monitores-2","11":"first","12":"instock","13":"sale","14":"shipping-taxable","15":"purchasable","16":"product-type-simple"},"_links":{"self":[{"href":"https:\/\/soydeaqui.ddns.net\/pachuca\/index.php\/wp-json\/wp\/v2\/product\/99588","targetHints":{"allow":["GET"]}}],"collection":[{"href":"https:\/\/soydeaqui.ddns.net\/pachuca\/index.php\/wp-json\/wp\/v2\/product"}],"about":[{"href":"https:\/\/soydeaqui.ddns.net\/pachuca\/index.php\/wp-json\/wp\/v2\/types\/product"}],"replies":[{"embeddable":true,"href":"https:\/\/soydeaqui.ddns.net\/pachuca\/index.php\/wp-json\/wp\/v2\/comments?post=99588"}],"wp:featuredmedia":[{"embeddable":true,"href":"https:\/\/soydeaqui.ddns.net\/pachuca\/index.php\/wp-json\/wp\/v2\/media\/99587"}],"wp:attachment":[{"href":"https:\/\/soydeaqui.ddns.net\/pachuca\/index.php\/wp-json\/wp\/v2\/media?parent=99588"}],"wp:term":[{"taxonomy":"product_brand","embeddable":true,"href":"https:\/\/soydeaqui.ddns.net\/pachuca\/index.php\/wp-json\/wp\/v2\/product_brand?post=99588"},{"taxonomy":"product_cat","embeddable":true,"href":"https:\/\/soydeaqui.ddns.net\/pachuca\/index.php\/wp-json\/wp\/v2\/product_cat?post=99588"},{"taxonomy":"product_tag","embeddable":true,"href":"https:\/\/soydeaqui.ddns.net\/pachuca\/index.php\/wp-json\/wp\/v2\/product_tag?post=99588"}],"curies":[{"name":"wp","href":"https:\/\/api.w.org\/{rel}","templated":true}]}}