{"id":99582,"date":"2026-03-20T10:33:43","date_gmt":"2026-03-20T10:33:43","guid":{"rendered":"https:\/\/soydeaqui.ddns.net\/pachuca\/index.php\/producto\/camara-ip-doble-lente-de-2mp-para-interior-especial-para-solucion-de-policia\/"},"modified":"2026-03-20T10:33:44","modified_gmt":"2026-03-20T10:33:44","slug":"camara-ip-doble-lente-de-2mp-para-interior-especial-para-solucion-de-policia","status":"publish","type":"product","link":"https:\/\/soydeaqui.ddns.net\/pachuca\/index.php\/producto\/camara-ip-doble-lente-de-2mp-para-interior-especial-para-solucion-de-policia\/","title":{"rendered":"Camara IP \/ doble lente de 2MP \/ para interior \/ especial para soluci\u00f3n de polic\u00eda"},"content":{"rendered":"<div style='width: 100%; max-width: 1200px; margin: 0 auto; font-family: sans-serif; line-height: 1.6; color: inherit; background-color: transparent;'>\n<div style='display: flex; flex-wrap: wrap; gap: 30px; margin-bottom: 30px;'>\n<div style='flex: 1 1 300px; min-width: 280px;'>\n<h3 style='font-size: 22px; border-bottom: 2px solid currentColor; padding-bottom: 5px; margin-top: 0; color: inherit; opacity: 0.8;'>Caracter\u00edsticas Principales<\/h3>\n<ul style='padding-left: 20px; font-size: 15px; color: inherit;'>\n<li style='margin-bottom: 5px;'>C\u00e1mara IP con tecnolog\u00eda AI para mejorar eficiencia en operaciones<\/li>\n<li style='margin-bottom: 5px;'>Dise\u00f1o de doble lente para \u00e1ngulo m\u00e1s amplio y mayor distancia de grabaci\u00f3n<\/li>\n<li style='margin-bottom: 5px;'>Lente rotativo permite selecci\u00f3n r\u00e1pida de \u00e1reas clave para monitoreo<\/li>\n<li style='margin-bottom: 5px;'>Dise\u00f1o compacto y f\u00e1cil instalaci\u00f3n con cinta adhesiva 3M<\/li>\n<li style='margin-bottom: 5px;'>Resoluci\u00f3n 1080P HD para grabaciones claras del proceso operativo<\/li>\n<\/ul>\n<\/div>\n<div style='flex: 1 1 300px; min-width: 280px;'>\n<h3 style='font-size: 22px; border-bottom: 2px solid currentColor; padding-bottom: 5px; margin-top: 0; color: inherit; opacity: 0.8;'>Especificaciones T\u00e9cnicas<\/h3>\n<ul style='padding-left: 20px; font-size: 15px; color: inherit;'>\n<li style='margin-bottom: 5px;'><strong>Sensor de imagen:<\/strong> CMOS 1\/2.8&#8242;<\/li>\n<li style='margin-bottom: 5px;'><strong>Velocidad de obturador:<\/strong> Autom\u00e1tico 1\/30s-1\/5000s&comma; Manual 1\/30s-1\/100000s<\/li>\n<li style='margin-bottom: 5px;'><strong>P\u00edxeles efectivos:<\/strong> 1920(H) x 1080(V)<\/li>\n<li style='margin-bottom: 5px;'><strong>Relaci\u00f3n S\/N:<\/strong> \u226548dB<\/li>\n<li style='margin-bottom: 5px;'><strong>M\u00ednima iluminaci\u00f3n:<\/strong> 0.05lux\/F1.2<\/li>\n<li style='margin-bottom: 5px;'><strong>Resoluci\u00f3n seleccionable:<\/strong> 1080P \/ 720P<\/li>\n<\/ul>\n<\/div>\n<\/div>\n<div style='display: flex; flex-wrap: wrap; gap: 20px; margin-bottom: 30px;'>\n<div style='flex: 1 1 250px; border: 1px solid rgba(150&comma; 150&comma; 150&comma; 0.4); border-radius: 8px; overflow: hidden; display: flex; flex-direction: column;'>\n<div style='padding: 15px; border-bottom: 1px solid rgba(150&comma; 150&comma; 150&comma; 0.2); font-weight: bold; font-size: 18px; color: inherit;'>Lentes<\/div>\n<div style='padding: 15px; color: inherit;'>\n<ul style='padding-left: 20px; margin: 0; font-size: 14px; list-style-type: disc;'>\n<li style='margin-bottom: 5px;'><strong>Lente gran angular:<\/strong> 2.6mm<\/li>\n<li style='margin-bottom: 5px;'><strong>\u00c1ngulo de visi\u00f3n:<\/strong> 130\u00b0<\/li>\n<li style='margin-bottom: 5px;'><strong>Lente telefoto:<\/strong> 8mm<\/li>\n<li style='margin-bottom: 5px;'><strong>\u00c1ngulo de visi\u00f3n:<\/strong> 46\u00b0<\/li>\n<li style='margin-bottom: 5px;'><strong>\u00c1ngulo de rotaci\u00f3n:<\/strong> \u00b125\u00b0<\/li>\n<\/ul>\n<\/div>\n<\/div>\n<div style='flex: 1 1 250px; border: 1px solid rgba(150&comma; 150&comma; 150&comma; 0.4); border-radius: 8px; overflow: hidden; display: flex; flex-direction: column;'>\n<div style='padding: 15px; border-bottom: 1px solid rgba(150&comma; 150&comma; 150&comma; 0.2); font-weight: bold; font-size: 18px; color: inherit;'>Compresi\u00f3n de V\u00eddeo y Audio<\/div>\n<div style='padding: 15px; color: inherit;'>\n<ul style='padding-left: 20px; margin: 0; font-size: 14px; list-style-type: disc;'>\n<li style='margin-bottom: 5px;'><strong>Formato de compresi\u00f3n de v\u00eddeo:<\/strong> H.265\/H.264<\/li>\n<li style='margin-bottom: 5px;'><strong>Formato de compresi\u00f3n de audio:<\/strong> G.711A\/G.711U\/ADPCM\/G.726<\/li>\n<\/ul>\n<\/div>\n<\/div>\n<div style='flex: 1 1 250px; border: 1px solid rgba(150&comma; 150&comma; 150&comma; 0.4); border-radius: 8px; overflow: hidden; display: flex; flex-direction: column;'>\n<div style='padding: 15px; border-bottom: 1px solid rgba(150&comma; 150&comma; 150&comma; 0.2); font-weight: bold; font-size: 18px; color: inherit;'>Control de V\u00eddeo<\/div>\n<div style='padding: 15px; color: inherit;'>\n<ul style='padding-left: 20px; margin: 0; font-size: 14px; list-style-type: disc;'>\n<li style='margin-bottom: 5px;'>Soporta rango din\u00e1mico ampliado (WDR)<\/li>\n<li style='margin-bottom: 5px;'>Control de ganancia autom\u00e1tico\/manual<\/li>\n<li style='margin-bottom: 5px;'>Balance de blancos autom\u00e1tico<\/li>\n<li style='margin-bottom: 5px;'>Compensaci\u00f3n de luz trasera<\/li>\n<\/ul>\n<\/div>\n<\/div>\n<div style='flex: 1 1 250px; border: 1px solid rgba(150&comma; 150&comma; 150&comma; 0.4); border-radius: 8px; overflow: hidden; display: flex; flex-direction: column;'>\n<div style='padding: 15px; border-bottom: 1px solid rgba(150&comma; 150&comma; 150&comma; 0.2); font-weight: bold; font-size: 18px; color: inherit;'>Especificaciones F\u00edsicas<\/div>\n<div style='padding: 15px; color: inherit;'>\n<ul style='padding-left: 20px; margin: 0; font-size: 14px; list-style-type: disc;'>\n<li style='margin-bottom: 5px;'><strong>Dimensiones:<\/strong> 3.90&#8242; (L) x 1.57&#8242; (An) x 3.23&#8242; (Al)<\/li>\n<li style='margin-bottom: 5px;'><strong>Peso:<\/strong> 273.1 g<\/li>\n<\/ul>\n<\/div>\n<\/div>\n<div style='flex: 1 1 250px; border: 1px solid rgba(150&comma; 150&comma; 150&comma; 0.4); border-radius: 8px; overflow: hidden; display: flex; flex-direction: column;'>\n<div style='padding: 15px; border-bottom: 1px solid rgba(150&comma; 150&comma; 150&comma; 0.2); font-weight: bold; font-size: 18px; color: inherit;'>Condiciones Ambientales<\/div>\n<div style='padding: 15px; color: inherit;'>\n<ul style='padding-left: 20px; margin: 0; font-size: 14px; list-style-type: disc;'>\n<li style='margin-bottom: 5px;'><strong>Temperatura de operaci\u00f3n:<\/strong> -40.0\u2109 a 158\u2109 (-40\u2103 a 70\u2103)<\/li>\n<li style='margin-bottom: 5px;'><strong>Temperatura de almacenamiento:<\/strong> -40.0\u2109 a 185\u2109 (-40\u2103 a 85\u2103)<\/li>\n<li style='margin-bottom: 5px;'><strong>Humedad de operaci\u00f3n:<\/strong> 95% sin condensaci\u00f3n<\/li>\n<\/ul>\n<\/div>\n<\/div>\n<\/div>\n<hr style='border: 0; border-top: 1px solid rgba(150&comma; 150&comma; 150&comma; 0.3); margin: 30px 0;'><\/div>\n","protected":false},"excerpt":{"rendered":"<p>Camara IP \/ doble lente de 2MP \/ para interior \/ especial para soluci\u00f3n de polic\u00eda<\/p>\n","protected":false},"featured_media":32,"comment_status":"open","ping_status":"closed","template":"","meta":[],"product_brand":[],"product_cat":[2272,1406],"product_tag":[2273,1409,935,1345],"class_list":{"0":"post-99582","1":"product","2":"type-product","3":"status-publish","4":"has-post-thumbnail","6":"product_cat-camaras-moviles","7":"product_cat-videograbadoras-moviles-videovigilancia","8":"product_tag-camaras-moviles","9":"product_tag-dash-cams-y-body-cams","10":"product_tag-epcom","11":"product_tag-videograbadoras-moviles","13":"first","14":"outofstock","15":"sale","16":"shipping-taxable","17":"purchasable","18":"product-type-simple"},"_links":{"self":[{"href":"https:\/\/soydeaqui.ddns.net\/pachuca\/index.php\/wp-json\/wp\/v2\/product\/99582","targetHints":{"allow":["GET"]}}],"collection":[{"href":"https:\/\/soydeaqui.ddns.net\/pachuca\/index.php\/wp-json\/wp\/v2\/product"}],"about":[{"href":"https:\/\/soydeaqui.ddns.net\/pachuca\/index.php\/wp-json\/wp\/v2\/types\/product"}],"replies":[{"embeddable":true,"href":"https:\/\/soydeaqui.ddns.net\/pachuca\/index.php\/wp-json\/wp\/v2\/comments?post=99582"}],"wp:featuredmedia":[{"embeddable":true,"href":"https:\/\/soydeaqui.ddns.net\/pachuca\/index.php\/wp-json\/wp\/v2\/media\/32"}],"wp:attachment":[{"href":"https:\/\/soydeaqui.ddns.net\/pachuca\/index.php\/wp-json\/wp\/v2\/media?parent=99582"}],"wp:term":[{"taxonomy":"product_brand","embeddable":true,"href":"https:\/\/soydeaqui.ddns.net\/pachuca\/index.php\/wp-json\/wp\/v2\/product_brand?post=99582"},{"taxonomy":"product_cat","embeddable":true,"href":"https:\/\/soydeaqui.ddns.net\/pachuca\/index.php\/wp-json\/wp\/v2\/product_cat?post=99582"},{"taxonomy":"product_tag","embeddable":true,"href":"https:\/\/soydeaqui.ddns.net\/pachuca\/index.php\/wp-json\/wp\/v2\/product_tag?post=99582"}],"curies":[{"name":"wp","href":"https:\/\/api.w.org\/{rel}","templated":true}]}}