{"id":99540,"date":"2026-03-20T10:31:41","date_gmt":"2026-03-20T10:31:41","guid":{"rendered":"https:\/\/soydeaqui.ddns.net\/pachuca\/index.php\/producto\/multicontacto-horizontal-pdu-de-6-contactos-nema-5-15r-rack-19-1ur-voltaje-entrada-salida-120vca-15a\/"},"modified":"2026-03-20T10:31:45","modified_gmt":"2026-03-20T10:31:45","slug":"multicontacto-horizontal-pdu-de-6-contactos-nema-5-15r-rack-19-1ur-voltaje-entrada-salida-120vca-15a","status":"publish","type":"product","link":"https:\/\/soydeaqui.ddns.net\/pachuca\/index.php\/producto\/multicontacto-horizontal-pdu-de-6-contactos-nema-5-15r-rack-19-1ur-voltaje-entrada-salida-120vca-15a\/","title":{"rendered":"Multicontacto Horizontal (PDU) de 6 Contactos (NEMA 5-15R) Rack 19&#8243; 1UR. Voltaje Entrada\/Salida: 120Vca\/15A"},"content":{"rendered":"<div style='width: 100%; max-width: 1200px; margin: 0 auto; font-family: sans-serif; line-height: 1.6; color: inherit; background-color: transparent;'>\n<div style='display: flex; flex-wrap: wrap; gap: 30px; margin-bottom: 30px;'>\n<div style='flex: 1 1 300px; min-width: 280px;'> <img style='width: 100%; height: auto; border: 1px solid rgba(150&comma;150&comma;150&comma;0.3); border-radius: 8px;' src='https:\/\/ftp3.syscom.mx\/usuarios\/fotos\/HTCM1U6C\/236162-banner_arriba_linkedpro.jpg' alt=''> <\/p>\n<p style='font-size: 15px; margin-top: 15px; color: inherit;'> Nuestra Barra de contactos horizontal HTCM1U6C ofrece una capacidad de distribuci\u00f3n de 15 Amp. a trav\u00e9s de 6 tomas&comma; es ideal para distribuir formas de ondas alternas del UPS o energ\u00eda del generador en racks&comma; armarios de red y m\u00e1s. <\/p>\n<p> <img style='width: 160px; height: auto; border: 1px solid rgba(150&comma;150&comma;150&comma;0.3); border-radius: 8px; margin: 20px 0;' src='http:\/\/ftp3.syscom.mx\/usuarios\/dcarreon\/LOGOS\/LOGOS\/LINKEDPRO%20(1).jpg' alt=''> <\/div>\n<\/p><\/div>\n<div style='display: flex; flex-wrap: wrap; gap: 20px; margin-bottom: 30px;'>\n<div style='flex: 1 1 250px; border: 1px solid rgba(150&comma; 150&comma; 150&comma; 0.4); border-radius: 8px; overflow: hidden; display: flex; flex-direction: column;'>\n<div style='padding: 15px; border-bottom: 1px solid rgba(150&comma; 150&comma; 150&comma; 0.2); font-weight: bold; font-size: 18px; color: inherit;'>Caracter\u00edsticas Funcionales<\/div>\n<div style='padding: 15px; color: inherit;'>\n<ul style='padding-left: 20px; margin: 0; font-size: 14px; list-style-type: disc;'>\n<li style='margin-bottom: 5px;'>Dise\u00f1o Liviano y resistente.<\/li>\n<li style='margin-bottom: 5px;'>Capacidad para conexi\u00f3n de 6 equipos.<\/li>\n<li style='margin-bottom: 5px;'>Tipo de conector: NEMA 5-15<\/li>\n<li style='margin-bottom: 5px;'>Ideal para montaje en Rack de 19&#8242; de acuerdo a norma ANSI\/TIA RS-310D.<\/li>\n<li style='margin-bottom: 5px;'>Ocupa solo <strong>1 unidad de espacio<\/strong>.<\/li>\n<li style='margin-bottom: 5px;'>Aplicaci\u00f3n: Interior.<\/li>\n<li style='margin-bottom: 5px;'>Voltaje de entrada: 120 VCA&comma; 50\/60 Hz.<\/li>\n<li style='margin-bottom: 5px;'>Posee reestablecedor de 15 Amps con fusible que garantiza la seguridad de los dispositivos conectados.<\/li>\n<li style='margin-bottom: 5px;'>Cuenta con un cable de 2.5 m para conexi\u00f3n.<\/li>\n<li style='margin-bottom: 5px;'>Amperaje M\u00e1ximo por Conexi\u00f3n 2.5Amp.<\/li>\n<\/ul><\/div>\n<\/p><\/div>\n<div style='flex: 1 1 250px; border: 1px solid rgba(150&comma; 150&comma; 150&comma; 0.4); border-radius: 8px; overflow: hidden; display: flex; flex-direction: column;'>\n<div style='padding: 15px; border-bottom: 1px solid rgba(150&comma; 150&comma; 150&comma; 0.2); font-weight: bold; font-size: 18px; color: inherit;'>Datos F\u00edsicos<\/div>\n<div style='padding: 15px; color: inherit;'>\n<ul style='padding-left: 20px; margin: 0; font-size: 14px; list-style-type: disc;'>\n<li style='margin-bottom: 5px;'>Pintura color negro por aplicaci\u00f3n electrost\u00e1tica.<\/li>\n<li style='margin-bottom: 5px;'>Dimensiones: 483 x 44 x 57 mm (ancho x alto x profundidad).<\/li>\n<li style='margin-bottom: 5px;'>Peso: 1.10 Kg.<\/li>\n<li style='margin-bottom: 5px;'>Material de fabricaci\u00f3n: L\u00e1mina de acero cal. 18.<\/li>\n<\/ul><\/div>\n<\/p><\/div>\n<div style='flex: 1 1 250px; border: 1px solid rgba(150&comma; 150&comma; 150&comma; 0.4); border-radius: 8px; overflow: hidden; display: flex; flex-direction: column;'>\n<div style='padding: 15px; border-bottom: 1px solid rgba(150&comma; 150&comma; 150&comma; 0.2); font-weight: bold; font-size: 18px; color: inherit;'>Aplicaciones<\/div>\n<div style='padding: 15px; color: inherit;'>\n<ul style='padding-left: 20px; margin: 0; font-size: 14px; list-style-type: disc;'>\n<li style='margin-bottom: 5px;'>Distribuci\u00f3n de energ\u00eda para varias cargas en rack de 19&#8242;.<\/li>\n<li style='margin-bottom: 5px;'>Alimentaci\u00f3n de switchs&comma; fuentes de poder&comma; UPS&#8217;s o sistemas de c\u00f3mputo.<\/li>\n<li style='margin-bottom: 5px;'>Sistemas de telecomunicaci\u00f3n (DVR&#8217;s&comma; c\u00e1maras&comma; Poe&#8217;s&comma; etc.).<\/li>\n<\/ul><\/div>\n<\/p><\/div>\n<\/p><\/div>\n<hr style='border: 0; border-top: 1px solid rgba(150&comma; 150&comma; 150&comma; 0.3); margin: 30px 0;'>\n<div style='display: flex; flex-wrap: wrap; gap: 30px;'>\n<div style='flex: 1 1 300px; min-width: 280px;'> <img style='width: 100%; height: auto; border: 1px solid rgba(150&comma;150&comma;150&comma;0.3); border-radius: 8px;' src='https:\/\/ftp3.syscom.mx\/usuarios\/fotos\/HTCM1U6C\/236162-diferencia_entre_pdu.png' alt=''> <\/div>\n<\/p><\/div>\n<\/p><\/div>\n","protected":false},"excerpt":{"rendered":"<p>Multicontacto Horizontal (PDU) de 6 Contactos (NEMA 5-15R) Rack 19&#8243; 1UR. Voltaje Entrada\/Salida: 120Vca\/15A<\/p>\n","protected":false},"featured_media":99539,"comment_status":"open","ping_status":"closed","template":"","meta":[],"product_brand":[],"product_cat":[604],"product_tag":[606,435,605],"class_list":{"0":"post-99540","1":"product","2":"type-product","3":"status-publish","4":"has-post-thumbnail","6":"product_cat-accesorios-para-racks-y-gabinetes","7":"product_tag-accesorios-para-racks-y-gabinetes","8":"product_tag-linkedpro-by-epcom","9":"product_tag-racks-y-gabinetes","11":"first","12":"instock","13":"sale","14":"shipping-taxable","15":"purchasable","16":"product-type-simple"},"_links":{"self":[{"href":"https:\/\/soydeaqui.ddns.net\/pachuca\/index.php\/wp-json\/wp\/v2\/product\/99540","targetHints":{"allow":["GET"]}}],"collection":[{"href":"https:\/\/soydeaqui.ddns.net\/pachuca\/index.php\/wp-json\/wp\/v2\/product"}],"about":[{"href":"https:\/\/soydeaqui.ddns.net\/pachuca\/index.php\/wp-json\/wp\/v2\/types\/product"}],"replies":[{"embeddable":true,"href":"https:\/\/soydeaqui.ddns.net\/pachuca\/index.php\/wp-json\/wp\/v2\/comments?post=99540"}],"wp:featuredmedia":[{"embeddable":true,"href":"https:\/\/soydeaqui.ddns.net\/pachuca\/index.php\/wp-json\/wp\/v2\/media\/99539"}],"wp:attachment":[{"href":"https:\/\/soydeaqui.ddns.net\/pachuca\/index.php\/wp-json\/wp\/v2\/media?parent=99540"}],"wp:term":[{"taxonomy":"product_brand","embeddable":true,"href":"https:\/\/soydeaqui.ddns.net\/pachuca\/index.php\/wp-json\/wp\/v2\/product_brand?post=99540"},{"taxonomy":"product_cat","embeddable":true,"href":"https:\/\/soydeaqui.ddns.net\/pachuca\/index.php\/wp-json\/wp\/v2\/product_cat?post=99540"},{"taxonomy":"product_tag","embeddable":true,"href":"https:\/\/soydeaqui.ddns.net\/pachuca\/index.php\/wp-json\/wp\/v2\/product_tag?post=99540"}],"curies":[{"name":"wp","href":"https:\/\/api.w.org\/{rel}","templated":true}]}}