{"id":99533,"date":"2026-03-20T10:31:22","date_gmt":"2026-03-20T10:31:22","guid":{"rendered":"https:\/\/soydeaqui.ddns.net\/pachuca\/index.php\/producto\/soporte-de-pared-ajustable-de-32-75-in\/"},"modified":"2026-03-20T10:31:24","modified_gmt":"2026-03-20T10:31:24","slug":"soporte-de-pared-ajustable-de-32-75-in","status":"publish","type":"product","link":"https:\/\/soydeaqui.ddns.net\/pachuca\/index.php\/producto\/soporte-de-pared-ajustable-de-32-75-in\/","title":{"rendered":"Soporte de pared ajustable de  32 -75 IN"},"content":{"rendered":"<div style='width: 100%; max-width: 1200px; margin: 0 auto; font-family: sans-serif; line-height: 1.6; color: inherit; background-color: transparent;'>\n<div style='width: 100%;'> <img style='width: 100%; height: auto; border: 1px solid rgba(150&comma;150&comma;150&comma;0.3); border-radius: 8px; display: block; margin: 0 auto;' src='https:\/\/ftp3.syscom.mx\/usuarios\/albamaria\/albamaria\/Epcomindustrial\/imagenes\/EM502M400\/EM502M400VistaGeneral.png' alt=''> <\/div>\n<p> <!-- Descripci\u00f3n General --> <\/p>\n<div style='margin: 30px 0;'>\n<div style='display: flex; flex-wrap: wrap; gap: 30px;'>\n<div style='flex: 1 1 300px; min-width: 280px;'>\n<h3 style='font-size: 22px; border-bottom: 2px solid currentColor; padding-bottom: 5px; margin-top: 0; color: inherit; opacity: 0.8;'>Descripci\u00f3n General<\/h3>\n<p style='font-size: 15px; color: inherit; text-align: justify;'> Maximiza el espacio en tu comercio u oficina con nuestros soportes para piso. Dise\u00f1ados para ofrecer una vista perfecta desde cualquier \u00e1ngulo&comma; estos soportes combinan funcionalidad y estilo&comma; adapt\u00e1ndose a cualquier entorno sin sacrificar espacio. <\/p>\n<\/p><\/div>\n<\/p><\/div>\n<\/p><\/div>\n<p> <!-- Caracter\u00edsticas Principales --> <\/p>\n<div style='margin: 30px 0;'>\n<div style='display: flex; flex-wrap: wrap; gap: 30px;'>\n<div style='flex: 1 1 300px; min-width: 280px;'>\n<h3 style='font-size: 22px; border-bottom: 2px solid currentColor; padding-bottom: 5px; margin-top: 0; color: inherit; opacity: 0.8;'>Caracter\u00edsticas Principales<\/h3>\n<ul style='padding-left: 20px; font-size: 15px; color: inherit;'>\n<li style='margin-bottom: 5px;'><strong>Orientaci\u00f3n Horizontal:<\/strong> Compatible con pantallas de 32\u2033 a 75\u2033.<\/li>\n<li style='margin-bottom: 5px;'><strong>Carga M\u00e1xima:<\/strong> Soporta hasta 110 lbs (50 kg).<\/li>\n<\/ul><\/div>\n<\/p><\/div>\n<\/p><\/div>\n<p> <!-- Secci\u00f3n de dimensiones --> <\/p>\n<div style='margin: 30px 0;'>\n<div style='display: flex; flex-wrap: wrap; gap: 30px;'>\n<div style='flex: 1 1 300px; min-width: 280px;'>\n<h3 style='font-size: 22px; border-bottom: 2px solid currentColor; padding-bottom: 5px; margin-top: 0; color: inherit; opacity: 0.8;'>Dimensiones<\/h3>\n<div style='width: 100%;'> <img style='width: 100%; height: auto; border: 1px solid rgba(150&comma;150&comma;150&comma;0.3); border-radius: 8px; display: block; margin: 0 auto;' src='https:\/\/ftp3.syscom.mx\/usuarios\/albamaria\/albamaria\/Epcomindustrial\/imagenes\/EM502M400\/EM502M400dimensiones.png' alt=''> <\/div>\n<\/p><\/div>\n<\/p><\/div>\n<\/p><\/div>\n<p> <!-- Torniller\u00eda Incluida --> <\/p>\n<div style='margin: 30px 0;'>\n<div style='display: flex; flex-wrap: wrap; gap: 30px;'>\n<div style='flex: 1 1 300px; min-width: 280px;'>\n<h3 style='font-size: 22px; border-bottom: 2px solid currentColor; padding-bottom: 5px; margin-top: 0; color: inherit; opacity: 0.8;'>Torniller\u00eda Incluida<\/h3>\n<div style='width: 100%;'> <img style='width: 100%; height: auto; border: 1px solid rgba(150&comma;150&comma;150&comma;0.3); border-radius: 8px; display: block; margin: 0 auto;' src='https:\/\/ftp3.syscom.mx\/usuarios\/albamaria\/albamaria\/Epcomindustrial\/imagenes\/EM502M400\/EM502M400Tornilleria.png' alt=''> <\/div>\n<\/p><\/div>\n<\/p><\/div>\n<\/p><\/div>\n<p> <!-- Separador --> <\/p>\n<hr style='border: 0; border-top: 1px solid rgba(150&comma; 150&comma; 150&comma; 0.3); margin: 30px 0;'> <\/div>\n","protected":false},"excerpt":{"rendered":"<p>Soporte de pared ajustable de  32 -75 IN<\/p>\n","protected":false},"featured_media":99532,"comment_status":"open","ping_status":"closed","template":"","meta":[],"product_brand":[],"product_cat":[2115],"product_tag":[93,181,2089],"class_list":{"0":"post-99533","1":"product","2":"type-product","3":"status-publish","4":"has-post-thumbnail","6":"product_cat-accesorios-monitores-pantallas-y-mobiliario","7":"product_tag-accesorios","8":"product_tag-epcom-industrial","9":"product_tag-monitores-pantallas-y-mobiliario","11":"first","12":"outofstock","13":"sale","14":"shipping-taxable","15":"purchasable","16":"product-type-simple"},"_links":{"self":[{"href":"https:\/\/soydeaqui.ddns.net\/pachuca\/index.php\/wp-json\/wp\/v2\/product\/99533","targetHints":{"allow":["GET"]}}],"collection":[{"href":"https:\/\/soydeaqui.ddns.net\/pachuca\/index.php\/wp-json\/wp\/v2\/product"}],"about":[{"href":"https:\/\/soydeaqui.ddns.net\/pachuca\/index.php\/wp-json\/wp\/v2\/types\/product"}],"replies":[{"embeddable":true,"href":"https:\/\/soydeaqui.ddns.net\/pachuca\/index.php\/wp-json\/wp\/v2\/comments?post=99533"}],"wp:featuredmedia":[{"embeddable":true,"href":"https:\/\/soydeaqui.ddns.net\/pachuca\/index.php\/wp-json\/wp\/v2\/media\/99532"}],"wp:attachment":[{"href":"https:\/\/soydeaqui.ddns.net\/pachuca\/index.php\/wp-json\/wp\/v2\/media?parent=99533"}],"wp:term":[{"taxonomy":"product_brand","embeddable":true,"href":"https:\/\/soydeaqui.ddns.net\/pachuca\/index.php\/wp-json\/wp\/v2\/product_brand?post=99533"},{"taxonomy":"product_cat","embeddable":true,"href":"https:\/\/soydeaqui.ddns.net\/pachuca\/index.php\/wp-json\/wp\/v2\/product_cat?post=99533"},{"taxonomy":"product_tag","embeddable":true,"href":"https:\/\/soydeaqui.ddns.net\/pachuca\/index.php\/wp-json\/wp\/v2\/product_tag?post=99533"}],"curies":[{"name":"wp","href":"https:\/\/api.w.org\/{rel}","templated":true}]}}