{"id":99511,"date":"2026-03-20T10:30:30","date_gmt":"2026-03-20T10:30:30","guid":{"rendered":"https:\/\/soydeaqui.ddns.net\/pachuca\/index.php\/producto\/taladro-de-120-vca-con-portabrocas-de-1-2-velocidad-variable-de-0-a-3000-rpm-potencia-650-w-incluye-llave-de-mandril\/"},"modified":"2026-03-20T10:30:33","modified_gmt":"2026-03-20T10:30:33","slug":"taladro-de-120-vca-con-portabrocas-de-1-2-velocidad-variable-de-0-a-3000-rpm-potencia-650-w-incluye-llave-de-mandril","status":"publish","type":"product","link":"https:\/\/soydeaqui.ddns.net\/pachuca\/index.php\/producto\/taladro-de-120-vca-con-portabrocas-de-1-2-velocidad-variable-de-0-a-3000-rpm-potencia-650-w-incluye-llave-de-mandril\/","title":{"rendered":"Taladro de 120 Vca con Portabrocas de 1\/2&#8243;, velocidad variable de 0 a 3000 RPM, Potencia 650 W. incluye llave de mandril"},"content":{"rendered":"<div style='width: 100%; max-width: 1200px; margin: 0 auto; font-family: sans-serif; line-height: 1.6; color: inherit; background-color: transparent;'>\n<div style='display: flex; flex-wrap: wrap; gap: 30px; margin-bottom: 30px;'>\n<div style='flex: 1 1 300px; min-width: 280px;'>\n<h3 style='font-size: 22px; border-bottom: 2px solid currentColor; padding-bottom: 5px; margin-top: 0; color: inherit; opacity: 0.8;'>Descripci\u00f3n<\/h3>\n<ul style='padding-left: 20px; font-size: 15px; color: inherit;'>\n<li style='margin-bottom: 5px;'>El Taladro modelo DP4020 presenta un potente motor de 5.5 amperes para taladrado mejorado en una amplia variedad de materiales.<\/li>\n<li style='margin-bottom: 5px;'>Presenta un portabrocas de 1\/2&#8242; y un dise\u00f1o de velocidad variable con 0-3&comma;000 RPM y velocidad de reversa tambi\u00e9n.<\/li>\n<li style='margin-bottom: 5px;'>La construcci\u00f3n de baleros para resistencia y larga duraci\u00f3n de la herramienta.<\/li>\n<li style='margin-bottom: 5px;'>Incluyen dise\u00f1o de mango en l\u00ednea para m\u00e1s exactitud.<\/li>\n<li style='margin-bottom: 5px;'>S\u00f3lo pesa 3 lbs. para reducir la fatiga del operador.<\/li>\n<\/ul><\/div>\n<div style='flex: 1 1 300px; min-width: 280px;'>\n<h3 style='font-size: 22px; border-bottom: 2px solid currentColor; padding-bottom: 5px; margin-top: 0; color: inherit; opacity: 0.8;'>Caracter\u00edsticas<\/h3>\n<ul style='padding-left: 20px; font-size: 15px; color: inherit;'>\n<li style='margin-bottom: 5px;'>Potente motor de 5.5 amperes para rendimiento mejorado<\/li>\n<li style='margin-bottom: 5px;'>Velocidad variable (0 &#8211; 3&comma;000 RPM) para taladrar una amplia variedad de materiales<\/li>\n<li style='margin-bottom: 5px;'>Dise\u00f1o de mango en l\u00ednea para m\u00e1s precisi\u00f3n<\/li>\n<li style='margin-bottom: 5px;'>Interruptor de reversa convenientemente localizado<\/li>\n<li style='margin-bottom: 5px;'>Construido con baleros para m\u00e1s resistencia y m\u00e1s duraci\u00f3n de herramienta<\/li>\n<li style='margin-bottom: 5px;'>Interruptor con gatillo alargado grande para c\u00f3moda operaci\u00f3n<\/li>\n<li style='margin-bottom: 5px;'>Bot\u00f3n fijador para reposo grande<\/li>\n<li style='margin-bottom: 5px;'>Pesa s\u00f3lo 3.7 lbs. para reducir la fatiga del operador<\/li>\n<li style='margin-bottom: 5px;'>Cable de 200 cm.<\/li>\n<\/ul><\/div>\n<div style='flex: 1 1 300px; min-width: 280px;'>\n<h3 style='font-size: 22px; border-bottom: 2px solid currentColor; padding-bottom: 5px; margin-top: 0; color: inherit; opacity: 0.8;'>Especificaciones<\/h3>\n<ul style='padding-left: 20px; font-size: 15px; color: inherit;'>\n<li style='margin-bottom: 5px;'><strong>Capacidad en acero:<\/strong> 3\/8&#8242;<\/li>\n<li style='margin-bottom: 5px;'><strong>Capacidad en madera:<\/strong> 1&#8242;<\/li>\n<li style='margin-bottom: 5px;'><strong>Velocidad Variable Sin Carga:<\/strong> 0 &#8211; 3&comma;000 RPM<\/li>\n<li style='margin-bottom: 5px;'><strong>Amperaje (amperios):<\/strong> 5.5<\/li>\n<li style='margin-bottom: 5px;'><strong>Longitud Total:<\/strong> 30 cm.<\/li>\n<li style='margin-bottom: 5px;'><strong>Peso Neto:<\/strong> 1.67 Kg.<\/li>\n<li style='margin-bottom: 5px;'><strong>Agarradera:<\/strong> Pistola<\/li>\n<li style='margin-bottom: 5px;'><strong>Voltaje de Operaci\u00f3n:<\/strong> 120 Vca @ 4.9 A 50\/60Hz<\/li>\n<\/ul><\/div>\n<\/p><\/div>\n<div style='display: flex; justify-content: center; margin: 30px 0;'> <img style='width: 100%; max-width: 500px; height: auto; border: 1px solid rgba(150&comma;150&comma;150&comma;0.3); border-radius: 8px;' src='https:\/\/ftp3.syscom.mx\/usuarios\/nortega\/makita\/imagenes\/makita.png' alt=''> <\/div>\n<\/p><\/div>\n","protected":false},"excerpt":{"rendered":"<p>Taladro de 120 Vca con Portabrocas de 1\/2&#8243;, velocidad variable de 0 a 3000 RPM, Potencia 650 W. incluye llave de mandril<\/p>\n","protected":false},"featured_media":99510,"comment_status":"open","ping_status":"closed","template":"","meta":[],"product_brand":[],"product_cat":[130],"product_tag":[25,131,252],"class_list":{"0":"post-99511","1":"product","2":"type-product","3":"status-publish","4":"has-post-thumbnail","6":"product_cat-herramientas-electricas","7":"product_tag-herramientas","8":"product_tag-herramientas-electricas","9":"product_tag-makita","11":"first","12":"outofstock","13":"sale","14":"shipping-taxable","15":"purchasable","16":"product-type-simple"},"_links":{"self":[{"href":"https:\/\/soydeaqui.ddns.net\/pachuca\/index.php\/wp-json\/wp\/v2\/product\/99511","targetHints":{"allow":["GET"]}}],"collection":[{"href":"https:\/\/soydeaqui.ddns.net\/pachuca\/index.php\/wp-json\/wp\/v2\/product"}],"about":[{"href":"https:\/\/soydeaqui.ddns.net\/pachuca\/index.php\/wp-json\/wp\/v2\/types\/product"}],"replies":[{"embeddable":true,"href":"https:\/\/soydeaqui.ddns.net\/pachuca\/index.php\/wp-json\/wp\/v2\/comments?post=99511"}],"wp:featuredmedia":[{"embeddable":true,"href":"https:\/\/soydeaqui.ddns.net\/pachuca\/index.php\/wp-json\/wp\/v2\/media\/99510"}],"wp:attachment":[{"href":"https:\/\/soydeaqui.ddns.net\/pachuca\/index.php\/wp-json\/wp\/v2\/media?parent=99511"}],"wp:term":[{"taxonomy":"product_brand","embeddable":true,"href":"https:\/\/soydeaqui.ddns.net\/pachuca\/index.php\/wp-json\/wp\/v2\/product_brand?post=99511"},{"taxonomy":"product_cat","embeddable":true,"href":"https:\/\/soydeaqui.ddns.net\/pachuca\/index.php\/wp-json\/wp\/v2\/product_cat?post=99511"},{"taxonomy":"product_tag","embeddable":true,"href":"https:\/\/soydeaqui.ddns.net\/pachuca\/index.php\/wp-json\/wp\/v2\/product_tag?post=99511"}],"curies":[{"name":"wp","href":"https:\/\/api.w.org\/{rel}","templated":true}]}}