{"id":99476,"date":"2026-03-20T10:28:58","date_gmt":"2026-03-20T10:28:58","guid":{"rendered":"https:\/\/soydeaqui.ddns.net\/pachuca\/index.php\/producto\/bobina-de-cable-de-utp-de-4-pares-cat5e-de-305-metros-1000-pies-100-cobre-ldpe-resistente-a-rayos-uv-color-negro-24-awg-uso-en-exterior-para-aplicaciones-de-voz-datos-y-video\/"},"modified":"2026-03-20T10:29:00","modified_gmt":"2026-03-20T10:29:00","slug":"bobina-de-cable-de-utp-de-4-pares-cat5e-de-305-metros-1000-pies-100-cobre-ldpe-resistente-a-rayos-uv-color-negro-24-awg-uso-en-exterior-para-aplicaciones-de-voz-datos-y-video","status":"publish","type":"product","link":"https:\/\/soydeaqui.ddns.net\/pachuca\/index.php\/producto\/bobina-de-cable-de-utp-de-4-pares-cat5e-de-305-metros-1000-pies-100-cobre-ldpe-resistente-a-rayos-uv-color-negro-24-awg-uso-en-exterior-para-aplicaciones-de-voz-datos-y-video\/","title":{"rendered":"Bobina de Cable de UTP de 4 Pares Cat5e de 305 Metros (1000 Pies), 100% Cobre, LDPE Resistente a Rayos UV, Color Negro, 24 AWG, Uso en Exterior, Para Aplicaciones de Voz, Datos y Video"},"content":{"rendered":"<div style='width: 100%; max-width: 1200px; margin: 0 auto; font-family: sans-serif; line-height: 1.6; color: inherit; background-color: transparent;'>\n<div style='display: flex; flex-wrap: wrap; gap: 30px; margin-bottom: 30px;'>\n<div style='flex: 1 1 300px; min-width: 280px;'>\n<h3 style='font-size: 22px; border-bottom: 2px solid currentColor; padding-bottom: 5px; margin-top: 0; color: inherit; opacity: 0.8;'>Aplicaciones<\/h3>\n<ul style='padding-left: 20px; font-size: 15px; color: inherit;'>\n<li style='margin-bottom: 5px;'>Aplicaciones de voz&comma; datos&comma; seguridad y v\u00eddeo. Instalaciones anal\u00f3gicas\/CCTV megap\u00edxel IP<\/li>\n<li style='margin-bottom: 5px;'>Puntos de acceso cableados<\/li>\n<li style='margin-bottom: 5px;'>Instalaciones de v\u00eddeo\/datos Fast Ethernet para interiores<\/li>\n<li style='margin-bottom: 5px;'>Alimentaci\u00f3n PoE a larga distancia<\/li>\n<\/ul><\/div>\n<div style='flex: 1 1 300px; min-width: 280px;'>\n<h3 style='font-size: 22px; border-bottom: 2px solid currentColor; padding-bottom: 5px; margin-top: 0; color: inherit; opacity: 0.8;'>Est\u00e1ndares<\/h3>\n<ul style='padding-left: 20px; font-size: 15px; color: inherit;'>\n<li style='margin-bottom: 5px;'>ANSI EIA\/TIA 568 C.2<\/li>\n<li style='margin-bottom: 5px;'>ISO\/IEC 11801 2nd Edition<\/li>\n<li style='margin-bottom: 5px;'>EN 50173<\/li>\n<li style='margin-bottom: 5px;'>IEEE 802.3at<\/li>\n<\/ul><\/div>\n<\/p><\/div>\n<div style='display: flex; flex-wrap: wrap; gap: 30px; margin-bottom: 30px;'>\n<div style='flex: 1 1 300px; min-width: 280px;'>\n<h3 style='font-size: 22px; border-bottom: 2px solid currentColor; padding-bottom: 5px; margin-top: 0; color: inherit; opacity: 0.8;'>Caracter\u00edsticas f\u00edsicas y el\u00e9ctricas<\/h3>\n<ul style='padding-left: 20px; font-size: 15px; color: inherit;'>\n<li style='margin-bottom: 5px;'><strong>Conductor:<\/strong> 100% Cobre<\/li>\n<li style='margin-bottom: 5px;'><strong>Color:<\/strong> Negro<\/li>\n<li style='margin-bottom: 5px;'><strong>Calibre:<\/strong> 24 AWG<\/li>\n<li style='margin-bottom: 5px;'><strong>Aislamiento:<\/strong> LDPE resistente a rayos UV<\/li>\n<li style='margin-bottom: 5px;'><strong>Blindaje:<\/strong> No<\/li>\n<li style='margin-bottom: 5px;'><strong>Uso:<\/strong> En Exterior<\/li>\n<li style='margin-bottom: 5px;'><strong>Di\u00e1metro nominal:<\/strong> 5.00 \u00b1 0.2 mm<\/li>\n<li style='margin-bottom: 5px;'><strong>Ancho de Banda:<\/strong> 100 MHz<\/li>\n<li style='margin-bottom: 5px;'><strong>Cord\u00f3n de desgarro:<\/strong> S\u00ed<\/li>\n<li style='margin-bottom: 5px;'><strong>Rango de temperatura funcionamiento:<\/strong> -20 \u00b0C ~ + 60 \u00b0C<\/li>\n<li style='margin-bottom: 5px;'><strong>Rango de temperatura instalaci\u00f3n:<\/strong> 0 \u00b0C ~ + 50 \u00b0C<\/li>\n<\/ul><\/div>\n<\/p><\/div>\n<div style='display: flex; flex-wrap: wrap; gap: 30px; margin-bottom: 30px;'>\n<div style='flex: 1 1 300px; min-width: 280px;'>\n<h3 style='font-size: 22px; border-bottom: 2px solid currentColor; padding-bottom: 5px; margin-top: 0; color: inherit; opacity: 0.8;'>Informaci\u00f3n adicional<\/h3>\n<p style='font-size: 15px; color: inherit; margin: 0;'><strong>Precio por carrete de 305 metros<\/strong><\/p>\n<\/p><\/div>\n<\/p><\/div>\n<div style='display: flex; flex-wrap: wrap; gap: 30px; margin-bottom: 30px;'>\n<div style='flex: 1 1 100%;'> <img style='width: 100%; height: auto; border: 1px solid rgba(150&comma;150&comma;150&comma;0.3); border-radius: 8px;' src='https:\/\/ftp3.syscom.mx\/usuarios\/fotos\/PSCCAT5EXT\/236698-precisionup.jpg' alt=''> <\/div>\n<\/p><\/div>\n<div style='display: flex; flex-wrap: wrap; gap: 30px; margin-bottom: 30px;'>\n<div style='flex: 1 1 100%;'> <img style='width: 100%; height: auto; border: 1px solid rgba(150&comma;150&comma;150&comma;0.3); border-radius: 8px;' src='https:\/\/ftp3.syscom.mx\/usuarios\/fotos\/PSCCAT5EXT\/236698-precisiondw.png' alt=''> <\/div>\n<\/p><\/div>\n<\/p><\/div>\n","protected":false},"excerpt":{"rendered":"<p>Bobina de Cable de UTP de 4 Pares Cat5e de 305 Metros (1000 Pies), 100% Cobre, LDPE Resistente a Rayos UV, Color Negro, 24 AWG, Uso en Exterior, Para Aplicaciones de Voz, Datos y Video<\/p>\n","protected":false},"featured_media":99475,"comment_status":"open","ping_status":"closed","template":"","meta":[],"product_brand":[],"product_cat":[619],"product_tag":[488,620,248],"class_list":{"0":"post-99476","1":"product","2":"type-product","3":"status-publish","4":"has-post-thumbnail","6":"product_cat-categoria-5e","7":"product_tag-cables-y-conectores","8":"product_tag-categoria-5e","9":"product_tag-precision","11":"first","12":"outofstock","13":"sale","14":"shipping-taxable","15":"purchasable","16":"product-type-simple"},"_links":{"self":[{"href":"https:\/\/soydeaqui.ddns.net\/pachuca\/index.php\/wp-json\/wp\/v2\/product\/99476","targetHints":{"allow":["GET"]}}],"collection":[{"href":"https:\/\/soydeaqui.ddns.net\/pachuca\/index.php\/wp-json\/wp\/v2\/product"}],"about":[{"href":"https:\/\/soydeaqui.ddns.net\/pachuca\/index.php\/wp-json\/wp\/v2\/types\/product"}],"replies":[{"embeddable":true,"href":"https:\/\/soydeaqui.ddns.net\/pachuca\/index.php\/wp-json\/wp\/v2\/comments?post=99476"}],"wp:featuredmedia":[{"embeddable":true,"href":"https:\/\/soydeaqui.ddns.net\/pachuca\/index.php\/wp-json\/wp\/v2\/media\/99475"}],"wp:attachment":[{"href":"https:\/\/soydeaqui.ddns.net\/pachuca\/index.php\/wp-json\/wp\/v2\/media?parent=99476"}],"wp:term":[{"taxonomy":"product_brand","embeddable":true,"href":"https:\/\/soydeaqui.ddns.net\/pachuca\/index.php\/wp-json\/wp\/v2\/product_brand?post=99476"},{"taxonomy":"product_cat","embeddable":true,"href":"https:\/\/soydeaqui.ddns.net\/pachuca\/index.php\/wp-json\/wp\/v2\/product_cat?post=99476"},{"taxonomy":"product_tag","embeddable":true,"href":"https:\/\/soydeaqui.ddns.net\/pachuca\/index.php\/wp-json\/wp\/v2\/product_tag?post=99476"}],"curies":[{"name":"wp","href":"https:\/\/api.w.org\/{rel}","templated":true}]}}