{"id":99454,"date":"2026-03-20T10:27:54","date_gmt":"2026-03-20T10:27:54","guid":{"rendered":"https:\/\/soydeaqui.ddns.net\/pachuca\/index.php\/producto\/memoria-sd-clase-10-de-256-gb-especializada-para-videovigilancia\/"},"modified":"2026-03-20T10:27:58","modified_gmt":"2026-03-20T10:27:58","slug":"memoria-sd-clase-10-de-256-gb-especializada-para-videovigilancia","status":"publish","type":"product","link":"https:\/\/soydeaqui.ddns.net\/pachuca\/index.php\/producto\/memoria-sd-clase-10-de-256-gb-especializada-para-videovigilancia\/","title":{"rendered":"Memoria SD Clase 10 de 256 GB \/ Especializada Para Videovigilancia"},"content":{"rendered":"<div style='width: 100%; max-width: 1200px; margin: 0 auto; font-family: sans-serif; line-height: 1.6; color: inherit; background-color: transparent;'> <!-- Banner principal --> <\/p>\n<div style='text-align: center; margin: 30px 0;'> <img style='width: 100%; height: auto; border: 1px solid rgba(150&comma;150&comma;150&comma;0.3); border-radius: 8px; max-width: 100%;' src='https:\/\/ftp3.syscom.mx\/usuarios\/gmagos\/HIK\/storage\/Vaners\/hiksemi.png' alt='Banner'> <\/div>\n<p> <!-- Especificaciones --> <\/p>\n<div style='display: flex; flex-wrap: wrap; gap: 30px; margin-bottom: 30px;'>\n<div style='flex: 1 1 300px; min-width: 280px;'>\n<h3 style='font-size: 22px; border-bottom: 2px solid currentColor; padding-bottom: 5px; margin-top: 0; color: inherit; opacity: 0.8;'>Caracter\u00edsticas Principales<\/h3>\n<ul style='padding-left: 20px; font-size: 15px; color: inherit;'>\n<li style='margin-bottom: 5px;'>Capacidad: 256 GB.<\/li>\n<li style='margin-bottom: 5px;'>Velocidad de Lectura: 100 MB\/s.<\/li>\n<li style='margin-bottom: 5px;'>Velocidad de Escritura: 90 MB\/s.<\/li>\n<li style='margin-bottom: 5px;'>Sistema de Archivos: FAT32&comma; exFAT.<\/li>\n<li style='margin-bottom: 5px;'>Velocidad: Class 10&comma; U1&comma; U3.<\/li>\n<li style='margin-bottom: 5px;'>Especificaci\u00f3n: SDHC&comma; SDXC<\/li>\n<li style='margin-bottom: 5px;'>Memoria flash NAND: TLC (Triple-Level Cell).<\/li>\n<li style='margin-bottom: 5px;'>Dimensiones: 32 mm x 24 mm x 2.1 mm (1.26&#8242; x 0.94&#8242; x 0.08&#8242;)<\/li>\n<li style='margin-bottom: 5px;'>Temperatura de operaci\u00f3n: -25 \u00b0C a 85 \u00b0C.<\/li>\n<\/ul><\/div>\n<\/p><\/div>\n<p> <!-- Videos --> <\/p>\n<div style='display: flex; flex-wrap: wrap; gap: 30px; margin-bottom: 30px;'>\n<div style='flex: 1 1 400px; min-width: 300px;'>\n<h3 style='font-size: 18px; margin: 0 0 15px 0; text-align: center; color: inherit;'><strong>\u00bfQui\u00e9n es HIKSEMI?<\/strong><\/h3>\n<div style='position: relative; padding-bottom: 56.25%; height: 0; overflow: hidden; margin-bottom: 30px;'>   <\/div>\n<\/p><\/div>\n<div style='flex: 1 1 400px; min-width: 300px;'>\n<h3 style='font-size: 18px; margin: 0 0 15px 0; text-align: center; color: inherit;'><strong>Unidades de Estado S\u00f3lido<\/strong><\/h3>\n<div style='position: relative; padding-bottom: 56.25%; height: 0; overflow: hidden; margin-bottom: 30px;'>   <\/div>\n<\/p><\/div>\n<\/p><\/div>\n<p> <!-- Imagen destacada con overlay --> <\/p>\n<div style='position: relative; width: 100%; margin: 30px 0;'> <img style='width: 100%; height: auto; border: 1px solid rgba(150&comma;150&comma;150&comma;0.3); border-radius: 8px; display: block;' src='https:\/\/ftp3.syscom.mx\/usuarios\/gmagos\/HIK\/storage\/Pagina%20WEB\/GUARDPRO\/GUARD-PRO-SD-CARD_01.jpg' alt='Tarjeta SD Para Videovigilancia'> <\/p>\n<div style='position: absolute; top: 20px; left: 50%; transform: translateX(-50%); padding: 20px; max-width: 80%;'>\n<h1 style='font-size: 35px; color: inherit; text-align: center; margin: 0; font-weight: bold;'><span style='font-family: verdana&comma; geneva&comma; sans-serif;'>Tarjeta SD Para Videovigilancia<\/span><\/h1>\n<h2 style='font-size: 20px; color: inherit; text-align: center; margin: 10px 0 0 0;'><span style='font-family: verdana&comma; geneva&comma; sans-serif;'>Ideal para c\u00e1maras de Videovigilancia y c\u00e1maras M\u00f3viles<\/span><\/h2>\n<\/p><\/div>\n<\/p><\/div>\n<p> <!-- Secci\u00f3n con imagen y texto --> <\/p>\n<div style='display: flex; flex-wrap: wrap; gap: 30px; margin: 30px 0;'>\n<div style='flex: 1 1 300px; min-width: 280px;'> <img style='width: 100%; height: auto; border: 1px solid rgba(150&comma;150&comma;150&comma;0.3); border-radius: 8px; display: block;' src='https:\/\/ftp3.syscom.mx\/usuarios\/gmagos\/HIK\/storage\/Pagina%20WEB\/GUARDPRO\/GUARD-PRO-SD-CARD_02.jpg' alt='Ultra velocidades'> <\/div>\n<div style='flex: 2 1 400px; min-width: 300px;'>\n<h3 style='font-size: 22px; margin: 0 0 15px 0; color: inherit;'>Durabilidad y Seguridad<\/h3>\n<p style='font-size: 15px; color: inherit; text-align: justify;'>La HIKSEMI P10 SD Card est\u00e1 dise\u00f1ado espec\u00edficamente para sistemas de videovigilancia&comma; ofreciendo durabilidad y seguridad avanzada. Con tecnolog\u00eda 3D TLC NAND&comma; su vida \u00fatil es hasta 10 veces mayor que la de las tarjetas SD comunes. Adem\u00e1s&comma; cuenta con funciones inteligentes como monitoreo de salud y alerta de vida \u00fatil&comma; que te avisan en tiempo real sobre el estado de la tarjeta. Su mecanismo de bloqueo de lectura\/escritura protege tus datos de accesos no autorizados&comma; incluso si la tarjeta es extra\u00edda. Ideal para grabaci\u00f3n continua 24\/7 en condiciones extremas.<\/p>\n<\/p><\/div>\n<\/p><\/div>\n<p> <!-- Secci\u00f3n con imagen y texto invertida --> <\/p>\n<div style='display: flex; flex-wrap: wrap; gap: 30px; margin: 30px 0;'>\n<div style='flex: 2 1 400px; min-width: 300px;'>\n<h3 style='font-size: 22px; margin: 0 0 15px 0; color: inherit;'>Alto Rendimiento en Cualquier Condici\u00f3n<\/h3>\n<p style='font-size: 15px; color: inherit; text-align: justify;'>La HIKSEMI P10 SD Card ofrece un rendimiento excepcional para videovigilancia&comma; con velocidades de lectura de hasta 100 MB\/s y escritura de hasta 90 MB\/s. Compatible con dispositivos SDHC y SDXC&comma; esta tarjeta est\u00e1 dise\u00f1ada para funcionar en temperaturas extremas&comma; desde -25\u00b0C hasta 85\u00b0C&comma; y es resistente a agua&comma; golpes y rayos X. Con una &comma; es la soluci\u00f3n perfecta para sistemas de seguridad que requieren grabaci\u00f3n continua y confiable en cualquier entorno.<\/p>\n<\/p><\/div>\n<div style='flex: 1 1 300px; min-width: 280px;'> <img style='width: 100%; height: auto; border: 1px solid rgba(150&comma;150&comma;150&comma;0.3); border-radius: 8px; display: block;' src='https:\/\/ftp3.syscom.mx\/usuarios\/gmagos\/HIK\/storage\/Pagina%20WEB\/GUARDPRO\/GUARD-PRO-SD-CARD_03.jpg' alt='Tarjeta Micro'> <\/div>\n<\/p><\/div>\n<p> <!-- Imagen destacada --> <\/p>\n<div style='position: relative; width: 100%; margin: 30px 0;'> <img style='width: 100%; height: auto; border: 1px solid rgba(150&comma;150&comma;150&comma;0.3); border-radius: 8px; display: block;' src='https:\/\/ftp3.syscom.mx\/usuarios\/gmagos\/HIK\/storage\/Pagina%20WEB\/GUARDPRO\/GUARD-PRO-SD-CARD_04.jpg' alt='Encuentra el Espacio Perfecto para tu Soluci\u00f3n'> <\/p>\n<div style='position: absolute; top: 20px; left: 50%; transform: translateX(-50%); padding: 20px; max-width: 80%;'>\n<h1 style='font-size: 35px; color: inherit; text-align: center; margin: 0; font-weight: bold;'><span style='font-family: verdana&comma; geneva&comma; sans-serif;'>Encuentra el Espacio Perfecto para tu Soluci\u00f3n<\/span><\/h1>\n<\/p><\/div>\n<\/p><\/div>\n<p> <!-- Imagen final --> <\/p>\n<div style='text-align: center; margin: 30px 0;'> <img style='width: 100%; height: auto; border: 1px solid rgba(150&comma;150&comma;150&comma;0.3); border-radius: 8px; max-width: 100%;' src='https:\/\/ftp3.syscom.mx\/usuarios\/gmagos\/HIK\/storage\/Pagina%20WEB\/GUARDPRO\/GUARD-PRO-SD-CARD-1365x681_05.png' alt='Tarjeta Micro'> <\/div>\n<p> <!-- Banner final --> <\/p>\n<div style='text-align: center; margin: 30px 0;'> <img style='width: 100%; height: auto; border: 1px solid rgba(150&comma;150&comma;150&comma;0.3); border-radius: 8px; max-width: 100%;' src='https:\/\/ftp3.syscom.mx\/usuarios\/gmagos\/HIK\/storage\/Vaners\/HIKSEMI-banner1.jpg' alt='Banner final'> <\/div>\n<p> <!-- Separador final --> <\/p>\n<hr style='border: 0; border-top: 1px solid rgba(150&comma; 150&comma; 150&comma; 0.3); margin: 30px 0;'> <\/div>\n","protected":false},"excerpt":{"rendered":"<p>Memoria SD Clase 10 de 256 GB \/ Especializada Para Videovigilancia<\/p>\n","protected":false},"featured_media":99453,"comment_status":"open","ping_status":"closed","template":"","meta":[],"product_brand":[],"product_cat":[2155],"product_tag":[2129,2156,2065],"class_list":{"0":"post-99454","1":"product","2":"type-product","3":"status-publish","4":"has-post-thumbnail","6":"product_cat-memorias-sd-memorias-micro-sd","7":"product_tag-hiksemi-by-hikvision","8":"product_tag-memorias-sd-memorias-micro-sd","9":"product_tag-servidores-almacenamiento","11":"first","12":"instock","13":"sale","14":"shipping-taxable","15":"purchasable","16":"product-type-simple"},"_links":{"self":[{"href":"https:\/\/soydeaqui.ddns.net\/pachuca\/index.php\/wp-json\/wp\/v2\/product\/99454","targetHints":{"allow":["GET"]}}],"collection":[{"href":"https:\/\/soydeaqui.ddns.net\/pachuca\/index.php\/wp-json\/wp\/v2\/product"}],"about":[{"href":"https:\/\/soydeaqui.ddns.net\/pachuca\/index.php\/wp-json\/wp\/v2\/types\/product"}],"replies":[{"embeddable":true,"href":"https:\/\/soydeaqui.ddns.net\/pachuca\/index.php\/wp-json\/wp\/v2\/comments?post=99454"}],"wp:featuredmedia":[{"embeddable":true,"href":"https:\/\/soydeaqui.ddns.net\/pachuca\/index.php\/wp-json\/wp\/v2\/media\/99453"}],"wp:attachment":[{"href":"https:\/\/soydeaqui.ddns.net\/pachuca\/index.php\/wp-json\/wp\/v2\/media?parent=99454"}],"wp:term":[{"taxonomy":"product_brand","embeddable":true,"href":"https:\/\/soydeaqui.ddns.net\/pachuca\/index.php\/wp-json\/wp\/v2\/product_brand?post=99454"},{"taxonomy":"product_cat","embeddable":true,"href":"https:\/\/soydeaqui.ddns.net\/pachuca\/index.php\/wp-json\/wp\/v2\/product_cat?post=99454"},{"taxonomy":"product_tag","embeddable":true,"href":"https:\/\/soydeaqui.ddns.net\/pachuca\/index.php\/wp-json\/wp\/v2\/product_tag?post=99454"}],"curies":[{"name":"wp","href":"https:\/\/api.w.org\/{rel}","templated":true}]}}