{"id":99446,"date":"2026-03-20T10:27:29","date_gmt":"2026-03-20T10:27:29","guid":{"rendered":"https:\/\/soydeaqui.ddns.net\/pachuca\/index.php\/producto\/monitor-para-sistema-de-video-360-xmr-st-avm\/"},"modified":"2026-03-20T10:27:31","modified_gmt":"2026-03-20T10:27:31","slug":"monitor-para-sistema-de-video-360-xmr-st-avm","status":"publish","type":"product","link":"https:\/\/soydeaqui.ddns.net\/pachuca\/index.php\/producto\/monitor-para-sistema-de-video-360-xmr-st-avm\/","title":{"rendered":"Monitor Para Sistema de Video 360 XMR-ST-AVM"},"content":{"rendered":"<div style='width: 100%; max-width: 1200px; margin: 0 auto; font-family: sans-serif; line-height: 1.6; color: inherit; background-color: transparent;'> <!-- Secci\u00f3n de caracter\u00edsticas --> <\/p>\n<div style='display: flex; flex-wrap: wrap; gap: 30px; margin-bottom: 30px;'>\n<div style='flex: 1 1 300px; min-width: 280px;'>\n<h3 style='font-size: 22px; border-bottom: 2px solid currentColor; padding-bottom: 5px; margin-top: 0; color: inherit; opacity: 0.8;'>Modelo XMR-MHD-771L<\/h3>\n<p style='font-size: 15px; color: inherit; margin-bottom: 20px;'>El modelo XMR-MHD-771L&comma; dise\u00f1ado para integrarse perfectamente con el sistema XMR-ST-AVM&comma; ofrece un desempe\u00f1o sobresaliente en aplicaciones de monitoreo y visualizaci\u00f3n profesional. A continuaci\u00f3n&comma; se detallan las principales especificaciones t\u00e9cnicas de este modelo:<\/p>\n<\/p><\/div>\n<\/p><\/div>\n<p> <!-- Secci\u00f3n de cards con especificaciones --> <\/p>\n<div style='display: flex; flex-wrap: wrap; gap: 20px; margin-bottom: 30px;'>\n<div style='flex: 1 1 250px; border: 1px solid rgba(150&comma; 150&comma; 150&comma; 0.4); border-radius: 8px; overflow: hidden; display: flex; flex-direction: column;'>\n<div style='padding: 15px; border-bottom: 1px solid rgba(150&comma; 150&comma; 150&comma; 0.2); font-weight: bold; font-size: 18px; color: inherit;'>Especificaciones del Monitor LCD TFT<\/div>\n<div style='padding: 15px; color: inherit;'>\n<ul style='padding-left: 20px; margin: 0; font-size: 14px; list-style-type: disc;'>\n<li style='margin-bottom: 5px;'><strong>Tama\u00f1o de pantalla:<\/strong> 7 pulgadas.<\/li>\n<li style='margin-bottom: 5px;'><strong>Sistema de color:<\/strong> Compatible con AHD 720P y 1080P.<\/li>\n<li style='margin-bottom: 5px;'><strong>Resoluci\u00f3n de pantalla:<\/strong> 1024 RGB(H) x 600(V).<\/li>\n<li style='margin-bottom: 5px;'><strong>\u00c1rea visible:<\/strong> 154.2 mm (horizontal) x 85.9 mm (vertical).<\/li>\n<li style='margin-bottom: 5px;'><strong>Brillo:<\/strong> 600 cd\/m\u00b2.<\/li>\n<li style='margin-bottom: 5px;'><strong>Relaci\u00f3n de contraste:<\/strong> 700:1.<\/li>\n<li style='margin-bottom: 5px;'><strong>\u00c1ngulos de visi\u00f3n:<\/strong> Horizontal: 160\u00b0 \/ Vertical: 160\u00b0.<\/li>\n<li style='margin-bottom: 5px;'><strong>Corriente del LED:<\/strong> 8.7V \/ 220mA.<\/li>\n<\/ul><\/div>\n<\/p><\/div>\n<div style='flex: 1 1 250px; border: 1px solid rgba(150&comma; 150&comma; 150&comma; 0.4); border-radius: 8px; overflow: hidden; display: flex; flex-direction: column;'>\n<div style='padding: 15px; border-bottom: 1px solid rgba(150&comma; 150&comma; 150&comma; 0.2); font-weight: bold; font-size: 18px; color: inherit;'>Rendimiento y Consumo Energ\u00e9tico<\/div>\n<div style='padding: 15px; color: inherit;'>\n<ul style='padding-left: 20px; margin: 0; font-size: 14px; list-style-type: disc;'>\n<li style='margin-bottom: 5px;'><strong>Consumo de energ\u00eda:<\/strong> M\u00e1ximo 5W.<\/li>\n<li style='margin-bottom: 5px;'><strong>Voltaje de operaci\u00f3n:<\/strong> DC11V ~ DC32V.<\/li>\n<li style='margin-bottom: 5px;'><strong>Salida de potencia:<\/strong> DC10.5V \/ 750mA.<\/li>\n<\/ul><\/div>\n<\/p><\/div>\n<div style='flex: 1 1 250px; border: 1px solid rgba(150&comma; 150&comma; 150&comma; 0.4); border-radius: 8px; overflow: hidden; display: flex; flex-direction: column;'>\n<div style='padding: 15px; border-bottom: 1px solid rgba(150&comma; 150&comma; 150&comma; 0.2); font-weight: bold; font-size: 18px; color: inherit;'>Condiciones Operativas<\/div>\n<div style='padding: 15px; color: inherit;'>\n<ul style='padding-left: 20px; margin: 0; font-size: 14px; list-style-type: disc;'>\n<li style='margin-bottom: 5px;'><strong>Temperatura de operaci\u00f3n:<\/strong> -20\u00b0C a +70\u00b0C (m\u00e1ximo).<\/li>\n<li style='margin-bottom: 5px;'><strong>Temperatura de almacenamiento:<\/strong> -30\u00b0C a +80\u00b0C (m\u00e1ximo).<\/li>\n<li style='margin-bottom: 5px;'><strong>Chipset principal:<\/strong> ATM630M.<\/li>\n<\/ul><\/div>\n<\/p><\/div>\n<\/p><\/div>\n<p> <!-- Separador --> <\/p>\n<hr style='border: 0; border-top: 1px solid rgba(150&comma; 150&comma; 150&comma; 0.3); margin: 30px 0;'> <!-- Informaci\u00f3n final --> <\/p>\n<div style='margin-top: 20px; font-size: 15px; color: inherit;'>\n<p>El XMR-MHD-771L destaca por su eficiencia&comma; durabilidad y capacidad para operar en condiciones extremas&comma; convirti\u00e9ndolo en la elecci\u00f3n ideal para sistemas XMR-ST-AVM.<\/p>\n<\/p><\/div>\n<\/p><\/div>\n","protected":false},"excerpt":{"rendered":"<p>Monitor Para Sistema de Video 360 XMR-ST-AVM<\/p>\n","protected":false},"featured_media":32,"comment_status":"open","ping_status":"closed","template":"","meta":[],"product_brand":[],"product_cat":[1408,1406],"product_tag":[93,1409,935,1345],"class_list":{"0":"post-99446","1":"product","2":"type-product","3":"status-publish","4":"has-post-thumbnail","6":"product_cat-accesorios-dash-cams-y-body-cams","7":"product_cat-videograbadoras-moviles-videovigilancia","8":"product_tag-accesorios","9":"product_tag-dash-cams-y-body-cams","10":"product_tag-epcom","11":"product_tag-videograbadoras-moviles","13":"first","14":"outofstock","15":"sale","16":"shipping-taxable","17":"purchasable","18":"product-type-simple"},"_links":{"self":[{"href":"https:\/\/soydeaqui.ddns.net\/pachuca\/index.php\/wp-json\/wp\/v2\/product\/99446","targetHints":{"allow":["GET"]}}],"collection":[{"href":"https:\/\/soydeaqui.ddns.net\/pachuca\/index.php\/wp-json\/wp\/v2\/product"}],"about":[{"href":"https:\/\/soydeaqui.ddns.net\/pachuca\/index.php\/wp-json\/wp\/v2\/types\/product"}],"replies":[{"embeddable":true,"href":"https:\/\/soydeaqui.ddns.net\/pachuca\/index.php\/wp-json\/wp\/v2\/comments?post=99446"}],"wp:featuredmedia":[{"embeddable":true,"href":"https:\/\/soydeaqui.ddns.net\/pachuca\/index.php\/wp-json\/wp\/v2\/media\/32"}],"wp:attachment":[{"href":"https:\/\/soydeaqui.ddns.net\/pachuca\/index.php\/wp-json\/wp\/v2\/media?parent=99446"}],"wp:term":[{"taxonomy":"product_brand","embeddable":true,"href":"https:\/\/soydeaqui.ddns.net\/pachuca\/index.php\/wp-json\/wp\/v2\/product_brand?post=99446"},{"taxonomy":"product_cat","embeddable":true,"href":"https:\/\/soydeaqui.ddns.net\/pachuca\/index.php\/wp-json\/wp\/v2\/product_cat?post=99446"},{"taxonomy":"product_tag","embeddable":true,"href":"https:\/\/soydeaqui.ddns.net\/pachuca\/index.php\/wp-json\/wp\/v2\/product_tag?post=99446"}],"curies":[{"name":"wp","href":"https:\/\/api.w.org\/{rel}","templated":true}]}}