{"id":99445,"date":"2026-03-20T10:27:26","date_gmt":"2026-03-20T10:27:26","guid":{"rendered":"https:\/\/soydeaqui.ddns.net\/pachuca\/index.php\/producto\/camara-para-sistema-inteligente-de-monitoreo-de-punto-ciego\/"},"modified":"2026-03-20T10:27:27","modified_gmt":"2026-03-20T10:27:27","slug":"camara-para-sistema-inteligente-de-monitoreo-de-punto-ciego","status":"publish","type":"product","link":"https:\/\/soydeaqui.ddns.net\/pachuca\/index.php\/producto\/camara-para-sistema-inteligente-de-monitoreo-de-punto-ciego\/","title":{"rendered":"C\u00e1mara Para Sistema inteligente de Monitoreo de Punto Ciego"},"content":{"rendered":"<div style='width: 100%; max-width: 1200px; margin: 0 auto; font-family: sans-serif; line-height: 1.6; color: inherit; background-color: transparent;'> <!-- T\u00edtulo principal --> <\/p>\n<div style='margin-bottom: 30px;'>\n<h2 style='font-size: 24px; margin: 0 0 15px 0; color: inherit; opacity: 0.9;'> C\u00e1mara Modelo XMR-960-C53 &#8211; Especificaciones T\u00e9cnicas <\/h2>\n<hr style='border: 0; border-top: 2px solid rgba(150&comma;150&comma;150&comma;0.3); margin: 15px 0;'> <\/div>\n<p> <!-- Secci\u00f3n Descripci\u00f3n del Sistema --> <\/p>\n<div style='margin-bottom: 30px;'>\n<h3 style='font-size: 20px; margin: 0 0 15px 0; color: inherit; opacity: 0.85;'> Descripci\u00f3n del Sistema <\/h3>\n<ul style='padding-left: 20px; margin: 15px 0; font-size: 14px; color: inherit;'>\n<li style='margin-bottom: 8px;'><strong style='color: inherit;'>Sistema Operativo:<\/strong> Linux integrado.<\/li>\n<li style='margin-bottom: 8px;'><strong style='color: inherit;'>Idiomas:<\/strong> Chino e Ingl\u00e9s.<\/li>\n<\/ul>\n<hr style='border: 0; border-top: 2px solid rgba(150&comma;150&comma;150&comma;0.3); margin: 30px 0;'> <\/div>\n<p> <!-- Secci\u00f3n Video --> <\/p>\n<div style='margin-bottom: 30px;'>\n<h3 style='font-size: 20px; margin: 0 0 15px 0; color: inherit; opacity: 0.85;'> Video <\/h3>\n<ul style='padding-left: 20px; margin: 15px 0; font-size: 14px; color: inherit;'>\n<li style='margin-bottom: 8px;'><strong style='color: inherit;'>Grabaci\u00f3n de video:<\/strong> 2 l\u00edneas de video con 1 AHD expandido.<\/li>\n<li style='margin-bottom: 8px;'><strong style='color: inherit;'>Recursos m\u00e1ximos:<\/strong> 2*1080P@30fps + 1080P@30fps (AHD).<\/li>\n<li style='margin-bottom: 8px;'><strong style='color: inherit;'>Configuraci\u00f3n de imagen:<\/strong> Ajustes disponibles para brillo&comma; cromaticidad&comma; contraste&comma; saturaci\u00f3n de color y nitidez.<\/li>\n<li style='margin-bottom: 8px;'><strong style='color: inherit;'>Codificaci\u00f3n de video:<\/strong> H.264\/H.265 opcional&comma; por defecto H.264.<\/li>\n<li style='margin-bottom: 8px;'><strong style='color: inherit;'>CBR\/VBR:<\/strong> Opcional entre VBR y CBR&comma; por defecto VBR.<\/li>\n<\/ul>\n<hr style='border: 0; border-top: 2px solid rgba(150&comma;150&comma;150&comma;0.3); margin: 30px 0;'> <\/div>\n<p> <!-- Secci\u00f3n Par\u00e1metros de la C\u00e1mara de Carretera --> <\/p>\n<div style='margin-bottom: 30px;'>\n<h3 style='font-size: 20px; margin: 0 0 15px 0; color: inherit; opacity: 0.85;'> Par\u00e1metros de la C\u00e1mara de Carretera <\/h3>\n<ul style='padding-left: 20px; margin: 15px 0; font-size: 14px; color: inherit;'>\n<li style='margin-bottom: 8px;'><strong style='color: inherit;'>Tipo de sensor:<\/strong> CMOS de 2.0 megap\u00edxeles&comma; 1\/2.8&#8242;.<\/li>\n<li style='margin-bottom: 8px;'><strong style='color: inherit;'>Velocidad de obturaci\u00f3n:<\/strong> 1\/30s-1\/100000s.<\/li>\n<li style='margin-bottom: 8px;'><strong style='color: inherit;'>Lente:<\/strong><\/li>\n<ul style='padding-left: 30px; margin: 5px 0; font-size: 14px; color: inherit;'>\n<li style='margin-bottom: 5px;'><strong style='color: inherit;'>Longitud focal:<\/strong> 1.9mm.<\/li>\n<li style='margin-bottom: 5px;'><strong style='color: inherit;'>Campo de visi\u00f3n horizontal (HFOV):<\/strong> 175\u00b0&comma; vertical (VFOV): 92\u00b0; error: \u00b15\u00b0.<\/li>\n<\/ul>\n<li style='margin-bottom: 8px;'><strong style='color: inherit;'>Iluminaci\u00f3n m\u00ednima:<\/strong> Color: 0.01Lux\/F1.2.<\/li>\n<li style='margin-bottom: 8px;'><strong style='color: inherit;'>Tipo de interfaz de lente:<\/strong> Lente integrada en la c\u00e1mara.<\/li>\n<li style='margin-bottom: 8px;'><strong style='color: inherit;'>Rango din\u00e1mico amplio (WDR):<\/strong> Din\u00e1mico digital.<\/li>\n<li style='margin-bottom: 8px;'><strong style='color: inherit;'>Compensaci\u00f3n de contraluz:<\/strong> Compatible.<\/li>\n<li style='margin-bottom: 8px;'><strong style='color: inherit;'>Relaci\u00f3n se\u00f1al-ruido (S\/N):<\/strong> \u226545dB.<\/li>\n<\/ul>\n<hr style='border: 0; border-top: 2px solid rgba(150&comma;150&comma;150&comma;0.3); margin: 30px 0;'> <\/div>\n<p> <!-- Secci\u00f3n Par\u00e1metros de la C\u00e1mara de Espejo Retrovisor --> <\/p>\n<div style='margin-bottom: 30px;'>\n<h3 style='font-size: 20px; margin: 0 0 15px 0; color: inherit; opacity: 0.85;'> Par\u00e1metros de la C\u00e1mara de Espejo Retrovisor <\/h3>\n<ul style='padding-left: 20px; margin: 15px 0; font-size: 14px; color: inherit;'>\n<li style='margin-bottom: 8px;'><strong style='color: inherit;'>Tipo de sensor:<\/strong> CMOS de 2.0 megap\u00edxeles&comma; 1\/2.8&#8242;.<\/li>\n<li style='margin-bottom: 8px;'><strong style='color: inherit;'>Velocidad de obturaci\u00f3n:<\/strong> 1\/30s-1\/100000s.<\/li>\n<li style='margin-bottom: 8px;'><strong style='color: inherit;'>Lente:<\/strong><\/li>\n<ul style='padding-left: 30px; margin: 5px 0; font-size: 14px; color: inherit;'>\n<li style='margin-bottom: 5px;'><strong style='color: inherit;'>Longitud focal:<\/strong> 6mm.<\/li>\n<li style='margin-bottom: 5px;'><strong style='color: inherit;'>Campo de visi\u00f3n horizontal (HFOV):<\/strong> 56\u00b0&comma; vertical (VFOV): 31\u00b0; error: \u00b15\u00b0.<\/li>\n<\/ul>\n<li style='margin-bottom: 8px;'><strong style='color: inherit;'>Tipo de interfaz de lente:<\/strong> Lente integrada en la c\u00e1mara.<\/li>\n<li style='margin-bottom: 8px;'><strong style='color: inherit;'>Rango din\u00e1mico amplio (WDR):<\/strong> Din\u00e1mico digital.<\/li>\n<li style='margin-bottom: 8px;'><strong style='color: inherit;'>Compensaci\u00f3n de contraluz:<\/strong> Compatible.<\/li>\n<li style='margin-bottom: 8px;'><strong style='color: inherit;'>Relaci\u00f3n se\u00f1al-ruido (S\/N):<\/strong> \u226545dB.<\/li>\n<\/ul>\n<hr style='border: 0; border-top: 2px solid rgba(150&comma;150&comma;150&comma;0.3); margin: 30px 0;'> <\/div>\n<p> <!-- Secci\u00f3n Sensor --> <\/p>\n<div style='margin-bottom: 30px;'>\n<h3 style='font-size: 20px; margin: 0 0 15px 0; color: inherit; opacity: 0.85;'> Sensor <\/h3>\n<ul style='padding-left: 20px; margin: 15px 0; font-size: 14px; color: inherit;'>\n<li style='margin-bottom: 8px;'><strong style='color: inherit;'>Sensor de seis ejes:<\/strong> Compatible con detecci\u00f3n de aceleraci\u00f3n r\u00e1pida&comma; desaceleraci\u00f3n r\u00e1pida y giros r\u00e1pidos.<\/li>\n<\/ul>\n<hr style='border: 0; border-top: 2px solid rgba(150&comma;150&comma;150&comma;0.3); margin: 30px 0;'> <\/div>\n<p> <!-- Secci\u00f3n Interfaces --> <\/p>\n<div style='margin-bottom: 30px;'>\n<h3 style='font-size: 20px; margin: 0 0 15px 0; color: inherit; opacity: 0.85;'> Interfaces <\/h3>\n<ul style='padding-left: 20px; margin: 15px 0; font-size: 14px; color: inherit;'>\n<li style='margin-bottom: 8px;'><strong style='color: inherit;'>RS232:<\/strong> 1 l\u00ednea.<\/li>\n<li style='margin-bottom: 8px;'><strong style='color: inherit;'>RS485:<\/strong> 1 l\u00ednea.<\/li>\n<li style='margin-bottom: 8px;'><strong style='color: inherit;'>Interfaz IO:<\/strong> 3 l\u00edneas.<\/li>\n<li style='margin-bottom: 8px;'><strong style='color: inherit;'>Interfaz de velocidad:<\/strong> 2 l\u00edneas.<\/li>\n<li style='margin-bottom: 8px;'><strong style='color: inherit;'>Interfaz AHD:<\/strong> 1 l\u00ednea.<\/li>\n<li style='margin-bottom: 8px;'><strong style='color: inherit;'>Interfaz MDVR:<\/strong> 1 l\u00ednea.<\/li>\n<li style='margin-bottom: 8px;'><strong style='color: inherit;'>Salida de video AHD:<\/strong> 1 l\u00ednea.<\/li>\n<li style='margin-bottom: 8px;'><strong style='color: inherit;'>CAN:<\/strong> 1 l\u00ednea (compatible con protocolo J1939 est\u00e1ndar).<\/li>\n<\/ul>\n<p style='margin: 15px 0 0 0; font-size: 14px; color: inherit;'> <strong style='color: inherit;'>Nota:<\/strong> Algunos fabricantes de veh\u00edculos personalizan campos de datos. Los datos finales en pruebas reales prevalecer\u00e1n. Si no se admiten ciertos datos requeridos&comma; se puede proporcionar un protocolo para el desarrollo integrado. <\/p>\n<hr style='border: 0; border-top: 2px solid rgba(150&comma;150&comma;150&comma;0.3); margin: 30px 0;'> <\/div>\n<p> <!-- Secci\u00f3n Protocolos de Red --> <\/p>\n<div style='margin-bottom: 30px;'>\n<h3 style='font-size: 20px; margin: 0 0 15px 0; color: inherit; opacity: 0.85;'> Protocolos de Red <\/h3>\n<ul style='padding-left: 20px; margin: 15px 0; font-size: 14px; color: inherit;'>\n<li style='margin-bottom: 8px;'>HTTP&comma; TCP&comma; ARP&comma; UDP&comma; FTP&comma; DHCP&comma; DNS&comma; IPV4&comma; NTP.<\/li>\n<\/ul>\n<hr style='border: 0; border-top: 2px solid rgba(150&comma;150&comma;150&comma;0.3); margin: 30px 0;'> <\/div>\n<p> <!-- Secci\u00f3n Suministro de Energ\u00eda --> <\/p>\n<div style='margin-bottom: 30px;'>\n<h3 style='font-size: 20px; margin: 0 0 15px 0; color: inherit; opacity: 0.85;'> Suministro de Energ\u00eda <\/h3>\n<ul style='padding-left: 20px; margin: 15px 0; font-size: 14px; color: inherit;'>\n<li style='margin-bottom: 8px;'><strong style='color: inherit;'>Voltaje:<\/strong> 9-36V.<\/li>\n<li style='margin-bottom: 8px;'><strong style='color: inherit;'>Consumo de energ\u00eda:<\/strong><\/li>\n<ul style='padding-left: 30px; margin: 5px 0; font-size: 14px; color: inherit;'>\n<li style='margin-bottom: 5px;'><strong style='color: inherit;'>T\u00edpico:<\/strong> 4.2 W.<\/li>\n<li style='margin-bottom: 5px;'><strong style='color: inherit;'>M\u00e1ximo con carga completa:<\/strong> 6 W.<\/li>\n<\/ul>\n<\/ul>\n<hr style='border: 0; border-top: 2px solid rgba(150&comma;150&comma;150&comma;0.3); margin: 30px 0;'> <\/div>\n<p> <!-- Secci\u00f3n Entorno --> <\/p>\n<div style='margin-bottom: 30px;'>\n<h3 style='font-size: 20px; margin: 0 0 15px 0; color: inherit; opacity: 0.85;'> Entorno <\/h3>\n<ul style='padding-left: 20px; margin: 15px 0; font-size: 14px; color: inherit;'>\n<li style='margin-bottom: 8px;'><strong style='color: inherit;'>Temperatura de trabajo:<\/strong> -40\u00b0C a +75\u00b0C (-40\u00b0F a +167\u00b0F).<\/li>\n<li style='margin-bottom: 8px;'><strong style='color: inherit;'>Humedad:<\/strong> 15% &#8211; 90%.<\/li>\n<li style='margin-bottom: 8px;'><strong style='color: inherit;'>Grado de protecci\u00f3n:<\/strong> IP69K.<\/li>\n<\/ul>\n<hr style='border: 0; border-top: 2px solid rgba(150&comma;150&comma;150&comma;0.3); margin: 30px 0;'> <\/div>\n<p> <!-- Secci\u00f3n Dimensiones y Peso --> <\/p>\n<div style='margin-bottom: 30px;'>\n<h3 style='font-size: 20px; margin: 0 0 15px 0; color: inherit; opacity: 0.85;'> Dimensiones y Peso <\/h3>\n<ul style='padding-left: 20px; margin: 15px 0; font-size: 14px; color: inherit;'>\n<li style='margin-bottom: 8px;'><strong style='color: inherit;'>Dimensiones:<\/strong><\/li>\n<ul style='padding-left: 30px; margin: 5px 0; font-size: 14px; color: inherit;'>\n<li style='margin-bottom: 5px;'><strong style='color: inherit;'>Est\u00e1ndar:<\/strong> 123mm (L) x 88mm (W) x 53mm (H).<\/li>\n<li style='margin-bottom: 5px;'><strong style='color: inherit;'>Extendida:<\/strong> 237mm (L) x 124mm (W) x 55mm (H).<\/li>\n<li style='margin-bottom: 5px;'><strong style='color: inherit;'>Error:<\/strong> \u00b12mm.<\/li>\n<\/ul>\n<li style='margin-bottom: 8px;'><strong style='color: inherit;'>Peso:<\/strong><\/li>\n<ul style='padding-left: 30px; margin: 5px 0; font-size: 14px; color: inherit;'>\n<li style='margin-bottom: 5px;'><strong style='color: inherit;'>Neto:<\/strong> 365g.<\/li>\n<li style='margin-bottom: 5px;'><strong style='color: inherit;'>Bruto:<\/strong> 1120g.<\/li>\n<li style='margin-bottom: 5px;'><strong style='color: inherit;'>Error:<\/strong> \u00b110mm.<\/li>\n<\/ul>\n<\/ul>\n<p style='margin: 15px 0 0 0; font-size: 14px; color: inherit;'> <strong style='color: inherit;'>Nota:<\/strong> Las dimensiones y peso reales pueden variar seg\u00fan la configuraci\u00f3n&comma; el proceso de fabricaci\u00f3n y el m\u00e9todo de medici\u00f3n. <\/p>\n<hr style='border: 0; border-top: 2px solid rgba(150&comma;150&comma;150&comma;0.3); margin: 30px 0;'> <\/div>\n<p> <!-- Secci\u00f3n Contenido del Paquete --> <\/p>\n<div style='margin-bottom: 30px;'>\n<h3 style='font-size: 20px; margin: 0 0 15px 0; color: inherit; opacity: 0.85;'> Contenido del Paquete <\/h3>\n<ul style='padding-left: 20px; margin: 15px 0; font-size: 14px; color: inherit;'>\n<li style='margin-bottom: 8px;'>960C53 x1.<\/li>\n<li style='margin-bottom: 8px;'>Caja de alimentaci\u00f3n x1.<\/li>\n<li style='margin-bottom: 8px;'>Cable de alimentaci\u00f3n x1.<\/li>\n<li style='margin-bottom: 8px;'>Soporte corto x1.<\/li>\n<li style='margin-bottom: 8px;'>Varios tornillos.<\/li>\n<\/ul>\n<p style='margin: 15px 0 0 0; font-size: 14px; color: inherit;'> <strong style='color: inherit;'>Nota:<\/strong> El contenido puede variar seg\u00fan la configuraci\u00f3n regional. Lo especificado en el paquete prevalecer\u00e1. <\/p>\n<\/p><\/div>\n<\/p><\/div>\n","protected":false},"excerpt":{"rendered":"<p>C\u00e1mara Para Sistema inteligente de Monitoreo de Punto Ciego<\/p>\n","protected":false},"featured_media":32,"comment_status":"open","ping_status":"closed","template":"","meta":[],"product_brand":[],"product_cat":[2272,1406],"product_tag":[2273,1409,935,1345],"class_list":{"0":"post-99445","1":"product","2":"type-product","3":"status-publish","4":"has-post-thumbnail","6":"product_cat-camaras-moviles","7":"product_cat-videograbadoras-moviles-videovigilancia","8":"product_tag-camaras-moviles","9":"product_tag-dash-cams-y-body-cams","10":"product_tag-epcom","11":"product_tag-videograbadoras-moviles","13":"first","14":"outofstock","15":"sale","16":"shipping-taxable","17":"purchasable","18":"product-type-simple"},"_links":{"self":[{"href":"https:\/\/soydeaqui.ddns.net\/pachuca\/index.php\/wp-json\/wp\/v2\/product\/99445","targetHints":{"allow":["GET"]}}],"collection":[{"href":"https:\/\/soydeaqui.ddns.net\/pachuca\/index.php\/wp-json\/wp\/v2\/product"}],"about":[{"href":"https:\/\/soydeaqui.ddns.net\/pachuca\/index.php\/wp-json\/wp\/v2\/types\/product"}],"replies":[{"embeddable":true,"href":"https:\/\/soydeaqui.ddns.net\/pachuca\/index.php\/wp-json\/wp\/v2\/comments?post=99445"}],"wp:featuredmedia":[{"embeddable":true,"href":"https:\/\/soydeaqui.ddns.net\/pachuca\/index.php\/wp-json\/wp\/v2\/media\/32"}],"wp:attachment":[{"href":"https:\/\/soydeaqui.ddns.net\/pachuca\/index.php\/wp-json\/wp\/v2\/media?parent=99445"}],"wp:term":[{"taxonomy":"product_brand","embeddable":true,"href":"https:\/\/soydeaqui.ddns.net\/pachuca\/index.php\/wp-json\/wp\/v2\/product_brand?post=99445"},{"taxonomy":"product_cat","embeddable":true,"href":"https:\/\/soydeaqui.ddns.net\/pachuca\/index.php\/wp-json\/wp\/v2\/product_cat?post=99445"},{"taxonomy":"product_tag","embeddable":true,"href":"https:\/\/soydeaqui.ddns.net\/pachuca\/index.php\/wp-json\/wp\/v2\/product_tag?post=99445"}],"curies":[{"name":"wp","href":"https:\/\/api.w.org\/{rel}","templated":true}]}}