{"id":99421,"date":"2026-03-20T10:26:21","date_gmt":"2026-03-20T10:26:21","guid":{"rendered":"https:\/\/soydeaqui.ddns.net\/pachuca\/index.php\/producto\/kit-de-rotomartillo-atornillador-dhp485z-atornillador-de-impacto-dtd157z-incluye-2-baterias-bl1815n-1-cargador-dc18sd-y-maleta-de-lona\/"},"modified":"2026-03-20T10:26:22","modified_gmt":"2026-03-20T10:26:22","slug":"kit-de-rotomartillo-atornillador-dhp485z-atornillador-de-impacto-dtd157z-incluye-2-baterias-bl1815n-1-cargador-dc18sd-y-maleta-de-lona","status":"publish","type":"product","link":"https:\/\/soydeaqui.ddns.net\/pachuca\/index.php\/producto\/kit-de-rotomartillo-atornillador-dhp485z-atornillador-de-impacto-dtd157z-incluye-2-baterias-bl1815n-1-cargador-dc18sd-y-maleta-de-lona\/","title":{"rendered":"Kit de Rotomartillo Atornillador DHP485Z + Atornillador de Impacto DTD157Z, incluye 2 Bater\u00edas BL1815N, 1 Cargador DC18SD y Maleta de lona."},"content":{"rendered":"<div style='width: 100%; max-width: 1200px; margin: 0 auto; font-family: sans-serif; line-height: 1.6; color: inherit; background-color: transparent;'>\n<div style='display: flex; flex-wrap: wrap; gap: 30px; margin-bottom: 30px;'>\n<div style='flex: 1 1 300px; min-width: 280px;'>\n<h3 style='font-size: 22px; border-bottom: 2px solid currentColor; padding-bottom: 5px; margin-top: 0; color: inherit; opacity: 0.8;'>Rotomartillo Atornillador Makita DHP485<\/h3>\n<ul style='padding-left: 20px; font-size: 15px; color: inherit;'>\n<li style='margin-bottom: 5px;'>Dise\u00f1o compacto de solo 164 mm de largo para una mayor operatividad&comma; gracias al nuevo dise\u00f1o de selector de par de apriete<\/li>\n<li style='margin-bottom: 5px;'>Cubierta de aluminio fundido a presi\u00f3n alrededor de la carcasa para rigidez de la m\u00e1quina<\/li>\n<li style='margin-bottom: 5px;'>Motor BL sin escobillas de carb\u00f3n para funcionamiento m\u00e1s fr\u00edo y eficiente<\/li>\n<li style='margin-bottom: 5px;'><strong>Velocidades:<\/strong> 0-500 y 0-1.900 r.p.m. para amplia gama de aplicaciones<\/li>\n<li style='margin-bottom: 5px;'>Portabrocas autom\u00e1tico de 13 mm para cambios r\u00e1pidos de brocas<\/li>\n<\/ul><\/div>\n<div style='flex: 1 1 300px; min-width: 280px;'>\n<h3 style='font-size: 22px; border-bottom: 2px solid currentColor; padding-bottom: 5px; margin-top: 0; color: inherit; opacity: 0.8;'>Capacidades<\/h3>\n<ul style='padding-left: 20px; font-size: 15px; color: inherit;'>\n<li style='margin-bottom: 5px;'><strong>Acero:<\/strong> 13 mm (1\/2 pulg)<\/li>\n<li style='margin-bottom: 5px;'><strong>Madera:<\/strong> 38 mm (1-1\/2 pulg)<\/li>\n<li style='margin-bottom: 5px;'><strong>Mamposter\u00eda:<\/strong> 13 mm (1\/2 pulg)<\/li>\n<li style='margin-bottom: 5px;'><strong>Velocidad sin carga:<\/strong> Alto\/Bajo: 0 \u2013 1.900 \/ 0 \u2013 500<\/li>\n<li style='margin-bottom: 5px;'><strong>Impactos por minuto:<\/strong> Alto\/Bajo: 0 \u2013 28.500 \/ 0 \u2013 7.500<\/li>\n<li style='margin-bottom: 5px;'><strong>Torque m\u00e1ximo:<\/strong> Fuerte\/Suave: 50 \/ 27 Nm<\/li>\n<li style='margin-bottom: 5px;'><strong>M\u00e1ximo torque de bloqueo:<\/strong> 50 Nm<\/li>\n<li style='margin-bottom: 5px;'><strong>Peso neto:<\/strong> 1.5 kg<\/li>\n<\/ul><\/div>\n<div style='flex: 1 1 300px; min-width: 280px;'>\n<h3 style='font-size: 22px; border-bottom: 2px solid currentColor; padding-bottom: 5px; margin-top: 0; color: inherit; opacity: 0.8;'>Llave de Impacto Makita DTD157<\/h3>\n<ul style='padding-left: 20px; font-size: 15px; color: inherit;'>\n<li style='margin-bottom: 5px;'>Cuerpo compacto para atornillar f\u00e1cilmente en espacios reducidos<\/li>\n<li style='margin-bottom: 5px;'>Estructura anti-oscilaciones<\/li>\n<li style='margin-bottom: 5px;'>3 modos de trabajo: asistido \/ duro \/ blando para m\u00faltiples aplicaciones<\/li>\n<li style='margin-bottom: 5px;'><strong>Velocidad:<\/strong> 0-1.300 \/ 0-3.000 RPM y 0-2.000 \/ 0-4.100 IPM<\/li>\n<li style='margin-bottom: 5px;'>Tecnolog\u00eda XPT para resistencia al polvo y al agua<\/li>\n<\/ul><\/div>\n<div style='flex: 1 1 300px; min-width: 280px;'>\n<h3 style='font-size: 22px; border-bottom: 2px solid currentColor; padding-bottom: 5px; margin-top: 0; color: inherit; opacity: 0.8;'>Capacidades de Impacto<\/h3>\n<ul style='padding-left: 20px; font-size: 15px; color: inherit;'>\n<li style='margin-bottom: 5px;'><strong>Tornillo de m\u00e1quina:<\/strong> 4 mm \u2013 8 mm (5\/32 \u2013 5\/16 pulg)<\/li>\n<li style='margin-bottom: 5px;'><strong>Tornillo est\u00e1ndar:<\/strong> 5 mm \u2013 14 mm (3\/16 \u2013 9\/16 pulg)<\/li>\n<li style='margin-bottom: 5px;'><strong>Tornillo de alta resistencia:<\/strong> 5 mm \u2013 12 mm (3\/16 \u2013 1\/2 pulg)<\/li>\n<li style='margin-bottom: 5px;'><strong>Velocidad sin carga:<\/strong><\/li>\n<ul style='padding-left: 20px; font-size: 15px; color: inherit;'>\n<li style='margin-bottom: 5px;'>Modo de Impacto duro: 0-3000 RPM<\/li>\n<li style='margin-bottom: 5px;'>Modo de Impacto suave: 0-1300 RPM<\/li>\n<\/ul>\n<li style='margin-bottom: 5px;'><strong>Impactos por minuto:<\/strong><\/li>\n<ul style='padding-left: 20px; font-size: 15px; color: inherit;'>\n<li style='margin-bottom: 5px;'>Modo de Impacto duro: 0 \u2013 4100 IPM<\/li>\n<li style='margin-bottom: 5px;'>Modo de Impacto suave: 0 \u2013 2000 IPM<\/li>\n<\/ul>\n<\/ul><\/div>\n<div style='flex: 1 1 300px; min-width: 280px;'>\n<h3 style='font-size: 22px; border-bottom: 2px solid currentColor; padding-bottom: 5px; margin-top: 0; color: inherit; opacity: 0.8;'>Incluye<\/h3>\n<ul style='padding-left: 20px; font-size: 15px; color: inherit;'>\n<li style='margin-bottom: 5px;'>Rotomartillo DHP485Z<\/li>\n<li style='margin-bottom: 5px;'>Atornillador de impacto DTD157Z<\/li>\n<li style='margin-bottom: 5px;'>2 Bater\u00edas BL1815N<\/li>\n<li style='margin-bottom: 5px;'>1 Cargador DC18SD<\/li>\n<li style='margin-bottom: 5px;'>Maleta de lona<\/li>\n<\/ul><\/div>\n<\/p><\/div>\n<div style='display: flex; flex-wrap: wrap; gap: 30px; margin-bottom: 30px;'>\n<div style='flex: 1 1 300px; min-width: 280px;'> <img style='width: 100%; height: auto; border: 1px solid rgba(150&comma;150&comma;150&comma;0.3); border-radius: 8px;' src='data:image\/png;base64&comma;iVBORw0KGgoAAAANSUhEUgAAAPMAAABcCAYAAAC7vIMEAAANOklEQVR4Ae1bsaotWRGd0C9wvkD8AMEPmMDYxNjI0MzQ0GQwFAZMjYwNzA38APEHRkXEQeQhIorIlQW3YK+munatPt199z1vNVx2V70+dWpXrVVVu+9+333y+Rcv\/nEMjIEnwICT+ARJdEF2QwIGTGaT2Rh4Egw4kU+SSHdnd2eT2WR2CRh46aWX3K677uqOPvpo99VXX5W97z\/\/\/LN799133d577+26dOniPvvsM7d58+ay47788stuv\/32c59\/\/rn7448\/3Pz5891RRx3l9t9\/fzdnzpxKo65evdp16tTJ7bHHHm78+PHu119\/3Wb9v\/\/+e\/fAAw+43XbbzR144IHu5Zdf3qY89c8nn3zi9tprL7fLLru4oUOH2n9K9+eff7p3333XHXTQQW733Xd39913n\/v999+3KZP827dv73r16uU2b95c9n9q999\/\/91988037p577nF7772369q1q3v44YcL6h3G07d22WUX161bNzdr1qyC+JX98dVXX7n999\/f9e3b13322WcF8V544QXXvXt3161bN\/fcc88VxPv666\/d4Ycf7vbcc083bNiwqj906dLF9e3b1\/30009F465evdr16tXLdun33Xdf98wzz5S896h3795u0KBB7tdff3Xz5s1zBx98sNt9993d0KFD3Z9\/\/lkyf2D+5JNP3D777OP22GMPN2zYMPfXX3+VjK80r732muvdu7fr3r27u+uuu9z69evLxuW9f\/\/+7vDDD3c\/\/fSTe+2119wBBxzg9thjD3fLLbe4P\/\/8syA+7XjCCSe4Dh06uL59+7pXX311m7h8f\/rpp65v376uQ4cO7q677nK\/\/fZb2fjA8OOPP7q3337bXXLJJW7\/\/fd3O+64o9t\/\/\/3d8OHD3S+\/\/FJ2XN4fe+wx161bN7f77ru7e+65x\/3yyy9l4yv8zTffdP369XNt27Z1AwcOdK+99lqVcZ977jnXtWtX161bN\/fMM89U+R5+eP\/9992AAQNc27Zt3bBhw9x3331XNj75v\/nmm+744493rVq1coceeqj717\/+5X799dcq4995552uU6dO7vDDD3fPPvtslXG14Xv\/\/ffd0Ucf7Vq0aOEOOeQQ99hjj1X5Pvzww65z585u7733ds8880yV7+H722+\/7U444QTXsmVL179\/f\/fiiy9WGRf4nn76aXfQQQe5Zs2auQEDBriXXnqpyrj89+abb7px48a5448\/3rVv395169bNXXrppVXG1Xf8+eef7q233nKXX365O+igg1yLFi3c3nvv7U477TQ3b968KuPq215\/\/XV34YUXur322ss1a9bM7b777u64445zL7\/88jZx\/\/zzT\/fcc8+5U045xXbP77HHHm7QoEFu0qRJ28T97bff3Pjx491RRx1lA4z999\/fjR8\/3v38889Vxv3999\/d008\/7U488UTXunVr16FDB3fSSSe5F198cZu4GzZscP\/617\/cySefbH3h4IMPNt5WVly+582b50aNGuU6d+7s2rZt6w466CA3bNgw99Zbb20T988\/\/3QvvfSSO+2002wQ065dO3fEEUe4q6++2r399ttVxv3111\/d+PHj3Yknnmhr6B07dnT9+vVzV111lXv33Xe3ifv777+7559\/3p1xxhlu1113dS1atHAdO3Z0hx12mLvtttvcN998U2XcP\/\/807344ovu9NNPd926dXPt27d3u+yyi+vatas77rjj3L333uu+\/vrrKuP++OOP7uWXX3ZDhgxh2d61b9\/e7bXXXu7QQw91N998s\/vss8+2ifvXX3+5t99+21155ZXu0EMPNX7QunVr165dO3fwwQe78847z02ZMqXKuP\/973\/d66+\/7i6++GLXq1cv16FDB7f99tu7Dh06uP3339+df\/757vXXX98m7r\/\/\/a9766233FVXXeUOP\/xw16FDB9emTRu34447uq5du7pTTz3V3XfffW758uVlx\/3zzz\/d+++\/72699VZ31FFHmQDdYYcdXKtWrdz222\/vOnTo4E488UQ3evRou4227Lj899tvv7n333\/f3Xjjje7QQw81HtGqVSvXokUL17JlS7f33nu7M844wz366KNu6dKlZcdVvZ988kk3dOhQ16VLF9e2bVvXokUL16pVK9e2bVvXqVMnd8QRR7iLL77YjR8\/3n3\/\/fdlx\/3rr7\/c559\/7u688053zDHHmH7Utm1b17JlS9e6dWvXqVMnd9RRR7nzzz\/f3X\/\/\/e7LL78sO67a9qOPPnJXX32169evn9tpp51cmzZt3A477ODat2\/vOnfu7A4\/\/HB31llnuZtvvtm9+eabZcf966+\/3BdffOFGjRrl+vXrZ4K0bdu2rl27dq5Dhw5u3333dUOHDnX333+\/e++998qOq3b59ttv3d133+2OPvpoE6Jt2rQx3tK6dWvXsWNHd8QRR7jTTjvN3XHHHe7FF18sO67S\/fLLL+6pp55yxx13nNt9991N723Tpo1r3bq122GHHUw\/79+\/v7vyyivdI4884r788suy4+q7f\/31VzdhwgR37LHH2qBkxx13dO3atXN77LGH22uvvVzPnj3dSSed5C6\/\/HJ33333uY8\/\/rjsuIq7Zs0ad8stt7h+\/fq59u3bGy9o3bq122OPPdw+++xj+vkpp5ziLr30Unf77be7999\/v+y4vK9YscLdeuut7qijjjL+1q5dO7fzzju7Dh06uL333tudcMIJ7oILLnCXX365e+KJJ9xHH31Udly+58yZ4+644w53+OGHm97erl0716FDB9O9O3To4Pbdd1933HHHuXPOOcddc8017vHHH3eff\/552XH5\/uyzz9z111\/v+vbta7yjdevWbocddjDdG95z4oknurPOOstdc8017tFHH3Vz584tOy7vixcvdtdff7075JBD3K677mr8o127dm7XXXd17du3d3vttZc74ogj3DnnnOOuvPJKd88997hXX33Vff3112XH5fuzzz5z1157reu3336uY8eO7oADDjD+065dO9e1a1c3cOBA169fP9e3b1936qmnurPOOstdccUV7p577nGvvvqqmz17dtlx+b506VJ37bXXun322cd16tTJ9O8999zT7bnnnm7\/\/fd3AwcOdH379nUHHHCA69evn+vbt6877rjj3JlnnumGDRvmrrzySjdy5Eh35ZVXupEjR7pXX33VzZ8\/v+y4fP\/666\/uvvvuc4MHD3Y9e\/Z03bt3d7169XJ9+vRx\/fv3d4MHD3YDBw50\/fv3d4MHD3YDBw50AwcOdH369HH9+vVzJ554oht84IFu4MCB7rDDDnNHHHGEOfb06dPd0qVLS8ZVvZ5\/\/nk3dOhQd9hhh7l9993X7b333qZ39+3b1x1xxBHuqKOOcscee6w79thj3eGHH+769u1r34cddpg79thj3ZAhQ9ypp57qTj75ZDd06FB38sknu6OOOsoNHz7cPfTQQ+6LL74oGZf3d955x5188slu0KBB7tBDD3X777+\/22effUy3P\/74491pp53mTj75ZDd06FB34IEHuv3339\/16dPHnXHGGW7EiBHu8ssvd2effbY766yz3DXXXOOmT59eNq5+\/fVX98QTT7hTTz3V9e3b1+29995u9913d7vssovr1KmTO+qoo9ypp57qTj31VHf44Ye73r17u3333df16dPHnXHGGW748OHu0ksvdecNHeqGDRvmzj33XHf55Ze70aNHu2nTppWMy\/8zZ850V111lTve86Q+ffq4vffe2+2+++5u1113dZ06dXJ9+\/Z1Q4cOdWeeeab75z\/\/6c4880x32GGHuf333991797d9e7d25166qlu2LBh7vLLL3fDhg1zZ555phs6dKg755xz3L333uv+97\/\/lY2rTz\/91A0fPtwN8Dy2b9++7sADD3R77bWX22WXXVzXrl3dUUcd5c4880z3z3\/+05155plu4MCB7oADDnB77bWX69Kli+vevbs744wz3JAhQ9yFF17oLrzwQnf22We74cOHu6uvvtq98847ZePq559\/dmPGjHHHH3+869u3r+ndnTt3Nn7QsWNH161bN3f00Ue7s846y1166aXu0ksvdeeff74bPHiwe+KJJ9zXX39dNq5+\/fVX984777jLL7\/c9evXz+3Xo4fr3bu36d177bWX6969u+vbt6874YQTXP\/+\/d2gQYPc4MGD3fDhw921117rXn31VffJJ5+Ujat169a5d999111\/\/fXu+OOPd3369DE9vHv37qZ39+zZ0\/Xp08cNHDjQ9O7jjjvO9evXz\/Xv39\/179\/fnXbaaW748OHu2muvdWPGjHGzZs0qG1e\/\/PKLmzZtmhs1apQ78cQT3YABA9yBBx5o+nd3z4\/69Onj+vXrZ3r3gAED3NChQ915553nrrzySnf77be7F1980X344Ydu1apVZePq559\/dt9884178cUX3d133+2GDRvmjj32WHP77ruv6eHdu3c3vXv\/\/fd3J5xwghs0aJDr16+f6devnznSnnbaaW7YsGHu0ksvdaNGjXJPP\/20e++999z3339fNq7+\/PNP99tvv7l3333XjR492p1xxhnu6KOPNj18v\/32M\/27R48e7sADD3THH3+8O+igg1yvXr1M7+7Zs6c74ogj3LnnnuuuvPJKd8stt7h7773XjR8\/3o0bN85NnDjRzZo1y\/30009l4+qPP\/5wP\/74o5s6dar75z\/\/6W666SY3dOhQd8IJJ5h+3rNnT9O7e\/fu7Y4\/\/ng3aNAg17dvX9e7d2934IEHukMPPdSNHDnSXXvttW7UqFHuvPPOc2effbYbOnSowfX222+75cuXl42rX3\/91S1fvtzNnDnT3XPPPQa36+94AAAgAElEQVR44403uqFDh7qTTjrJ9PDDDz\/c9O7evXu7Y4891p144omuT58+7qCDDnJHHHGE6d2XX365Gz16tBsxYoQ755xz3HnnnWe4ePfdd93KlSvLxtW6devc999\/72bPnu2mT5\/u7r33Xnf99de7s846y5100knmDj30UNO7e\/Xq5Y488kh30kknmYBq166d6d2HH364u+iii9z111\/vbr75Znf11Ve7oUOHugsvvNDdeeed7p133nFfffWV+\/HHH8vG1fr1692PP\/7oPv\/8c\/fYY4+5G264wZ199tnmTj75ZNO7u3XrZnr3oYce6g499FDXp08f179\/f3f44Ye70047zV188cXu2muvdXfeeae744473I033ujOO+88N2zYMDd69Gj31ltvubVr15aFq19\/\/dX99ttv7ssvv3SPP\/64u\/POO92QIUPcWWedZc4788wzTe\/u0aOH6d3HHHOMO+GEE9wRRxxhenevXr3cSSed5C688EJ33XXXuTvvvNPdeeed7u6773bDhw93Z599trv88svdY4895j766CO3Zs2asvC0efNmt27dOjdnzhz30EMPuVtvvdUNHTrUnXHGGebOOOMM07t79Ohhenf37t3d8ccf70444QQ3YMAAd9BBB7mDDz7YnXzyye68885z1113nRsyZIi76KKL3JAhQ9z555\/vrr32Wvfss8+6zz77zH3\/\/fdl4WnDhg1u7dq17u2333YjR450F110kTnS85166qmmf3fr1s307q5du7rjjz\/e9O5evXq5Hj16mN592mmnuYsuusjdfPPN7q677nJ33323u+OOO9zQoUPd+eef766\/\/no3adIk99FHH7nVq1eXhSf416+\/\/upmzZrl7r77bnd15K666ip3\/vnnmzv99NNN7+7SpYvp3V26dDE9vFevXqZ3d+vWzR3s+U5999133bRp09wrr7ziJk+e7D766CP31VdfuV9\/\/bUsPP32229u7ty57p577nGXX365O+ecc8wNGjTInX766aZ3d+3a1fTuLl26mB7evXt308O7d+\/u+vXr54YOHepuvfVW99BDD7mHH37Y3X333e6aa65x559\/vhs2bJi788473Xvvvee+\/fZb99NPP5WFr99++8399ttv7tNPP3X33Xefu+6669y5555r7rTTTjO9u3PnzqZ3d+7c2fTw7t27m97drVs3179\/f3f22We76667zj344IPukUcecXfffbe78sor3TnnnONOP\/10d91117kXX3zRzZ49261cubIsfK1evdr99ttv7uOPP3a33367u+WWW9yQIUPcWWedZc47\/fTTTe\/u1KmT6eHdunUzPbxHjx6m9+67777u6KOPdhdccIG76aab3L333uvGjx\/v7r77bne151999dXu7rvvdq+88oqZ569evbosfK1evdr98ccf7vPPP3e33nqrGzlypDv11FPdWWedZe60004zvbtjx46md3fs2NH08B49epj+2717d3f44Ye7U0891V100UVu5MiR7r777nOjR4921157rRsyZIi7+uqr3ejRo93LL7\/sPvvsM7dy5cqy8LV27Vr3xx9\/uGnTprk777zT3XHHHebOOOMMc6effrrp3R06dDA9vH379qZ\/d+vWzfTfHj16uKOOOsqdcsop7qKLLnK33HKLGz16tBszZoy74YYb3KBBg9zQoUPdLbfc4p577jn34Ycfuq+\/\/tos58vC17p169yGDRvct99+6+666y530003uQsuuMCcd+qpp5re3a5dO9PD27Zta3p49+7d3aGHHur69OnjzjrrLHf11Ve7u+66y40dO9bdeOON7rzzznPnnXeeu+WWW9wTTzzhXn\/9dfP98MMPZeFrw4YN7s8\/\/3Sffvqpu+OOO9zdd9\/tzj77bHPeKaecYnp327ZtTQ9v06aN6eHdu3c3\/bd79+7u0EMPdX379nXnn3++u+6669zdd9\/t7r33Xjdy5Eh38cUXu0GDBrmLL77Y3XHHHe65555zr732mvv888\/dDz\/8UBa+Nm7c6P766y\/36aefuhtuuMHdfvvt7uyzzzbn9evXz\/Tu1q1bm97dunVr08O7du1qem+3bt1c37593aBBg9yQIUPcFVdc4UaPHu2uv\/56d95557n+\/fu7wYMHu+uvv9499dRT7pVXXnGzZ892K1asKAtfGzduv\/96AAAgAElEQVR+u\/\/66683\/6677nL333+\/OfL997\/\/bXp3q1atTA9v2bKl6eHt2rVzBx54oDv66KPd6aef7i666CJ3zTXXuBtuuMFdf\/317qKLLnJ9+\/Z1Z599trv22mvdk08+6V555RX3wQcfuG+\/\/bYsfG3atMn9888\/7osvvnB33nmnu+OOO8z5Z511lunhLVu2ND28RYsWpoe3a9fO9N927dq5\/v37u8GDB7uLL77YXXPNNW748OHu3HPPdQMGDHD9+\/d3l1xyiXvwwQfdyJEj3c033+wuueQSd9lll7l7773Xvfnmm+7LL790P\/\/8c1n42rx5s\/v999\/d119\/7R544AF34403uvPOO8+c169fP9PDW7RoYXp48+bNTQ9v1aqV6b9t27Z1Bx98sBsyZIi7+OKL3aWXXupGjBjhhg4d6oYNG+ZGjRrlHnroIXfLLbe4q6++2l199dXu2muvdXfffbe777773JNPPulee+0199FHH7nly5eXha\/Nmze733\/\/3X399dfu3nvvdbfddps799xzze3Xr5\/p4c2aNTM9vFmzZqZ\/t2nTxvTf1q1buz59+rihQ4e6Sy+91F166aXu4osvdsOHD3fDhw93o0aNMl7y8MMPu4kTJ7qXX37ZzZo1y3399ddu5cqVZeFq8+bN7q+\/\/nKzZs1yDz\/8sLv11lvd+eefb87r27ev6eHXXHON6eHXXnut6eFXX3216eHXX3+96d9XX321GzZsmBsyZIg77bTT3DnnnOOuueYad9ttt7mHH37YjR8\/3t1yyy3u4osvdkOHDnW33XabGz16tHv66afd66+\/7j7\/\/HP37bffup9++qksfG3ZssX9888\/7scff3SPP\/64u+2228yR79VXX216+NVXX216+DXXXGN6+LXXXmt6+HXXXWf674033uhOPfVUd+KJJ7q+ffu6E044wV166aXu5ptvdvfee697+OGH3d133+2uvfZad+6557rzzz\/f3Xrrre7ee+91L7\/8spkKz5s3z\/34449l4WvLli1u06ZN7ueff3bPPPOMu+OOO8yR79VXX216+JAhQ0wPv\/76600Pv+GGG0z\/vfHGG93AgQPd0Ucf7Y488kh39NFHu7PPPttde+217u6773YjR4501157rTvvvPPcWWed5S655BJ3xx13uJdeesl98MEH7pNPPnGzZ89233\/\/vVu9enVZ+Nq6dav7+++\/3Y8\/\/ugmT57sbr\/9dnPku\/zyy00Pv+SSS0wPv+6660wPv\/76603\/vfHGG8144KijjnLHHHOMO+6449ypp57qrrjiCnfr7be70aNHu9GjR7sbb7zRXXTRRe6ss85y559\/vhs5cqS777773KuvvupmzJjhpkyZ4j744AP33XffuTVr1pSFry1btrg\/\/vjDzZ8\/302cONHdcsst5sh38cUXmx5+4YUXmh5+7bXXmh5+3XXXmR5+0003uQEDBrh+\/fq5Y445xvXv39+deuqpbtCgQe7CCy90l156qRsyZIg766yz3DnnnOMuvfRSd8stt7gHH3zQjR492l177bXu3HPPdX379nV9+\/Z1F198sRsyZIi76KKL3DXXXOOuv\/56d9lll7mzzz7b9O6zzjrLXXrppW7UqFFu3Lhxbvz48W7MmDHu5ptvNv373HPPdZdeeqm744473NixY93EiRPdE0884a699lo3cOBA169fP3fGGWe466+\/3t12223u4YcfdmPGjHG33HKLue7du7s+ffq4c845x11zzTXu1ltvdf\/5z3\/cyJEj3dVXX+3OPvts079PO+00d+6557rLL7\/cXX\/99e6OO+5wDz74oHvwwQfdHf\/9r7viiivc6aef7nr27Gn69znnnOOuvPJKd9ttt7n777\/f3Xvvve6mm25y5557ruvbt6\/r16+fu+CCC9z111\/v7rjjDvfQQw+5Bx980N12223u0ksvdf369XP9+vVzF198sRsyZIi77LLL3I033uiGDBniLr74Yjds2DB39dVXu1tuucU98MAD7vHHH3cTJkxw119\/vTnS9OnTx5111lnu8ssvd7fddpu7\/\/773UMPPeTuv\/9+d8MNN7j+\/fu7Pn36uLPPPttde+217q677nKjRo1yDz30kLv55pvdhRde6Pr162f694UXXuiuvPJKd8stt7j777\/fjR492o0aNSrO74ILLnB9+\/Z1vXv3dmeddZa75ppr3F133eXGjBnjHnroIXf77be7s88+2\/Xp08f17t3b9O+LL77Y3XjjjW7EiBHuwQcfdHfeeac777zzXN++fV3v3r3dOeec46644gp36623uocfftiNHTvWjR492l1xxRXmzjzzTHf66ae7Xr16uT59+riTTz7ZXXbZZe62225zDz30kHv44Yfd7bff7s455xzXt29f17t3b3fOOee4q666yt1+++3u4Ycfdg899JAbPny4O+uss1zv3r1d79693ZlnnuluuOEGd88997jHH3\/cPfXUU+722293Z511luvbt6\/r06eP6d+XXnqpu+WWW9yIESPcQw895B544AF34403urPOOsv16dPH9e7d25155pnu6quvdnfeeae777773B133OHOO+8816dPH9e7d2931llnuWuvvdY98MAD7pFHHnGPP\/64u+2228yR74wzznC9evVyffr0cX369HEDBw50V155pRsyZIg7\/\/zz3TnnnON69+7t+vbt68466yx3zTXXuLvvvts9+uij7vHHH3fDhw93Z511lvvXv\/7l+vbt63r37u3OPvtsd+2117p7773XjR492o0ePdqdffbZ5s444wzXu3dv16dPH9e7d283YMAAd9lll7lbb73V3X\/\/\/e6ee+5x1157rTnS9O7d25155pnu2muvdXfffbe7\/\/773cMPP+yuueYad9ZZZ7k+ffq43r17u7PPPttde+217r777nMjR450I0aMcGeeeabp36effrrr1auX69Onj+vd29eX69133323GzlypBsyZIg58p1++umuV69erlevXq53795u4MCB7vLLL3e33HKLueeff949+OCD7qKLLjJHmgEDBrh+\/fq5Pn36uN69e7t+\/fq5QYMGucsvv9zdfvvt7sEHH3SPPvqou+WWW8yR5vTTT3d9+vRxffr0cX369HEXXHCBu+KKK9zNN9\/s7r\/\/fjdy5EjXv39\/c6QZMGCAGzBggOvdu7fr3bu369Onjzv99NPd5Zdf7m699VZ3\/\/33u9GjR7tbb73V3Jlnnum6d+\/u+vbt6\/r27et69+7tLrjgAnf55Ze7m266yd1zzz3u4YcfdjfffLM50vTo0cP07169erl+\/fq5\/v37u8svv9wNGzbM3XPPPebGjBnjrrnmGnNnnHGG6927t+ndvXv3dhdffLG74oor3E033eTuv\/9+N2bMGPfwww+7M8880\/Xu3dv16dPH9e7d2\/Xp08cNHDjQXX755e7WW291Dz30kHv44YfdnXfeae6MM85wvXv1cn369nG9e\/d2vXv3dhdccIG74oor3E033eTuv\/9+99BDD7k777zTnHd6jx6uT98+rnfv3q53797u4osvdldeeWX839133+3uvPNOc2eccYbr1auX69Onj+vd28c7\/\/zz3WWXXeZuvvlmd99997mHH37Y3X777ebOOOMM17t3b9e7d293+umnu4suusj95z\/\/cSNGjHAPPPCAu\/32282R5vTTT3d9+vRxvXv3dr1793aXX365u+mmm9z999\/vHn74YXf33XebI80pp5zi+vbt63r37u169+7tLrroInfl1Ve7W2+91T344IPu4YcfdqNHjzZ3+umnuz59+ri+ffu63r17u4suushdeuml7qabbnL33nuvGz16tHv00UfNnX766a5Pnz6ub9++rlevXu6SSy5xV155pbv55pvdfffd50aPHu1Gjx5t7vTTT3d9+\/Z1ffv2db169XKXXnqpu\/zyy93NN9\/s7rvvPjdy5Ej30EMPmTvtNN83+\/bt63r37u0uvPBCd9lll7kbb7zR3XPPPebGjBnj7r\/\/fnN9+vRxvXv3dn369HEXX3yxCZCbb77Z3Xfffe7BBx90d911l7kzzjjD9enTx\/Xt29f16tXLXXLJJe6yyy5zN910k7v33nvd6NGj3aOPPmquT58+rm\/ev1\/fvq53797u4osvdldeeWW87vHAAw+4u+66y9xpp53m+vbt6\/r06eP69OnjLr74Ynfl1Ve5W2+91T3wwANu9OjR7vHHHzd32mmnub59+7q+ffu63r17u4svvthdeeWV7uabb3b33HOPGz16tHvsscfM9e7d2\/Xp08f16dPHXXzxxe6KK65wN910k7v33nvd6NGj3dixY82d6v29e\/d2vXv3dhdddJG78sor3S233OJGjBjhHnzwQXf\/\/fe70047zfXp08f16dPH9e7d21188cXuqquucjfffLO799573Z133unuvPNOc6eddprp37169XK9e\/d2F198sRsyZIi7+uqr3T333ONeeOEF9+KLL5o75ZRTXJ8+fdypp57qevfu7S6++GJ31VVXuVtuvsXdf\/\/97qGHHnL333+\/ueOOO8717t3b9e7d2\/Xq1ctdcskl7sorr3S33HKLu\/\/++93o0aPd448\/bu6UU05xvXv3dr1793a9evVyF110kRsyZIi76qqr3N133+0effRR98ILL5g76aSTXO\/evV3v3r1d79693cUXX+yuvPJKd8stt7gHH3zQjR492j3xxBPmTj75ZNe7d2\/Xp08f17t3b3fxxRe7q666yt18883u3nvvdaNHj3aPPvqouZNOOsn16dPH9e7d2\/Xq1ctdfPHF7sorr3Q333yzu\/\/++91DDz3k7r\/\/fnN9+\/Z1vXv3dr169XKXXHKJu+KKK9wtt9zi7r33XjdmzBj3xBNPmDvppJNc7969Xe\/evV2vXr3cJZdc4q688kp36623uvvuu8898sgj7tFHHzV34oknmt7dq1cv16tXL3fJJZe4K6+80t18883u3nvvdaNHj3aPPvqouRNPPNH16dPH9e7d2\/Xq1ctdfPHF7sorr3Q333yzu+++<|im_end|><|endoftext|><\/p>\n","protected":false},"excerpt":{"rendered":"<p>Kit de Rotomartillo Atornillador DHP485Z + Atornillador de Impacto DTD157Z, incluye 2 Bater\u00edas BL1815N, 1 Cargador DC18SD y Maleta de lona.<\/p>\n","protected":false},"featured_media":99420,"comment_status":"open","ping_status":"closed","template":"","meta":[],"product_brand":[],"product_cat":[1227],"product_tag":[1058,1228,252],"class_list":{"0":"post-99421","1":"product","2":"type-product","3":"status-publish","4":"has-post-thumbnail","6":"product_cat-herramienta-electrica-a-bateria","7":"product_tag-ferreteria","8":"product_tag-herramienta-electrica-a-bateria","9":"product_tag-makita","11":"first","12":"instock","13":"sale","14":"shipping-taxable","15":"purchasable","16":"product-type-simple"},"_links":{"self":[{"href":"https:\/\/soydeaqui.ddns.net\/pachuca\/index.php\/wp-json\/wp\/v2\/product\/99421","targetHints":{"allow":["GET"]}}],"collection":[{"href":"https:\/\/soydeaqui.ddns.net\/pachuca\/index.php\/wp-json\/wp\/v2\/product"}],"about":[{"href":"https:\/\/soydeaqui.ddns.net\/pachuca\/index.php\/wp-json\/wp\/v2\/types\/product"}],"replies":[{"embeddable":true,"href":"https:\/\/soydeaqui.ddns.net\/pachuca\/index.php\/wp-json\/wp\/v2\/comments?post=99421"}],"wp:featuredmedia":[{"embeddable":true,"href":"https:\/\/soydeaqui.ddns.net\/pachuca\/index.php\/wp-json\/wp\/v2\/media\/99420"}],"wp:attachment":[{"href":"https:\/\/soydeaqui.ddns.net\/pachuca\/index.php\/wp-json\/wp\/v2\/media?parent=99421"}],"wp:term":[{"taxonomy":"product_brand","embeddable":true,"href":"https:\/\/soydeaqui.ddns.net\/pachuca\/index.php\/wp-json\/wp\/v2\/product_brand?post=99421"},{"taxonomy":"product_cat","embeddable":true,"href":"https:\/\/soydeaqui.ddns.net\/pachuca\/index.php\/wp-json\/wp\/v2\/product_cat?post=99421"},{"taxonomy":"product_tag","embeddable":true,"href":"https:\/\/soydeaqui.ddns.net\/pachuca\/index.php\/wp-json\/wp\/v2\/product_tag?post=99421"}],"curies":[{"name":"wp","href":"https:\/\/api.w.org\/{rel}","templated":true}]}}