{"id":99410,"date":"2026-03-20T10:25:51","date_gmt":"2026-03-20T10:25:51","guid":{"rendered":"https:\/\/soydeaqui.ddns.net\/pachuca\/index.php\/producto\/inyector-poe-30w-gigabit-802-3-af-at-2-puertos-10-100-1000-mbps-plug-and-play-fuente-alimientacion-integrada\/"},"modified":"2026-03-20T10:26:00","modified_gmt":"2026-03-20T10:26:00","slug":"inyector-poe-30w-gigabit-802-3-af-at-2-puertos-10-100-1000-mbps-plug-and-play-fuente-alimientacion-integrada","status":"publish","type":"product","link":"https:\/\/soydeaqui.ddns.net\/pachuca\/index.php\/producto\/inyector-poe-30w-gigabit-802-3-af-at-2-puertos-10-100-1000-mbps-plug-and-play-fuente-alimientacion-integrada\/","title":{"rendered":"Inyector PoE+ (30W) \/ Gigabit 802.3 af\/at \/ 2 puertos 10\/100\/1000 Mbps \/ Plug and Play \/ Fuente alimientaci\u00f3n Integrada"},"content":{"rendered":"<div style='width: 100%; max-width: 1200px; margin: 0 auto; font-family: sans-serif; line-height: 1.6; color: inherit; background-color: transparent;'>\n<div style='text-align: center; margin-bottom: 30px;'>\n<h2 style='font-size: 24px; color: inherit; margin: 0 0 15px 0; opacity: 0.9;'>Uso para diferentes Aplicaciones<\/h2>\n<\/p><\/div>\n<div style='margin: 0 auto 30px; max-width: 865px;'> <img style='width: 100%; height: auto; border: 1px solid rgba(150&comma;150&comma;150&comma;0.3); border-radius: 8px; display: block;' src='https:\/\/ftp3.syscom.mx\/usuarios\/fotos\/POE260S\/236802-captura_de_pantalla_2025-01-16_a_la(s)_10.23.07 a.m..png' alt='Uso para diferentes Aplicaciones'> <\/div>\n<div style='margin-bottom: 30px;'>\n<div style='text-align: center; margin-bottom: 15px;'>\n<h2 style='font-size: 24px; color: inherit; margin: 0 0 15px 0; opacity: 0.9;'>Plug and Play<\/h2>\n<\/p><\/div>\n<div style='max-width: 908px; margin: 0 auto 30px;'> <img style='width: 100%; height: auto; border: 1px solid rgba(150&comma;150&comma;150&comma;0.3); border-radius: 8px; display: block;' src='https:\/\/ftp3.syscom.mx\/usuarios\/fotos\/POE260S\/236802-captura_de_pantalla_2025-01-16_a_la(s)_10.22.49 a.m..png' alt='Plug and Play'> <\/div>\n<\/p><\/div>\n<div style='margin-bottom: 30px;'>\n<div style='text-align: center; margin-bottom: 15px;'>\n<h2 style='font-size: 24px; color: inherit; margin: 0 0 15px 0; opacity: 0.9;'>Mayor capacidad de transferencia&comma; puertos de hasta 2.5 Gbps<\/h2>\n<\/p><\/div>\n<div style='max-width: 891px; margin: 0 auto 30px;'> <img style='width: 100%; height: auto; border: 1px solid rgba(150&comma;150&comma;150&comma;0.3); border-radius: 8px; display: block;' src='https:\/\/ftp3.syscom.mx\/usuarios\/fotos\/POE260S\/236802-captura_de_pantalla_2025-01-16_a_la(s)_10.22.31 a.m..png' alt='Mayor capacidad de transferencia'> <\/div>\n<\/p><\/div>\n<div style='margin-bottom: 30px;'>\n<div style='text-align: center; margin-bottom: 15px;'>\n<h2 style='font-size: 24px; color: inherit; margin: 0 0 15px 0; opacity: 0.9;'>Caracter\u00edsticas Principales<\/h2>\n<\/p><\/div>\n<div style='max-width: 754px; margin: 0 auto 30px;'> <img style='width: 100%; height: auto; border: 1px solid rgba(150&comma;150&comma;150&comma;0.3); border-radius: 8px; display: block;' src='https:\/\/ftp3.syscom.mx\/usuarios\/fotos\/TLPOE160S\/195458-captura_de_pantalla_2024-03-11_a_la(s)_8.59.18 a.m..png' alt='Caracter\u00edsticas Principales'> <\/div>\n<\/p><\/div>\n<div style='display: flex; flex-wrap: wrap; gap: 30px; margin-bottom: 30px;'>\n<div style='flex: 1 1 300px; min-width: 280px;'>\n<h3 style='font-size: 22px; border-bottom: 2px solid currentColor; padding-bottom: 5px; margin-top: 0; color: inherit; opacity: 0.8;'>Especificaciones<\/h3>\n<ul style='padding-left: 20px; font-size: 15px; color: inherit; list-style-position: inside;'>\n<li style='margin-bottom: 5px;'><strong style='color: inherit;'>Dimensiones:<\/strong> 125 x 59.4 x 36.8 mm<\/li>\n<li style='margin-bottom: 5px;'><strong style='color: inherit;'>Indicador LED:<\/strong> Power<\/li>\n<li style='margin-bottom: 5px;'><strong style='color: inherit;'>Fuente de alimentaci\u00f3n:<\/strong> 100-240 Vca&comma; 50\/60 Hz (30W)<\/li>\n<li style='margin-bottom: 5px;'><strong style='color: inherit;'>Puertos:<\/strong> (2) Puertos 2.5 Gbps<\/li>\n<li style='margin-bottom: 5px;'><strong style='color: inherit;'>Distancia:<\/strong> Hasta 100 metros<\/li>\n<li style='margin-bottom: 5px;'><strong style='color: inherit;'>Plug and Play:<\/strong> S\u00ed<\/li>\n<li style='margin-bottom: 5px;'><strong style='color: inherit;'>Administrable:<\/strong> No<\/li>\n<li style='margin-bottom: 5px;'><strong style='color: inherit;'>Temperatura de operaci\u00f3n:<\/strong> 0 a 40\u00b0 C<\/li>\n<li style='margin-bottom: 5px;'><strong style='color: inherit;'>Certificaciones:<\/strong> CE&comma; FCC&comma; RoHS<\/li>\n<li style='margin-bottom: 5px;'><strong style='color: inherit;'>Contenido del Paquete:<\/strong> M\u00f3dulo POE260S&comma; Cable de corriente&comma; Cable RJ45&comma; Gu\u00eda de instalaci\u00f3n<\/li>\n<\/ul><\/div>\n<\/p><\/div>\n<hr style='border: 0; border-top: 1px solid rgba(150&comma; 150&comma; 150&comma; 0.3); margin: 30px 0;'> <\/div>\n","protected":false},"excerpt":{"rendered":"<p>Inyector PoE+ (30W) \/ Gigabit 802.3 af\/at \/ 2 puertos 10\/100\/1000 Mbps \/ Plug and Play \/ Fuente alimientaci\u00f3n Integrada<\/p>\n","protected":false},"featured_media":99409,"comment_status":"open","ping_status":"closed","template":"","meta":[],"product_brand":[],"product_cat":[1260],"product_tag":[1261,664,71],"class_list":{"0":"post-99410","1":"product","2":"type-product","3":"status-publish","4":"has-post-thumbnail","6":"product_cat-inyectores-poe","7":"product_tag-inyectores-poe","8":"product_tag-networking","9":"product_tag-tp-link","11":"first","12":"outofstock","13":"sale","14":"shipping-taxable","15":"purchasable","16":"product-type-simple"},"_links":{"self":[{"href":"https:\/\/soydeaqui.ddns.net\/pachuca\/index.php\/wp-json\/wp\/v2\/product\/99410","targetHints":{"allow":["GET"]}}],"collection":[{"href":"https:\/\/soydeaqui.ddns.net\/pachuca\/index.php\/wp-json\/wp\/v2\/product"}],"about":[{"href":"https:\/\/soydeaqui.ddns.net\/pachuca\/index.php\/wp-json\/wp\/v2\/types\/product"}],"replies":[{"embeddable":true,"href":"https:\/\/soydeaqui.ddns.net\/pachuca\/index.php\/wp-json\/wp\/v2\/comments?post=99410"}],"wp:featuredmedia":[{"embeddable":true,"href":"https:\/\/soydeaqui.ddns.net\/pachuca\/index.php\/wp-json\/wp\/v2\/media\/99409"}],"wp:attachment":[{"href":"https:\/\/soydeaqui.ddns.net\/pachuca\/index.php\/wp-json\/wp\/v2\/media?parent=99410"}],"wp:term":[{"taxonomy":"product_brand","embeddable":true,"href":"https:\/\/soydeaqui.ddns.net\/pachuca\/index.php\/wp-json\/wp\/v2\/product_brand?post=99410"},{"taxonomy":"product_cat","embeddable":true,"href":"https:\/\/soydeaqui.ddns.net\/pachuca\/index.php\/wp-json\/wp\/v2\/product_cat?post=99410"},{"taxonomy":"product_tag","embeddable":true,"href":"https:\/\/soydeaqui.ddns.net\/pachuca\/index.php\/wp-json\/wp\/v2\/product_tag?post=99410"}],"curies":[{"name":"wp","href":"https:\/\/api.w.org\/{rel}","templated":true}]}}