{"id":99408,"date":"2026-03-20T10:25:45","date_gmt":"2026-03-20T10:25:45","guid":{"rendered":"https:\/\/soydeaqui.ddns.net\/pachuca\/index.php\/producto\/switch-gigabit-poe-industrial-administrable-8-puertos-gigabit-poe-30-w-4-puertos-sfp-250-w-total-48-a-57-vcd-ideal-para-proyectos\/"},"modified":"2026-03-20T10:25:47","modified_gmt":"2026-03-20T10:25:47","slug":"switch-gigabit-poe-industrial-administrable-8-puertos-gigabit-poe-30-w-4-puertos-sfp-250-w-total-48-a-57-vcd-ideal-para-proyectos","status":"publish","type":"product","link":"https:\/\/soydeaqui.ddns.net\/pachuca\/index.php\/producto\/switch-gigabit-poe-industrial-administrable-8-puertos-gigabit-poe-30-w-4-puertos-sfp-250-w-total-48-a-57-vcd-ideal-para-proyectos\/","title":{"rendered":"Switch Gigabit PoE+ \/ Industrial \/ Administrable \/ 8 Puertos Gigabit PoE+ (30 W) \/ 4 Puertos SFP \/ 250 W Total \/ 48 a 57 VCD \/ Ideal para Proyectos"},"content":{"rendered":"<div style='width: 100%; max-width: 1200px; margin: 0 auto; font-family: sans-serif; line-height: 1.6; color: inherit; background-color: transparent;'> <!-- Imagen original --> <\/p>\n<p style='margin: 0 0 10px;'><img style='width: 100%; height: auto; border: 1px solid rgba(150&comma;150&comma;150&comma;0.3); border-radius: 8px;' src='' alt=''><\/p>\n<p> <!-- Secci\u00f3n de caracter\u00edsticas principales --> <\/p>\n<div style='display: flex; flex-wrap: wrap; gap: 30px; margin-bottom: 30px;'>\n<div style='flex: 1 1 300px; min-width: 280px;'>\n<h3 style='font-size: 22px; border-bottom: 2px solid currentColor; padding-bottom: 5px; margin-top: 0; color: inherit; opacity: 0.8;'>Caracter\u00edsticas Principales:<\/h3>\n<ul style='padding-left: 20px; font-size: 15px; color: inherit;'>\n<li style='margin-bottom: 5px;'><span style='font-family: verdana&comma; geneva&comma; sans-serif;'>Switch Industrial de 8 puertos 10 \/ 100 \/ 1000 Mbps PoE.<\/span><\/li>\n<li style='margin-bottom: 5px;'><span style='font-family: verdana&comma; geneva&comma; sans-serif;'>4 Puertos SFP.<\/span><\/li>\n<li style='margin-bottom: 5px;'><span style='font-family: verdana&comma; geneva&comma; sans-serif;'>Monitoreo y control de datos en puertos importantes.<\/span><\/li>\n<li style='margin-bottom: 5px;'><span style='font-family: verdana&comma; geneva&comma; sans-serif;'>Optimizacion de bufer para garantizar la transmisi\u00f3n de video.<\/span><\/li>\n<li style='margin-bottom: 5px;'><strong><span style='font-family: verdana&comma; geneva&comma; sans-serif;'>Gestion WEB desde la IP (192.168.1.64).<\/span><\/strong><\/li>\n<li style='margin-bottom: 5px;'><strong><span style='font-family: verdana&comma; geneva&comma; sans-serif;'>Tasa de reenvio de paquetes 17.85 MPPS.<\/span><\/strong><\/li>\n<\/ul><\/div>\n<\/p><\/div>\n<p> <!-- Secci\u00f3n de caracter\u00edsticas f\u00edsicas y el\u00e9ctricas --> <\/p>\n<div style='display: flex; flex-wrap: wrap; gap: 30px; margin-bottom: 30px;'>\n<div style='flex: 1 1 300px; min-width: 280px;'>\n<h3 style='font-size: 22px; border-bottom: 2px solid currentColor; padding-bottom: 5px; margin-top: 0; color: inherit; opacity: 0.8;'>Caracter\u00edsticas F\u00edsicas y El\u00e9ctricas:<\/h3>\n<ul style='padding-left: 20px; font-size: 15px; color: inherit;'>\n<li style='margin-bottom: 5px;'><span style='font-family: verdana&comma; geneva&comma; sans-serif;'>Capacidad m\u00e1xima de Watts: 250 W.<\/span><\/li>\n<li style='margin-bottom: 5px;'><span style='font-family: verdana&comma; geneva&comma; sans-serif;'>Temperatura Maxima de operacion: -40 \u00b0C a 75 \u00b0C.<\/span><\/li>\n<li style='margin-bottom: 5px;'><span style='font-family: verdana&comma; geneva&comma; sans-serif;'>8 Puertos PoE 802.3af\/at (hasta 30 W).<\/span><\/li>\n<li style='margin-bottom: 5px;'><span style='font-family: verdana&comma; geneva&comma; sans-serif;'>Alimentaci\u00f3n: 48~57 V DC&comma; 7.5 A. (No Incluye fuente de alimentacion). Modelos recomendados: <\/span><span style='font-family: Satoshi-Variable&comma; sans-serif; font-size: 16px; color: #1d4e8f; font-weight: bold; background-color: #ffffff;'><a href='https:\/\/www.syscom.mx\/producto\/NDR-120-48-MEANWELL-176136.html' style='color: inherit; text-decoration: none;'>NDR-120-48<\/a><\/span>&comma; <a href='https:\/\/www.syscom.mx\/producto\/NDR24048-MEANWELL-168706.html' style='font-family: Satoshi-Variable&comma; sans-serif; font-size: 16px; background-color: #f7f8fa; color: #1d4e8f; font-weight: bold; background-color: #ffffff; text-decoration: none;'>NDR24048<\/a>&comma; <a href='https:\/\/www.syscom.mx\/producto\/NDR-480-48-MEANWELL-176138.html' style='font-family: Satoshi-Variable&comma; sans-serif; font-size: 16px; background-color: #f7f8fa; color: #1d4e8f; font-weight: bold; background-color: #ffffff; text-decoration: none;'>NDR-480-48<\/a><\/li>\n<li style='margin-bottom: 5px;'><span style='font-family: verdana&comma; geneva&comma; sans-serif;'>Dimensiones: 140 mm \u00d7 52 mm \u00d7 110 mm.<\/span><\/li>\n<li style='margin-bottom: 5px;'><span style='font-family: verdana&comma; geneva&comma; sans-serif;'>Peso: 750 Gramos.<\/span><\/li>\n<\/ul><\/div>\n<\/p><\/div>\n<p> <!-- Secci\u00f3n de caracter\u00edsticas avanzadas --> <\/p>\n<div style='display: flex; flex-wrap: wrap; gap: 30px; margin-bottom: 30px;'>\n<div style='flex: 1 1 300px; min-width: 280px;'>\n<h3 style='font-size: 22px; border-bottom: 2px solid currentColor; padding-bottom: 5px; margin-top: 0; color: inherit; opacity: 0.8;'>Caracter\u00edsticas Avanzadas<\/h3>\n<ul style='padding-left: 20px; font-size: 15px; color: inherit;'>\n<li style='margin-bottom: 5px;'><strong style='font-family: verdana&comma; geneva&comma; sans-serif;'>QoS<\/strong><\/li>\n<li style='margin-bottom: 5px;'><strong style='font-family: verdana&comma; geneva&comma; sans-serif;'>VLAN&#8217;S<\/strong><\/li>\n<li style='margin-bottom: 5px;'><strong style='font-family: verdana&comma; geneva&comma; sans-serif;'>IGMP<\/strong><\/li>\n<\/ul><\/div>\n<\/p><\/div>\n<p> <!-- Secci\u00f3n de consideraciones --> <\/p>\n<div style='display: flex; flex-wrap: wrap; gap: 30px; margin-bottom: 30px;'>\n<div style='flex: 1 1 300px; min-width: 280px;'>\n<h3 style='font-size: 22px; border-bottom: 2px solid currentColor; padding-bottom: 5px; margin-top: 0; color: inherit; opacity: 0.8;'>Consideraciones<\/h3>\n<ul style='padding-left: 20px; font-size: 15px; color: inherit;'>\n<li style='margin-bottom: 5px;'><span style='font-family: verdana&comma; geneva&comma; sans-serif;'><strong>Nota:<\/strong> Las distancias del modo extendido pueden variar seg\u00fan las condiciones de instalaci\u00f3n y los dispositivos utilizados&comma; es necesario usar cable UTP CAT 6 100% COBRE.<\/span><\/li>\n<li style='margin-bottom: 5px;'>Modelos de Fuentes Recomendadas (<span style='color: #1d4e8f; font-weight: bold; background-color: #ffffff;'><a href='https:\/\/www.syscom.mx\/producto\/NDR-120-48-MEANWELL-176136.html' style='color: inherit; text-decoration: none;'>NDR-120-48<\/a><\/span>&comma; <a href='https:\/\/www.syscom.mx\/producto\/NDR24048-MEANWELL-168706.html' style='color: #1d4e8f; font-weight: bold; background-color: #ffffff; text-decoration: none;'>NDR24048<\/a>)<\/li>\n<li style='margin-bottom: 5px;'><span style='font-family: verdana&comma; geneva&comma; sans-serif;'>El switch suministra PoE Estandarizado (PoE Activo) no puede alimentar equipos que manejen PoE Pasivo.<\/span><\/li>\n<li style='margin-bottom: 5px;'><span style='font-family: verdana&comma; geneva&comma; sans-serif; color: #e74c3c;'><strong>NO Montable en rack<\/strong><\/span><\/li>\n<\/ul><\/div>\n<\/p><\/div>\n<p> <!-- Separador --> <\/p>\n<hr style='border: 0; border-top: 1px solid rgba(150&comma; 150&comma; 150&comma; 0.3); margin: 30px 0;'> <\/div>\n","protected":false},"excerpt":{"rendered":"<p>Switch Gigabit PoE+ \/ Industrial \/ Administrable \/ 8 Puertos Gigabit PoE+ (30 W) \/ 4 Puertos SFP \/ 250 W Total \/ 48 a 57 VCD \/ Ideal para Proyectos<\/p>\n","protected":false},"featured_media":99407,"comment_status":"open","ping_status":"closed","template":"","meta":[],"product_brand":[],"product_cat":[1986],"product_tag":[54,664,1987],"class_list":{"0":"post-99408","1":"product","2":"type-product","3":"status-publish","4":"has-post-thumbnail","6":"product_cat-switches-poe","7":"product_tag-hikvision","8":"product_tag-networking","9":"product_tag-switches-poe","11":"first","12":"outofstock","13":"sale","14":"shipping-taxable","15":"purchasable","16":"product-type-simple"},"_links":{"self":[{"href":"https:\/\/soydeaqui.ddns.net\/pachuca\/index.php\/wp-json\/wp\/v2\/product\/99408","targetHints":{"allow":["GET"]}}],"collection":[{"href":"https:\/\/soydeaqui.ddns.net\/pachuca\/index.php\/wp-json\/wp\/v2\/product"}],"about":[{"href":"https:\/\/soydeaqui.ddns.net\/pachuca\/index.php\/wp-json\/wp\/v2\/types\/product"}],"replies":[{"embeddable":true,"href":"https:\/\/soydeaqui.ddns.net\/pachuca\/index.php\/wp-json\/wp\/v2\/comments?post=99408"}],"wp:featuredmedia":[{"embeddable":true,"href":"https:\/\/soydeaqui.ddns.net\/pachuca\/index.php\/wp-json\/wp\/v2\/media\/99407"}],"wp:attachment":[{"href":"https:\/\/soydeaqui.ddns.net\/pachuca\/index.php\/wp-json\/wp\/v2\/media?parent=99408"}],"wp:term":[{"taxonomy":"product_brand","embeddable":true,"href":"https:\/\/soydeaqui.ddns.net\/pachuca\/index.php\/wp-json\/wp\/v2\/product_brand?post=99408"},{"taxonomy":"product_cat","embeddable":true,"href":"https:\/\/soydeaqui.ddns.net\/pachuca\/index.php\/wp-json\/wp\/v2\/product_cat?post=99408"},{"taxonomy":"product_tag","embeddable":true,"href":"https:\/\/soydeaqui.ddns.net\/pachuca\/index.php\/wp-json\/wp\/v2\/product_tag?post=99408"}],"curies":[{"name":"wp","href":"https:\/\/api.w.org\/{rel}","templated":true}]}}