{"id":99403,"date":"2026-03-20T10:25:30","date_gmt":"2026-03-20T10:25:30","guid":{"rendered":"https:\/\/soydeaqui.ddns.net\/pachuca\/index.php\/producto\/acusearch-nvr-12-megapixel-4k-32-canales-ip-16-puertos-poe-recocimiento-facial-acusense-evita-falsas-alarmas-2-bahias-de-disco-duro-hdmi-en-4k-alarmas-i-o-300-metros-poe-modo-ex\/"},"modified":"2026-03-20T10:25:32","modified_gmt":"2026-03-20T10:25:32","slug":"acusearch-nvr-12-megapixel-4k-32-canales-ip-16-puertos-poe-recocimiento-facial-acusense-evita-falsas-alarmas-2-bahias-de-disco-duro-hdmi-en-4k-alarmas-i-o-300-metros-poe-modo-ex","status":"publish","type":"product","link":"https:\/\/soydeaqui.ddns.net\/pachuca\/index.php\/producto\/acusearch-nvr-12-megapixel-4k-32-canales-ip-16-puertos-poe-recocimiento-facial-acusense-evita-falsas-alarmas-2-bahias-de-disco-duro-hdmi-en-4k-alarmas-i-o-300-metros-poe-modo-ex\/","title":{"rendered":"[Acusearch] NVR 12 Megapixel (4K) \/ 32 canales IP \/ 16 Puertos PoE+ \/ Recocimiento Facial \/ AcuSense (Evita Falsas Alarmas) \/ 2 Bah\u00edas de Disco Duro \/ HDMI en 4K \/ Alarmas I\/O \/ 300 Metros PoE Modo Extendido"},"content":{"rendered":"<div style='width: 100%; max-width: 1200px; margin: 0 auto; font-family: sans-serif; line-height: 1.6; color: inherit; background-color: transparent;'> <!-- Banner inicial --> <\/p>\n<p style='text-align: center; margin: 0;'><img style='width: 100%; max-width: 500px; height: auto; border: 1px solid rgba(150&comma;150&comma;150&comma;0.3); border-radius: 8px;' src='https:\/\/ftp3.syscom.mx\/usuarios\/jsosa\/HIKVISION\/imagenes\/logo\/hikvision%20see%20far.png' alt='Banner inicial'><\/p>\n<p> <!-- Videos Secci\u00f3n 1 --> <\/p>\n<div style='display: flex; flex-wrap: wrap; gap: 30px; margin: 30px 0;'>\n<div style='flex: 1 1 45%; min-width: 300px;'>\n<h3 style='font-size: 22px; border-bottom: 2px solid currentColor; padding-bottom: 5px; margin-top: 0; color: inherit; opacity: 0.8;'>Smart Search + AcuSearch<\/h3>\n<div style='position: relative; padding-bottom: 56.25%; height: 0; overflow: hidden;'>   <\/div>\n<\/p><\/div>\n<div style='flex: 1 1 45%; min-width: 300px;'>\n<h3 style='font-size: 22px; border-bottom: 2px solid currentColor; padding-bottom: 5px; margin-top: 0; color: inherit; opacity: 0.8;'>Compatibilidad AcuSearch<\/h3>\n<p style='text-align: center; margin: 15px 0;'><a style='color: inherit; text-decoration: underline;' href='https:\/\/ftp3.syscom.mx\/usuarios\/fcarrillo\/Hikvision\/Specs\/Compatibilidad%20Acusearch.pdf' target='_blank' rel='noopener'>Ver lista de compatibilidad<\/a><\/p>\n<p> <img style='width: 100%; height: auto; border: 1px solid rgba(150&comma;150&comma;150&comma;0.3); border-radius: 8px;' src='https:\/\/ftp3.syscom.mx\/usuarios\/fcarrillo\/Hikvision\/GIF\/Acusearch2.gif' alt='Compatibilidad AcuSearch'> <\/div>\n<\/p><\/div>\n<p> <!-- Secci\u00f3n de caracter\u00edsticas --> <\/p>\n<div style='display: flex; flex-wrap: wrap; gap: 30px; margin-bottom: 30px;'>\n<div style='flex: 1 1 45%; min-width: 300px;'>\n<div style='border: 1px solid rgba(150&comma;150&comma;150&comma;0.4); border-radius: 8px; overflow: hidden; margin-bottom: 20px;'>\n<div style='padding: 15px; background: #df001e; color: white; font-weight: bold; font-size: 18px; border-bottom: 1px solid rgba(150&comma;150&comma;150&comma;0.2);'>Caracter\u00edsticas Principales<\/div>\n<div style='padding: 15px;'>\n<ul style='padding-left: 20px; margin: 0; font-size: 14px; list-style-type: disc; color: inherit;'>\n<li style='margin-bottom: 5px;'><span>Compresi\u00f3n de video: H.265+ \/ H.265 \/ H.264+ \/ H.264<\/span><\/li>\n<li style='margin-bottom: 5px;'><span>16 Puertos PoE Interconstruidos 802.3 af\/at<\/span><\/li>\n<li style='margin-bottom: 5px;'><span>200 watts total en sus puertos PoE+<\/span><\/li>\n<li style='margin-bottom: 5px;'><span>Soporta mouse USB para operar (incluido)<\/span><\/li>\n<li style='margin-bottom: 5px;'><span>Soporta 2 HDD&#8217;s de hasta 16 TB (no incluido)<\/span><\/li>\n<li style='margin-bottom: 5px;'><span>Soporta DDNS (Hik-Connect&comma; DynDNS&comma; No-IP&comma; etc)<\/span><\/li>\n<li style='margin-bottom: 5px;'><span>Soporta Hik-Connect (P2P) <a style='color: inherit; text-decoration: underline;' href='https:\/\/appstore.hikvision.com\/' target='_blank' rel='noopener'>https:\/\/appstore.hikvision.com\/<\/a><\/span><\/li>\n<li style='margin-bottom: 5px;'><span>Acceso remoto v\u00eda tel\u00e9fono: Android&comma; iPhone&comma; iPad (Hik-Connect)<\/span><\/li>\n<li style='margin-bottom: 5px;'><span>Software cliente IVMS-4200 (gratuito)<\/span><\/li>\n<\/ul><\/div>\n<\/p><\/div>\n<div style='border: 1px solid rgba(150&comma;150&comma;150&comma;0.4); border-radius: 8px; overflow: hidden; margin-bottom: 20px;'>\n<div style='padding: 15px; background: #df001e; color: white; font-weight: bold; font-size: 18px; border-bottom: 1px solid rgba(150&comma;150&comma;150&comma;0.2);'>Interfaces Entradas y Salidas<\/div>\n<div style='padding: 15px;'>\n<ul style='padding-left: 20px; margin: 0; font-size: 14px; list-style-type: disc; color: inherit;'>\n<li style='margin-bottom: 5px;'><strong>Salida independiente HDMI y VGA<\/strong><\/li>\n<li style='margin-bottom: 5px;'><span>Resoluci\u00f3n HDMI: 4K \/ 1080p \/ 720p<\/span><\/li>\n<li style='margin-bottom: 5px;'><span>Resoluci\u00f3n VGA: 1080p&comma; 720p<\/span><\/li>\n<li style='margin-bottom: 5px;'><span>Entrada de Audio: 1<\/span><\/li>\n<li style='margin-bottom: 5px;'><span>Salida de Audio: 1<\/span><\/li>\n<li style='margin-bottom: 5px;'><span>Entrada de Alarma: 4<\/span><\/li>\n<li style='margin-bottom: 5px;'><span>Salida de Alarma: 1<\/span><\/li>\n<li style='margin-bottom: 5px;'><span>Soporta audio bidireccional (audio de dos v\u00edas)<\/span><\/li>\n<\/ul><\/div>\n<\/p><\/div>\n<div style='border: 1px solid rgba(150&comma;150&comma;150&comma;0.4); border-radius: 8px; overflow: hidden;'>\n<div style='padding: 15px; background: #df001e; color: white; font-weight: bold; font-size: 18px; border-bottom: 1px solid rgba(150&comma;150&comma;150&comma;0.2);'>Capacidad de procesamiento y funciones de red<\/div>\n<div style='padding: 15px;'>\n<ul style='padding-left: 20px; margin: 0; font-size: 14px; list-style-type: disc; color: inherit;'>\n<li style='margin-bottom: 5px;'><span>Throughput entrada: 256 Mbps<\/span><\/li>\n<li style='margin-bottom: 5px;'><span>Throughput salida: 160 Mbps<\/span><\/li>\n<li style='margin-bottom: 5px;'><span>1 puerto red RJ-45: 10 \/ 100 \/ 1000 Mbps (LAN)<\/span><\/li>\n<\/ul><\/div>\n<\/p><\/div>\n<\/p><\/div>\n<div style='flex: 1 1 45%; min-width: 300px;'>\n<div style='border: 1px solid rgba(150&comma;150&comma;150&comma;0.4); border-radius: 8px; overflow: hidden; margin-bottom: 20px;'>\n<div style='padding: 15px; background: #df001e; color: white; font-weight: bold; font-size: 18px; border-bottom: 1px solid rgba(150&comma;150&comma;150&comma;0.2);'>Caracter\u00edsticas F\u00edsicas y El\u00e9ctricas<\/div>\n<div style='padding: 15px;'>\n<ul style='padding-left: 20px; margin: 0; font-size: 14px; list-style-type: disc; color: inherit;'>\n<li style='margin-bottom: 5px;'><span>Dimensiones: 385 x 315 x 52mm<\/span><\/li>\n<li style='margin-bottom: 5px;'><span>Alimentaci\u00f3n: 100 a 240 Vca \/ 15 W<\/span><\/li>\n<li style='margin-bottom: 5px;'><span>Temperatura de operaci\u00f3n: -10\u00b0C a 55\u00b0C<\/span><\/li>\n<li style='margin-bottom: 5px;'><span>Peso: 3 Kg sin HDD<\/span><\/li>\n<li style='margin-bottom: 5px;'><span>Compatible con gabinete met\u00e1lico <a style='color: inherit; text-decoration: underline;' href='https:\/\/www.syscom.mx\/principal\/searchcont?route=GABVID2R3-EPCOM-INDUSTRIAL-207362&#038;autodetect=GABVID2R3' target='_blank' rel='noopener'>GABVID2R3<\/a><\/span><\/li>\n<\/ul><\/div>\n<\/p><\/div>\n<div style='border: 1px solid rgba(150&comma;150&comma;150&comma;0.4); border-radius: 8px; overflow: hidden; margin-bottom: 20px;'>\n<div style='padding: 15px; background: #df001e; color: white; font-weight: bold; font-size: 18px; border-bottom: 1px solid rgba(150&comma;150&comma;150&comma;0.2);'>Funci\u00f3n de Grabaci\u00f3n y Visualizaci\u00f3n<\/div>\n<div style='padding: 15px;'>\n<ul style='padding-left: 20px; margin: 0; font-size: 14px; list-style-type: disc; color: inherit;'>\n<li style='margin-bottom: 5px;'><span>Detecci\u00f3n de movimiento multizona<\/span><\/li>\n<li style='margin-bottom: 5px;'><span>Zoom digital en visualizaci\u00f3n y grabaci\u00f3n<\/span><\/li>\n<li style='margin-bottom: 5px;'><span>Dual stream (main stream y sub stream)<\/span><\/li>\n<li style='margin-bottom: 5px;'><span>Soporta avance r\u00e1pido&comma; lento&comma; cuadro a cuadro&comma; etc<\/span><\/li>\n<li style='margin-bottom: 5px;'><span>Soporta tecnolog\u00eda de discos duros S.M.A.R.T.<\/span><\/li>\n<li style='margin-bottom: 5px;'><span>Soporta m\u00faltiples tipos de grabaci\u00f3n&comma; incluyendo tiempo real&comma; grabaci\u00f3n manual&comma; videosensor&comma; videosensor y alarma&comma; videosensor o alarma<\/span><\/li>\n<li style='margin-bottom: 5px;'><span>Soporta grabaci\u00f3n c\u00edclica (sobreescritura) y no c\u00edclica<\/span><\/li>\n<\/ul><\/div>\n<\/p><\/div>\n<div style='border: 1px solid rgba(150&comma;150&comma;150&comma;0.4); border-radius: 8px; overflow: hidden;'>\n<div style='padding: 15px; background: #df001e; color: white; font-weight: bold; font-size: 18px; border-bottom: 1px solid rgba(150&comma;150&comma;150&comma;0.2);'>Resoluci\u00f3n de Grabaci\u00f3n por Canal (recomendado con H.265)<\/div>\n<div style='padding: 15px;'>\n<ul style='padding-left: 20px; margin: 0; font-size: 14px; list-style-type: disc; color: inherit;'>\n<li style='margin-bottom: 5px;'><span>2 MP (1080P): 32 Canales &#8211; 30 IPS<\/span><\/li>\n<li style='margin-bottom: 5px;'><span>4 MP: 32 Canales &#8211; 30 IPS<\/span><\/li>\n<li style='margin-bottom: 5px;'><span>5 MP: 32 Canales &#8211; 30 IPS<\/span><\/li>\n<li style='margin-bottom: 5px;'><span>6 MP: 32 Canales &#8211; 30 IPS<\/span><\/li>\n<li style='margin-bottom: 5px;'><span>4K (8 MP): 32 Canales &#8211; 22 IPS<\/span><\/li>\n<li style='margin-bottom: 5px;'><span>4K (12 MP): 32 Canales &#8211; 18 IPS<\/span><\/li>\n<li style='margin-bottom: 5px;'><span>Reproducci\u00f3n s\u00edncrona en canales: 16 Canales<\/span><\/li>\n<\/ul><\/div>\n<\/p><\/div>\n<\/p><\/div>\n<\/p><\/div>\n<p> <!-- Caracter\u00edsticas destacadas --> <\/p>\n<div style='border: 1px solid rgba(150&comma;150&comma;150&comma;0.4); border-radius: 8px; overflow: hidden; margin-bottom: 30px;'>\n<div style='padding: 15px; background: #df001e; color: white; font-weight: bold; font-size: 18px; border-bottom: 1px solid rgba(150&comma;150&comma;150&comma;0.2);'>Caracter\u00edsticas destacadas<\/div>\n<div style='padding: 15px;'>\n<h4 style='margin-top: 0; margin-bottom: 10px; font-size: 16px; color: inherit;'><strong>Reconocimiento Facial<\/strong><\/h4>\n<ul style='padding-left: 20px; margin: 0 0 15px 20px; font-size: 14px; list-style-type: disc; color: inherit;'>\n<li style='margin-bottom: 5px;'><span>Hasta 16 librer\u00edas con un m\u00e1ximo de 20&comma;000 rostros en total<\/span><\/li>\n<li style='margin-bottom: 5px;'><span>Cada fotograf\u00eda debe de pesar m\u00e1ximo 1 GB<\/span><\/li>\n<li style='margin-bottom: 5px;'><span>Cuando la c\u00e1mara detecta un rostro y coincidente con la base de datos&comma; se puede: activar la grabaci\u00f3n&comma; notificar al software remoto (iVMS-4200)&comma; enviar un email&comma; activar una salida de alarma&comma; etc<\/span><\/li>\n<li style='margin-bottom: 5px;'><span>Soporta 1 canal de video con reconocimiento facial&comma; podemos usar c\u00e1maras: IDS-2CD7 \/ DS-2CD3XXG2 \/ DS-2CD3XX7G2 (que soporte captura facial)<\/span><\/li>\n<\/ul>\n<h4 style='margin-top: 15px; margin-bottom: 10px; font-size: 16px; color: inherit;'><strong>ACUSENSE (Filtro de Falsas Alarmas)<\/strong><\/h4>\n<ul style='padding-left: 20px; margin: 0 0 15px 20px; font-size: 14px; list-style-type: disc; color: inherit;'>\n<li style='margin-bottom: 5px;'><span>Con tecnolog\u00eda ACUSENSE podemos evitar falsas alarmas como movimiento de arboles&comma; animales&comma; etc<\/span><\/li>\n<li style='margin-bottom: 5px;'><span>Al activar la tecnolog\u00eda ACUSENSE solo detecta cuerpo humano y veh\u00edculos para detectar realmente eventos importantes y as\u00ed eliminar falsas alarmas<\/span><\/li>\n<li style='margin-bottom: 5px;'><span>Soporta hasta 32 canales con ACUSENSE utilizando c\u00e1maras: DS-2CD2XX7G2 \/ DS-2CD2XX3G2 \/ IDS-2CD7 \/ DS-2CD3XXG2 \/ DS-2CD3XX7G2 (que soporte ACUSENSE)<\/span><\/li>\n<li style='margin-bottom: 5px;'><span>Soporta hasta 32 canales con la tecnolog\u00eda ACUSENSE Lite (humano y veh\u00edculo con detecci\u00f3n de movimiento&comma; no anal\u00edticos) usando c\u00e1maras DS-2CD1XX3G2 y DS-2CD1XX3G7G2 (que soporte ACUSENSE Lite)<\/span><\/li>\n<\/ul>\n<p style='margin: 10px 0; font-size: 14px; color: inherit;'><strong>Nota:<\/strong> Solo es posible habilitar reconocimiento facial o ACUSENSE (no se puede tener ambos al mismo tiempo)<\/p>\n<h4 style='margin-top: 15px; margin-bottom: 10px; font-size: 16px; color: inherit;'><strong>PoE con modo Extendido<\/strong><\/h4>\n<ul style='padding-left: 20px; margin: 0 0 15px 20px; font-size: 14px; list-style-type: disc; color: inherit;'>\n<li style='margin-bottom: 5px;'><span>200 metros: serie 1 (DS-2CD1XX3G0&comma; DS-2CD1XX3G2&comma; DS-2CD1XXX7G2)<\/span><\/li>\n<li style='margin-bottom: 5px;'><span>250 metros: serie 2 en 2 Megapixel (DS-2CD2X23G2)<\/span><\/li>\n<li style='margin-bottom: 5px;'><span>300 metros: serie 2&comma; serie3 y serie 7 (DS-2CD2XX3G2&comma; DS-2CD2XX7G2&comma; DS-2CD3XX3G2&comma; DS-2CD3XX7G2&comma; IDS-7XX7&comma; IDS-2CD7XX5&comma; IDS-2CD7XX6)<\/span><\/li>\n<\/ul><\/div>\n<\/p><\/div>\n<p> <!-- Videos Secci\u00f3n 2 --> <\/p>\n<div style='display: flex; flex-wrap: wrap; gap: 30px; margin-bottom: 30px;'>\n<div style='flex: 1 1 45%; min-width: 300px;'>\n<h3 style='font-size: 22px; border-bottom: 2px solid currentColor; padding-bottom: 5px; margin-top: 0; color: inherit; opacity: 0.8;'>AcuSense vs Anal\u00edticos Tradicionales<\/h3>\n<div style='position: relative; padding-bottom: 56.25%; height: 0; overflow: hidden;'>   <\/div>\n<\/p><\/div>\n<div style='flex: 1 1 45%; min-width: 300px;'>\n<h3 style='font-size: 22px; border-bottom: 2px solid currentColor; padding-bottom: 5px; margin-top: 0; color: inherit; opacity: 0.8;'>Inteligencia Artificial con AcuSense<\/h3>\n<div style='position: relative; padding-bottom: 56.25%; height: 0; overflow: hidden;'>   <\/div>\n<\/p><\/div>\n<\/p><\/div>\n<p> <!-- Videos Secci\u00f3n 3 --> <\/p>\n<div style='display: flex; flex-wrap: wrap; gap: 30px; margin-bottom: 30px;'>\n<div style='flex: 1 1 45%; min-width: 300px;'>\n<h3 style='font-size: 22px; border-bottom: 2px solid currentColor; padding-bottom: 5px; margin-top: 0; color: inherit; opacity: 0.8;'>AcuSense \u00c1reas Restringidas<\/h3>\n<div style='position: relative; padding-bottom: 56.25%; height: 0; overflow: hidden;'>   <\/div>\n<\/p><\/div>\n<div style='flex: 1 1 45%; min-width: 300px;'>\n<h3 style='font-size: 22px; border-bottom: 2px solid currentColor; padding-bottom: 5px; margin-top: 0; color: inherit; opacity: 0.8;'>AcuSense Almacenes<\/h3>\n<div style='position: relative; padding-bottom: 56.25%; height: 0; overflow: hidden;'>   <\/div>\n<\/p><\/div>\n<\/p><\/div>\n<p> <!-- Banner final --> <\/p>\n<p style='margin: 30px 0 0 0;'><img style='width: 100%; height: auto; border: 1px solid rgba(150&comma;150&comma;150&comma;0.3); border-radius: 8px;' src='https:\/\/ftp3.syscom.mx\/usuarios\/jsosa\/HIKVISION\/imagenes\/banners\/solution%20complete.png' alt='Banner final'><\/p>\n<\/p><\/div>\n","protected":false},"excerpt":{"rendered":"<p>[Acusearch] NVR 12 Megapixel (4K) \/ 32 canales IP \/ 16 Puertos PoE+ \/ Recocimiento Facial \/ AcuSense (Evita Falsas Alarmas) \/ 2 Bah\u00edas de Disco Duro \/ HDMI en 4K \/ Alarmas I\/O \/ 300 Metros PoE Modo Extendido<\/p>\n","protected":false},"featured_media":99402,"comment_status":"open","ping_status":"closed","template":"","meta":[],"product_brand":[],"product_cat":[2234],"product_tag":[122,54,2235],"class_list":{"0":"post-99403","1":"product","2":"type-product","3":"status-publish","4":"has-post-thumbnail","6":"product_cat-nvrs-network-video-recorders","7":"product_tag-camaras-ip-y-nvrs","8":"product_tag-hikvision","9":"product_tag-nvrs-network-video-recorders","11":"first","12":"outofstock","13":"sale","14":"shipping-taxable","15":"purchasable","16":"product-type-simple"},"_links":{"self":[{"href":"https:\/\/soydeaqui.ddns.net\/pachuca\/index.php\/wp-json\/wp\/v2\/product\/99403","targetHints":{"allow":["GET"]}}],"collection":[{"href":"https:\/\/soydeaqui.ddns.net\/pachuca\/index.php\/wp-json\/wp\/v2\/product"}],"about":[{"href":"https:\/\/soydeaqui.ddns.net\/pachuca\/index.php\/wp-json\/wp\/v2\/types\/product"}],"replies":[{"embeddable":true,"href":"https:\/\/soydeaqui.ddns.net\/pachuca\/index.php\/wp-json\/wp\/v2\/comments?post=99403"}],"wp:featuredmedia":[{"embeddable":true,"href":"https:\/\/soydeaqui.ddns.net\/pachuca\/index.php\/wp-json\/wp\/v2\/media\/99402"}],"wp:attachment":[{"href":"https:\/\/soydeaqui.ddns.net\/pachuca\/index.php\/wp-json\/wp\/v2\/media?parent=99403"}],"wp:term":[{"taxonomy":"product_brand","embeddable":true,"href":"https:\/\/soydeaqui.ddns.net\/pachuca\/index.php\/wp-json\/wp\/v2\/product_brand?post=99403"},{"taxonomy":"product_cat","embeddable":true,"href":"https:\/\/soydeaqui.ddns.net\/pachuca\/index.php\/wp-json\/wp\/v2\/product_cat?post=99403"},{"taxonomy":"product_tag","embeddable":true,"href":"https:\/\/soydeaqui.ddns.net\/pachuca\/index.php\/wp-json\/wp\/v2\/product_tag?post=99403"}],"curies":[{"name":"wp","href":"https:\/\/api.w.org\/{rel}","templated":true}]}}