{"id":99389,"date":"2026-03-20T10:24:53","date_gmt":"2026-03-20T10:24:53","guid":{"rendered":"https:\/\/soydeaqui.ddns.net\/pachuca\/index.php\/producto\/kit-videowall-2x2-incluye-4-pantallas-de-55-decoder-base-de-piso-accesorios-de-instalacion\/"},"modified":"2026-03-20T10:24:55","modified_gmt":"2026-03-20T10:24:55","slug":"kit-videowall-2x2-incluye-4-pantallas-de-55-decoder-base-de-piso-accesorios-de-instalacion","status":"publish","type":"product","link":"https:\/\/soydeaqui.ddns.net\/pachuca\/index.php\/producto\/kit-videowall-2x2-incluye-4-pantallas-de-55-decoder-base-de-piso-accesorios-de-instalacion\/","title":{"rendered":"Kit Videowall 2X2 \/ Incluye 4 Pantallas de 55&#8243; \/ Decoder \/ Base de Piso \/ Accesorios de Instalaci\u00f3n"},"content":{"rendered":"<div style='width: 100%; max-width: 1200px; margin: 0 auto; font-family: sans-serif; line-height: 1.6; color: inherit; background-color: transparent;'> <!-- Imagen principal --> <\/p>\n<div style='text-align: center; margin: 30px 0;'> <img style='width: 50%; height: auto; border: 1px solid rgba(150&comma;150&comma;150&comma;0.3); border-radius: 8px;' src='https:\/\/ftp3.syscom.mx\/usuarios\/nortega\/hikvision\/HPD.png' alt=''> <\/div>\n<p> <!-- Secci\u00f3n de requerimientos adicionales --> <\/p>\n<div style='margin: 30px 0;'>\n<div style='border-left: 5px solid #ff0000; border-radius: 5px; padding: 15px; box-shadow: 2px 2px 10px rgba(216&comma;216&comma;216&comma;0.3);'>\n<h3 style='font-size: 18px; margin-top: 0; color: inherit; opacity: 0.8;'>Requerimiento adicional (opcional) seg\u00fan proyecto:<\/h3>\n<ul style='padding-left: 20px; font-size: 14px; color: inherit;'>\n<li style='margin-bottom: 5px;'><strong>HC-VSSB\/HW\/64C<\/strong> (servidor + 64 licencias de video)<\/li>\n<li style='margin-bottom: 5px;'><strong>HC-VSSB\/HW\/300C<\/strong> (servidor + 300 licencias de video)<\/li>\n<li style='margin-bottom: 5px;'><strong>HC-P-VSS-B\/4C<\/strong> (licencia base + 4 licencias de video)<\/li>\n<li style='margin-bottom: 5px;'><strong>HC-P-VSS-B\/16C<\/strong> (licencia base + 16 licencias de video)<\/li>\n<li style='margin-bottom: 5px;'><strong>HC-P-VSS-B\/64C<\/strong> (licencia base + 64 licencias de video)<\/li>\n<li style='margin-bottom: 5px;'><strong>HC-P-VSS\/1C<\/strong> (Licencia adicional de canal de video para crecer seg\u00fan requerimiento&comma; debe contar con licencia base)<\/li>\n<li style='margin-bottom: 5px;'><strong>HC-P-SWM<\/strong> (licencia para a\u00f1adir m\u00f3dulo de videowall)<\/li>\n<\/ul>\n<p style='margin-top: 15px; font-size: 14px; color: inherit;'><strong>Consideraciones adicionales:<\/strong><\/p>\n<ul style='padding-left: 20px; font-size: 14px; color: inherit;'>\n<li style='margin-bottom: 5px;'>El decoder (DS-6916UDI(C)) nos permite mostrar hasta 128 canales de manera simult\u00e1nea y\/o 25 canales por pantalla.<\/li>\n<li style='margin-bottom: 5px;'>Se requiere una estaci\u00f3n de trabajo (PC) para poder administrar el software y poder configurar el videowall.<\/li>\n<\/ul><\/div>\n<\/p><\/div>\n<p> <!-- Secci\u00f3n de productos incluidos --> <\/p>\n<div style='margin: 30px 0;'>\n<h2 style='text-align: center; font-size: 20px; color: inherit; opacity: 0.8; margin-bottom: 20px;'>KIT de Videowall Hikvision&comma; Incluye:<\/h2>\n<div style='display: flex; flex-wrap: wrap; gap: 20px; justify-content: center;'>\n<div style='flex: 1 1 300px; min-width: 250px; text-align: center; font-size: 14px; color: inherit;'>\n<p><span style='font-size: 16px;'><strong>4 x <\/strong><a href='https:\/\/www.syscom.mx\/producto\/DS-D2055UL-1B-HIKVISION-232165.html' target='_blank' rel='noopener'>DS-D2055UL-1B<\/a><\/span><\/p>\n<\/p><\/div>\n<div style='flex: 1 1 300px; min-width: 250px; text-align: center; font-size: 14px; color: inherit;'>\n<p><span style='font-size: 16px;'><strong>2 x <\/strong><a href='DS-DN55B3M\/F' target='_blank' rel='noopener'>DS-DN55B3M\/B<\/a><\/span><\/p>\n<\/p><\/div>\n<div style='flex: 1 1 300px; min-width: 250px; text-align: center; font-size: 14px; color: inherit;'>\n<p><span style='font-size: 16px;'><strong>4 x <\/strong><a href='https:\/\/www.syscom.mx\/producto\/DS-DN55B3M\/B-HIKVISION-175748.html' target='_blank' rel='noopener'>DS-DN55B3M\/F<\/a><\/span><\/p>\n<\/p><\/div>\n<div style='flex: 1 1 300px; min-width: 250px; text-align: center; font-size: 14px; color: inherit;'>\n<p><span style='font-size: 16px;'><strong>1 x <\/strong><a href='https:\/\/www.syscom.mx\/producto\/DS-6916UDIC-HIKVISION-228863.html' target='_blank' rel='noopener'>DS-6916UDI(C)<\/a><\/span><\/p>\n<\/p><\/div>\n<\/p><\/div>\n<\/p><\/div>\n<p> <!-- Secci\u00f3n de productos con im\u00e1genes y caracter\u00edsticas --> <\/p>\n<div style='display: flex; flex-wrap: wrap; gap: 30px; margin: 30px 0;'> <!-- DS-D2055UL-1B --> <\/p>\n<div style='flex: 1 1 300px; min-width: 280px;'>\n<div style='border: 1px solid rgba(150&comma;150&comma;150&comma;0.3); border-radius: 8px; overflow: hidden; display: flex; flex-direction: column;'>\n<div style='background-color: #eee; padding: 15px;'> <a href='https:\/\/www.syscom.mx\/producto\/DS-D2055UL-1B-HIKVISION-232165.html' target='_blank' rel='noopener'> <img style='width: 100%; height: auto; border: none;' src='https:\/\/ftp3.syscom.mx\/usuarios\/fotos\/BancoFotografiasSyscom\/HIKVISION\/DSD2055LUY\/DSD2055LUY-p.PNG' alt='DS-D2055UL-1B'> <\/a> <\/div>\n<div style='border-top: 5px solid #DF001D; padding: 15px;'>\n<h3 style='font-size: 16px; margin: 0 0 10px 0; color: inherit;'> <a href='https:\/\/www.syscom.mx\/producto\/DS-D2055UL-1B-HIKVISION-232165.html' target='_blank' rel='noopener' style='color: inherit; text-decoration: none;'> 4 x DS-D2055UL-1B <\/a> <\/h3>\n<h4 style='color: gray; font-size: 14px; margin: 10px 0; opacity: 0.7;'>Caracter\u00edsticas:<\/h4>\n<ul style='padding-left: 20px; margin: 0; font-size: 14px; list-style-type: disc; color: inherit;'>\n<li style='margin-bottom: 5px;'>Resoluci\u00f3n: 1920 x 1080 (Full HD) 60Hz<\/li>\n<li style='margin-bottom: 5px;'>Pantalla de 55&#8242;<\/li>\n<li style='margin-bottom: 5px;'>\u00c1ngulo de visi\u00f3n: Horizontal: 178\u00b0&comma; vertical: 178\u00b0<\/li>\n<li style='margin-bottom: 5px;'>Entradas: 1 puerto HDMI&comma; 1 puertos DVI&comma; 1 puerto VGA&comma; 1 puerto Display Port&comma; 1 Puerto USB<\/li>\n<\/ul><\/div>\n<\/p><\/div>\n<\/p><\/div>\n<p> <!-- DS-DN55B3M\/B --> <\/p>\n<div style='flex: 1 1 300px; min-width: 280px;'>\n<div style='border: 1px solid rgba(150&comma;150&comma;150&comma;0.3); border-radius: 8px; overflow: hidden; display: flex; flex-direction: column;'>\n<div style='background-color: #eee; padding: 15px;'> <a href='https:\/\/www.syscom.mx\/producto\/DS-DN55B3M\/B-HIKVISION-175748.html' target='_blank' rel='noopener'> <img style='width: 100%; height: auto; border: none;' src='https:\/\/ftp3.syscom.mx\/usuarios\/fotos\/BancoFotografiasSyscom\/HIKVISION\/DSDN55B3M_B\/DSDN55B3M_B-p.PNG' alt='DS-DN55B3M\/B'> <\/a> <\/div>\n<div style='border-top: 5px solid #DF001D; padding: 15px;'>\n<h3 style='font-size: 16px; margin: 0 0 10px 0; color: inherit;'> <a href='https:\/\/www.syscom.mx\/producto\/DS-DN55B3M\/B-HIKVISION-175748.html' target='_blank' rel='noopener' style='color: inherit; text-decoration: none;'> 2 x DS-DN55B3M\/B <\/a> <\/h3>\n<h4 style='color: gray; font-size: 14px; margin: 10px 0; opacity: 0.7;'>Caracter\u00edsticas:<\/h4>\n<ul style='padding-left: 20px; margin: 0; font-size: 14px; list-style-type: disc; color: inherit;'>\n<li style='margin-bottom: 5px;'>Gabinete\/Pedestal color negro<\/li>\n<li style='margin-bottom: 5px;'>Estructura de acero s\u00f3lido<\/li>\n<li style='margin-bottom: 5px;'>Altura de visi\u00f3n: 80 cm<\/li>\n<\/ul><\/div>\n<\/p><\/div>\n<\/p><\/div>\n<p> <!-- DS-DN55B3M\/F --> <\/p>\n<div style='flex: 1 1 300px; min-width: 280px;'>\n<div style='border: 1px solid rgba(150&comma;150&comma;150&comma;0.3); border-radius: 8px; overflow: hidden; display: flex; flex-direction: column;'>\n<div style='background-color: #eee; padding: 15px;'> <a href='https:\/\/www.syscom.mx\/producto\/DS-DN55B3M\/F-HIKVISION-175749.html' target='_blank' rel='noopener'> <img style='width: 100%; height: auto; border: none;' src='https:\/\/ftp3.syscom.mx\/usuarios\/fotos\/BancoFotografiasSyscom\/HIKVISION\/DSDN55B3M_F\/DSDN55B3M_F-p.PNG' alt='DS-DN55B3M\/F'> <\/a> <\/div>\n<div style='border-top: 5px solid #DF001D; padding: 15px;'>\n<h3 style='font-size: 16px; margin: 0 0 10px 0; color: inherit;'> <a href='https:\/\/www.syscom.mx\/producto\/DS-DN55B3M\/F-HIKVISION-175749.html' target='_blank' rel='noopener' style='color: inherit; text-decoration: none;'> 4 x DS-DN55B3M\/F <\/a> <\/h3>\n<h4 style='color: gray; font-size: 14px; margin: 10px 0; opacity: 0.7;'>Caracter\u00edsticas:<\/h4>\n<ul style='padding-left: 20px; margin: 0; font-size: 14px; list-style-type: disc; color: inherit;'>\n<li style='margin-bottom: 5px;'>Bracket modular para pantalla de 55&#8242;<\/li>\n<li style='margin-bottom: 5px;'>Estructura de acero s\u00f3lido<\/li>\n<li style='margin-bottom: 5px;'>Dimensiones: 848 x 684 x 200 mm<\/li>\n<\/ul><\/div>\n<\/p><\/div>\n<\/p><\/div>\n<p> <!-- DS-6916UDI(C) --> <\/p>\n<div style='flex: 1 1 300px; min-width: 280px;'>\n<div style='border: 1px solid rgba(150&comma;150&comma;150&comma;0.3); border-radius: 8px; overflow: hidden; display: flex; flex-direction: column;'>\n<div style='background-color: #eee; padding: 15px;'> <a href='https:\/\/www.syscom.mx\/producto\/DS-6916UDIC-HIKVISION-228863.html' target='_blank' rel='noopener'> <img style='width: 100%; height: auto; border: none;' src='https:\/\/ftp3.syscom.mx\/usuarios\/fotos\/BancoFotografiasSyscom\/HIKVISION\/DS6916UDI(B)\/DS6916UDI(B)-p.PNG' alt='DS-6916UDI(C)'> <\/a> <\/div>\n<div style='border-top: 5px solid #DF001D; padding: 15px;'>\n<h3 style='font-size: 16px; margin: 0 0 10px 0; color: inherit;'> <a href='https:\/\/www.syscom.mx\/producto\/DS-6916UDIC-HIKVISION-228863.html' target='_blank' rel='noopener' style='color: inherit; text-decoration: none;'> 1 x DS-6916UDI(C) <\/a> <\/h3>\n<h4 style='color: gray; font-size: 14px; margin: 10px 0; opacity: 0.7;'>Caracter\u00edsticas:<\/h4>\n<ul style='padding-left: 20px; margin: 0; font-size: 14px; list-style-type: disc; color: inherit;'>\n<li style='margin-bottom: 5px;'>16 salidas de video en HDMI<\/li>\n<li style='margin-bottom: 5px;'>Salida de video en 4K<\/li>\n<li style='margin-bottom: 5px;'>8 Entradas y 8 salidas de alarma<\/li>\n<li style='margin-bottom: 5px;'>2 Puertos RJ45 10 \/ 100 \/ 1000 Mbps<\/li>\n<li style='margin-bottom: 5px;'>2 Puertos fibra \u00f3ptica 10 \/ 100 \/ 1000 Mbps<\/li>\n<\/ul><\/div>\n<\/p><\/div>\n<\/p><\/div>\n<\/p><\/div>\n<p> <!-- Imagen final --> <\/p>\n<div style='text-align: center; margin: 30px 0;'> <img style='width: 100%; height: auto; border: 1px solid rgba(150&comma;150&comma;150&comma;0.3); border-radius: 8px;' src='https:\/\/ftp3.syscom.mx\/usuarios\/nortega\/hikvision\/imagenes\/HIKVISION-VW-DS.png' alt=''> <\/div>\n<\/p><\/div>\n","protected":false},"excerpt":{"rendered":"<p>Kit Videowall 2X2 \/ Incluye 4 Pantallas de 55&#8243; \/ Decoder \/ Base de Piso \/ Accesorios de Instalaci\u00f3n<\/p>\n","protected":false},"featured_media":99388,"comment_status":"open","ping_status":"closed","template":"","meta":[],"product_brand":[],"product_cat":[2088],"product_tag":[54,2089,2090],"class_list":{"0":"post-99389","1":"product","2":"type-product","3":"status-publish","4":"has-post-thumbnail","6":"product_cat-videowall-seguridad","7":"product_tag-hikvision","8":"product_tag-monitores-pantallas-y-mobiliario","9":"product_tag-videowall-seguridad","11":"first","12":"outofstock","13":"sale","14":"shipping-taxable","15":"purchasable","16":"product-type-simple"},"_links":{"self":[{"href":"https:\/\/soydeaqui.ddns.net\/pachuca\/index.php\/wp-json\/wp\/v2\/product\/99389","targetHints":{"allow":["GET"]}}],"collection":[{"href":"https:\/\/soydeaqui.ddns.net\/pachuca\/index.php\/wp-json\/wp\/v2\/product"}],"about":[{"href":"https:\/\/soydeaqui.ddns.net\/pachuca\/index.php\/wp-json\/wp\/v2\/types\/product"}],"replies":[{"embeddable":true,"href":"https:\/\/soydeaqui.ddns.net\/pachuca\/index.php\/wp-json\/wp\/v2\/comments?post=99389"}],"wp:featuredmedia":[{"embeddable":true,"href":"https:\/\/soydeaqui.ddns.net\/pachuca\/index.php\/wp-json\/wp\/v2\/media\/99388"}],"wp:attachment":[{"href":"https:\/\/soydeaqui.ddns.net\/pachuca\/index.php\/wp-json\/wp\/v2\/media?parent=99389"}],"wp:term":[{"taxonomy":"product_brand","embeddable":true,"href":"https:\/\/soydeaqui.ddns.net\/pachuca\/index.php\/wp-json\/wp\/v2\/product_brand?post=99389"},{"taxonomy":"product_cat","embeddable":true,"href":"https:\/\/soydeaqui.ddns.net\/pachuca\/index.php\/wp-json\/wp\/v2\/product_cat?post=99389"},{"taxonomy":"product_tag","embeddable":true,"href":"https:\/\/soydeaqui.ddns.net\/pachuca\/index.php\/wp-json\/wp\/v2\/product_tag?post=99389"}],"curies":[{"name":"wp","href":"https:\/\/api.w.org\/{rel}","templated":true}]}}