{"id":99385,"date":"2026-03-20T10:24:45","date_gmt":"2026-03-20T10:24:45","guid":{"rendered":"https:\/\/soydeaqui.ddns.net\/pachuca\/index.php\/producto\/version-drtk3-fijo-rele-drtk3\/"},"modified":"2026-03-20T10:24:45","modified_gmt":"2026-03-20T10:24:45","slug":"version-drtk3-fijo-rele-drtk3","status":"publish","type":"product","link":"https:\/\/soydeaqui.ddns.net\/pachuca\/index.php\/producto\/version-drtk3-fijo-rele-drtk3\/","title":{"rendered":"Versi\u00f3n DRTK3 Fijo (Rel\u00e9 DRTK3)"},"content":{"rendered":"<div style='width: 100%; max-width: 1200px; margin: 0 auto; font-family: sans-serif; line-height: 1.6; color: inherit; background-color: transparent;'> <!-- Secci\u00f3n de caracter\u00edsticas principales --> <\/p>\n<div style='display: flex; flex-wrap: wrap; gap: 30px; margin-bottom: 30px;'>\n<div style='flex: 1 1 300px; min-width: 280px;'>\n<h3 style='font-size: 22px; border-bottom: 2px solid currentColor; padding-bottom: 5px; margin-top: 0; color: inherit; opacity: 0.8;'>Caracter\u00edsticas principales<\/h3>\n<ul style='padding-left: 20px; font-size: 15px; color: inherit;'>\n<li style='margin-bottom: 5px;'>Frecuencias de GNSS: GPS&comma; BDS&comma; GALILEO&comma; GLONASS&comma; QZSS<\/li>\n<li style='margin-bottom: 5px;'>Modo de Operaci\u00f3n: Modo estaci\u00f3n Base y modo de Estaci\u00f3n de Rel\u00e9<\/li>\n<li style='margin-bottom: 5px;'>Sistema de transmisi\u00f3n de v\u00eddeo: O4 Enterprise<\/li>\n<\/ul><\/div>\n<div style='flex: 1 1 300px; min-width: 280px;'>\n<h3 style='font-size: 22px; border-bottom: 2px solid currentColor; padding-bottom: 5px; margin-top: 0; color: inherit; opacity: 0.8;'>Caracter\u00edsticas F\u00edsicas y El\u00e9ctricas<\/h3>\n<ul style='padding-left: 20px; font-size: 15px; color: inherit;'>\n<li style='margin-bottom: 5px;'>Dimensiones: 163 mm \u00d7 89 mm (sin antenas direccionales OcuSync)<\/li>\n<li style='margin-bottom: 5px;'>Peso: Aproximadamente 2.24kg<\/li>\n<li style='margin-bottom: 5px;'>Temperatura de Operaci\u00f3n: -30\u00b0 a 55\u00b0 C<\/li>\n<\/ul><\/div>\n<\/p><\/div>\n<p> <!-- Secci\u00f3n de descripci\u00f3n --> <\/p>\n<div style='margin-bottom: 30px; font-size: 15px; color: inherit;'>\n<p>El DRTK 3 de DJI es un sistema de posicionamiento de alta precisi\u00f3n dise\u00f1ado para corregir errores en la navegaci\u00f3n de drones&comma; especialmente en aplicaciones profesionales.<\/p>\n<p>Modo de estaci\u00f3n de rel\u00e9: Olvida las limitaciones<\/p>\n<p>En \u00e1reas urbanas&comma; valles o sitios desafiantes de DJI Dock 3 con obst\u00e1culos densos&comma; simplemente cambia el D-RTK 3 al Modo de Estaci\u00f3n de Relevo y col\u00f3calo en un punto alto&comma; o configura directamente la Versi\u00f3n de despliegue fijo del rel\u00e9 D-RTK 3. Esta configuraci\u00f3n mejora el rango de transmisi\u00f3n de v\u00eddeo para la serie Matrice 4\/4D&comma; extendiendo la cobertura operativa hasta 25 kil\u00f3metros.<\/p>\n<p>D-RTK 3 es compatible con la detecci\u00f3n de obst\u00e1culos con la serie Matrice 4&comma; lo que permite realizar c\u00e1lculos en tiempo real de obst\u00e1culos y calidad de la se\u00f1al entre la estaci\u00f3n de rel\u00e9&comma; el control remoto y el dron. Los operadores pueden ajustar la posici\u00f3n del dron en funci\u00f3n de las indicaciones del control remoto para garantizar una calidad de comunicaci\u00f3n \u00f3ptima.<\/p>\n<\/p><\/div>\n<p> <!-- Separador --> <\/p>\n<hr style='border: 0; border-top: 1px solid rgba(150&comma; 150&comma; 150&comma; 0.3); margin: 30px 0;'> <\/div>\n","protected":false},"excerpt":{"rendered":"<p>Versi\u00f3n DRTK3 Fijo (Rel\u00e9 DRTK3)<\/p>\n","protected":false},"featured_media":99384,"comment_status":"open","ping_status":"closed","template":"","meta":[],"product_brand":[],"product_cat":[2223,2225],"product_tag":[2228,2226,2227],"class_list":{"0":"post-99385","1":"product","2":"type-product","3":"status-publish","4":"has-post-thumbnail","6":"product_cat-drones","7":"product_cat-drones-robots-e-industrial","8":"product_tag-dji","9":"product_tag-drones","10":"product_tag-robots-e-industrial","12":"first","13":"instock","14":"sale","15":"shipping-taxable","16":"purchasable","17":"product-type-simple"},"_links":{"self":[{"href":"https:\/\/soydeaqui.ddns.net\/pachuca\/index.php\/wp-json\/wp\/v2\/product\/99385","targetHints":{"allow":["GET"]}}],"collection":[{"href":"https:\/\/soydeaqui.ddns.net\/pachuca\/index.php\/wp-json\/wp\/v2\/product"}],"about":[{"href":"https:\/\/soydeaqui.ddns.net\/pachuca\/index.php\/wp-json\/wp\/v2\/types\/product"}],"replies":[{"embeddable":true,"href":"https:\/\/soydeaqui.ddns.net\/pachuca\/index.php\/wp-json\/wp\/v2\/comments?post=99385"}],"wp:featuredmedia":[{"embeddable":true,"href":"https:\/\/soydeaqui.ddns.net\/pachuca\/index.php\/wp-json\/wp\/v2\/media\/99384"}],"wp:attachment":[{"href":"https:\/\/soydeaqui.ddns.net\/pachuca\/index.php\/wp-json\/wp\/v2\/media?parent=99385"}],"wp:term":[{"taxonomy":"product_brand","embeddable":true,"href":"https:\/\/soydeaqui.ddns.net\/pachuca\/index.php\/wp-json\/wp\/v2\/product_brand?post=99385"},{"taxonomy":"product_cat","embeddable":true,"href":"https:\/\/soydeaqui.ddns.net\/pachuca\/index.php\/wp-json\/wp\/v2\/product_cat?post=99385"},{"taxonomy":"product_tag","embeddable":true,"href":"https:\/\/soydeaqui.ddns.net\/pachuca\/index.php\/wp-json\/wp\/v2\/product_tag?post=99385"}],"curies":[{"name":"wp","href":"https:\/\/api.w.org\/{rel}","templated":true}]}}