{"id":99383,"date":"2026-03-20T10:24:41","date_gmt":"2026-03-20T10:24:41","guid":{"rendered":"https:\/\/soydeaqui.ddns.net\/pachuca\/index.php\/producto\/drone-dji-matrice-4d-plus-con-camara-visual-1-ano-de-care-plus-uso-con-dji-dock-3\/"},"modified":"2026-03-20T10:24:42","modified_gmt":"2026-03-20T10:24:42","slug":"drone-dji-matrice-4d-plus-con-camara-visual-1-ano-de-care-plus-uso-con-dji-dock-3","status":"publish","type":"product","link":"https:\/\/soydeaqui.ddns.net\/pachuca\/index.php\/producto\/drone-dji-matrice-4d-plus-con-camara-visual-1-ano-de-care-plus-uso-con-dji-dock-3\/","title":{"rendered":"Drone DJI Matrice 4D Plus con c\u00e1mara Visual   \/ 1 A\u00f1o de Care Plus \/ Uso con DJI DOCK 3"},"content":{"rendered":"<div style='width: 100%; max-width: 1200px; margin: 0 auto; font-family: sans-serif; line-height: 1.6; color: inherit; background-color: transparent;'> <!-- Secci\u00f3n de caracter\u00edsticas principales --> <\/p>\n<div style='display: flex; flex-wrap: wrap; gap: 30px; margin-bottom: 30px;'>\n<div style='flex: 1 1 300px; min-width: 280px;'>\n<h3 style='font-size: 22px; border-bottom: 2px solid currentColor; padding-bottom: 5px; margin-top: 0; color: inherit; opacity: 0.8;'>Caracter\u00edsticas Principales<\/h3>\n<ul style='padding-left: 20px; font-size: 15px; color: inherit;'>\n<li style='margin-bottom: 5px;'>10 kms de transmisi\u00f3n<\/li>\n<li style='margin-bottom: 5px;'>Zoom 112X<\/li>\n<li style='margin-bottom: 5px;'>Tiempo M\u00e1ximo de Vuelo: 54 min<\/li>\n<li style='margin-bottom: 5px;'>Velocidad M\u00e1xima de Operaci\u00f3n: 21 m\/s<\/li>\n<\/ul><\/div>\n<div style='flex: 1 1 300px; min-width: 280px;'>\n<h3 style='font-size: 22px; border-bottom: 2px solid currentColor; padding-bottom: 5px; margin-top: 0; color: inherit; opacity: 0.8;'>Caracter\u00edsticas Adicionales<\/h3>\n<ul style='padding-left: 20px; font-size: 15px; color: inherit;'>\n<li style='margin-bottom: 5px;'>Luz NIR auxiliar<\/li>\n<li style='margin-bottom: 5px;'>Compacto y port\u00e1til<\/li>\n<li style='margin-bottom: 5px;'>Detecci\u00f3n omnidireccional para vuelo seguro<\/li>\n<\/ul><\/div>\n<div style='flex: 1 1 300px; min-width: 280px;'>\n<h3 style='font-size: 22px; border-bottom: 2px solid currentColor; padding-bottom: 5px; margin-top: 0; color: inherit; opacity: 0.8;'>Contenido del paquete<\/h3>\n<ul style='padding-left: 20px; font-size: 15px; color: inherit;'>\n<li style='margin-bottom: 5px;'>Dron Matrice4DPLUS<\/li>\n<li style='margin-bottom: 5px;'>Juego de h\u00e9lices<\/li>\n<li style='margin-bottom: 5px;'>1 A\u00f1o Care Plus<\/li>\n<\/ul>\n<p style='margin-top: 15px; font-size: 14px; color: inherit; opacity: 0.8;'>Nota: Para uso exclusivo con DJI DOCK3<\/p>\n<p style='margin-top: 5px; font-size: 14px; color: inherit; opacity: 0.8;'>Debe cotizarse junto con modelo DJIDOCK3 y bater\u00eda M4DBAT<\/p>\n<p style='margin-top: 5px; font-size: 14px; color: inherit; opacity: 0.8;'>Uso con DJI FlightHub 2<\/p>\n<\/p><\/div>\n<\/p><\/div>\n<p> <!-- Garant\u00eda --> <\/p>\n<div style='margin-bottom: 30px;'>\n<h3 style='font-size: 22px; border-bottom: 2px solid currentColor; padding-bottom: 5px; margin-top: 0; color: inherit; opacity: 0.8;'>Garant\u00eda<\/h3>\n<p style='font-size: 15px; color: inherit;'>1 A\u00f1o contra defectos de fabricaci\u00f3n<\/p>\n<\/p><\/div>\n<p> <!-- Separador --> <\/p>\n<hr style='border: 0; border-top: 1px solid rgba(150&comma; 150&comma; 150&comma; 0.3); margin: 30px 0;'> <!-- Informaci\u00f3n adicional --> <\/p>\n<div style='margin-bottom: 30px;'>\n<p style='text-align: center; font-size: 24px; letter-spacing: -0.72px; color: inherit; margin: 0;'> Los nuevos DJI MATRICE4TD y MATRICE4D&comma; resistentes al agua y polvo&comma; est\u00e1n espec\u00edficamente dise\u00f1ados para DJI Dock3&comma; ofreciendo un tiempo de vuelo prolongado&comma; y pueden emparejarse con DJI RC Plus 2 para uso independiente. <\/p>\n<\/p><\/div>\n<p> <!-- Imagen y contenido --> <\/p>\n<div style='display: flex; flex-wrap: wrap; gap: 30px; align-items: flex-start; margin-bottom: 30px;'>\n<div style='flex: 1 1 400px; min-width: 300px;'> <img style='width: 100%; height: auto; border: 1px solid rgba(150&comma;150&comma;150&comma;0.3); border-radius: 8px;' src='https:\/\/ftp3.syscom.mx\/usuarios\/ialdama\/DJI\/1%20m4td.png' alt=''> <\/div>\n<div style='flex: 1 1 400px; min-width: 300px;'>\n<h3 style='font-size: 22px; border-bottom: 2px solid currentColor; padding-bottom: 5px; margin-top: 0; color: inherit; opacity: 0.8;'>Bater\u00edas optimizadas para durar<\/h3>\n<p style='color: inherit; font-size: 15px; margin-bottom: 15px;'>54 minutos de duraci\u00f3n del vuelo que te permiten abarcar m\u00e1s terreno en cada misi\u00f3n&comma; para mapear hasta 2 km2 en un solo vuelo.<\/p>\n<p style='color: inherit; font-size: 15px; margin-bottom: 5px;'><strong>Tiempo m\u00e1x. de vuelo<\/strong><\/p>\n<p style='color: inherit; font-size: 15px; margin-bottom: 0;'>54 minutos<\/p>\n<\/p><\/div>\n<\/p><\/div>\n<\/p><\/div>\n","protected":false},"excerpt":{"rendered":"<p>Drone DJI Matrice 4D Plus con c\u00e1mara Visual   \/ 1 A\u00f1o de Care Plus \/ Uso con DJI DOCK 3<\/p>\n","protected":false},"featured_media":99382,"comment_status":"open","ping_status":"closed","template":"","meta":[],"product_brand":[],"product_cat":[2223,2225],"product_tag":[2228,2226,2227],"class_list":{"0":"post-99383","1":"product","2":"type-product","3":"status-publish","4":"has-post-thumbnail","6":"product_cat-drones","7":"product_cat-drones-robots-e-industrial","8":"product_tag-dji","9":"product_tag-drones","10":"product_tag-robots-e-industrial","12":"first","13":"instock","14":"sale","15":"shipping-taxable","16":"purchasable","17":"product-type-simple"},"_links":{"self":[{"href":"https:\/\/soydeaqui.ddns.net\/pachuca\/index.php\/wp-json\/wp\/v2\/product\/99383","targetHints":{"allow":["GET"]}}],"collection":[{"href":"https:\/\/soydeaqui.ddns.net\/pachuca\/index.php\/wp-json\/wp\/v2\/product"}],"about":[{"href":"https:\/\/soydeaqui.ddns.net\/pachuca\/index.php\/wp-json\/wp\/v2\/types\/product"}],"replies":[{"embeddable":true,"href":"https:\/\/soydeaqui.ddns.net\/pachuca\/index.php\/wp-json\/wp\/v2\/comments?post=99383"}],"wp:featuredmedia":[{"embeddable":true,"href":"https:\/\/soydeaqui.ddns.net\/pachuca\/index.php\/wp-json\/wp\/v2\/media\/99382"}],"wp:attachment":[{"href":"https:\/\/soydeaqui.ddns.net\/pachuca\/index.php\/wp-json\/wp\/v2\/media?parent=99383"}],"wp:term":[{"taxonomy":"product_brand","embeddable":true,"href":"https:\/\/soydeaqui.ddns.net\/pachuca\/index.php\/wp-json\/wp\/v2\/product_brand?post=99383"},{"taxonomy":"product_cat","embeddable":true,"href":"https:\/\/soydeaqui.ddns.net\/pachuca\/index.php\/wp-json\/wp\/v2\/product_cat?post=99383"},{"taxonomy":"product_tag","embeddable":true,"href":"https:\/\/soydeaqui.ddns.net\/pachuca\/index.php\/wp-json\/wp\/v2\/product_tag?post=99383"}],"curies":[{"name":"wp","href":"https:\/\/api.w.org\/{rel}","templated":true}]}}