{"id":99376,"date":"2026-03-20T10:24:23","date_gmt":"2026-03-20T10:24:23","guid":{"rendered":"https:\/\/soydeaqui.ddns.net\/pachuca\/index.php\/producto\/camara-ip-tipo-domo-antivandalica-8-megapixel-lente-fijo-3-mm-ir-20m-wdr-120db-ip66-h-265-wisestream-inteligencia-artificial-deteccion-de-personas-y-vehiculos\/"},"modified":"2026-03-20T10:24:33","modified_gmt":"2026-03-20T10:24:33","slug":"camara-ip-tipo-domo-antivandalica-8-megapixel-lente-fijo-3-mm-ir-20m-wdr-120db-ip66-h-265-wisestream-inteligencia-artificial-deteccion-de-personas-y-vehiculos","status":"publish","type":"product","link":"https:\/\/soydeaqui.ddns.net\/pachuca\/index.php\/producto\/camara-ip-tipo-domo-antivandalica-8-megapixel-lente-fijo-3-mm-ir-20m-wdr-120db-ip66-h-265-wisestream-inteligencia-artificial-deteccion-de-personas-y-vehiculos\/","title":{"rendered":"C\u00e1mara IP Tipo domo Antivand\u00e1lica 8 Megap\u00edxel \/ Lente fijo 3 mm \/ IR 20M \/ WDR 120db \/ IP66 \/ H.265 &#038; WiseStream \/ Inteligencia Artificial Deteccion de Personas y vehiculos"},"content":{"rendered":"<div style=\"width: 100%; max-width: 1200px; margin: 0 auto; font-family: sans-serif; line-height: 1.6; color: inherit; background-color: transparent;\">\n<p style=\"text-align: center; margin: 0; padding: 0;\"><a href=\"https:\/\/www.syscom.mx\/principal\/consultarproductosazul?global_search=htasq&amp;ordenar=Relevancia&amp;pag=1\" target=\"_blank\" rel=\"noopener\"> <img decoding=\"async\" style=\"width: 100%; height: auto; border: 1px solid rgba(150&comma;150&comma;150&comma;0.3); border-radius: 8px;\" src=\"https:\/\/ftp3.syscom.mx\/usuarios\/gmagos\/Hanwha\/fotos\/Wisenet%20Q.png\" alt=\"\" \/> <\/a><\/p>\n<div style=\"width: 100%; margin: 30px 0; display: flex; flex-wrap: wrap; gap: 30px;\">\n<div style=\"flex: 1 1 400px; min-width: 300px;\">\n<div style=\"position: relative; padding-bottom: 56.25%; height: 0; overflow: hidden;\"> <\/div>\n<\/p><\/div>\n<div style=\"flex: 1 1 400px; min-width: 300px;\">\n<h3 style=\"font-size: 22px; border-bottom: 2px solid currentColor; padding-bottom: 5px; margin-top: 0; color: inherit; opacity: 0.8;\">H.265 + <span style=\"color: #f37934;\">WiseStream<\/span><\/h3>\n<p style=\"font-size: 15px; color: inherit; margin-bottom: 15px;\">Mediante WiseStream&comma; la tecnolog&iacute;a de compresi&oacute;n de v&iacute;deo de Hanwha Techwin&comma; la serie Wisenet X reduce el almacenamiento de datos <strong><span style=\"color: #f37934;\">hasta un 75%<\/span><\/strong> en comparaci&oacute;n con la actual tecnolog&iacute;a H.264&comma; cuando se combina con la compresi&oacute;n H.265. Los costes del sistema se reducen enormemente sin comprometer la calidad de las im&aacute;genes.<\/p>\n<\/p><\/div>\n<\/p><\/div>\n<div style=\"width: 100%; margin: 30px 0; display: flex; flex-wrap: wrap; gap: 30px;\">\n<div style=\"flex: 1 1 400px; min-width: 300px;\">\n<h3 style=\"font-size: 22px; border-bottom: 2px solid currentColor; padding-bottom: 5px; margin-top: 0; color: inherit; opacity: 0.8;\">Lente Varifocal para mejor visualizaci&oacute;n a mayor distancia. (ver modelos compatibles).<\/h3>\n<p style=\"font-size: 15px; color: inherit; margin-bottom: 15px;\">La serie Q de Wisenet&comma; le ofrece <span style=\"font-family: Arial&comma; Helvetica&comma; sans-serif;\"><span style=\"color: #f37934;\"><strong>lentes varifocales<\/strong><\/span><\/span> de <span style=\"color: #f37934;\"><strong>3.2 &#8211; 10 mm<\/strong><\/span> para tener un mayor alcance de visualizaci&oacute;n cuando se requiere distinguir objetos a distancia.<\/p>\n<p style=\"font-size: 15px; color: inherit; margin-bottom: 15px;\">El alcance del lente se puede apreciar en el video.<\/p>\n<\/p><\/div>\n<div style=\"flex: 1 1 400px; min-width: 300px;\">\n<div style=\"position: relative; padding-bottom: 56.25%; height: 0; overflow: hidden;\"> <\/div>\n<\/p><\/div>\n<\/p><\/div>\n<div style=\"width: 100%; margin: 30px 0; display: flex; flex-wrap: wrap; gap: 20px;\">\n<div style=\"flex: 1 1 30%; min-width: 250px; display: flex; flex-direction: column;\">\n<h3 style=\"font-size: 22px; border-bottom: 2px solid currentColor; padding-bottom: 5px; margin-top: 0; color: inherit; opacity: 0.8;\">Detecci&oacute;n de Movimiento<\/h3>\n<div style=\"flex-grow: 1; display: flex; flex-direction: column;\"><img decoding=\"async\" style=\"width: 100%; height: auto; border: 1px solid rgba(150&comma;150&comma;150&comma;0.3); border-radius: 8px;\" src=\"https:\/\/ftp3.syscom.mx\/usuarios\/fotos\/QNO6010R\/88479-detecci&oacute;n_de_movimiento.jpg\" alt=\"\" \/><\/div>\n<\/p><\/div>\n<div style=\"flex: 1 1 30%; min-width: 250px; display: flex; flex-direction: column;\">\n<h3 style=\"font-size: 22px; border-bottom: 2px solid currentColor; padding-bottom: 5px; margin-top: 0; color: inherit; opacity: 0.8;\">Detecci&oacute;n de Sabotaje<\/h3>\n<div style=\"flex-grow: 1; display: flex; flex-direction: column;\"><img decoding=\"async\" style=\"width: 100%; height: auto; border: 1px solid rgba(150&comma;150&comma;150&comma;0.3); border-radius: 8px;\" src=\"https:\/\/ftp3.syscom.mx\/usuarios\/fotos\/LNV6010R\/157854-sabotaje.jpg\" alt=\"\" \/><\/div>\n<\/p><\/div>\n<div style=\"flex: 1 1 30%; min-width: 250px; display: flex; flex-direction: column;\">\n<h3 style=\"font-size: 22px; border-bottom: 2px solid currentColor; padding-bottom: 5px; margin-top: 0; color: inherit; opacity: 0.8;\">Detecci&oacute;n de Desenfoque<\/h3>\n<div style=\"flex-grow: 1; display: flex; flex-direction: column;\"><img decoding=\"async\" style=\"width: 100%; height: auto; border: 1px solid rgba(150&comma;150&comma;150&comma;0.3); border-radius: 8px;\" src=\"https:\/\/ftp3.syscom.mx\/usuarios\/fotos\/LNO6070R\/157853-imagen-desenfocada_1286-72.jpg\" alt=\"\" \/><\/div>\n<\/p><\/div>\n<\/p><\/div>\n<div style=\"width: 100%; margin: 30px 0; display: flex; flex-wrap: wrap; gap: 20px;\">\n<div style=\"flex: 1 1 30%; min-width: 250px; display: flex; flex-direction: column;\">\n<h3 style=\"font-size: 22px; border-bottom: 2px solid currentColor; padding-bottom: 5px; margin-top: 0; color: inherit; opacity: 0.8;\">Detecci&oacute;n de Direcci&oacute;n<\/h3>\n<div style=\"flex-grow: 1; display: flex; flex-direction: column;\"><img decoding=\"async\" style=\"width: 100%; height: auto; border: 1px solid rgba(150&comma;150&comma;150&comma;0.3); border-radius: 8px;\" src=\"https:\/\/ftp3.syscom.mx\/usuarios\/fotos\/QND6012R\/171514-direccion.png\" alt=\"\" \/><\/div>\n<\/p><\/div>\n<div style=\"flex: 1 1 30%; min-width: 250px; display: flex; flex-direction: column;\">\n<h3 style=\"font-size: 22px; border-bottom: 2px solid currentColor; padding-bottom: 5px; margin-top: 0; color: inherit; opacity: 0.8;\">Linea Virtual<\/h3>\n<div style=\"flex-grow: 1; display: flex; flex-direction: column;\"><img decoding=\"async\" style=\"width: 100%; height: auto; border: 1px solid rgba(150&comma;150&comma;150&comma;0.3); border-radius: 8px;\" src=\"https:\/\/ftp3.syscom.mx\/usuarios\/fotos\/QND6012R\/171514-linea_virtual.png\" alt=\"\" \/><\/div>\n<\/p><\/div>\n<div style=\"flex: 1 1 30%; min-width: 250px; display: flex; flex-direction: column;\">\n<h3 style=\"font-size: 22px; border-bottom: 2px solid currentColor; padding-bottom: 5px; margin-top: 0; color: inherit; opacity: 0.8;\">Entrada \/ Salida<\/h3>\n<div style=\"flex-grow: 1; display: flex; flex-direction: column;\"><img decoding=\"async\" style=\"width: 100%; height: auto; border: 1px solid rgba(150&comma;150&comma;150&comma;0.3); border-radius: 8px;\" src=\"https:\/\/ftp3.syscom.mx\/usuarios\/fotos\/QND6012R\/171514-entrada_salida.png\" alt=\"\" \/><\/div>\n<\/p><\/div>\n<\/p><\/div>\n<div style=\"width: 100%; margin: 30px 0; display: flex; flex-wrap: wrap; gap: 20px;\">\n<div style=\"flex: 1 1 300px; border: 1px solid rgba(150&comma; 150&comma; 150&comma; 0.4); border-radius: 8px; overflow: hidden; display: flex; flex-direction: column;\">\n<div style=\"padding: 15px; border-bottom: 1px solid rgba(150&comma; 150&comma; 150&comma; 0.2); font-weight: bold; font-size: 18px; color: inherit;\">Caracter&iacute;sticas principales:<\/div>\n<div style=\"padding: 15px; color: inherit;\">\n<ul style=\"padding-left: 20px; margin: 0; font-size: 14px; list-style-type: disc;\">\n<li style=\"margin-bottom: 5px;\">Sensor de imagen: 1\/2.8&#8242; CMOS Scan Progresivo.<\/li>\n<li style=\"margin-bottom: 5px;\">Iluminaci&oacute;n m&iacute;nima: Color: 0.03Lux&comma; B\/N: 0Lux con IR encendido.<\/li>\n<li style=\"margin-bottom: 5px;\">D&iacute;a \/ Noche real con filtro ICR.<\/li>\n<li style=\"margin-bottom: 5px;\">Lente fijo: 3 mm.<\/li>\n<li style=\"margin-bottom: 5px;\">Angulo de vision horizontal: 108&deg;.<\/li>\n<li style=\"margin-bottom: 5px;\">Angulo de vision diagonal: 127&deg;<\/li>\n<li style=\"margin-bottom: 5px;\">Distancia de IR: 20 m IR inteligente.<\/li>\n<li style=\"margin-bottom: 5px;\">Funciones: WDR real (120dB)&comma; BLC&comma; SSDR<\/li>\n<li style=\"margin-bottom: 5px;\">3 axis de ajuste manual(Pan&comma; Tilt&comma; rotate).<\/li>\n<\/ul><\/div>\n<\/p><\/div>\n<div style=\"flex: 1 1 300px; border: 1px solid rgba(150&comma; 150&comma; 150&comma; 0.4); border-radius: 8px; overflow: hidden; display: flex; flex-direction: column;\">\n<div style=\"padding: 15px; border-bottom: 1px solid rgba(150&comma; 150&comma; 150&comma; 0.2); font-weight: bold; font-size: 18px; color: inherit;\">Compresi&oacute;n de v&iacute;deo y resoluci&oacute;n m&aacute;xima:<\/div>\n<div style=\"padding: 15px; color: inherit;\">\n<ul style=\"padding-left: 20px; margin: 0; font-size: 14px; list-style-type: disc;\">\n<li style=\"margin-bottom: 5px;\">Resoluci&oacute;n m&aacute;xima: 8 Megapixeles (3840 x 2160).<\/li>\n<li style=\"margin-bottom: 5px;\">Compresi&oacute;n: H.265&comma; H.264&comma; MJPEG.<\/li>\n<\/ul><\/div>\n<div style=\"padding: 15px; border-top: 1px solid rgba(150&comma; 150&comma; 150&comma; 0.2); border-bottom: 1px solid rgba(150&comma; 150&comma; 150&comma; 0.2); font-weight: bold; font-size: 18px; color: inherit;\">Funciones de red y almacenamiento:<\/div>\n<div style=\"padding: 15px; color: inherit;\">\n<ul style=\"padding-left: 20px; margin: 0; font-size: 14px; list-style-type: disc;\">\n<li style=\"margin-bottom: 5px;\">Almacenamiento: Soporta microSD de hasta 256GB (no incluida).<\/li>\n<li style=\"margin-bottom: 5px;\">Memoria RAM: 2GB.<\/li>\n<li style=\"margin-bottom: 5px;\">Memoria Flash: 1GB.<\/li>\n<li style=\"margin-bottom: 5px;\">ONVIF: Profile S\/G\/T\/M&comma; SUNAPI (HTTP API).<\/li>\n<\/ul><\/div>\n<div style=\"padding: 15px; border-bottom: 1px solid rgba(150&comma; 150&comma; 150&comma; 0.2); font-weight: bold; font-size: 18px; color: inherit;\">Analiticos basados en IA<\/div>\n<div style=\"padding: 15px; color: inherit;\">\n<ul style=\"padding-left: 20px; margin: 0; font-size: 14px; list-style-type: disc;\">\n<li style=\"margin-bottom: 5px;\">Clasificacion de objetos (Persona \/ Vehiculo).<\/li>\n<li style=\"margin-bottom: 5px;\">Atributos de vehiculos (Tipo: auto&comma; autobus&comma; camion&comma; motocicleta).<\/li>\n<li style=\"margin-bottom: 5px;\">Deteccion de movimiento<\/li>\n<li style=\"margin-bottom: 5px;\">Linea virtual (Cruce\/direccion).<\/li>\n<li style=\"margin-bottom: 5px;\">Area virtual(merodeo&comma; intrucion&comma; entrada\/salida).<\/li>\n<\/ul><\/div>\n<\/p><\/div>\n<div style=\"flex: 1 1 300px; border: 1px solid rgba(150&comma; 150&comma; 150&comma; 0.4); border-radius: 8px; overflow: hidden; display: flex; flex-direction: column;\">\n<div style=\"padding: 15px; border-bottom: 1px solid rgba(150&comma; 150&comma; 150&comma; 0.2); font-weight: bold; font-size: 18px; color: inherit;\">Caracter&iacute;sticas f&iacute;sicas y el&eacute;ctricas:<\/div>\n<div style=\"padding: 15px; color: inherit;\">\n<ul style=\"padding-left: 20px; margin: 0; font-size: 14px; list-style-type: disc;\">\n<li style=\"margin-bottom: 5px;\">Temperatura de operaci&oacute;n: -40 a 55 &deg;C&comma; humedad menor a 90%.<\/li>\n<li style=\"margin-bottom: 5px;\">Alimentaci&oacute;n: PoE (802.3af) \/ 12.95 W.<\/li>\n<li style=\"margin-bottom: 5px;\">Tipo de uso: Interior \/ Exterior \/ IP66 \/ IK10 \/ NEMA 4X<\/li>\n<li style=\"margin-bottom: 5px;\">Fabricado en Aluminio.<\/li>\n<li style=\"margin-bottom: 5px;\">Dimensiones: &Oslash;110 x 77 mm.<\/li>\n<li style=\"margin-bottom: 5px;\">Peso: 522 g.<\/li>\n<li style=\"margin-bottom: 5px;\">Plato adaptador compatible: <a style=\"color: inherit;\" href=\"https:\/\/www.syscom.mx\/principal\/searchcont?route=SBP-120HMW-Hanwha-Techwin-Wisenet-228210&amp;autodetect=SBP-120HMW\">SBP-120HMW<\/a><\/li>\n<li style=\"margin-bottom: 5px;\">Caja de conexiones: <a style=\"color: inherit;\" href=\"https:\/\/www.syscom.mx\/principal\/searchcont?route=SBV-140BW-Hanwha-Techwin-Wisenet-227313&amp;autodetect=SBV-140BW\">SBV-140BW<\/a><\/li>\n<\/ul><\/div>\n<div style=\"padding: 15px; border-top: 1px solid rgba(150&comma; 150&comma; 150&comma; 0.2); color: inherit;\">\n<p style=\"margin: 0; font-weight: bold;\"><a style=\"color: inherit;\" href=\"http:\/\/soporte.syscom.mx\/es\/articles\/2629283-hanwha-lista-de-tips-tecnicos\">Para m&aacute;s informaci&oacute;n&comma; ingrese aqu&iacute;.<\/a><\/p>\n<\/p><\/div>\n<\/p><\/div>\n<\/p><\/div>\n<div style=\"width: 100%; margin: 30px 0; padding: 15px; border-left: 5px solid #f37934; background-color: rgba(150&comma;150&comma;150&comma;0.1);\">\n<p style=\"margin: 0; font-size: 15px; color: inherit;\"><strong>Nota:<\/strong> En condiciones de alta humedad agregar la tira absorbente que se incluye como accesorio en el equipo.<\/p>\n<p style=\"margin: 0; margin-top: 10px; font-size: 15px; color: inherit;\">Para referencia <a style=\"color: inherit;\" href=\"http:\/\/soporte.syscom.mx\/es\/articles\/3864506-hanwha-uso-de-secante-en-camaras-wisenet-para-evitar-humedad-en-instalaciones-en-exterior\" target=\"_blank\" rel=\"noopener\">ingrese Aqui<\/a><\/p>\n<\/p><\/div>\n<\/p><\/div>\n","protected":false},"excerpt":{"rendered":"<p>C\u00e1mara IP Tipo domo Antivand\u00e1lica 8 Megap\u00edxel \/ Lente fijo 3 mm \/ IR 20M \/ WDR 120db \/ IP66 \/ H.265 &#038; WiseStream \/ Inteligencia Artificial Deteccion de Personas y vehiculos<\/p>\n","protected":false},"featured_media":99375,"comment_status":"open","ping_status":"closed","template":"","meta":[],"product_brand":[],"product_cat":[2056],"product_tag":[122,2057,2260],"class_list":{"0":"post-99376","1":"product","2":"type-product","3":"status-publish","4":"has-post-thumbnail","6":"product_cat-domo-eyeball-turret","7":"product_tag-camaras-ip-y-nvrs","8":"product_tag-domo-eyeball-turret","9":"product_tag-hanwha-techwin-wisenet","11":"first","12":"outofstock","13":"sale","14":"shipping-taxable","15":"purchasable","16":"product-type-simple"},"_links":{"self":[{"href":"https:\/\/soydeaqui.ddns.net\/pachuca\/index.php\/wp-json\/wp\/v2\/product\/99376","targetHints":{"allow":["GET"]}}],"collection":[{"href":"https:\/\/soydeaqui.ddns.net\/pachuca\/index.php\/wp-json\/wp\/v2\/product"}],"about":[{"href":"https:\/\/soydeaqui.ddns.net\/pachuca\/index.php\/wp-json\/wp\/v2\/types\/product"}],"replies":[{"embeddable":true,"href":"https:\/\/soydeaqui.ddns.net\/pachuca\/index.php\/wp-json\/wp\/v2\/comments?post=99376"}],"wp:featuredmedia":[{"embeddable":true,"href":"https:\/\/soydeaqui.ddns.net\/pachuca\/index.php\/wp-json\/wp\/v2\/media\/99375"}],"wp:attachment":[{"href":"https:\/\/soydeaqui.ddns.net\/pachuca\/index.php\/wp-json\/wp\/v2\/media?parent=99376"}],"wp:term":[{"taxonomy":"product_brand","embeddable":true,"href":"https:\/\/soydeaqui.ddns.net\/pachuca\/index.php\/wp-json\/wp\/v2\/product_brand?post=99376"},{"taxonomy":"product_cat","embeddable":true,"href":"https:\/\/soydeaqui.ddns.net\/pachuca\/index.php\/wp-json\/wp\/v2\/product_cat?post=99376"},{"taxonomy":"product_tag","embeddable":true,"href":"https:\/\/soydeaqui.ddns.net\/pachuca\/index.php\/wp-json\/wp\/v2\/product_tag?post=99376"}],"curies":[{"name":"wp","href":"https:\/\/api.w.org\/{rel}","templated":true}]}}